{"id":365923,"date":"2026-03-18T13:39:13","date_gmt":"2026-03-18T11:39:13","guid":{"rendered":"https:\/\/staging.met-industry.hu\/?post_type=product&#038;p=365923"},"modified":"2026-03-18T13:39:14","modified_gmt":"2026-03-18T11:39:14","slug":"bppce-evo-d","status":"publish","type":"product","link":"https:\/\/met-industry.hu\/en\/uzlet\/bppce-evo-d\/","title":{"rendered":"BPPCE EVO D"},"content":{"rendered":"<div class=\"sajat-markdown-content\">\n<h3>BPPCE EVO-D Modular Road Weighbridge \u2013 Ground-Over Installation Version<\/h3>\n<p>A BPPCE EVO-D egy rendk\u00edv\u00fcl robusztus, teljesen f\u00e9mb\u0151l k\u00e9sz\u00fclt, modul\u00e1ris fel\u00e9p\u00edt\u00e9s\u0171 h\u00eddm\u00e9rleg, amelyet kifejezetten a felsz\u00edni telep\u00edt\u00e9sre optimaliz\u00e1ltak. A kiv\u00e1l\u00f3 tervez\u00e9snek k\u00f6sz\u00f6nhet\u0151en ez a m\u00e9rlegrendszer rendk\u00edv\u00fcl rugalmas, gyorsan telep\u00edthet\u0151 \u00e9s k\u00f6nnyen sz\u00e1ll\u00edthat\u00f3, mik\u00f6zben garant\u00e1lja a nagy pontoss\u00e1g\u00fa m\u00e9r\u00e9st a legig\u00e9nyesebb ipari k\u00f6rnyezetben is.<\/p>\n<h4>Key Features and Advantages<\/h4>\n<h5>Top Installation Type (\u201eEasy Access\u201d)<\/h5>\n<p>The ground-over design of the BPPCE EVO-D weighbridge allows for easy access to the weighing surface. The system can optionally be equipped with metal or on-site concrete ramps, ensuring seamless entry and exit for commercial vehicles onto the weighbridge. This solution is ideal for sites where built-in (pit-installed) installation is not feasible or advantageous.<\/p>\n<h5>Modular Structure and Mobility<\/h5>\n<p>The weighbridge is built from 1-meter wide modules, which significantly simplifies and speeds up assembly and transport logistics. This modular approach offers flexibility in terms of length, allowing for a configuration precisely tailored to customer requirements.<\/p>\n<h5>Testre szabhat\u00f3s\u00e1g \u00e9s Kieg\u00e9sz\u00edt\u0151k<\/h5>\n<p>A Giropes m\u00e9rlegek egyik er\u0151ss\u00e9ge a magas szint\u0171 testre szabhat\u00f3s\u00e1g. A kieg\u00e9sz\u00edt\u0151k \u00e9s opci\u00f3k sz\u00e9les v\u00e1laszt\u00e9ka lehet\u0151v\u00e9 teszi a rendszer teljes m\u00e9rt\u00e9k\u0171 adapt\u00e1l\u00e1s\u00e1t a specifikus \u00fczleti folyamatokhoz, maximaliz\u00e1lva ezzel a m\u00e9r\u00e9si eredm\u00e9nyek pontoss\u00e1g\u00e1t \u00e9s hat\u00e9konys\u00e1g\u00e1t.<\/p>\n<h5>Durability and Maintenance<\/h5>\n<p>A <strong>galvanized<\/strong> Surface treatment as standard equipment ensures excellent corrosion resistance. This coating significantly facilitates system maintenance and considerably extends the lifespan of the weighbridge, even under adverse weather conditions.<\/p>\n<h4>Technical Specifications and Capacities<\/h4>\n<p>The BPPCE EVO-D model offers solutions across a wide scale in terms of capacity and length.<\/p>\n<table>\n<thead>\n<tr>\n<th style=\"text-align: center;\">Capacity (t)<\/th>\n<th style=\"text-align: center;\">Length (m)<\/th>\n<th style=\"text-align: center;\">Width (m)<\/th>\n<th style=\"text-align: center;\">Height (mm)<\/th>\n<\/tr>\n<\/thead>\n<tbody>\n<tr>\n<td style=\"text-align: center;\">30<\/td>\n<td style=\"text-align: center;\">6<\/td>\n<td style=\"text-align: center;\">3<\/td>\n<td style=\"text-align: center;\">300<\/td>\n<\/tr>\n<tr>\n<td style=\"text-align: center;\">30<\/td>\n<td style=\"text-align: center;\">8<\/td>\n<td style=\"text-align: center;\">3<\/td>\n<td style=\"text-align: center;\">300<\/td>\n<\/tr>\n<tr>\n<td style=\"text-align: center;\">30<\/td>\n<td style=\"text-align: center;\">10<\/td>\n<td style=\"text-align: center;\">3<\/td>\n<td style=\"text-align: center;\">300<\/td>\n<\/tr>\n<tr>\n<td style=\"text-align: center;\">60<\/td>\n<td style=\"text-align: center;\">12<\/td>\n<td style=\"text-align: center;\">3<\/td>\n<td style=\"text-align: center;\">300<\/td>\n<\/tr>\n<tr>\n<td style=\"text-align: center;\">60<\/td>\n<td style=\"text-align: center;\">14<\/td>\n<td style=\"text-align: center;\">3<\/td>\n<td style=\"text-align: center;\">300<\/td>\n<\/tr>\n<tr>\n<td style=\"text-align: center;\">60<\/td>\n<td style=\"text-align: center;\">15<\/td>\n<td style=\"text-align: center;\">3<\/td>\n<td style=\"text-align: center;\">300<\/td>\n<\/tr>\n<tr>\n<td style=\"text-align: center;\">60<\/td>\n<td style=\"text-align: center;\">16<\/td>\n<td style=\"text-align: center;\">3<\/td>\n<td style=\"text-align: center;\">300<\/td>\n<\/tr>\n<tr>\n<td style=\"text-align: center;\">60<\/td>\n<td style=\"text-align: center;\">18<\/td>\n<td style=\"text-align: center;\">3<\/td>\n<td style=\"text-align: center;\">300<\/td>\n<\/tr>\n<tr>\n<td style=\"text-align: center;\">60<\/td>\n<td style=\"text-align: center;\">20<\/td>\n<td style=\"text-align: center;\">3<\/td>\n<td style=\"text-align: center;\">300<\/td>\n<\/tr>\n<tr>\n<td style=\"text-align: center;\">60<\/td>\n<td style=\"text-align: center;\">21<\/td>\n<td style=\"text-align: center;\">3<\/td>\n<td style=\"text-align: center;\">300<\/td>\n<\/tr>\n<tr>\n<td style=\"text-align: center;\">60<\/td>\n<td style=\"text-align: center;\">22<\/td>\n<td style=\"text-align: center;\">3<\/td>\n<td style=\"text-align: center;\">300<\/td>\n<\/tr>\n<tr>\n<td style=\"text-align: center;\">60<\/td>\n<td style=\"text-align: center;\">24<\/td>\n<td style=\"text-align: center;\">3<\/td>\n<td style=\"text-align: center;\">300<\/td>\n<\/tr>\n<tr>\n<td style=\"text-align: center;\">60<\/td>\n<td style=\"text-align: center;\">26<\/td>\n<td style=\"text-align: center;\">3<\/td>\n<td style=\"text-align: center;\">300<\/td>\n<\/tr>\n<tr>\n<td style=\"text-align: center;\">Capacity (t)<\/td>\n<td style=\"text-align: center;\">Length (m)<\/td>\n<td style=\"text-align: center;\">Width (m)<\/td>\n<td style=\"text-align: center;\">Height (mm)<\/td>\n<\/tr>\n<tr>\n<td style=\"text-align: center;\">:\u2014:<\/td>\n<td style=\"text-align: center;\">:\u2014:<\/td>\n<td style=\"text-align: center;\">:\u2014:<\/td>\n<td style=\"text-align: center;\">:\u2014:<\/td>\n<\/tr>\n<tr>\n<td style=\"text-align: center;\">60<\/td>\n<td style=\"text-align: center;\">6<\/td>\n<td style=\"text-align: center;\">3<\/td>\n<td style=\"text-align: center;\">300<\/td>\n<\/tr>\n<tr>\n<td style=\"text-align: center;\">60<\/td>\n<td style=\"text-align: center;\">8<\/td>\n<td style=\"text-align: center;\">3<\/td>\n<td style=\"text-align: center;\">300<\/td>\n<\/tr>\n<tr>\n<td style=\"text-align: center;\">60<\/td>\n<td style=\"text-align: center;\">10<\/td>\n<td style=\"text-align: center;\">3<\/td>\n<td style=\"text-align: center;\">300<\/td>\n<\/tr>\n<tr>\n<td style=\"text-align: center;\">80<\/td>\n<td style=\"text-align: center;\">12<\/td>\n<td style=\"text-align: center;\">3<\/td>\n<td style=\"text-align: center;\">300<\/td>\n<\/tr>\n<tr>\n<td style=\"text-align: center;\">80<\/td>\n<td style=\"text-align: center;\">14<\/td>\n<td style=\"text-align: center;\">3<\/td>\n<td style=\"text-align: center;\">300<\/td>\n<\/tr>\n<tr>\n<td style=\"text-align: center;\">80<\/td>\n<td style=\"text-align: center;\">16<\/td>\n<td style=\"text-align: center;\">3<\/td>\n<td style=\"text-align: center;\">300<\/td>\n<\/tr>\n<tr>\n<td style=\"text-align: center;\">80<\/td>\n<td style=\"text-align: center;\">18<\/td>\n<td style=\"text-align: center;\">3<\/td>\n<td style=\"text-align: center;\">300<\/td>\n<\/tr>\n<tr>\n<td style=\"text-align: center;\">80<\/td>\n<td style=\"text-align: center;\">20<\/td>\n<td style=\"text-align: center;\">3<\/td>\n<td style=\"text-align: center;\">300<\/td>\n<\/tr>\n<tr>\n<td style=\"text-align: center;\">80<\/td>\n<td style=\"text-align: center;\">21<\/td>\n<td style=\"text-align: center;\">3<\/td>\n<td style=\"text-align: center;\">300<\/td>\n<\/tr>\n<tr>\n<td style=\"text-align: center;\">80<\/td>\n<td style=\"text-align: center;\">22<\/td>\n<td style=\"text-align: center;\">3<\/td>\n<td style=\"text-align: center;\">300<\/td>\n<\/tr>\n<tr>\n<td style=\"text-align: center;\">80<\/td>\n<td style=\"text-align: center;\">24<\/td>\n<td style=\"text-align: center;\">3<\/td>\n<td style=\"text-align: center;\">300<\/td>\n<\/tr>\n<tr>\n<td style=\"text-align: center;\">80<\/td>\n<td style=\"text-align: center;\">26<\/td>\n<td style=\"text-align: center;\">3<\/td>\n<td style=\"text-align: center;\">300<\/td>\n<\/tr>\n<\/tbody>\n<\/table>\n<p><strong>General Parameters:<\/strong><\/p>\n<ul>\n<li><strong>Capacity range:<\/strong> 30 t \u2013 80 t (model dependent)<\/li>\n<li><strong>Length:<\/strong> From 6 meters to 26 meters<\/li>\n<li><strong>Width:<\/strong> Fixed 3 meters<\/li>\n<li><strong>Height:<\/strong> 300 mm (standard)<\/li>\n<li><strong>Load Cell:<\/strong> Use of 123G8R type load cells (detailed specifications available separately).<\/li>\n<li><strong>Optional Accessory:<\/strong> Galvanized surface treatment (separate request required based on model).<\/li>\n<\/ul>\n<h4>Optional Accessories and Installation Solutions<\/h4>\n<p>The flexibility of the BPPCE EVO-D system is ensured by a wide range of accessories that optimize installation and use:<\/p>\n<h5>Ramps for Access<\/h5>\n<p>Several access solutions are available for the ground-over weighbridge:<\/p>\n<ul>\n<li><strong>Metal Ramps:<\/strong> Pre-fabricated metal ramps that ensure quick and easy access to the weighing surface during entry and exit.<\/li>\n<li><strong>\u00c9p\u00edt\u00e9si r\u00e1mp\u00e1k:<\/strong> There is also the option of ramps constructed with on-site concreting, which blend better with the environment.<\/li>\n<\/ul>\n<h5>Perimeter and End Elements<\/h5>\n<ul>\n<li><strong>Peremsz\u00f6g:<\/strong> A s\u00fcllyesztett (akn\u00e1s) vagy felsz\u00edni telep\u00edt\u00e9s\u0171 h\u00eddm\u00e9rlegek perem\u00e9nek lez\u00e1r\u00e1s\u00e1ra szolg\u00e1l\u00f3 sz\u00f6gelemek, amelyek alaplemezes talpakkal ker\u00fclnek r\u00f6gz\u00edt\u00e9sre.<\/li>\n<li><strong>Fejl\u00e9cek:<\/strong> IPE profiles that must be fixed at the entrance and exit of the weighbridge. These serve as formwork for the construction of ramps made of concrete or other material.<\/li>\n<\/ul>\n<h5>Truck Guidance Aids<\/h5>\n<ul>\n<li><strong>Hordoz\u00f3vezet\u00e9kek:<\/strong> Removable, tubular curbs that guide the truck along the measuring path on above-ground scales with a completely smooth surface. These ensure that the vehicle travels exactly in the center of the measuring surface.<\/li>\n<\/ul>\n<h5>Foundation Solutions<\/h5>\n<ul>\n<li><strong>M\u00e9rlegkamr\u00e1k:<\/strong> Carefully engineered foundation solutions that make it possible to install weighbridges even on soils with less consistent structure. This solution guarantees the proper compression of the load cells, ensuring precise and efficient weighing.<\/li>\n<\/ul>\n<h5>Assembly Aids<\/h5>\n<ul>\n<li><strong>Panasonic \u00fctvecsavaroz\u00f3:<\/strong> A szerel\u00e9si folyamat felgyors\u00edt\u00e1s\u00e1ra \u00e9s megk\u00f6nny\u00edt\u00e9s\u00e9re akkumul\u00e1toros, k\u00f6rk\u00f6r\u00f6s \u00fctvecsavaroz\u00f3 haszn\u00e1lata javasolt a Giropes m\u00e9rlegek gyorsabb \u00f6sszeszerel\u00e9se \u00e9rdek\u00e9ben.<\/li>\n<\/ul>\n<h4>Summary<\/h4>\n<p>The BPPCE EVO-D modular weighbridge is a combination of durability, rapid installation, and high precision. Its steel structure, galvanized surface, and the available configurations in a fixed width of 3 meters and lengths between 6 and 26 meters make it ideal for various industrial and commercial weighing tasks, especially for above-ground installations where easy access is crucial. Detailed accessory options guarantee that the system perfectly fits your individual needs.<\/p>\n<\/div>","protected":false},"excerpt":{"rendered":"<p>BPPCE EVO-D: Modular water meter with top installation. **Fast, flexible, and extremely durable solution** with 30-80 t capacity!<\/p>","protected":false},"featured_media":353981,"comment_status":"open","ping_status":"closed","template":"","meta":[],"product_brand":[358],"product_cat":[12893,12891,12890],"product_tag":[],"class_list":{"0":"post-365923","1":"product","2":"type-product","3":"status-publish","4":"has-post-thumbnail","6":"product_brand-giropes","7":"product_cat-hidmerlegek-es-telepitett-rendszerek","8":"product_cat-jarmumerlegek","9":"product_cat-merlegek-es-merestechnika","11":"first","12":"instock","13":"featured","14":"shipping-taxable","15":"product-type-simple"},"_links":{"self":[{"href":"https:\/\/met-industry.hu\/en\/wp-json\/wp\/v2\/product\/365923","targetHints":{"allow":["GET"]}}],"collection":[{"href":"https:\/\/met-industry.hu\/en\/wp-json\/wp\/v2\/product"}],"about":[{"href":"https:\/\/met-industry.hu\/en\/wp-json\/wp\/v2\/types\/product"}],"replies":[{"embeddable":true,"href":"https:\/\/met-industry.hu\/en\/wp-json\/wp\/v2\/comments?post=365923"}],"version-history":[{"count":1,"href":"https:\/\/met-industry.hu\/en\/wp-json\/wp\/v2\/product\/365923\/revisions"}],"predecessor-version":[{"id":365924,"href":"https:\/\/met-industry.hu\/en\/wp-json\/wp\/v2\/product\/365923\/revisions\/365924"}],"wp:featuredmedia":[{"embeddable":true,"href":"https:\/\/met-industry.hu\/en\/wp-json\/wp\/v2\/media\/353981"}],"wp:attachment":[{"href":"https:\/\/met-industry.hu\/en\/wp-json\/wp\/v2\/media?parent=365923"}],"wp:term":[{"taxonomy":"product_brand","embeddable":true,"href":"https:\/\/met-industry.hu\/en\/wp-json\/wp\/v2\/product_brand?post=365923"},{"taxonomy":"product_cat","embeddable":true,"href":"https:\/\/met-industry.hu\/en\/wp-json\/wp\/v2\/product_cat?post=365923"},{"taxonomy":"product_tag","embeddable":true,"href":"https:\/\/met-industry.hu\/en\/wp-json\/wp\/v2\/product_tag?post=365923"}],"curies":[{"name":"wp","href":"https:\/\/api.w.org\/{rel}","templated":true}]}}