{"id":365891,"date":"2026-03-18T13:39:00","date_gmt":"2026-03-18T11:39:00","guid":{"rendered":"https:\/\/staging.met-industry.hu\/?post_type=product&#038;p=365891"},"modified":"2026-03-18T13:39:12","modified_gmt":"2026-03-18T11:39:12","slug":"bpgem-2","status":"publish","type":"product","link":"https:\/\/met-industry.hu\/en\/uzlet\/bpgem-2\/","title":{"rendered":"BPGEM"},"content":{"rendered":"<div class=\"sajat-markdown-content\">\n<h3>BPGEM Weighing System with Optional UPN Reinforcements<\/h3>\n<p>The BPGEM series weighbridges offer a perfect blend of robustness and versatility, especially with the optional installation of UPN (U-profile) reinforcements. This configuration maximizes the stability and durability of the weighing system, enabling reliable operation even in the most demanding industrial environments.<\/p>\n<h4>Key Features and Advantages<\/h4>\n<p>The primary considerations during the design of BPGEM scales were long-term reliability and installation flexibility.<\/p>\n<h5>UPN Reinforcements \u2013 Maximum Robustness<\/h5>\n<p>The BPGEM scales are already exceptionally stable as standard equipment, but the <strong>two longitudinal UPN profiles<\/strong> significantly increase the rigidity of the structure.<\/p>\n<ul>\n<li><strong>Bi-directional Use:<\/strong> The installation of UPN reinforcements allows the weighing system to be used in both longitudinal directions, increasing flexibility in site logistics.<\/li>\n<li><strong>Structural Integrity:<\/strong> The UPN profiles reinforce the structure of the weighbridge, resisting high loads and dynamic stress.<\/li>\n<li><strong>Omni-directional Use:<\/strong> For omni-directional use (accessible from all sides), the installation of two longitudinal UPN reinforcements is specifically recommended.<\/li>\n<\/ul>\n<h5>Installation Completeness: Control and Management<\/h5>\n<p>A m\u00e9r\u00e9si pontoss\u00e1g \u00e9s a hat\u00e9kony adatkezel\u00e9s \u00e9rdek\u00e9ben a BPGEM rendszert kieg\u00e9sz\u00edtheti a Giropes cs\u00facstechnol\u00f3gi\u00e1j\u00fa indik\u00e1torokkal \u00e9s szoftverekkel:<\/p>\n<ul>\n<li><strong>GI430 Indicator:<\/strong> The ideal choice for complete management and control of the weighbridge installation.<\/li>\n<li><strong>Truck Scale Management Software:<\/strong> Enables the recording, management, and analysis of weighing data, ensuring complete auditability.<\/li>\n<\/ul>\n<h5>Testre szabhat\u00f3s\u00e1g \u00e9s Egyedi Megold\u00e1sok<\/h5>\n<p>A Giropes filoz\u00f3fi\u00e1ja az, hogy konkr\u00e9t int\u00e9zked\u00e9sekkel \u00e9s testre szabott megold\u00e1sokkal biztos\u00edtsa az \u00fcgyf\u00e9l sz\u00e1m\u00e1ra a legoptim\u00e1lisabb eredm\u00e9nyt. A kieg\u00e9sz\u00edt\u0151k \u00e9s egy\u00e9b opci\u00f3k lehet\u0151v\u00e9 teszik a BPGEM term\u00e9k teljes k\u00f6r\u0171 adapt\u00e1l\u00e1s\u00e1t az egyedi \u00fczleti ig\u00e9nyekhez.<\/p>\n<h5>Foundation Solutions and Accessories<\/h5>\n<p>The basis for precise and efficient weighing is adequate load cell support and a solid foundation.<\/p>\n<ul>\n<li><strong>M\u00e9r\u0151kamr\u00e1k:<\/strong> Excellent engineering design allows for the installation of weighbridges even in areas where ground conditions are less than ideal (soil with lower bearing capacity). The proper foundation ensures the avoidance of cell compression, guaranteeing accurate and efficient weighing.<\/li>\n<li><strong>Peremkeret:<\/strong> A peremkeret sz\u00f6gei alaplemezes talpakkal ker\u00fclnek kialak\u00edt\u00e1sra, amelyek lez\u00e1rj\u00e1k a s\u00fcllyesztett (akn\u00e1s) vagy felsz\u00edni telep\u00edt\u00e9s\u0171 h\u00eddm\u00e9rlegek k\u00f6r\u00fcli \u00e1rkot, biztos\u00edtva a szerkezet stabilit\u00e1s\u00e1t \u00e9s a perem v\u00e9delm\u00e9t.<\/li>\n<li><strong>Panasonic \u00dctvecsavaroz\u00f3:<\/strong> A vezet\u00e9k n\u00e9lk\u00fcli, akkumul\u00e1toros Panasonic k\u00f6rbeforg\u00f3 \u00fctvecsavaroz\u00f3 haszn\u00e1lata jelent\u0151sen felgyors\u00edtja \u00e9s megk\u00f6nny\u00edti a Giropes h\u00eddm\u00e9rlegek \u00f6sszeszerel\u00e9s\u00e9t a helysz\u00ednen.<\/li>\n<\/ul>\n<h5>G8R Ton Sensors<\/h5>\n<p>BPGEM systems are supplied with excellent quality G8R type load cells, which guarantee the accuracy and reliability of the measurements.<\/p>\n<h4>Technical Specifications<\/h4>\n<p>The BPGEM series offers a wide range of capacity and size options to meet all user requirements.<\/p>\n<table>\n<thead>\n<tr>\n<th style=\"text-align: center;\">Capacity (t)<\/th>\n<th style=\"text-align: center;\">Length (m)<\/th>\n<th style=\"text-align: center;\">Width (m)<\/th>\n<th style=\"text-align: center;\">Height (mm)<\/th>\n<\/tr>\n<\/thead>\n<tbody>\n<tr>\n<td style=\"text-align: center;\">30<\/td>\n<td style=\"text-align: center;\">6<\/td>\n<td style=\"text-align: center;\">3<\/td>\n<td style=\"text-align: center;\">420<\/td>\n<\/tr>\n<tr>\n<td style=\"text-align: center;\">30<\/td>\n<td style=\"text-align: center;\">8<\/td>\n<td style=\"text-align: center;\">3<\/td>\n<td style=\"text-align: center;\">420<\/td>\n<\/tr>\n<tr>\n<td style=\"text-align: center;\">30<\/td>\n<td style=\"text-align: center;\">10<\/td>\n<td style=\"text-align: center;\">3<\/td>\n<td style=\"text-align: center;\">420<\/td>\n<\/tr>\n<tr>\n<td style=\"text-align: center;\">60<\/td>\n<td style=\"text-align: center;\">12<\/td>\n<td style=\"text-align: center;\">3<\/td>\n<td style=\"text-align: center;\">510<\/td>\n<\/tr>\n<tr>\n<td style=\"text-align: center;\">60<\/td>\n<td style=\"text-align: center;\">14<\/td>\n<td style=\"text-align: center;\">3<\/td>\n<td style=\"text-align: center;\">510<\/td>\n<\/tr>\n<tr>\n<td style=\"text-align: center;\">60<\/td>\n<td style=\"text-align: center;\">16<\/td>\n<td style=\"text-align: center;\">3<\/td>\n<td style=\"text-align: center;\">510<\/td>\n<\/tr>\n<tr>\n<td style=\"text-align: center;\">60<\/td>\n<td style=\"text-align: center;\">18<\/td>\n<td style=\"text-align: center;\">3<\/td>\n<td style=\"text-align: center;\">510<\/td>\n<\/tr>\n<\/tbody>\n<\/table>\n<p><strong>General Capacity Range:<\/strong> Between 30 tons and 60 tons.<\/p>\n<p><strong>Length Range:<\/strong> From 6 meters to 18 meters.<\/p>\n<p><strong>Width:<\/strong> Standard 3 meters.<\/p>\n<h5>Notes for Configuration<\/h5>\n<ul>\n<li><strong>BPGEM UPN Without Reinforcements:<\/strong> Standard configuration optimized for unidirectional use.<\/li>\n<li><strong>BPGEM UPN With Reinforcements:<\/strong> Recommended for omnidirectional use, where two longitudinal UPN reinforcements are essential to maintain structural integrity.<\/li>\n<\/ul>\n<p>This detailed description showcases the outstanding technical features, flexibility, and customization possibilities of the BPGEM weighbridge system, making it the ideal solution for modern industrial weighing tasks.<\/p>\n<\/div>","protected":false},"excerpt":{"rendered":"<p>BPGEM: Maximum robustness with UPN reinforcements! Ideal for bidirectional, omnidirectional use as well, guaranteed stable and durable industrial load cell.<\/p>","protected":false},"featured_media":353988,"comment_status":"open","ping_status":"closed","template":"","meta":[],"product_brand":[358],"product_cat":[12893,12891,12890],"product_tag":[],"class_list":{"0":"post-365891","1":"product","2":"type-product","3":"status-publish","4":"has-post-thumbnail","6":"product_brand-giropes","7":"product_cat-hidmerlegek-es-telepitett-rendszerek","8":"product_cat-jarmumerlegek","9":"product_cat-merlegek-es-merestechnika","11":"first","12":"instock","13":"featured","14":"shipping-taxable","15":"product-type-simple"},"_links":{"self":[{"href":"https:\/\/met-industry.hu\/en\/wp-json\/wp\/v2\/product\/365891","targetHints":{"allow":["GET"]}}],"collection":[{"href":"https:\/\/met-industry.hu\/en\/wp-json\/wp\/v2\/product"}],"about":[{"href":"https:\/\/met-industry.hu\/en\/wp-json\/wp\/v2\/types\/product"}],"replies":[{"embeddable":true,"href":"https:\/\/met-industry.hu\/en\/wp-json\/wp\/v2\/comments?post=365891"}],"version-history":[{"count":1,"href":"https:\/\/met-industry.hu\/en\/wp-json\/wp\/v2\/product\/365891\/revisions"}],"predecessor-version":[{"id":365921,"href":"https:\/\/met-industry.hu\/en\/wp-json\/wp\/v2\/product\/365891\/revisions\/365921"}],"wp:featuredmedia":[{"embeddable":true,"href":"https:\/\/met-industry.hu\/en\/wp-json\/wp\/v2\/media\/353988"}],"wp:attachment":[{"href":"https:\/\/met-industry.hu\/en\/wp-json\/wp\/v2\/media?parent=365891"}],"wp:term":[{"taxonomy":"product_brand","embeddable":true,"href":"https:\/\/met-industry.hu\/en\/wp-json\/wp\/v2\/product_brand?post=365891"},{"taxonomy":"product_cat","embeddable":true,"href":"https:\/\/met-industry.hu\/en\/wp-json\/wp\/v2\/product_cat?post=365891"},{"taxonomy":"product_tag","embeddable":true,"href":"https:\/\/met-industry.hu\/en\/wp-json\/wp\/v2\/product_tag?post=365891"}],"curies":[{"name":"wp","href":"https:\/\/api.w.org\/{rel}","templated":true}]}}