{"id":365879,"date":"2026-03-18T13:38:59","date_gmt":"2026-03-18T11:38:59","guid":{"rendered":"https:\/\/staging.met-industry.hu\/?post_type=product&#038;p=365879"},"modified":"2026-03-18T13:39:07","modified_gmt":"2026-03-18T11:39:07","slug":"load-cell-gy15","status":"publish","type":"product","link":"https:\/\/met-industry.hu\/en\/uzlet\/load-cell-gy15\/","title":{"rendered":"Load cell GY15"},"content":{"rendered":"<div class=\"sajat-markdown-content\">\n<h3>GY15 Type Aluminum Load Cell: Robust Solution for Industrial Weighing<\/h3>\n<p>The GY15 type load cell has been developed for high-capacity, precise industrial measurements. This excellent quality sensor, made of aluminum, is the ideal choice for applications where reliability, accuracy, and durability are essential, especially in demanding, harsh industrial environments.<\/p>\n<h4>Key Features and Advantages<\/h4>\n<p>A GY15 -\u00f6s modell a robusztus kialak\u00edt\u00e1st \u00f6tv\u00f6zi a magas szint\u0171 m\u00e9r\u00e9si pontoss\u00e1ggal, biztos\u00edtva a konzisztens teljes\u00edtm\u00e9nyt a legnehezebb k\u00f6r\u00fclm\u00e9nyek k\u00f6z\u00f6tt is.<\/p>\n<ul>\n<li><strong>Capacity Range:<\/strong> 50 kg -t\u00f3l eg\u00e9szen 300 kg -ig terjed\u0151 n\u00e9vleges terhelhet\u0151s\u00e9g, amely sz\u00e9les sk\u00e1l\u00e1n lefedi a k\u00fcl\u00f6nb\u00f6z\u0151 platformos m\u00e9rlegek ig\u00e9nyeit.<\/li>\n<li><strong>Excellent Material Utilization:<\/strong> The load cell is made of high-quality aluminum, which ensures excellent strength. Furthermore, it is protected with silicone rubber, which increases its resistance to external influences.<\/li>\n<li><strong>IP65 Protection:<\/strong> The IP65 rating guarantees protection against dust ingress and resistance to splashing water, making the load cell suitable for use in wet or dusty environments.<\/li>\n<li><strong>High Accuracy with Load Equalization:<\/strong> A GY15 -\u00f6s cella \u00fagy lett tervezve, hogy rendk\u00edv\u00fcli pontoss\u00e1got biztos\u00edtson m\u00e9g akkor is, ha a terhel\u00e9s nem pontosan a cella k\u00f6z\u00e9ppontj\u00e1ra ker\u00fcl.<\/li>\n<li><strong>Area of Application:<\/strong> Kifejezetten alkalmas egycell\u00e1s platformokhoz, p\u00e9ld\u00e1ul 400 x 400 mm m\u00e9ret\u0171 m\u00e9r\u0151fel\u00fcletekhez, ide\u00e1lis rakt\u00e1ri, gy\u00e1rt\u00f3sori \u00e9s egy\u00e9b ipari m\u00e9r\u00e9si feladatokhoz.<\/li>\n<li><strong>Legalizable Version:<\/strong> A megadott pontoss\u00e1gi oszt\u00e1lyok (l\u00e1sd a m\u0171szaki t\u00e1bl\u00e1zatban) alapj\u00e1n a GY15 alkalmas lehet kereskedelmi forgalomban t\u00f6rt\u00e9n\u0151 m\u00e9r\u00e9sekhez.<\/li>\n<\/ul>\n<h4>Technical Specifications<\/h4>\n<p>The specifications for the GY15 series are detailed as follows:<\/p>\n<table>\n<thead>\n<tr>\n<th style=\"text-align: left;\">Parameter<\/th>\n<th style=\"text-align: left;\">GY15 (50 kg)<\/th>\n<th style=\"text-align: left;\">GY15 (60 kg)<\/th>\n<th style=\"text-align: left;\">GY15 (100 kg)<\/th>\n<th style=\"text-align: left;\">GY15 (200 kg)<\/th>\n<th style=\"text-align: left;\">GY15 (300 kg)<\/th>\n<\/tr>\n<\/thead>\n<tbody>\n<tr>\n<td style=\"text-align: left;\"><strong>N\u00e9vleges Terhel\u00e9s (I_n [kg])<\/strong><\/td>\n<td style=\"text-align: left;\">50<\/td>\n<td style=\"text-align: left;\">60<\/td>\n<td style=\"text-align: left;\">100<\/td>\n<td style=\"text-align: left;\">200<\/td>\n<td style=\"text-align: left;\">300<\/td>\n<\/tr>\n<tr>\n<td style=\"text-align: left;\"><strong>Accuracy Class (OIML)<\/strong><\/td>\n<td style=\"text-align: left;\">C3<\/td>\n<td style=\"text-align: left;\">C3<\/td>\n<td style=\"text-align: left;\">C3<\/td>\n<td style=\"text-align: left;\">C3<\/td>\n<td style=\"text-align: left;\">C3<\/td>\n<\/tr>\n<tr>\n<td style=\"text-align: left;\"><strong>Felbont\u00e1s (y = e_<em>max \/ v_<\/em>min)<\/strong><\/td>\n<td style=\"text-align: left;\">20000<\/td>\n<td style=\"text-align: left;\">20000<\/td>\n<td style=\"text-align: left;\">20000<\/td>\n<td style=\"text-align: left;\">20000<\/td>\n<td style=\"text-align: left;\">20000<\/td>\n<\/tr>\n<tr>\n<td style=\"text-align: left;\"><strong>Material<\/strong><\/td>\n<td style=\"text-align: left;\">Alu<\/td>\n<td style=\"text-align: left;\">Alu<\/td>\n<td style=\"text-align: left;\">Alu<\/td>\n<td style=\"text-align: left;\">Alu<\/td>\n<td style=\"text-align: left;\">Alu<\/td>\n<\/tr>\n<tr>\n<td style=\"text-align: left;\"><strong>Protection<\/strong><\/td>\n<td style=\"text-align: left;\">IP65<\/td>\n<td style=\"text-align: left;\">IP65<\/td>\n<td style=\"text-align: left;\">IP65<\/td>\n<td style=\"text-align: left;\">IP65<\/td>\n<td style=\"text-align: left;\">IP65<\/td>\n<\/tr>\n<tr>\n<td style=\"text-align: left;\"><strong>Legal Metrology<\/strong><\/td>\n<td style=\"text-align: left;\">Suitable<\/td>\n<td style=\"text-align: left;\">Suitable<\/td>\n<td style=\"text-align: left;\">Suitable<\/td>\n<td style=\"text-align: left;\">Suitable<\/td>\n<td style=\"text-align: left;\">Suitable<\/td>\n<\/tr>\n<\/tbody>\n<\/table>\n<p><strong>Note:<\/strong> The C3 accuracy class (OIML) indicates a high level of reliability and resolution, making it ideal for a wide range of commercial and industrial applications.<\/p>\n<h4>GY Series Overview<\/h4>\n<p>The GY15 is part of the broader GY load cell series, which offers solutions for various capacity requirements. The other members of the series complement the range covered by the GY15:<\/p>\n<ul>\n<li><strong>GY17 Type:<\/strong> Nominal load capacity between 100 kg and 500 kg. Made of excellent quality aluminum, protected with silicone rubber.<\/li>\n<li><strong>GY18 Type:<\/strong> Nominal load capacity between 200 kg and 500 kg. An especially precise design, focused on measurement accuracy in varying industrial environments.<\/li>\n<li><strong>GY13 &amp; GY13L Types:<\/strong> N\u00e9vleges terhelhet\u0151s\u00e9g 3 kg -t\u00f3l 100 kg -ig. Ezek a modellek k\u00f6nnyebb \u00e9s specifikusabb terhel\u00e9sek m\u00e9r\u00e9s\u00e9re szolg\u00e1lnak, garant\u00e1lva a pontos \u00e9s \u00e1lland\u00f3 m\u00e9r\u00e9st.<\/li>\n<\/ul>\n<h4>Integrated Weighing Solutions<\/h4>\n<p>The load cell itself is a key component, but to maximize the efficiency of the entire weighing system, we recommend integrating complete solutions:<\/p>\n<p><strong>Weighing System Upgrade:<\/strong><\/p>\n<p>You can elevate your weighing system to the next level with the following devices:<\/p>\n<ol>\n<li><strong>Weighing Indicators:<\/strong> For example, the <strong>GI400i LCD STAINLESS STEEL<\/strong> type indicator, which features a taring function (up to 6 manually entered tare values). It is capable of printing receipts in up to 8 different formats and in multiple languages.<\/li>\n<li><strong>Weighing Platforms:<\/strong> K\u00fcl\u00f6nb\u00f6z\u0151 m\u00e9ret\u0171 \u00e9s kialak\u00edt\u00e1s\u00fa platformok \u00e1llnak rendelkez\u00e9sre, amelyek t\u00f6k\u00e9letesen illeszkednek a GY15 cell\u00e1hoz (pl.: 400 x 400 mm).<\/li>\n<li><strong>Software Integration:<\/strong> Our expert team provides assistance with the <strong>GISCALE<\/strong> program integr\u00e1l\u00e1s\u00e1ban. Ez a szoftver lehet\u0151v\u00e9 teszi a m\u00e9r\u00e9si adatok hat\u00e9kony kezel\u00e9s\u00e9t, elemz\u00e9s\u00e9t \u00e9s testre szabott riportok k\u00e9sz\u00edt\u00e9s\u00e9t az \u00d6n specifikus ig\u00e9nyei szerint.<\/li>\n<\/ol>\n<p><strong>Accessory Equipment:<\/strong><\/p>\n<ul>\n<li><strong>BMS Floor Scale:<\/strong> Available in various sizes, ideal for weighing boxes as well as small and medium-sized items in retail stores, industrial facilities, or laboratories.<\/li>\n<li><strong>GRP Industrial Floor Scale:<\/strong> Made entirely of stainless steel, ensuring maximum hygiene and durability.<\/li>\n<\/ul>\n<h4>Quality and Commitment<\/h4>\n<p>All our products \u2013 from design and manufacturing to delivery and customer service \u2013 follow the principle of the highest quality and reliability. We hold a leading role in the field of industrial weighing by offering complete solutions to our partners. Our expert team is ready to assist you with the selection, installation, and maintenance of the weighing system, ensuring that you receive a solution perfectly suited to your business processes.<\/p>\n<\/div>","protected":false},"excerpt":{"rendered":"<p>Robust aluminum load cell GY15: with IP65 protection and C3 accuracy, for reliable industrial measurement up to 300 kg.<\/p>","protected":false},"featured_media":354065,"comment_status":"open","ping_status":"closed","template":"","meta":[],"product_brand":[358],"product_cat":[12914,12890,12913],"product_tag":[],"class_list":{"0":"post-365879","1":"product","2":"type-product","3":"status-publish","4":"has-post-thumbnail","6":"product_brand-giropes","7":"product_cat-merlegcellak-es-szenzorok-merlegtechnikai-komponensek","8":"product_cat-merlegek-es-merestechnika","9":"product_cat-merlegtechnikai-komponensek","11":"first","12":"instock","13":"featured","14":"shipping-taxable","15":"product-type-simple"},"_links":{"self":[{"href":"https:\/\/met-industry.hu\/en\/wp-json\/wp\/v2\/product\/365879","targetHints":{"allow":["GET"]}}],"collection":[{"href":"https:\/\/met-industry.hu\/en\/wp-json\/wp\/v2\/product"}],"about":[{"href":"https:\/\/met-industry.hu\/en\/wp-json\/wp\/v2\/types\/product"}],"replies":[{"embeddable":true,"href":"https:\/\/met-industry.hu\/en\/wp-json\/wp\/v2\/comments?post=365879"}],"version-history":[{"count":1,"href":"https:\/\/met-industry.hu\/en\/wp-json\/wp\/v2\/product\/365879\/revisions"}],"predecessor-version":[{"id":365909,"href":"https:\/\/met-industry.hu\/en\/wp-json\/wp\/v2\/product\/365879\/revisions\/365909"}],"wp:featuredmedia":[{"embeddable":true,"href":"https:\/\/met-industry.hu\/en\/wp-json\/wp\/v2\/media\/354065"}],"wp:attachment":[{"href":"https:\/\/met-industry.hu\/en\/wp-json\/wp\/v2\/media?parent=365879"}],"wp:term":[{"taxonomy":"product_brand","embeddable":true,"href":"https:\/\/met-industry.hu\/en\/wp-json\/wp\/v2\/product_brand?post=365879"},{"taxonomy":"product_cat","embeddable":true,"href":"https:\/\/met-industry.hu\/en\/wp-json\/wp\/v2\/product_cat?post=365879"},{"taxonomy":"product_tag","embeddable":true,"href":"https:\/\/met-industry.hu\/en\/wp-json\/wp\/v2\/product_tag?post=365879"}],"curies":[{"name":"wp","href":"https:\/\/api.w.org\/{rel}","templated":true}]}}