{"id":365810,"date":"2026-03-18T13:38:44","date_gmt":"2026-03-18T11:38:44","guid":{"rendered":"https:\/\/staging.met-industry.hu\/?post_type=product&#038;p=365810"},"modified":"2026-03-18T13:38:49","modified_gmt":"2026-03-18T11:38:49","slug":"gi620-compact-w","status":"publish","type":"product","link":"https:\/\/met-industry.hu\/en\/uzlet\/gi620-compact-w\/","title":{"rendered":"GI620 COMPACT-W"},"content":{"rendered":"<div class=\"sajat-markdown-content\">\n<h3>GI620 Compact-W Desktop Wireless Axle and Wheel Weighing Indicator<\/h3>\n<p>The GI620 Compact-W indicator is an extremely versatile, desktop measuring instrument specifically designed for space-saving environments, as well as for mobile and field applications. It provides outstanding performance during both static and dynamic measurements, making it ideal for wheel and axle weighing.<\/p>\n<h4>Key Features and Advantages<\/h4>\n<p>The GI620 Compact-W is the perfect fusion of portability and robust performance, which also meets the strictest metrological requirements.<\/p>\n<h5>Design and Portability<\/h5>\n<p>Due to its compact dimensions, the device can be ideally integrated into any restricted space, whether it is an office environment or a field installation. Its design facilitates easy transport and quick commissioning, which is crucial for tasks requiring mobility.<\/p>\n<h5>Metrological Approval and Accuracy<\/h5>\n<p>The GI620 guarantees reliable measurements:<\/p>\n<ul>\n<li><strong>CE-M approval:<\/strong> Complies with <strong>OIML R-76<\/strong> standard for static measurements.<\/li>\n<li><strong>Dynamic Measurement:<\/strong> Has <strong>OIML R-134<\/strong> j\u00f3v\u00e1hagy\u00e1ssal dinamikus m\u00e9r\u00e9sekhez, ak\u00e1r 5 km\/h sebess\u00e9gig (a bels\u0151 szoftver 10 km\/h -ig teszi lehet\u0151v\u00e9 a m\u00e9r\u00e9st, de a hivatalos tan\u00fas\u00edtv\u00e1ny 5 km\/h -ig \u00e9rv\u00e9nyes, BPRG ker\u00e9km\u00e9r\u0151 platformmal).<\/li>\n<\/ul>\n<h5>Advanced Functionality: Wheel and Axle Weighing<\/h5>\n<p>A k\u00e9sz\u00fcl\u00e9k dedik\u00e1lt firmware -rel rendelkezik mind a ker\u00e9k-, mind a tengelys\u00falym\u00e9r\u00e9shez, rugalmass\u00e1got biztos\u00edtva a j\u00e1rm\u0171vek s\u00faly\u00e1nak meghat\u00e1roz\u00e1s\u00e1ban.<\/p>\n<h6>Ker\u00e9km\u00e9r\u00e9si M\u00f3d<\/h6>\n<p>This mode only allows static measurement.<\/p>\n<ul>\n<li><strong>Platformig\u00e9ny:<\/strong> A j\u00e1rm\u0171 kerekeinek sz\u00e1m\u00e1val megegyez\u0151 sz\u00e1m\u00fa platform sz\u00fcks\u00e9ges.<\/li>\n<li><strong>Channels:<\/strong> A maximum of 4 measuring channels can be handled.<\/li>\n<li><strong>Number of platforms:<\/strong> When connected via cable, a maximum of 2 platforms per channel (without the center of gravity calculation function).<\/li>\n<li><strong>Center of Gravity Calculation:<\/strong> Lehet\u0151v\u00e9 teszi a j\u00e1rm\u0171 s\u00falypontj\u00e1nak kisz\u00e1m\u00edt\u00e1s\u00e1t \u00e9s nyomtat\u00e1s\u00e1t 2, 3 vagy 4 platformos elrendez\u00e9s eset\u00e9n, koordin\u00e1ta vagy grafikus form\u00e1ban.<\/li>\n<\/ul>\n<h6>Tengelym\u00e9r\u00e9si M\u00f3d<\/h6>\n<p>A tengelys\u00falym\u00e9r\u00e9s v\u00e9gezhet\u0151 statikus vagy dinamikus m\u00f3dban (max. 10 km\/h, tan\u00fas\u00edtottan 5 km\/h -ig).<\/p>\n<ul>\n<li><strong>Platformig\u00e9ny:<\/strong> Two platforms are required per axle, the sum of which determines the axle weight.<\/li>\n<li><strong>Operation:<\/strong> Axle load measurement can be manual or automatic (in both static and dynamic systems).<\/li>\n<\/ul>\n<h5>Data Management and Memory<\/h5>\n<p>The GI620 offers extensive options for recording and managing measurement data:<\/p>\n<ul>\n<li><strong>Internal Memory:<\/strong> Capable of storing up to 1000 measurement records.<\/li>\n<li><strong>Custom Coding:<\/strong> Every measurement record can be associated with editable codes, which can contain customer or vehicle data.<\/li>\n<li><strong>Time stamping:<\/strong> Integrated clock-calendar ensures accurate date and time setting.<\/li>\n<\/ul>\n<h5>Center of Gravity Calculation<\/h5>\n<p>Special function in wheel weighing mode:<\/p>\n<ul>\n<li>Capable of calculating and printing the center of gravity coordinates and graph for 2, 3, or 4 platform configurations.<\/li>\n<li>Displays the weight of individual platforms as well as the sum of active combinations during the measurement.<\/li>\n<\/ul>\n<h4>Connectivity and Integration<\/h4>\n<p>The GI620 provides flexible communication options for integration into existing systems:<\/p>\n<ul>\n<li><strong>Default:<\/strong> 4 RS232 input\/output channels.<\/li>\n<li><strong>Optional:<\/strong> USB and Ethernet ports for easy data upload and download, as well as network integration.<\/li>\n<\/ul>\n<h5>Software Support<\/h5>\n<p>An extensive software package is available for efficient management and analysis of measurements:<\/p>\n<h6>GesDynRoad Software<\/h6>\n<p>This software is ideal for traffic enforcement and ticketing systems, supporting static and dynamic measurements.<\/p>\n<ul>\n<li>Vehicle pre-selection, traffic statistics, and data management.<\/li>\n<li>Compatible with third-party hardware and software.<\/li>\n<li>T\u00e1mogatja a s\u00falypont kijelz\u00e9st ker\u00e9km\u00e9r\u00e9si m\u00f3dban.<\/li>\n<li>Integrates all modules and manages access devices.<\/li>\n<\/ul>\n<h6>GI Manager Software<\/h6>\n<p>Configuration and display tool for GI620 indicators.<\/p>\n<ul>\n<li>Search and management of connected devices.<\/li>\n<li>Firmware download and creation of backups.<\/li>\n<li>Advanced configuration (metrological settings, communication, calibration).<\/li>\n<li>Bizonylat konfigur\u00e1ci\u00f3 \u00e9s \u00fajranyom\u00e1s funkci\u00f3.<\/li>\n<li>Real-time weight display.<\/li>\n<li><strong>System requirements:<\/strong> Windows 8\/10, 2GB RAM, 10GB storage.<\/li>\n<\/ul>\n<h4>Technical Specifications Summary<\/h4>\n<table>\n<thead>\n<tr>\n<th style=\"text-align: left;\">Characteristic<\/th>\n<th style=\"text-align: left;\">GI620 Compact-W<\/th>\n<\/tr>\n<\/thead>\n<tbody>\n<tr>\n<td style=\"text-align: left;\"><strong>Display<\/strong><\/td>\n<td style=\"text-align: left;\">LCD, 6 digits, 27 mm high, 14 segments<\/td>\n<\/tr>\n<tr>\n<td style=\"text-align: left;\"><strong>Inputs<\/strong><\/td>\n<td style=\"text-align: left;\">4 measuring channels<\/td>\n<\/tr>\n<tr>\n<td style=\"text-align: left;\"><strong>Outputs<\/strong><\/td>\n<td style=\"text-align: left;\">1 x RS232 (standard), 1 x Ethernet + USB (optional)<\/td>\n<\/tr>\n<tr>\n<td style=\"text-align: left;\"><strong>Keyboard<\/strong><\/td>\n<td style=\"text-align: left;\">Alphanumeric (12 keys) and 7 function keys<\/td>\n<\/tr>\n<tr>\n<td style=\"text-align: left;\"><strong>Protection<\/strong><\/td>\n<td style=\"text-align: left;\">IP54<\/td>\n<\/tr>\n<tr>\n<td style=\"text-align: left;\"><strong>Units of Measure<\/strong><\/td>\n<td style=\"text-align: left;\">kg<\/td>\n<\/tr>\n<tr>\n<td style=\"text-align: left;\"><strong>Ticket<\/strong><\/td>\n<td style=\"text-align: left;\">Fully configurable (via GiManager)<\/td>\n<\/tr>\n<tr>\n<td style=\"text-align: left;\"><strong>Certifications<\/strong><\/td>\n<td style=\"text-align: left;\">CE-M (OIML R-76 \/ OIML R-134)<\/td>\n<\/tr>\n<tr>\n<td style=\"text-align: left;\"><strong>Supported Firmwares<\/strong><\/td>\n<td style=\"text-align: left;\">Axle measurement \/ Wheel measurement (must be selected when ordering)<\/td>\n<\/tr>\n<tr>\n<td style=\"text-align: left;\"><strong>Languages<\/strong><\/td>\n<td style=\"text-align: left;\">Spanish, English, French, Italian, Portuguese, German<\/td>\n<\/tr>\n<tr>\n<td style=\"text-align: left;\"><strong>T\u00e1pell\u00e1t\u00e1s<\/strong><\/td>\n<td style=\"text-align: left;\">110-240V AC 50\/60Hz<\/td>\n<\/tr>\n<tr>\n<td style=\"text-align: left;\"><strong>Battery (Optional)<\/strong><\/td>\n<td style=\"text-align: left;\">Rechargeable Lithium (7.4V-2.6Ah). Approx. 5 hours of operation with intensive use.<\/td>\n<\/tr>\n<tr>\n<td style=\"text-align: left;\"><strong>Dimensions (mm)<\/strong><\/td>\n<td style=\"text-align: left;\">237 x 201 x 124<\/td>\n<\/tr>\n<tr>\n<td style=\"text-align: left;\"><strong>Weight (kg)<\/strong><\/td>\n<td style=\"text-align: left;\">4<\/td>\n<\/tr>\n<tr>\n<td style=\"text-align: left;\"><strong>Operating Temperature<\/strong><\/td>\n<td style=\"text-align: left;\">Between -10\u00baC and +40\u00baC<\/td>\n<\/tr>\n<\/tbody>\n<\/table>\n<h4>Funkci\u00f3 \u00d6sszehasonl\u00edt\u00e1s (Ker\u00e9km\u00e9r\u00e9s kontra Tengelym\u00e9r\u00e9s)<\/h4>\n<table>\n<thead>\n<tr>\n<th style=\"text-align: left;\">Function<\/th>\n<th style=\"text-align: left;\">Wheel measurement (*)<\/th>\n<th style=\"text-align: left;\">Axle measurement (**)<\/th>\n<\/tr>\n<\/thead>\n<tbody>\n<tr>\n<td style=\"text-align: left;\">Static or Dynamic Measurement<\/td>\n<td style=\"text-align: left;\">Static Only<\/td>\n<td style=\"text-align: left;\">Static or Dynamic<\/td>\n<\/tr>\n<tr>\n<td style=\"text-align: left;\">T\u00e1ra minden platformon<\/td>\n<td style=\"text-align: left;\">\u2714<\/td>\n<td style=\"text-align: left;\">\u2714<\/td>\n<\/tr>\n<tr>\n<td style=\"text-align: left;\">Weight display per platform (for static axle weighing)<\/td>\n<td style=\"text-align: left;\">\u2714<\/td>\n<td style=\"text-align: left;\">\u2716<\/td>\n<\/tr>\n<tr>\n<td style=\"text-align: left;\">Display of axle weight<\/td>\n<td style=\"text-align: left;\">\u2716<\/td>\n<td style=\"text-align: left;\">\u2714<\/td>\n<\/tr>\n<tr>\n<td style=\"text-align: left;\">Total platform weight display (max. 4 channels for wheel weighing)<\/td>\n<td style=\"text-align: left;\">\u2714<\/td>\n<td style=\"text-align: left;\">\u2716<\/td>\n<\/tr>\n<tr>\n<td style=\"text-align: left;\">Display of total vehicle weight or vehicle+trailer weight<\/td>\n<td style=\"text-align: left;\">\u2716<\/td>\n<td style=\"text-align: left;\">\u2714<\/td>\n<\/tr>\n<tr>\n<td style=\"text-align: left;\">Date and time setting (calendar)<\/td>\n<td style=\"text-align: left;\">\u2714<\/td>\n<td style=\"text-align: left;\">\u2714<\/td>\n<\/tr>\n<tr>\n<td style=\"text-align: left;\">Weighing point calculation and printing (on 2, 3 or 4 platforms)<\/td>\n<td style=\"text-align: left;\">\u2714<\/td>\n<td style=\"text-align: left;\">\u2716<\/td>\n<\/tr>\n<tr>\n<td style=\"text-align: left;\">Coordinate or graphical display<\/td>\n<td style=\"text-align: left;\">\u2714<\/td>\n<td style=\"text-align: left;\">\u2716<\/td>\n<\/tr>\n<tr>\n<td style=\"text-align: left;\">Ticket print mode configuration (via GiManager)<\/td>\n<td style=\"text-align: left;\">\u2714<\/td>\n<td style=\"text-align: left;\">\u2714<\/td>\n<\/tr>\n<tr>\n<td style=\"text-align: left;\">Ticket reprint<\/td>\n<td style=\"text-align: left;\">\u2714<\/td>\n<td style=\"text-align: left;\">\u2714<\/td>\n<\/tr>\n<tr>\n<td style=\"text-align: left;\">List of measured vehicles<\/td>\n<td style=\"text-align: left;\">\u2714<\/td>\n<td style=\"text-align: left;\">\u2714<\/td>\n<\/tr>\n<tr>\n<td style=\"text-align: left;\">List of total weights<\/td>\n<td style=\"text-align: left;\">\u2714<\/td>\n<td style=\"text-align: left;\">\u2714<\/td>\n<\/tr>\n<\/tbody>\n<\/table>\n<p><em>* Valid only for static measurement.<\/em><\/p>\n<p><em>** OIML R76 approval in static mode, with specific wheel and axle measuring platforms. OIML R134 approval in dynamic mode with the BPRG wheel measuring platform \u2013 speed max. 10 km\/h, approved 5 km\/h.<\/em><\/p>\n<h4>Available Models and Accessories<\/h4>\n<p>The GI620 Compact-W indicator is available in several configurations and can be expanded with several accessories to build the complete system:<\/p>\n<h5>GI620 COMPACT Models<\/h5>\n<ol>\n<li><strong>GI620 COMPACT vezet\u00e9k n\u00e9lk\u00fcli ABS IP54 RS232 -vel:<\/strong> Basic configuration.<\/li>\n<li><strong>GI620 COMPACT vezet\u00e9k n\u00e9lk\u00fcli ABS IP54 RS232 -vel \u00e9s Ethernet + USB -vel:<\/strong> With extended communication capabilities.<\/li>\n<\/ol>\n<h5>Optional Accessories<\/h5>\n<ul>\n<li><strong>ALIBI Memory:<\/strong> Data security solution.<\/li>\n<li><strong>Extra Battery:<\/strong> To extend the operating time by 5 hours.<\/li>\n<li><strong>GI400 R45 Weight Repeater:<\/strong> With 6-digit, 45 mm high display.<\/li>\n<li><strong>P16 Weight Repeater:<\/strong> With high-density LED matrix display, with multiple functions (channel addition, truck weighing, axle weighing, remote control, signal light function).<\/li>\n<li><strong>Printers:<\/strong><\/li>\n<li>IMP 27 Matrix Printer (paper widths: 76, 69, 57 mm).<\/li>\n<li>IMP 28 Matrix Printer (paper width: 76.2 mm).<\/li>\n<li>IMP 29 Matrix Printer (paper widths: 57.5, 69.5, 76 mm).<\/li>\n<li>IMP27.4 Thermal Printer (paper width: 72 mm).<\/li>\n<\/ul>\n<h5>Firmware Selection<\/h5>\n<p>A megrendel\u00e9skor v\u00e1laszthat\u00f3 firmware -ek:<\/p>\n<ul>\n<li>Wheel Weighing Firmware (*)<\/li>\n<li>Axle Weighing Firmware (**)<\/li>\n<\/ul>\n<h5>Software Optional<\/h5>\n<ul>\n<li>GImanager<\/li>\n<li>Gesdyn PRO<\/li>\n<li>Gesdyn WEB (web platform)<\/li>\n<li>Gesdyn CLOUD<\/li>\n<\/ul>\n<h5>Recommended Weighing Platforms (Related Products)<\/h5>\n<p>For precise weighing, the GI620 indicator can be perfectly paired with the manufacturer's portable platforms:<\/p>\n<ul>\n<li><strong>PMS:<\/strong> 700 x 450 mm, anti-slip rubber base.<\/li>\n<li><strong>PMR:<\/strong> 500 x 400 mm, anti-slip rubber base.<\/li>\n<li><strong>PMT:<\/strong> 900 x 500 mm, anti-slip rubber base.<\/li>\n<li><strong>BPRG:<\/strong> Low profile, portable wheel weighing platforms for static and\/or dynamic weighing.<\/li>\n<\/ul>\n<p>The GI620 Compact-W is a complete, flexible, and reliable solution for professional vehicle weighing tasks.<\/p>\n<\/div>","protected":false},"excerpt":{"rendered":"<p>Compact, CE-M and OIML R-134 certified bench scale: **Maximum accuracy for static and dynamic axle\/wheel measurement, anywhere!**<\/p>","protected":false},"featured_media":354272,"comment_status":"open","ping_status":"closed","template":"","meta":[],"product_brand":[358],"product_cat":[12890,16333],"product_tag":[],"class_list":{"0":"post-365810","1":"product","2":"type-product","3":"status-publish","4":"has-post-thumbnail","6":"product_brand-giropes","7":"product_cat-merlegek-es-merestechnika","8":"product_cat-kijelzok-es-vezerlok-merlegtechnikai-komponensek-2","10":"first","11":"instock","12":"featured","13":"shipping-taxable","14":"product-type-simple"},"_links":{"self":[{"href":"https:\/\/met-industry.hu\/en\/wp-json\/wp\/v2\/product\/365810","targetHints":{"allow":["GET"]}}],"collection":[{"href":"https:\/\/met-industry.hu\/en\/wp-json\/wp\/v2\/product"}],"about":[{"href":"https:\/\/met-industry.hu\/en\/wp-json\/wp\/v2\/types\/product"}],"replies":[{"embeddable":true,"href":"https:\/\/met-industry.hu\/en\/wp-json\/wp\/v2\/comments?post=365810"}],"version-history":[{"count":1,"href":"https:\/\/met-industry.hu\/en\/wp-json\/wp\/v2\/product\/365810\/revisions"}],"predecessor-version":[{"id":365840,"href":"https:\/\/met-industry.hu\/en\/wp-json\/wp\/v2\/product\/365810\/revisions\/365840"}],"wp:featuredmedia":[{"embeddable":true,"href":"https:\/\/met-industry.hu\/en\/wp-json\/wp\/v2\/media\/354272"}],"wp:attachment":[{"href":"https:\/\/met-industry.hu\/en\/wp-json\/wp\/v2\/media?parent=365810"}],"wp:term":[{"taxonomy":"product_brand","embeddable":true,"href":"https:\/\/met-industry.hu\/en\/wp-json\/wp\/v2\/product_brand?post=365810"},{"taxonomy":"product_cat","embeddable":true,"href":"https:\/\/met-industry.hu\/en\/wp-json\/wp\/v2\/product_cat?post=365810"},{"taxonomy":"product_tag","embeddable":true,"href":"https:\/\/met-industry.hu\/en\/wp-json\/wp\/v2\/product_tag?post=365810"}],"curies":[{"name":"wp","href":"https:\/\/api.w.org\/{rel}","templated":true}]}}