{"id":365770,"date":"2026-03-18T13:38:33","date_gmt":"2026-03-18T11:38:33","guid":{"rendered":"https:\/\/staging.met-industry.hu\/?post_type=product&#038;p=365770"},"modified":"2026-03-18T13:38:43","modified_gmt":"2026-03-18T11:38:43","slug":"wpo","status":"publish","type":"product","link":"https:\/\/met-industry.hu\/en\/uzlet\/wpo\/","title":{"rendered":"WPO"},"content":{"rendered":"<div class=\"sajat-markdown-content\">\n<h3>WPO Series Floor Scale System \u2013 Versatile Platform Scale for Food and Logistics Applications<\/h3>\n<p>The WPO series floor scales offer an extremely versatile, bidirectional weighing solution, specifically designed to meet the highest hygiene and mobility requirements. The extra-flat weighing surface and the integrated U-profile frame make this system ideal for environments where fast and accurate weighing is essential, such as in the food industry.<\/p>\n<h4>Key Features and Advantages<\/h4>\n<h5>Extra Flat Design for Mobility<\/h5>\n<p>The WPO scales feature an extremely low-profile weighing surface, which significantly facilitates weighing with mobile equipment. This design makes the system ideal for the following:<\/p>\n<ul>\n<li><strong>Hand pallet trucks (pallet jacks):<\/strong> Easy loading and unloading with minimal lifting effort.<\/li>\n<li><strong>Rolling containers:<\/strong> Fast and accurate weighing along production lines or in warehouses.<\/li>\n<li><strong>Smaller carts:<\/strong> Provides a hygienic and stable platform for transport devices of various sizes.<\/li>\n<\/ul>\n<h5>Pallet Weighing Capability<\/h5>\n<p>The robust U-profile frame design also allows for the direct weighing of standard-sized pallets, meaning the WPO platform can serve the weight control needs of both smaller and larger logistics units with a single device.<\/p>\n<h5>Excellent Hygiene Solutions in Stainless Steel Versions<\/h5>\n<p>WPO scales prioritize cleanability and durability, especially tailored to the stringent requirements of the food processing and pharmaceutical industries.<\/p>\n<ul>\n<li><strong>Base Materials:<\/strong> Available as standard with an AISI 304 stainless steel platform. Optionally available in a version that better resists more aggressive detergents and corrosive environments <strong>AISI 316 stainless steel<\/strong> version.<\/li>\n<li><strong>Surface treatment:<\/strong> Alapfelszerelts\u00e9g a sz\u00e1lcsiszolt fel\u00fcletkezel\u00e9s, amely kiv\u00e1l\u00f3an ellen\u00e1ll a mechanikai ig\u00e9nybev\u00e9telnek \u00e9s megk\u00f6nny\u00edti a tiszt\u00edt\u00e1st. Opcion\u00e1lisan v\u00e1laszthat\u00f3 a m\u00e9g sim\u00e1bb, k\u00f6nnyebben tiszt\u00edthat\u00f3 <strong>electropolished surface finish<\/strong>.<\/li>\n<\/ul>\n<h5>Hygienic and Ergonomic Cleaning Solution<\/h5>\n<p>One of the outstanding features of the WPO platforms is the <strong>removable (tiltable) weighing surface<\/strong> with a lifting mechanism. This function allows for:<\/p>\n<ol>\n<li><strong>Thorough floor cleaning:<\/strong> Full access to the area under the scale, which is critical for adhering to hygiene regulations.<\/li>\n<li><strong>Cleaning the lower part of the platform:<\/strong> Ensures that every element of the weighing system is easily maintainable.<\/li>\n<\/ol>\n<h5>Compatibility with Multifunction Indicators<\/h5>\n<p>WPO platforms can be flexibly paired with displays tailored to user requirements, such as the <strong>GI400 or GI410<\/strong> multifunction indicators. These displays ensure accurate measurement as well as numerous other functions (e.g., piece counting, recipe management, limit value monitoring) to optimize user processes.<\/p>\n<h5>Testre szabhat\u00f3s\u00e1g \u00e9s Kieg\u00e9sz\u00edt\u0151k<\/h5>\n<p>The flexibility of the system is further enhanced by available accessories that allow the WPO platforms to be adapted to individual customer needs. Such accessories may include:<\/p>\n<ul>\n<li><strong>Columns:<\/strong> K\u00fcl\u00f6nb\u00f6z\u0151 magass\u00e1g\u00fa oszlopok az indik\u00e1tor (pl.: G5i) elhelyez\u00e9s\u00e9hez.<\/li>\n<li><strong>Load cells:<\/strong> The system is built upon G5i type load cells, which guarantee accuracy and reliability.<\/li>\n<\/ul>\n<h4>Technical Specifications<\/h4>\n<p>The WPO series offers solutions across a wide scale range in terms of capacity and size.<\/p>\n<table>\n<thead>\n<tr>\n<th style=\"text-align: center;\">Dimensions (mm)<\/th>\n<th style=\"text-align: center;\">Capacity (kg)<\/th>\n<th style=\"text-align: center;\">Resolution (g)<\/th>\n<th style=\"text-align: center;\">Stainless Steel AISI 304<\/th>\n<th style=\"text-align: center;\">Stainless Steel AISI 316<\/th>\n<\/tr>\n<\/thead>\n<tbody>\n<tr>\n<td style=\"text-align: center;\">800 x 800<\/td>\n<td style=\"text-align: center;\">300<\/td>\n<td style=\"text-align: center;\">100<\/td>\n<td style=\"text-align: center;\">\u2022<\/td>\n<td style=\"text-align: center;\">\u2022<\/td>\n<\/tr>\n<tr>\n<td style=\"text-align: center;\">800 x 800<\/td>\n<td style=\"text-align: center;\">600<\/td>\n<td style=\"text-align: center;\">200<\/td>\n<td style=\"text-align: center;\">\u2022<\/td>\n<td style=\"text-align: center;\">\u2022<\/td>\n<\/tr>\n<tr>\n<td style=\"text-align: center;\">1000 x 1000<\/td>\n<td style=\"text-align: center;\">300<\/td>\n<td style=\"text-align: center;\">100<\/td>\n<td style=\"text-align: center;\">\u2022<\/td>\n<td style=\"text-align: center;\">\u2022<\/td>\n<\/tr>\n<tr>\n<td style=\"text-align: center;\">1000 x 1000<\/td>\n<td style=\"text-align: center;\">600<\/td>\n<td style=\"text-align: center;\">200<\/td>\n<td style=\"text-align: center;\">\u2022<\/td>\n<td style=\"text-align: center;\">\u2022<\/td>\n<\/tr>\n<\/tbody>\n<\/table>\n<h5>General Technical Parameters<\/h5>\n<ul>\n<li><strong>Capacity range:<\/strong> 300 kg -t\u00f3l 600 kg -ig.<\/li>\n<li><strong>Platform sizes:<\/strong> 800 x 800 mm \u00e9s 1000 x 1000 mm.<\/li>\n<li><strong>Base Material:<\/strong> Stainless steel (AISI 304 standard, AISI 316 option).<\/li>\n<li><strong>Surface treatment:<\/strong> Sz\u00e1lcsiszolt (standard), Elektropol\u00edrozott (opcion\u00e1lis).<\/li>\n<li><strong>Construction:<\/strong> U-profile frame for pallet weighing.<\/li>\n<li><strong>Hygiene:<\/strong> Tilting weighing surface for easy cleaning.<\/li>\n<li><strong>Load cells:<\/strong> Use of high-precision G5i load cells.<\/li>\n<\/ul>\n<p>WPO floor scales offer a combination of precision, durability, and excellent hygienic design, making them an ideal choice for modern industrial weighing tasks.<\/p>\n<\/div>","protected":false},"excerpt":{"rendered":"<p>WPO: Hygienic, extra flat floor scale for the food industry. **Easy cleaning with a liftable surface**, ideal for forklift weighing!<\/p>","protected":false},"featured_media":354320,"comment_status":"open","ping_status":"closed","template":"","meta":[],"product_brand":[358],"product_cat":[12890],"product_tag":[],"class_list":{"0":"post-365770","1":"product","2":"type-product","3":"status-publish","4":"has-post-thumbnail","6":"product_brand-giropes","7":"product_cat-merlegek-es-merestechnika","9":"first","10":"instock","11":"featured","12":"shipping-taxable","13":"product-type-simple"},"_links":{"self":[{"href":"https:\/\/met-industry.hu\/en\/wp-json\/wp\/v2\/product\/365770","targetHints":{"allow":["GET"]}}],"collection":[{"href":"https:\/\/met-industry.hu\/en\/wp-json\/wp\/v2\/product"}],"about":[{"href":"https:\/\/met-industry.hu\/en\/wp-json\/wp\/v2\/types\/product"}],"replies":[{"embeddable":true,"href":"https:\/\/met-industry.hu\/en\/wp-json\/wp\/v2\/comments?post=365770"}],"version-history":[{"count":1,"href":"https:\/\/met-industry.hu\/en\/wp-json\/wp\/v2\/product\/365770\/revisions"}],"predecessor-version":[{"id":365800,"href":"https:\/\/met-industry.hu\/en\/wp-json\/wp\/v2\/product\/365770\/revisions\/365800"}],"wp:featuredmedia":[{"embeddable":true,"href":"https:\/\/met-industry.hu\/en\/wp-json\/wp\/v2\/media\/354320"}],"wp:attachment":[{"href":"https:\/\/met-industry.hu\/en\/wp-json\/wp\/v2\/media?parent=365770"}],"wp:term":[{"taxonomy":"product_brand","embeddable":true,"href":"https:\/\/met-industry.hu\/en\/wp-json\/wp\/v2\/product_brand?post=365770"},{"taxonomy":"product_cat","embeddable":true,"href":"https:\/\/met-industry.hu\/en\/wp-json\/wp\/v2\/product_cat?post=365770"},{"taxonomy":"product_tag","embeddable":true,"href":"https:\/\/met-industry.hu\/en\/wp-json\/wp\/v2\/product_tag?post=365770"}],"curies":[{"name":"wp","href":"https:\/\/api.w.org\/{rel}","templated":true}]}}