{"id":365768,"date":"2026-03-18T13:38:32","date_gmt":"2026-03-18T11:38:32","guid":{"rendered":"https:\/\/staging.met-industry.hu\/?post_type=product&#038;p=365768"},"modified":"2026-03-18T13:38:42","modified_gmt":"2026-03-18T11:38:42","slug":"tp410i-wide","status":"publish","type":"product","link":"https:\/\/met-industry.hu\/en\/uzlet\/tp410i-wide\/","title":{"rendered":"TP410i WIDE"},"content":{"rendered":"<div class=\"sajat-markdown-content\">\n<h3>TP410i WIDE Stainless Steel Pallet Scale for American Pallets<\/h3>\n<p>A TP410i WIDE sorozat\u00fa m\u00e9rlegel\u0151 targonca a legig\u00e9nyesebb ipari k\u00f6rnyezetekbe lett tervezve, ahol a higi\u00e9nia, a tart\u00f3ss\u00e1g \u00e9s a pontoss\u00e1g elengedhetetlen. Teljesen rozsdamentes ac\u00e9l kivitel\u00e9nek k\u00f6sz\u00f6nhet\u0151en kiv\u00e1l\u00f3an ellen\u00e1ll a korr\u00f3zi\u00f3nak \u00e9s a kem\u00e9ny tiszt\u00edt\u00f3szereknek, \u00edgy ide\u00e1lis \u00e9lelmiszeripari, gy\u00f3gyszer\u00e9szeti \u00e9s vegyipari alkalmaz\u00e1sokhoz. Ez a modell kifejezetten amerikai szabv\u00e1ny\u00fa raklapok kezel\u00e9s\u00e9re optimaliz\u00e1lt.<\/p>\n<p>The TP410i WIDE series is <strong>\u201eversatile, durable, reliable\u201d<\/strong> can be specified with indicators, and is available in two main versions offering different protection levels and functionalities: with printer and without printer.<\/p>\n<h4>Key Features and Advantages<\/h4>\n<ul>\n<li><strong>Stainless Steel Design:<\/strong> The full stainless steel surface guarantees a long service life and easy cleanability, complying with strict hygiene requirements.<\/li>\n<li><strong>Optimized for American Pallets:<\/strong> Specifically designed for the safe and efficient handling and weighing of wide American pallets.<\/li>\n<li><strong>Hiteles\u00edtett M\u00e9r\u00e9sre Alkalmas (OIML):<\/strong> A k\u00e9sz\u00fcl\u00e9k alkalmas kereskedelmi forgalomban t\u00f6rt\u00e9n\u0151 m\u00e9r\u00e9sre, ami n\u00f6veli a felhaszn\u00e1l\u00e1si rugalmass\u00e1got, mivel a m\u00e9rt s\u00faly k\u00f6zvetlen\u00fcl felhaszn\u00e1lhat\u00f3 sz\u00e1ml\u00e1z\u00e1si alapk\u00e9nt.<\/li>\n<li><strong>GI410i Digital Indicator:<\/strong> The built-in digital display ensures accurate and easily readable weight data.<\/li>\n<\/ul>\n<h4>Technical Data and Versions<\/h4>\n<p>The capacity of the TP410i WIDE series ranges between 1000 kg and 2000 kg, depending on the selected configuration.<\/p>\n<h5>Protection Levels and Configurations<\/h5>\n<p>The two main versions have different IP protection ratings, which determine their environmental resistance:<\/p>\n<table>\n<thead>\n<tr>\n<th style=\"text-align: left;\">Variant<\/th>\n<th style=\"text-align: left;\">IP Protection<\/th>\n<th style=\"text-align: left;\">Printer<\/th>\n<th style=\"text-align: left;\">Application Area<\/th>\n<\/tr>\n<\/thead>\n<tbody>\n<tr>\n<td style=\"text-align: left;\"><strong>Nyomtat\u00f3s<\/strong><\/td>\n<td style=\"text-align: left;\">IP54<\/td>\n<td style=\"text-align: left;\">Yes<\/td>\n<td style=\"text-align: left;\">Dust and splash protection, internal printing capability<\/td>\n<\/tr>\n<tr>\n<td style=\"text-align: left;\"><strong>Nyomtat\u00f3 N\u00e9lk\u00fcli<\/strong><\/td>\n<td style=\"text-align: left;\">IP65<\/td>\n<td style=\"text-align: left;\">No<\/td>\n<td style=\"text-align: left;\">Full dust protection and protection against strong water jets (ideal for wet environments)<\/td>\n<\/tr>\n<\/tbody>\n<\/table>\n<h5>Capacity and Readability Values<\/h5>\n<p>The measurement accuracy (readability) depends on the selected maximum capacity:<\/p>\n<table>\n<thead>\n<tr>\n<th style=\"text-align: left;\">Capacity (kg)<\/th>\n<th style=\"text-align: left;\">Readability (g)<\/th>\n<th style=\"text-align: left;\">Printer<\/th>\n<th style=\"text-align: left;\">Hiteles\u00edtett M\u00e9r\u00e9s<\/th>\n<\/tr>\n<\/thead>\n<tbody>\n<tr>\n<td style=\"text-align: left;\">1000 \u2013 2000<\/td>\n<td style=\"text-align: left;\">200 \u2013 500<\/td>\n<td style=\"text-align: left;\">No<\/td>\n<td style=\"text-align: left;\">No<\/td>\n<\/tr>\n<tr>\n<td style=\"text-align: left;\">1000 \u2013 2000<\/td>\n<td style=\"text-align: left;\">500 \u2013 1000<\/td>\n<td style=\"text-align: left;\">No<\/td>\n<td style=\"text-align: left;\">No<\/td>\n<\/tr>\n<tr>\n<td style=\"text-align: left;\">1000 \u2013 2000<\/td>\n<td style=\"text-align: left;\">200 \u2013 500<\/td>\n<td style=\"text-align: left;\">Yes (M)<\/td>\n<td style=\"text-align: left;\">Yes<\/td>\n<\/tr>\n<tr>\n<td style=\"text-align: left;\">1000 \u2013 2000<\/td>\n<td style=\"text-align: left;\">500 \u2013 1000<\/td>\n<td style=\"text-align: left;\">Yes (M)<\/td>\n<td style=\"text-align: left;\">Yes<\/td>\n<\/tr>\n<\/tbody>\n<\/table>\n<p><em>Megjegyz\u00e9s: Az &#8216;M&#8217; jel\u00f6l\u00e9s a kereskedelmi dokument\u00e1ci\u00f3val \u00e9s hiteles\u00edt\u00e9ssel rendelkez\u0151 modellekre utal.<\/em><\/p>\n<h4>GI410i Digital Indicator Details<\/h4>\n<p>The GI410i display used for weighing offers several functions that increase efficiency during warehouse and production processes:<\/p>\n<ol>\n<li><strong>High Contrast Display:<\/strong> Provides easy readability under various lighting conditions.<\/li>\n<li><strong>Functions:<\/strong> Alapvet\u0151 s\u00falykijelz\u00e9s mellett val\u00f3sz\u00edn\u0171s\u00edthet\u0151en rendelkezik t\u00e1ra, \u00f6sszegz\u00e9s \u00e9s darabsz\u00e1ml\u00e1l\u00f3 funkci\u00f3kkal (a kereskedelmi alkalmaz\u00e1sokhoz igaz\u00edtva).<\/li>\n<li><strong>Printing Capability (Optional):<\/strong> The printer model allows for immediate printing of measurement receipts, which may include net\/gross weight, date, and time.<\/li>\n<\/ol>\n<h4>Application Areas<\/h4>\n<p>Due to its stainless steel design and certification capability, the TP410i WIDE is an ideal choice in the following sectors:<\/p>\n<ul>\n<li><strong>Food Industry:<\/strong> Meat processing, dairy industry, bakeries, where hygiene and wet cleaning are essential.<\/li>\n<li><strong>Pharmaceutical and Cosmetics:<\/strong> Providing surfaces compliant with standards that are easy to sanitize.<\/li>\n<li><strong>Chemical Industry:<\/strong> Handling corrosive substances where standard painted steel is insufficient.<\/li>\n<li><strong>Logistics and Warehousing:<\/strong> Handling of American pallets, where weight control is critically important for optimizing shipping costs.<\/li>\n<\/ul>\n<p>This weighing forklift is not just a lifting device, but a precision measuring instrument that can be integrated into modern, strictly regulated industrial processes. High IP protection (up to IP65) guarantees reliable operation even in the most aggressive work environments.<\/p>\n<\/div>","protected":false},"excerpt":{"rendered":"<p>Hygienic stainless steel weighing forklift for American pallets. **Suitable for commercial measurement** accuracy with IP65 protection!<\/p>","protected":false},"featured_media":354325,"comment_status":"open","ping_status":"closed","template":"","meta":[],"product_brand":[358],"product_cat":[12890],"product_tag":[],"class_list":{"0":"post-365768","1":"product","2":"type-product","3":"status-publish","4":"has-post-thumbnail","6":"product_brand-giropes","7":"product_cat-merlegek-es-merestechnika","9":"first","10":"instock","11":"featured","12":"shipping-taxable","13":"product-type-simple"},"_links":{"self":[{"href":"https:\/\/met-industry.hu\/en\/wp-json\/wp\/v2\/product\/365768","targetHints":{"allow":["GET"]}}],"collection":[{"href":"https:\/\/met-industry.hu\/en\/wp-json\/wp\/v2\/product"}],"about":[{"href":"https:\/\/met-industry.hu\/en\/wp-json\/wp\/v2\/types\/product"}],"replies":[{"embeddable":true,"href":"https:\/\/met-industry.hu\/en\/wp-json\/wp\/v2\/comments?post=365768"}],"version-history":[{"count":1,"href":"https:\/\/met-industry.hu\/en\/wp-json\/wp\/v2\/product\/365768\/revisions"}],"predecessor-version":[{"id":365798,"href":"https:\/\/met-industry.hu\/en\/wp-json\/wp\/v2\/product\/365768\/revisions\/365798"}],"wp:featuredmedia":[{"embeddable":true,"href":"https:\/\/met-industry.hu\/en\/wp-json\/wp\/v2\/media\/354325"}],"wp:attachment":[{"href":"https:\/\/met-industry.hu\/en\/wp-json\/wp\/v2\/media?parent=365768"}],"wp:term":[{"taxonomy":"product_brand","embeddable":true,"href":"https:\/\/met-industry.hu\/en\/wp-json\/wp\/v2\/product_brand?post=365768"},{"taxonomy":"product_cat","embeddable":true,"href":"https:\/\/met-industry.hu\/en\/wp-json\/wp\/v2\/product_cat?post=365768"},{"taxonomy":"product_tag","embeddable":true,"href":"https:\/\/met-industry.hu\/en\/wp-json\/wp\/v2\/product_tag?post=365768"}],"curies":[{"name":"wp","href":"https:\/\/api.w.org\/{rel}","templated":true}]}}