{"id":365765,"date":"2026-03-18T13:38:32","date_gmt":"2026-03-18T11:38:32","guid":{"rendered":"https:\/\/staging.met-industry.hu\/?post_type=product&#038;p=365765"},"modified":"2026-03-18T13:38:41","modified_gmt":"2026-03-18T11:38:41","slug":"g4m","status":"publish","type":"product","link":"https:\/\/met-industry.hu\/en\/uzlet\/g4m\/","title":{"rendered":"G4M"},"content":{"rendered":"<div class=\"sajat-markdown-content\">\n<h3>G4M Single-Point Load Cell: High Capacity, High Precision Solution for Industrial Applications<\/h3>\n<p>The G4M type single-cell load cell offers the highest level of accuracy and reliability for high-capacity measurement tasks, especially in areas where resource optimization and precise measurement are essential. Born from engineering excellence and attention to detail, the G4M is the ideal choice for large-sized, single-point platforms.<\/p>\n<p>During development, a dedicated team of experts worked on optimizing the manufacturing processes to achieve the best results in the area of high-capacity, large-sized platforms. The G4M cell is specifically designed to even <strong>500 kg -os<\/strong> of load with a single cell, even on <strong>600 x 600 mm<\/strong> sized measuring surfaces.<\/p>\n<h4>Key Features and Advantages<\/h4>\n<p>A G4M egypontos m\u00e9r\u0151cella kiemelked\u0151 pontoss\u00e1ggal b\u00edr, m\u00e9g akkor is, ha a terhel\u00e9s nem t\u00f6k\u00e9letesen k\u00f6z\u00e9pre van helyezve. A rugalmas kialak\u00edt\u00e1s\u00fa, \u00f6tv\u00f6z\u00f6tt ac\u00e9lb\u00f3l k\u00e9sz\u00fclt alap biztos\u00edtja a stabilit\u00e1st \u00e9s a hossz\u00fa \u00e9lettartamot.<\/p>\n<ul>\n<li><strong>High Capacity:<\/strong> 100 kg -t\u00f3l eg\u00e9szen 500 kg -ig terjed\u0151 n\u00e9vleges terhel\u00e9si tartom\u00e1ny.<\/li>\n<li><strong>Outstanding Accuracy:<\/strong> C3 accuracy class, which guarantees reliable measurement.<\/li>\n<li><strong>IP69K Protection:<\/strong> Full protection against the ingress of dust and water, even during cleaning with high-pressure water jets, making it ideal for environments critical from a hygiene perspective.<\/li>\n<li><strong>T\u00f6rv\u00e9nyes M\u00e9rlegel\u00e9sre Alkalmas:<\/strong> The cell complies with legal requirements, thus it can be used for building certified scales in commercial trade.<\/li>\n<li><strong>Robust Material Usage:<\/strong> High-quality stainless steel construction for maximum durability and corrosion resistance.<\/li>\n<li><strong>Platform Compatibility:<\/strong> Ideal solution for single-point measuring platforms up to 600 x 600 mm in size.<\/li>\n<\/ul>\n<h4>Technical Data in Detail<\/h4>\n<p>The specifications of the G4M load cell ensure the fulfillment of the requirements of the most demanding industrial and commercial applications.<\/p>\n<table>\n<thead>\n<tr>\n<th style=\"text-align: left;\">Parameter<\/th>\n<th style=\"text-align: left;\">G4M 100 kg<\/th>\n<th style=\"text-align: left;\">G4M 150 kg<\/th>\n<th style=\"text-align: left;\">G4M 200 kg<\/th>\n<th style=\"text-align: left;\">G4M 300 kg<\/th>\n<th style=\"text-align: left;\">G4M 360 kg<\/th>\n<th style=\"text-align: left;\">G4M 500 kg<\/th>\n<\/tr>\n<\/thead>\n<tbody>\n<tr>\n<td style=\"text-align: left;\"><strong>N\u00e9vleges Terhel\u00e9s (I_n [kg])<\/strong><\/td>\n<td style=\"text-align: left;\">100<\/td>\n<td style=\"text-align: left;\">150<\/td>\n<td style=\"text-align: left;\">200<\/td>\n<td style=\"text-align: left;\">300<\/td>\n<td style=\"text-align: left;\">360<\/td>\n<td style=\"text-align: left;\">500<\/td>\n<\/tr>\n<tr>\n<td style=\"text-align: left;\"><strong>Accuracy Class (n. OIML)<\/strong><\/td>\n<td style=\"text-align: left;\">C3<\/td>\n<td style=\"text-align: left;\">C3<\/td>\n<td style=\"text-align: left;\">C3<\/td>\n<td style=\"text-align: left;\">C3<\/td>\n<td style=\"text-align: left;\">C3<\/td>\n<td style=\"text-align: left;\">C3<\/td>\n<\/tr>\n<tr>\n<td style=\"text-align: left;\"><strong>Oszt\u00e1lyoz\u00e1si T\u00e9nyez\u0151 (y = e<em>max \/ v<\/em>min)<\/strong><\/td>\n<td style=\"text-align: left;\">10000<\/td>\n<td style=\"text-align: left;\">10000<\/td>\n<td style=\"text-align: left;\">10000<\/td>\n<td style=\"text-align: left;\">10000<\/td>\n<td style=\"text-align: left;\">10000<\/td>\n<td style=\"text-align: left;\">10000<\/td>\n<\/tr>\n<tr>\n<td style=\"text-align: left;\"><strong>Material<\/strong><\/td>\n<td style=\"text-align: left;\">Stainless steel<\/td>\n<td style=\"text-align: left;\">Stainless steel<\/td>\n<td style=\"text-align: left;\">Stainless steel<\/td>\n<td style=\"text-align: left;\">Stainless steel<\/td>\n<td style=\"text-align: left;\">Stainless steel<\/td>\n<td style=\"text-align: left;\">Stainless steel<\/td>\n<\/tr>\n<tr>\n<td style=\"text-align: left;\"><strong>Protection<\/strong><\/td>\n<td style=\"text-align: left;\">IP69K<\/td>\n<td style=\"text-align: left;\">IP69K<\/td>\n<td style=\"text-align: left;\">IP69K<\/td>\n<td style=\"text-align: left;\">IP69K<\/td>\n<td style=\"text-align: left;\">IP69K<\/td>\n<td style=\"text-align: left;\">IP69K<\/td>\n<\/tr>\n<tr>\n<td style=\"text-align: left;\"><strong>Suitability<\/strong><\/td>\n<td style=\"text-align: left;\">Commercial (M)<\/td>\n<td style=\"text-align: left;\">Commercial (M)<\/td>\n<td style=\"text-align: left;\">Commercial (M)<\/td>\n<td style=\"text-align: left;\">Commercial (M)<\/td>\n<td style=\"text-align: left;\">Commercial (M)<\/td>\n<td style=\"text-align: left;\">Commercial (M)<\/td>\n<\/tr>\n<\/tbody>\n<\/table>\n<h5>Accuracy Class Explanation (C3)<\/h5>\n<p>A C3 pontoss\u00e1gi oszt\u00e1ly az OIML (Nemzetk\u00f6zi T\u00f6rv\u00e9nyes M\u00e9r\u00e9s\u00fcgyi Szervezet) szabv\u00e1nyok szerint magas szint\u0171 pontoss\u00e1got jelez. Az n=10000 oszt\u00e1si sz\u00e1m azt jelenti, hogy a m\u00e9rleg maxim\u00e1lis terhel\u00e9s\u00e9nek 1\/10000-e a legkisebb leolvashat\u00f3 \u00e9rt\u00e9k (oszt\u00e1s\u00e9rt\u00e9k, v). Ez a magas felbont\u00e1s biztos\u00edtja, hogy a G4M m\u00e9g a legkisebb s\u00falyv\u00e1ltoz\u00e1sokat is megb\u00edzhat\u00f3an \u00e9rz\u00e9kelje a teljes kapacit\u00e1startom\u00e1nyon bel\u00fcl.<\/p>\n<h5>IP69K Protection: Maximum Hygiene and Durability<\/h5>\n<p>The IP69K protection rating offers the highest level of protection against the ingress of solid particles and water. This specification is particularly valuable in the food, chemical, and pharmaceutical industries, where frequent high-temperature, high-pressure cleaning is common. The use of stainless steel further strengthens the cell's resistance to corrosion and chemicals.<\/p>\n<h4>Application Areas<\/h4>\n<p>The G4M load cell can be excellently integrated into the following systems:<\/p>\n<ol>\n<li><strong>High-Capacity Warehouse Scales:<\/strong> For accurate weighing of large pallets and containers.<\/li>\n<li><strong>Termel\u00e9si Folyamat-ellen\u0151rz\u00e9s:<\/strong> \u00d6mlesztett anyagok (pl.: granul\u00e1tumok, porok) adagol\u00e1s\u00e1nak \u00e9s k\u00e9szleteinek ellen\u0151rz\u00e9se.<\/li>\n<li><strong>Commercial Scales:<\/strong> Construction of certified, large-scale floor scales where precision and durability are paramount.<\/li>\n<li><strong>Material Handling Systems:<\/strong> Automated systems where resource optimization based on weight is necessary.<\/li>\n<\/ol>\n<p>The G4M is not just a component; it is an engineering solution dedicated to optimal performance and long-term reliability in every detail. Attention to detail guarantees that measurement results are always precise and reproducible.<\/p>\n<\/div>","protected":false},"excerpt":{"rendered":"<p>**G4M: Ak\u00e1r 500 kg -ig garant\u00e1lt C3 pontoss\u00e1g \u00e9s IP69K v\u00e9delem. A nagym\u00e9ret\u0171, hiteles\u00edtett m\u00e9rlegek tart\u00f3s alapja.**<\/p>","protected":false},"featured_media":354349,"comment_status":"open","ping_status":"closed","template":"","meta":[],"product_brand":[358],"product_cat":[12890],"product_tag":[],"class_list":{"0":"post-365765","1":"product","2":"type-product","3":"status-publish","4":"has-post-thumbnail","6":"product_brand-giropes","7":"product_cat-merlegek-es-merestechnika","9":"first","10":"instock","11":"featured","12":"shipping-taxable","13":"product-type-simple"},"_links":{"self":[{"href":"https:\/\/met-industry.hu\/en\/wp-json\/wp\/v2\/product\/365765","targetHints":{"allow":["GET"]}}],"collection":[{"href":"https:\/\/met-industry.hu\/en\/wp-json\/wp\/v2\/product"}],"about":[{"href":"https:\/\/met-industry.hu\/en\/wp-json\/wp\/v2\/types\/product"}],"replies":[{"embeddable":true,"href":"https:\/\/met-industry.hu\/en\/wp-json\/wp\/v2\/comments?post=365765"}],"version-history":[{"count":1,"href":"https:\/\/met-industry.hu\/en\/wp-json\/wp\/v2\/product\/365765\/revisions"}],"predecessor-version":[{"id":365795,"href":"https:\/\/met-industry.hu\/en\/wp-json\/wp\/v2\/product\/365765\/revisions\/365795"}],"wp:featuredmedia":[{"embeddable":true,"href":"https:\/\/met-industry.hu\/en\/wp-json\/wp\/v2\/media\/354349"}],"wp:attachment":[{"href":"https:\/\/met-industry.hu\/en\/wp-json\/wp\/v2\/media?parent=365765"}],"wp:term":[{"taxonomy":"product_brand","embeddable":true,"href":"https:\/\/met-industry.hu\/en\/wp-json\/wp\/v2\/product_brand?post=365765"},{"taxonomy":"product_cat","embeddable":true,"href":"https:\/\/met-industry.hu\/en\/wp-json\/wp\/v2\/product_cat?post=365765"},{"taxonomy":"product_tag","embeddable":true,"href":"https:\/\/met-industry.hu\/en\/wp-json\/wp\/v2\/product_tag?post=365765"}],"curies":[{"name":"wp","href":"https:\/\/api.w.org\/{rel}","templated":true}]}}