{"id":365764,"date":"2026-03-18T13:38:32","date_gmt":"2026-03-18T11:38:32","guid":{"rendered":"https:\/\/staging.met-industry.hu\/?post_type=product&#038;p=365764"},"modified":"2026-03-18T13:38:40","modified_gmt":"2026-03-18T11:38:40","slug":"gth","status":"publish","type":"product","link":"https:\/\/met-industry.hu\/en\/uzlet\/gth\/","title":{"rendered":"GTH"},"content":{"rendered":"<div class=\"sajat-markdown-content\">\n<h3>GTH Series Double Shear-Beam Load Cell \u2013 Precision Industrial Measurement<\/h3>\n<p>A Giropes GTH sorozat\u00fa kett\u0151s ny\u00edr\u00f3 terhel\u00e9sm\u00e9r\u0151 cella a legmagasabb szint\u0171 ipari m\u00e9r\u00e9sekhez lett tervezve, ahol a megb\u00edzhat\u00f3s\u00e1g, a pontoss\u00e1g \u00e9s a tart\u00f3ss\u00e1g elengedhetetlen. A GTH cella a Giropes egyed\u00fcl\u00e1ll\u00f3, r\u00e9szletgazdag kivitelez\u00e9s\u00e9nek k\u00f6sz\u00f6nhet\u0151en kiemelked\u0151 min\u0151s\u00e9get k\u00e9pvisel, \u00e9s ide\u00e1lis megold\u00e1st ny\u00fajt nagy kapacit\u00e1s\u00fa rendszerekhez, mint p\u00e9ld\u00e1ul sil\u00f3k, tart\u00e1lyok \u00e9s alacsony profil\u00fa m\u00e9r\u0151rendszerek.<\/p>\n<p>During the design of the load cell, the best experts ensured that the surface treatment and structural integrity guarantee a long service life and accurate operation, even in the most aggressive industrial environments.<\/p>\n<h4>Key Features and Advantages<\/h4>\n<ul>\n<li><strong>Double Shear-Beam Design:<\/strong> This special mechanical structure ensures excellent stability and load distribution, minimizing the effect of unwanted lateral forces, which increases measurement accuracy.<\/li>\n<li><strong>Excellent Quality Construction:<\/strong> The detailed, professional surface treatment guarantees the cell's resistance to corrosion and mechanical wear.<\/li>\n<li><strong>High Protection (IP68):<\/strong> The IP68 protection rating ensures completely dust-tight operation and water resistance, allowing the cell to be installed in wet or dusty environments, as well as periodic cleaning with high-pressure water.<\/li>\n<li><strong>Legal Metrology Approval:<\/strong> A GTH m\u00e9rlegcella j\u00f3v\u00e1hagy\u00e1ssal rendelkezik a kereskedelmi forgalomban t\u00f6rt\u00e9n\u0151 m\u00e9r\u00e9sekhez, ami biztos\u00edtja a jogi el\u0151\u00edr\u00e1soknak val\u00f3 megfelel\u00e9st a pontos mennyis\u00e9gi elsz\u00e1mol\u00e1sok sor\u00e1n.<\/li>\n<li><strong>Versatile Application:<\/strong> Ideal solution for weighing silos, tanks, mixers, and other large storage systems where load distribution is critical.<\/li>\n<\/ul>\n<h4>Technical Specifications<\/h4>\n<p>The GTH series is available in a wide range of capacities, with every model made of stainless steel for maximum durability.<\/p>\n<table>\n<thead>\n<tr>\n<th style=\"text-align: left;\">Parameter<\/th>\n<th style=\"text-align: left;\">Value<\/th>\n<th style=\"text-align: left;\">Note<\/th>\n<\/tr>\n<\/thead>\n<tbody>\n<tr>\n<td style=\"text-align: left;\"><strong>Kapacit\u00e1s (Nom. Terhel\u00e9s, I_n)<\/strong><\/td>\n<td style=\"text-align: left;\">5 t \u2013 50 t<\/td>\n<td style=\"text-align: left;\">Multiple nominal load capacities<\/td>\n<\/tr>\n<tr>\n<td style=\"text-align: left;\"><strong>Protection Class<\/strong><\/td>\n<td style=\"text-align: left;\">IP68<\/td>\n<td style=\"text-align: left;\">Complete dust and water resistance<\/td>\n<\/tr>\n<tr>\n<td style=\"text-align: left;\"><strong>Accuracy Class<\/strong><\/td>\n<td style=\"text-align: left;\">C3 (According to OIML R60)<\/td>\n<td style=\"text-align: left;\">Accuracy for commercial purposes<\/td>\n<\/tr>\n<tr>\n<td style=\"text-align: left;\"><strong>Minim\u00e1lis Oszt\u00e1s\u00e9rt\u00e9k (y_min)<\/strong><\/td>\n<td style=\"text-align: left;\">8000<\/td>\n<td style=\"text-align: left;\">High resolution<\/td>\n<\/tr>\n<tr>\n<td style=\"text-align: left;\"><strong>Material<\/strong><\/td>\n<td style=\"text-align: left;\">Stainless steel<\/td>\n<td style=\"text-align: left;\">Excellent Corrosion Resistance<\/td>\n<\/tr>\n<tr>\n<td style=\"text-align: left;\"><strong>Metrology Approval<\/strong><\/td>\n<td style=\"text-align: left;\">Yes<\/td>\n<td style=\"text-align: left;\">Certifiable for commercial use<\/td>\n<\/tr>\n<\/tbody>\n<\/table>\n<h5>Capacity and Accuracy Table<\/h5>\n<table>\n<thead>\n<tr>\n<th style=\"text-align: left;\">N\u00e9vleges Terhel\u00e9s (I_n [t])<\/th>\n<th style=\"text-align: left;\">Accuracy Class<\/th>\n<th style=\"text-align: left;\">e<em>max \/ v<\/em>min<\/th>\n<th style=\"text-align: left;\">Material<\/th>\n<th style=\"text-align: left;\">Protection<\/th>\n<th style=\"text-align: left;\">Authorized Metrology<\/th>\n<\/tr>\n<\/thead>\n<tbody>\n<tr>\n<td style=\"text-align: left;\">5<\/td>\n<td style=\"text-align: left;\">C3<\/td>\n<td style=\"text-align: left;\">8000<\/td>\n<td style=\"text-align: left;\">Stainless steel<\/td>\n<td style=\"text-align: left;\">IP68<\/td>\n<td style=\"text-align: left;\">Yes<\/td>\n<\/tr>\n<tr>\n<td style=\"text-align: left;\">10<\/td>\n<td style=\"text-align: left;\">C3<\/td>\n<td style=\"text-align: left;\">8000<\/td>\n<td style=\"text-align: left;\">Stainless steel<\/td>\n<td style=\"text-align: left;\">IP68<\/td>\n<td style=\"text-align: left;\">Yes<\/td>\n<\/tr>\n<tr>\n<td style=\"text-align: left;\">15<\/td>\n<td style=\"text-align: left;\">C3<\/td>\n<td style=\"text-align: left;\">8000<\/td>\n<td style=\"text-align: left;\">Stainless steel<\/td>\n<td style=\"text-align: left;\">IP68<\/td>\n<td style=\"text-align: left;\">Yes<\/td>\n<\/tr>\n<tr>\n<td style=\"text-align: left;\">20<\/td>\n<td style=\"text-align: left;\">C3<\/td>\n<td style=\"text-align: left;\">8000<\/td>\n<td style=\"text-align: left;\">Stainless steel<\/td>\n<td style=\"text-align: left;\">IP68<\/td>\n<td style=\"text-align: left;\">Yes<\/td>\n<\/tr>\n<tr>\n<td style=\"text-align: left;\">25<\/td>\n<td style=\"text-align: left;\">C3<\/td>\n<td style=\"text-align: left;\">8000<\/td>\n<td style=\"text-align: left;\">Stainless steel<\/td>\n<td style=\"text-align: left;\">IP68<\/td>\n<td style=\"text-align: left;\">Yes<\/td>\n<\/tr>\n<tr>\n<td style=\"text-align: left;\">30<\/td>\n<td style=\"text-align: left;\">C3<\/td>\n<td style=\"text-align: left;\">8000<\/td>\n<td style=\"text-align: left;\">Stainless steel<\/td>\n<td style=\"text-align: left;\">IP68<\/td>\n<td style=\"text-align: left;\">Yes<\/td>\n<\/tr>\n<tr>\n<td style=\"text-align: left;\">35<\/td>\n<td style=\"text-align: left;\">C3<\/td>\n<td style=\"text-align: left;\">8000<\/td>\n<td style=\"text-align: left;\">Stainless steel<\/td>\n<td style=\"text-align: left;\">IP68<\/td>\n<td style=\"text-align: left;\">Yes<\/td>\n<\/tr>\n<tr>\n<td style=\"text-align: left;\">50<\/td>\n<td style=\"text-align: left;\">C3<\/td>\n<td style=\"text-align: left;\">8000<\/td>\n<td style=\"text-align: left;\">Stainless steel<\/td>\n<td style=\"text-align: left;\">IP68<\/td>\n<td style=\"text-align: left;\">Yes<\/td>\n<\/tr>\n<\/tbody>\n<\/table>\n<p><em>Megjegyz\u00e9s: Az e<em>max \/ v<\/em>min \u00e9rt\u00e9k a maxim\u00e1lis terhel\u00e9s \u00e9s a minim\u00e1lis leolvas\u00e1si egys\u00e9g ar\u00e1ny\u00e1t jel\u00f6li, ami a m\u00e9r\u0151cella felbont\u00e1s\u00e1t jellemzi.<\/em><\/p>\n<h4>Mounting Solutions and Accessories<\/h4>\n<p>A GTH m\u00e9rlegcella rugalmas be\u00e9p\u00edthet\u0151s\u00e9g\u00e9t a Giropes \u00e1ltal k\u00edn\u00e1lt speci\u00e1lis szerel\u0151k\u00e9szletek biztos\u00edtj\u00e1k. Ezek a k\u00e9szletek lehet\u0151v\u00e9 teszik a cell\u00e1k optim\u00e1lis integr\u00e1l\u00e1s\u00e1t b\u00e1rmilyen t\u00edpus\u00fa tart\u00e1ly- vagy sil\u00f3m\u00e9r\u00e9shez.<\/p>\n<h5>Emel\u00e9sg\u00e1tl\u00f3 Szerel\u0151k\u00e9szlet<\/h5>\n<p>Kifejezetten a sil\u00f3khoz \u00e9s tart\u00e1lyokhoz tervezett kieg\u00e9sz\u00edt\u0151, amely megakad\u00e1lyozza a m\u00e9r\u0151cella v\u00e9letlen vagy sz\u00e1nd\u00e9kos elmozdul\u00e1s\u00e1t, k\u00fcl\u00f6n\u00f6sen a terhel\u00e9s megsz\u0171n\u00e9sekor.<\/p>\n<ul>\n<li><strong>Material Selection:<\/strong> The structural elements are available in galvanized steel or stainless steel, allowing the most resistant option to be chosen according to environmental requirements.<\/li>\n<li><strong>Function:<\/strong> Stabiliz\u00e1lja a m\u00e9r\u0151cell\u00e1t a tart\u00e1ly alapj\u00e1n, biztos\u00edtva, hogy a m\u00e9r\u00e9s kiz\u00e1r\u00f3lag f\u00fcgg\u0151leges terhel\u00e9sen alapuljon, kiz\u00e1rva a v\u00edzszintes vagy emel\u0151er\u0151ket.<\/li>\n<\/ul>\n<p>These mounting options ensure that the GTH cell is not only precise on its own, but the entire weighing system operates reliably, regardless of the complexity of the installation.<\/p>\n<h4>Application Areas<\/h4>\n<p>The GTH series is the ideal choice in the following industrial segments:<\/p>\n<ol>\n<li><strong>Food Industry:<\/strong> Accurate dosing of raw materials and finished product weighing.<\/li>\n<li><strong>Chemical and Pharmaceutical Industry:<\/strong> Weighing of critical quantities where precision and hygiene (stainless steel) are essential.<\/li>\n<li><strong>Metallurgy and Material Processing:<\/strong> Continuous monitoring of high-capacity silos and tanks.<\/li>\n<li><strong>Agriculture:<\/strong> Weighing in feed and grain storage facilities.<\/li>\n<\/ol>\n<p>A GTH m\u00e9rlegcella a Giropes m\u00e9rn\u00f6ki tud\u00e1s\u00e1nak cs\u00facsa, amely garant\u00e1lja a hossz\u00fa t\u00e1v\u00fa, pontos \u00e9s megb\u00edzhat\u00f3 ipari m\u00e9r\u00e9st.<\/p>\n<\/div>","protected":false},"excerpt":{"rendered":"<p>**GTH: IP68 protected, double-ended shear beam load cell. Guaranteed accuracy and durability in the 5-50 t range, with commercial certification.**<\/p>","protected":false},"featured_media":354354,"comment_status":"open","ping_status":"closed","template":"","meta":[],"product_brand":[358],"product_cat":[12890],"product_tag":[],"class_list":{"0":"post-365764","1":"product","2":"type-product","3":"status-publish","4":"has-post-thumbnail","6":"product_brand-giropes","7":"product_cat-merlegek-es-merestechnika","9":"first","10":"instock","11":"featured","12":"shipping-taxable","13":"product-type-simple"},"_links":{"self":[{"href":"https:\/\/met-industry.hu\/en\/wp-json\/wp\/v2\/product\/365764","targetHints":{"allow":["GET"]}}],"collection":[{"href":"https:\/\/met-industry.hu\/en\/wp-json\/wp\/v2\/product"}],"about":[{"href":"https:\/\/met-industry.hu\/en\/wp-json\/wp\/v2\/types\/product"}],"replies":[{"embeddable":true,"href":"https:\/\/met-industry.hu\/en\/wp-json\/wp\/v2\/comments?post=365764"}],"version-history":[{"count":1,"href":"https:\/\/met-industry.hu\/en\/wp-json\/wp\/v2\/product\/365764\/revisions"}],"predecessor-version":[{"id":365794,"href":"https:\/\/met-industry.hu\/en\/wp-json\/wp\/v2\/product\/365764\/revisions\/365794"}],"wp:featuredmedia":[{"embeddable":true,"href":"https:\/\/met-industry.hu\/en\/wp-json\/wp\/v2\/media\/354354"}],"wp:attachment":[{"href":"https:\/\/met-industry.hu\/en\/wp-json\/wp\/v2\/media?parent=365764"}],"wp:term":[{"taxonomy":"product_brand","embeddable":true,"href":"https:\/\/met-industry.hu\/en\/wp-json\/wp\/v2\/product_brand?post=365764"},{"taxonomy":"product_cat","embeddable":true,"href":"https:\/\/met-industry.hu\/en\/wp-json\/wp\/v2\/product_cat?post=365764"},{"taxonomy":"product_tag","embeddable":true,"href":"https:\/\/met-industry.hu\/en\/wp-json\/wp\/v2\/product_tag?post=365764"}],"curies":[{"name":"wp","href":"https:\/\/api.w.org\/{rel}","templated":true}]}}