{"id":365760,"date":"2026-03-18T13:38:32","date_gmt":"2026-03-18T11:38:32","guid":{"rendered":"https:\/\/staging.met-industry.hu\/?post_type=product&#038;p=365760"},"modified":"2026-03-18T13:38:39","modified_gmt":"2026-03-18T11:38:39","slug":"giapp","status":"publish","type":"product","link":"https:\/\/met-industry.hu\/en\/uzlet\/giapp\/","title":{"rendered":"GIAPP"},"content":{"rendered":"<div class=\"sajat-markdown-content\">\n<h3>GIAPP Application: Mobile Measurement Supervision for the GI4xx Series<\/h3>\n<p>The GIAPP application is a dedicated mobile solution developed specifically for the remote supervision and control of industrial scales in the GI4xx series (e.g., GI400 and GI410). This software is optimized for devices running the Android operating system and allows users to access measurement data in real-time, as well as configure the basic functions of the measuring instruments without needing to be physically next to the display. The goal of the application is to optimize measurement systems and increase the efficiency of industrial processes in the spirit of continuous innovation.<\/p>\n<h4>Main Features and Functionality<\/h4>\n<p>The GIAPP application offers a comprehensive toolkit for managing GI4xx series displays, ensuring flexible and remote data acquisition and control.<\/p>\n<h5>Real-Time Connection and Supervision<\/h5>\n<ul>\n<li><strong>Real-time display:<\/strong> Immediate access to the current weight values of the connected measuring instrument.<\/li>\n<li><strong>Remote connection:<\/strong> Enables secure and stable remote communication with the display.<\/li>\n<li><strong>Management of multiple displays:<\/strong> Connection setup is configurable with multiple, simultaneously operating measuring instruments.<\/li>\n<li><strong>Indicator detection and connection:<\/strong> The application is capable of recognizing, pairing, and connecting to compatible GI4xx displays.<\/li>\n<li><strong>Display status visualization:<\/strong> Provides an overview of the current operational status of connected displays.<\/li>\n<\/ul>\n<h5>Remote Control Functions<\/h5>\n<p>A felhaszn\u00e1l\u00f3k k\u00f6zvetlen\u00fcl az okos telefonjukr\u00f3l vez\u00e9relhetik a m\u00e9r\u0151m\u0171szer alapvet\u0151 funkci\u00f3it, minimaliz\u00e1lva a fizikai beavatkoz\u00e1s sz\u00fcks\u00e9gess\u00e9g\u00e9t:<\/p>\n<ul>\n<li><strong>Tare:<\/strong> Zeroing the weight displayed on the display to subtract the weight of the container or shipping unit.<\/li>\n<li><strong>Zeroing:<\/strong> Restoring the display to the exact zero value.<\/li>\n<li><strong>Ellen\u0151rz\u0151 m\u00e9r\u00e9s:<\/strong> Configuration of the display's functions for check weighing, which aids in classifying products according to pre-set weight limits.<\/li>\n<li><strong>Function configuration:<\/strong> It is possible to customize the settings for various display functions (tare, zeroing, etc.).<\/li>\n<\/ul>\n<h5>Data Management and Export<\/h5>\n<p>Effective management and sharing of downloaded measurement data is crucial for quality assurance and subsequent analysis:<\/p>\n<ul>\n<li><strong>Downloading weight data:<\/strong> Recorded weight values can be downloaded from the connected measuring instrument.<\/li>\n<li><strong>Displaying the list of downloaded weights:<\/strong> An overview list of successfully recorded measurements.<\/li>\n<li><strong>List Filtering:<\/strong> It is possible to filter the list of downloaded weights to access data faster.<\/li>\n<li><strong>Data sharing in CSV format:<\/strong> A sz\u0171rt vagy teljes s\u00falylista megoszthat\u00f3 CSV (Comma Separated Values) f\u00e1jlk\u00e9nt, amely k\u00f6nnyen import\u00e1lhat\u00f3 t\u00e1bl\u00e1zatkezel\u0151 programokba (pl.: Excel) tov\u00e1bbi feldolgoz\u00e1s c\u00e9lj\u00e1b\u00f3l.<\/li>\n<\/ul>\n<h4>Compatibility and Availability<\/h4>\n<p>The GIAPP application is specifically designed to work with the following instrument series:<\/p>\n<ul>\n<li><strong>GI4xx Series:<\/strong> General compatibility with all models in the series.<\/li>\n<li><strong>GI400 Indicators:<\/strong> Detailed support for GI400 electronic units.<\/li>\n<li><strong>GI410 Indicators:<\/strong> Detailed support for GI410 electronic units.<\/li>\n<\/ul>\n<p>The application is <strong>available for free download<\/strong>, which facilitates the fast and cost-effective modernization of measurement systems.<\/p>\n<h4>Technical Summary<\/h4>\n<table>\n<thead>\n<tr>\n<th style=\"text-align: left;\">Function<\/th>\n<th style=\"text-align: left;\">Description<\/th>\n<\/tr>\n<\/thead>\n<tbody>\n<tr>\n<td style=\"text-align: left;\"><strong>Compatible Series<\/strong><\/td>\n<td style=\"text-align: left;\">GI4xx (including GI400, GI410)<\/td>\n<\/tr>\n<tr>\n<td style=\"text-align: left;\"><strong>Platform<\/strong><\/td>\n<td style=\"text-align: left;\">Android APP (Mobile devices)<\/td>\n<\/tr>\n<tr>\n<td style=\"text-align: left;\"><strong>Connection Mode<\/strong><\/td>\n<td style=\"text-align: left;\">T\u00e1vkapcsolat<\/td>\n<\/tr>\n<tr>\n<td style=\"text-align: left;\"><strong>Control Functions<\/strong><\/td>\n<td style=\"text-align: left;\">T\u00e1raz\u00e1s, Null\u00e1z\u00e1s, Ellen\u0151rz\u0151 be\u00e1ll\u00edt\u00e1s<\/td>\n<\/tr>\n<tr>\n<td style=\"text-align: left;\"><strong>Data Management<\/strong><\/td>\n<td style=\"text-align: left;\">Weight data download, listing, filtering<\/td>\n<\/tr>\n<tr>\n<td style=\"text-align: left;\"><strong>Data Export<\/strong><\/td>\n<td style=\"text-align: left;\">CSV file sharing<\/td>\n<\/tr>\n<tr>\n<td style=\"text-align: left;\"><strong>T\u00f6bb kapcsolat<\/strong><\/td>\n<td style=\"text-align: left;\">Configuration and simultaneous connection of multiple indicators<\/td>\n<\/tr>\n<tr>\n<td style=\"text-align: left;\"><strong>Price<\/strong><\/td>\n<td style=\"text-align: left;\">Free Download<\/td>\n<\/tr>\n<\/tbody>\n<\/table>\n<h4>Advantages of GIAPP in the Industrial Environment<\/h4>\n<p>Integrating the GIAPP application into the existing measurement infrastructure brings significant advantages:<\/p>\n<ol>\n<li><strong>Increased Flexibility:<\/strong> Operators and supervisors can monitor and control measuring points from anywhere, which is especially beneficial in large sites or multi-shift operations.<\/li>\n<li><strong>Data Security and Documentation:<\/strong> Direct download of weight data and export in CSV format ensures accurate, human-intervention-free documentation, which is essential for compliance with ISO standards.<\/li>\n<li><strong>Quick Configuration:<\/strong> A t\u00e1voli funkci\u00f3be\u00e1ll\u00edt\u00e1sok (pl.: t\u00e1ra, ellen\u0151rz\u0151 hat\u00e1rok) gyors m\u00f3dos\u00edt\u00e1sa cs\u00f6kkenti az \u00e1ll\u00e1sid\u0151t, ami kritikus a termel\u00e9kenys\u00e9g szempontj\u00e1b\u00f3l.<\/li>\n<li><strong>Continuous Innovation:<\/strong> Az alkalmaz\u00e1s a Giropes SL elk\u00f6telezetts\u00e9g\u00e9t t\u00fckr\u00f6zi a m\u00e9r\u00e9si rendszerek folyamatos fejleszt\u00e9se ir\u00e1nt, biztos\u00edtva, hogy a felhaszn\u00e1l\u00f3k mindig a leg\u00fajabb mobil technol\u00f3gi\u00e1kat haszn\u00e1lhass\u00e1k.<\/li>\n<\/ol>\n<p>The GIAPP application is the answer to modern industrial requirements, extending the capabilities of the reliable GI4xx series measuring instruments into the mobile digital space.<\/p>\n<\/div>","protected":false},"excerpt":{"rendered":"<p>**GIAPP: Remote control and real-time weighing data from anywhere! Modernize your GI4xx measuring instruments with Android, achieve maximum efficiency!**<\/p>","protected":false},"featured_media":354382,"comment_status":"open","ping_status":"closed","template":"","meta":[],"product_brand":[358],"product_cat":[12890,18393],"product_tag":[],"class_list":{"0":"post-365760","1":"product","2":"type-product","3":"status-publish","4":"has-post-thumbnail","6":"product_brand-giropes","7":"product_cat-merlegek-es-merestechnika","8":"product_cat-szoftverek-merlegtechnikai-komponensek","10":"first","11":"instock","12":"featured","13":"shipping-taxable","14":"product-type-simple"},"_links":{"self":[{"href":"https:\/\/met-industry.hu\/en\/wp-json\/wp\/v2\/product\/365760","targetHints":{"allow":["GET"]}}],"collection":[{"href":"https:\/\/met-industry.hu\/en\/wp-json\/wp\/v2\/product"}],"about":[{"href":"https:\/\/met-industry.hu\/en\/wp-json\/wp\/v2\/types\/product"}],"replies":[{"embeddable":true,"href":"https:\/\/met-industry.hu\/en\/wp-json\/wp\/v2\/comments?post=365760"}],"version-history":[{"count":1,"href":"https:\/\/met-industry.hu\/en\/wp-json\/wp\/v2\/product\/365760\/revisions"}],"predecessor-version":[{"id":365790,"href":"https:\/\/met-industry.hu\/en\/wp-json\/wp\/v2\/product\/365760\/revisions\/365790"}],"wp:featuredmedia":[{"embeddable":true,"href":"https:\/\/met-industry.hu\/en\/wp-json\/wp\/v2\/media\/354382"}],"wp:attachment":[{"href":"https:\/\/met-industry.hu\/en\/wp-json\/wp\/v2\/media?parent=365760"}],"wp:term":[{"taxonomy":"product_brand","embeddable":true,"href":"https:\/\/met-industry.hu\/en\/wp-json\/wp\/v2\/product_brand?post=365760"},{"taxonomy":"product_cat","embeddable":true,"href":"https:\/\/met-industry.hu\/en\/wp-json\/wp\/v2\/product_cat?post=365760"},{"taxonomy":"product_tag","embeddable":true,"href":"https:\/\/met-industry.hu\/en\/wp-json\/wp\/v2\/product_tag?post=365760"}],"curies":[{"name":"wp","href":"https:\/\/api.w.org\/{rel}","templated":true}]}}