{"id":365756,"date":"2026-03-18T13:38:32","date_gmt":"2026-03-18T11:38:32","guid":{"rendered":"https:\/\/staging.met-industry.hu\/?post_type=product&#038;p=365756"},"modified":"2026-03-18T13:38:37","modified_gmt":"2026-03-18T11:38:37","slug":"bex","status":"publish","type":"product","link":"https:\/\/met-industry.hu\/en\/uzlet\/bex\/","title":{"rendered":"BEX"},"content":{"rendered":"<div class=\"sajat-markdown-content\">\n<h3>BEX Platform Weighing System for ATEX Zones with GI400i-EX Indicator<\/h3>\n<p>This detailed description presents the BEX series platform scales designed for explosive (ATEX) environments, optimized for high-precision measurement and industrial applications. The system includes the robust weighing platform, weighing cells and junction box specifically designed for ATEX zones, and the multifunctional GI400i-EX indicator.<\/p>\n<p>A key feature of the BEX platforms is the <strong>ground-mountable, extremely low-profile design<\/strong>, which minimizes the need for ramps and facilitates the movement of heavy loads onto the weighing surface. The system's flexibility is further enhanced by a wide range of size and capacity options, as well as the choice of version (painted or full AISI 304 stainless steel).<\/p>\n<h4>Key Features and Advantages<\/h4>\n<ul>\n<li><strong>ATEX Compliance:<\/strong> The system fully complies with the strict ATEX requirements for explosive environments, ensuring safe operation in potentially flammable atmospheres (Zone 2\/22).<\/li>\n<li><strong>Extremely Low Profile:<\/strong> The extra-flat design of the platforms facilitates the placement of pallets or containers equipped with wheels, reducing physical strain and increasing workflow efficiency.<\/li>\n<li><strong>Modul\u00e1ris Kialak\u00edt\u00e1s \u00e9s Testre szabhat\u00f3s\u00e1g:<\/strong> A rendszer kieg\u00e9sz\u00edt\u0151kkel \u00e9s opci\u00f3kkal (pl.: oszlopok, falra szerel\u00e9si lehet\u0151s\u00e9gek) testre szabhat\u00f3, hogy pontosan megfeleljen az \u00fcgyf\u00e9l egyedi m\u00e9r\u00e9si \u00e9s integr\u00e1ci\u00f3s ig\u00e9nyeinek.<\/li>\n<li><strong>Robust Construction:<\/strong> The optional version (painted or AISI 304 stainless steel) guarantees long service life and corrosion resistance, even in the most aggressive industrial environments.<\/li>\n<li><strong>GI400i-EX Multifunctional Indicator:<\/strong> The display offers advanced functions specifically designed for safe operation in ATEX zones.<\/li>\n<\/ul>\n<h4>Technical Specifications \u2013 BEX Platform Scales<\/h4>\n<p>The BEX series covers a wide scale in terms of capacity and size to satisfy diverse industrial requirements.<\/p>\n<table>\n<thead>\n<tr>\n<th style=\"text-align: left;\">Design<\/th>\n<th style=\"text-align: left;\">Dimensions (mm)<\/th>\n<th style=\"text-align: left;\">Capacity (kg)<\/th>\n<th style=\"text-align: left;\">Resolution (g)<\/th>\n<th style=\"text-align: left;\">Painted<\/th>\n<th style=\"text-align: left;\">Fully Stainless Steel AISI 304<\/th>\n<\/tr>\n<\/thead>\n<tbody>\n<tr>\n<td style=\"text-align: left;\">BEX<\/td>\n<td style=\"text-align: left;\">800 x 800<\/td>\n<td style=\"text-align: left;\">300<\/td>\n<td style=\"text-align: left;\">100<\/td>\n<td style=\"text-align: left;\">\u2022<\/td>\n<td style=\"text-align: left;\">\u2022<\/td>\n<\/tr>\n<tr>\n<td style=\"text-align: left;\">BEX<\/td>\n<td style=\"text-align: left;\">800 x 800<\/td>\n<td style=\"text-align: left;\">600<\/td>\n<td style=\"text-align: left;\">200<\/td>\n<td style=\"text-align: left;\">\u2022<\/td>\n<td style=\"text-align: left;\">\u2022<\/td>\n<\/tr>\n<tr>\n<td style=\"text-align: left;\">BEX<\/td>\n<td style=\"text-align: left;\">1000 x 1000<\/td>\n<td style=\"text-align: left;\">300<\/td>\n<td style=\"text-align: left;\">100<\/td>\n<td style=\"text-align: left;\">\u2022<\/td>\n<td style=\"text-align: left;\">\u2022<\/td>\n<\/tr>\n<tr>\n<td style=\"text-align: left;\">BEX<\/td>\n<td style=\"text-align: left;\">1000 x 1000<\/td>\n<td style=\"text-align: left;\">600<\/td>\n<td style=\"text-align: left;\">200<\/td>\n<td style=\"text-align: left;\">\u2022<\/td>\n<td style=\"text-align: left;\">\u2022<\/td>\n<\/tr>\n<tr>\n<td style=\"text-align: left;\">BEX<\/td>\n<td style=\"text-align: left;\">1250 x 1000<\/td>\n<td style=\"text-align: left;\">600<\/td>\n<td style=\"text-align: left;\">200<\/td>\n<td style=\"text-align: left;\">\u2022<\/td>\n<td style=\"text-align: left;\">\u2022<\/td>\n<\/tr>\n<tr>\n<td style=\"text-align: left;\">BEX<\/td>\n<td style=\"text-align: left;\">1250 x 1000<\/td>\n<td style=\"text-align: left;\">1500<\/td>\n<td style=\"text-align: left;\">500<\/td>\n<td style=\"text-align: left;\">\u2022<\/td>\n<td style=\"text-align: left;\">\u2022<\/td>\n<\/tr>\n<tr>\n<td style=\"text-align: left;\">BEX<\/td>\n<td style=\"text-align: left;\">1250 x 1000<\/td>\n<td style=\"text-align: left;\">3000<\/td>\n<td style=\"text-align: left;\">1000<\/td>\n<td style=\"text-align: left;\">\u2022<\/td>\n<td style=\"text-align: left;\">\u2022<\/td>\n<\/tr>\n<tr>\n<td style=\"text-align: left;\">BEX<\/td>\n<td style=\"text-align: left;\">1250 x 1250<\/td>\n<td style=\"text-align: left;\">600<\/td>\n<td style=\"text-align: left;\">200<\/td>\n<td style=\"text-align: left;\">\u2022<\/td>\n<td style=\"text-align: left;\">\u2022<\/td>\n<\/tr>\n<tr>\n<td style=\"text-align: left;\">BEX<\/td>\n<td style=\"text-align: left;\">1250 x 1250<\/td>\n<td style=\"text-align: left;\">1500<\/td>\n<td style=\"text-align: left;\">500<\/td>\n<td style=\"text-align: left;\">\u2022<\/td>\n<td style=\"text-align: left;\">\u2022<\/td>\n<\/tr>\n<tr>\n<td style=\"text-align: left;\">BEX<\/td>\n<td style=\"text-align: left;\">1250 x 1250<\/td>\n<td style=\"text-align: left;\">3000<\/td>\n<td style=\"text-align: left;\">1000<\/td>\n<td style=\"text-align: left;\">\u2022<\/td>\n<td style=\"text-align: left;\">\u2022<\/td>\n<\/tr>\n<tr>\n<td style=\"text-align: left;\">BEX<\/td>\n<td style=\"text-align: left;\">1500 x 1250<\/td>\n<td style=\"text-align: left;\">600<\/td>\n<td style=\"text-align: left;\">200<\/td>\n<td style=\"text-align: left;\">\u2022<\/td>\n<td style=\"text-align: left;\">\u2022<\/td>\n<\/tr>\n<tr>\n<td style=\"text-align: left;\">BEX<\/td>\n<td style=\"text-align: left;\">1500 x 1250<\/td>\n<td style=\"text-align: left;\">1500<\/td>\n<td style=\"text-align: left;\">500<\/td>\n<td style=\"text-align: left;\">\u2022<\/td>\n<td style=\"text-align: left;\">\u2022<\/td>\n<\/tr>\n<tr>\n<td style=\"text-align: left;\">BEX<\/td>\n<td style=\"text-align: left;\">1500 x 1250<\/td>\n<td style=\"text-align: left;\">3000<\/td>\n<td style=\"text-align: left;\">1000<\/td>\n<td style=\"text-align: left;\">\u2022<\/td>\n<td style=\"text-align: left;\">\u2022<\/td>\n<\/tr>\n<tr>\n<td style=\"text-align: left;\">BEX<\/td>\n<td style=\"text-align: left;\">1500 x 1500<\/td>\n<td style=\"text-align: left;\">1500<\/td>\n<td style=\"text-align: left;\">500<\/td>\n<td style=\"text-align: left;\">\u2022<\/td>\n<td style=\"text-align: left;\">\u2022<\/td>\n<\/tr>\n<tr>\n<td style=\"text-align: left;\">BEX<\/td>\n<td style=\"text-align: left;\">1500 x 1500<\/td>\n<td style=\"text-align: left;\">3000<\/td>\n<td style=\"text-align: left;\">1000<\/td>\n<td style=\"text-align: left;\">\u2022<\/td>\n<td style=\"text-align: left;\">\u2022<\/td>\n<\/tr>\n<tr>\n<td style=\"text-align: left;\">BEX<\/td>\n<td style=\"text-align: left;\">2000 x 1500<\/td>\n<td style=\"text-align: left;\">1500<\/td>\n<td style=\"text-align: left;\">500<\/td>\n<td style=\"text-align: left;\">\u2022<\/td>\n<td style=\"text-align: left;\">\u2022<\/td>\n<\/tr>\n<tr>\n<td style=\"text-align: left;\">BEX<\/td>\n<td style=\"text-align: left;\">2000 x 1500<\/td>\n<td style=\"text-align: left;\">3000<\/td>\n<td style=\"text-align: left;\">1000<\/td>\n<td style=\"text-align: left;\">\u2022<\/td>\n<td style=\"text-align: left;\">\u2022<\/td>\n<\/tr>\n<\/tbody>\n<\/table>\n<p><strong>Capacity range:<\/strong> 300 kg -t\u00f3l eg\u00e9szen 3000 kg -ig.<\/p>\n<p><strong>Dimensions:<\/strong> The smallest available size is 800 x 800 mm, and the largest is 2000 x 1500 mm.<\/p>\n<h4>GI400i-EX Multifunctional Indicator<\/h4>\n<p>The GI400i-EX display is the intelligent center of the system, ensuring accurate data processing and safe operation in explosive environments.<\/p>\n<ul>\n<li><strong>ATEX Compatibility:<\/strong> Can be used together with load cells and junction boxes specifically designed for ATEX zones.<\/li>\n<li><strong>Functionality:<\/strong> Multifunctional capabilities that allow for the control of numerous industrial processes beyond just measurement.<\/li>\n<li><strong>Installation Flexibility:<\/strong> Column-mountable or wall-mountable options are available for optimizing workplace layout.<\/li>\n<\/ul>\n<h4>Customization Options<\/h4>\n<p>The manufacturer\u2019s philosophy is realized under the motto of \u201eensuring concrete measures, customization.\u201d Accessories and options for the platforms allow for the complete adaptation of the product to customer expectations, ensuring the most optimal result during weighing tasks.<\/p>\n<p><strong>Optional Accessories:<\/strong><\/p>\n<ul>\n<li><strong>Column:<\/strong> Special column for positioning the indicator.<\/li>\n<li><strong>Design:<\/strong> Optional painted surface or full AISI 304 stainless steel structure for maximum hygiene and durability.<\/li>\n<\/ul>\n<p>This BEX system is the ideal choice for industries where high load capacity, accurate, and safe weighing is essential alongside the presence of explosive atmospheres (gases, vapors, or dusts).<\/p>\n<\/div>","protected":false},"excerpt":{"rendered":"<p>**BEX ATEX Platform Weighing System:** Maximum safety and accuracy in explosive zones! Low profile, 3000 kg capacity.<\/p>","protected":false},"featured_media":354407,"comment_status":"open","ping_status":"closed","template":"","meta":[],"product_brand":[358],"product_cat":[12890],"product_tag":[],"class_list":{"0":"post-365756","1":"product","2":"type-product","3":"status-publish","4":"has-post-thumbnail","6":"product_brand-giropes","7":"product_cat-merlegek-es-merestechnika","9":"first","10":"instock","11":"featured","12":"shipping-taxable","13":"product-type-simple"},"_links":{"self":[{"href":"https:\/\/met-industry.hu\/en\/wp-json\/wp\/v2\/product\/365756","targetHints":{"allow":["GET"]}}],"collection":[{"href":"https:\/\/met-industry.hu\/en\/wp-json\/wp\/v2\/product"}],"about":[{"href":"https:\/\/met-industry.hu\/en\/wp-json\/wp\/v2\/types\/product"}],"replies":[{"embeddable":true,"href":"https:\/\/met-industry.hu\/en\/wp-json\/wp\/v2\/comments?post=365756"}],"version-history":[{"count":1,"href":"https:\/\/met-industry.hu\/en\/wp-json\/wp\/v2\/product\/365756\/revisions"}],"predecessor-version":[{"id":365786,"href":"https:\/\/met-industry.hu\/en\/wp-json\/wp\/v2\/product\/365756\/revisions\/365786"}],"wp:featuredmedia":[{"embeddable":true,"href":"https:\/\/met-industry.hu\/en\/wp-json\/wp\/v2\/media\/354407"}],"wp:attachment":[{"href":"https:\/\/met-industry.hu\/en\/wp-json\/wp\/v2\/media?parent=365756"}],"wp:term":[{"taxonomy":"product_brand","embeddable":true,"href":"https:\/\/met-industry.hu\/en\/wp-json\/wp\/v2\/product_brand?post=365756"},{"taxonomy":"product_cat","embeddable":true,"href":"https:\/\/met-industry.hu\/en\/wp-json\/wp\/v2\/product_cat?post=365756"},{"taxonomy":"product_tag","embeddable":true,"href":"https:\/\/met-industry.hu\/en\/wp-json\/wp\/v2\/product_tag?post=365756"}],"curies":[{"name":"wp","href":"https:\/\/api.w.org\/{rel}","templated":true}]}}