{"id":365747,"date":"2026-03-18T13:38:31","date_gmt":"2026-03-18T11:38:31","guid":{"rendered":"https:\/\/staging.met-industry.hu\/?post_type=product&#038;p=365747"},"modified":"2026-03-18T13:38:34","modified_gmt":"2026-03-18T11:38:34","slug":"g3m","status":"publish","type":"product","link":"https:\/\/met-industry.hu\/en\/uzlet\/g3m\/","title":{"rendered":"G3M"},"content":{"rendered":"<div class=\"sajat-markdown-content\">\n<h3>G3M High Precision Weighing Cell Load Sensor<\/h3>\n<p>A G3M m\u00e9rlegcella a legmagasabb szint\u0171 pontoss\u00e1got \u00e9s megb\u00edzhat\u00f3s\u00e1got ny\u00fajt a m\u00e9r\u00e9si feladatokhoz, k\u00fcl\u00f6n\u00f6sen az eltolt terhel\u00e9sek kezel\u00e9s\u00e9ben. A term\u00e9kfejleszt\u00e9s sor\u00e1n a legjobb szakemberekb\u0151l \u00e1ll\u00f3 csapat optimaliz\u00e1lta \u00e9s jav\u00edtotta a gy\u00e1rt\u00e1si folyamatokat, hogy a legkiv\u00e1l\u00f3bb eredm\u00e9nyeket \u00e9rj\u00e9k el, biztos\u00edtva az extr\u00e9m pontoss\u00e1got m\u00e9g a terhel\u00e9s eltol\u00f3d\u00e1sa eset\u00e9n is.<\/p>\n<p>The G3M cell is specifically designed to provide extremely high accuracy for weighing platforms where weight distribution is not ideal. This outstanding performance makes it ideal for research, development, and industrial applications where even the slightest deviation can be critical.<\/p>\n<h4>Key Features and Advantages<\/h4>\n<ul>\n<li><strong>Outstanding Accuracy with Eccentric Loads:<\/strong> The main strength of the G3M cell is its tolerance for displacement from the center of the load, which guarantees stable and accurate measurement even under the most unfavorable conditions.<\/li>\n<li><strong>Flexible Platform Size:<\/strong> Compatible with single-point weighing platforms, whose maximum size can reach <strong>400 x 400 mm<\/strong>This flexibility allows for a wide range of applications in different sized systems.<\/li>\n<li><strong>Robust Construction:<\/strong> The base of the cell is made of high-quality, flexible <strong>alloy steel<\/strong>\u00a0k\u00e9sz\u00fclt, amely hossz\u00fa \u00e9lettartamot \u00e9s mechanikai stabilit\u00e1st biztos\u00edt.<\/li>\n<li><strong>IP67 Protection:<\/strong> The IP67 rating guarantees excellent protection of the cell against the ingress of dust and water. This allows it to be used in harsher industrial environments where moisture or dust may be present.<\/li>\n<li><strong>Certifiability:<\/strong> A G3M sorozat alkalmas kereskedelmi \u00e9s jogi metrol\u00f3giai alkalmaz\u00e1sokra, ami azt jelenti, hogy a m\u00e9r\u00e9sek hivatalos c\u00e9lokra is felhaszn\u00e1lhat\u00f3k, megfelelve a szigor\u00fa szabv\u00e1nyoknak.<\/li>\n<\/ul>\n<h4>Technical Data<\/h4>\n<p>The G3M load cell is available in various capacity ranges, each classified into the highest accuracy class.<\/p>\n<table>\n<thead>\n<tr>\n<th style=\"text-align: center;\">Capacity (In) [kg]<\/th>\n<th style=\"text-align: center;\">Accuracy Class (OIML)<\/th>\n<th style=\"text-align: center;\">Accuracy Class (y)<\/th>\n<th style=\"text-align: center;\">Material<\/th>\n<th style=\"text-align: center;\">Protection<\/th>\n<th style=\"text-align: center;\">Verifiability<\/th>\n<\/tr>\n<\/thead>\n<tbody>\n<tr>\n<td style=\"text-align: center;\">50<\/td>\n<td style=\"text-align: center;\">C3<\/td>\n<td style=\"text-align: center;\">9433<\/td>\n<td style=\"text-align: center;\">Stainless steel<\/td>\n<td style=\"text-align: center;\">IP67<\/td>\n<td style=\"text-align: center;\">Commercial \/ Legal<\/td>\n<\/tr>\n<tr>\n<td style=\"text-align: center;\">75<\/td>\n<td style=\"text-align: center;\">C3<\/td>\n<td style=\"text-align: center;\">9433<\/td>\n<td style=\"text-align: center;\">Stainless steel<\/td>\n<td style=\"text-align: center;\">IP67<\/td>\n<td style=\"text-align: center;\">Commercial \/ Legal<\/td>\n<\/tr>\n<tr>\n<td style=\"text-align: center;\">100<\/td>\n<td style=\"text-align: center;\">C3<\/td>\n<td style=\"text-align: center;\">9433<\/td>\n<td style=\"text-align: center;\">Stainless steel<\/td>\n<td style=\"text-align: center;\">IP67<\/td>\n<td style=\"text-align: center;\">Commercial \/ Legal<\/td>\n<\/tr>\n<tr>\n<td style=\"text-align: center;\">150<\/td>\n<td style=\"text-align: center;\">C3<\/td>\n<td style=\"text-align: center;\">9433<\/td>\n<td style=\"text-align: center;\">Stainless steel<\/td>\n<td style=\"text-align: center;\">IP67<\/td>\n<td style=\"text-align: center;\">Commercial \/ Legal<\/td>\n<\/tr>\n<tr>\n<td style=\"text-align: center;\">200<\/td>\n<td style=\"text-align: center;\">C3<\/td>\n<td style=\"text-align: center;\">9433<\/td>\n<td style=\"text-align: center;\">Stainless steel<\/td>\n<td style=\"text-align: center;\">IP67<\/td>\n<td style=\"text-align: center;\">Commercial \/ Legal<\/td>\n<\/tr>\n<\/tbody>\n<\/table>\n<h5>Further Technical Details<\/h5>\n<ul>\n<li><strong>Type:<\/strong> G3M<\/li>\n<li><strong>Application:<\/strong> Egypontos terhel\u00e9s\u00e9rz\u00e9kel\u0151<\/li>\n<li><strong>Platform Compatibility:<\/strong> Egypontos platformokhoz<\/li>\n<li><strong>Maximum Platform Size:<\/strong> 400 x 400 mm<\/li>\n<li><strong>Nominal Load (In):<\/strong> 50 kg -t\u00f3l 200 kg -ig (l\u00e1sd a fenti t\u00e1bl\u00e1zatot)<\/li>\n<li><strong>Accuracy Class (OIML):<\/strong> C3 (Complies with the strict OIML R60 standard)<\/li>\n<li><strong>Minimum Division Value (vmin):<\/strong> Defined within the C3 class, ensuring high resolution.<\/li>\n<li><strong>Material:<\/strong> Kiv\u00e1l\u00f3 min\u0151s\u00e9g\u0171 rozsdamentes ac\u00e9l, amely ellen\u00e1ll a korr\u00f3zi\u00f3nak \u00e9s a k\u00e9miai hat\u00e1soknak.<\/li>\n<li><strong>Mechanical Base:<\/strong> Flexible alloy steel structure.<\/li>\n<\/ul>\n<h4>Application Areas<\/h4>\n<p>The G3M load cell is the ideal choice for all industrial and research areas where reliable and accurate measurement is essential, especially in the following fields:<\/p>\n<ol>\n<li><strong>Industrial Weighing Systems:<\/strong> High-precision weighing platforms where load distribution is not guaranteed to be centered.<\/li>\n<li><strong>Laboratory and Research Projects:<\/strong> Experimental equipment where detecting the smallest weight changes is crucial.<\/li>\n<li><strong>Automated Measurement Processes:<\/strong> Production lines where product weight must be checked quickly and accurately.<\/li>\n<li><strong>Commercial Weighing:<\/strong> Hiteles\u00edtett rendszerek, amelyek hivatalos kereskedelmi c\u00e9lokra szolg\u00e1lnak (pl.: csomagk\u00fcldem\u00e9nyek, alapanyagok m\u00e9r\u00e9se).<\/li>\n<\/ol>\n<p>The G3M series is the perfect combination of engineering precision and robust design, guaranteeing long-term, trouble-free operation even in the most demanding environments.<\/p>\n<\/div>","protected":false},"excerpt":{"rendered":"<p>G3M: Extr\u00e9m pontoss\u00e1g eltolt terhel\u00e9sn\u00e9l! IP67 v\u00e9detts\u00e9g\u0171, C3 hiteles\u00edthet\u0151 m\u00e9r\u0151cella 400 x 400 mm platformokhoz. Megb\u00edzhat\u00f3 ipari megold\u00e1s.<\/p>","protected":false},"featured_media":354457,"comment_status":"open","ping_status":"closed","template":"","meta":[],"product_brand":[358],"product_cat":[12890],"product_tag":[],"class_list":{"0":"post-365747","1":"product","2":"type-product","3":"status-publish","4":"has-post-thumbnail","6":"product_brand-giropes","7":"product_cat-merlegek-es-merestechnika","9":"first","10":"instock","11":"featured","12":"shipping-taxable","13":"product-type-simple"},"_links":{"self":[{"href":"https:\/\/met-industry.hu\/en\/wp-json\/wp\/v2\/product\/365747","targetHints":{"allow":["GET"]}}],"collection":[{"href":"https:\/\/met-industry.hu\/en\/wp-json\/wp\/v2\/product"}],"about":[{"href":"https:\/\/met-industry.hu\/en\/wp-json\/wp\/v2\/types\/product"}],"replies":[{"embeddable":true,"href":"https:\/\/met-industry.hu\/en\/wp-json\/wp\/v2\/comments?post=365747"}],"version-history":[{"count":1,"href":"https:\/\/met-industry.hu\/en\/wp-json\/wp\/v2\/product\/365747\/revisions"}],"predecessor-version":[{"id":365777,"href":"https:\/\/met-industry.hu\/en\/wp-json\/wp\/v2\/product\/365747\/revisions\/365777"}],"wp:featuredmedia":[{"embeddable":true,"href":"https:\/\/met-industry.hu\/en\/wp-json\/wp\/v2\/media\/354457"}],"wp:attachment":[{"href":"https:\/\/met-industry.hu\/en\/wp-json\/wp\/v2\/media?parent=365747"}],"wp:term":[{"taxonomy":"product_brand","embeddable":true,"href":"https:\/\/met-industry.hu\/en\/wp-json\/wp\/v2\/product_brand?post=365747"},{"taxonomy":"product_cat","embeddable":true,"href":"https:\/\/met-industry.hu\/en\/wp-json\/wp\/v2\/product_cat?post=365747"},{"taxonomy":"product_tag","embeddable":true,"href":"https:\/\/met-industry.hu\/en\/wp-json\/wp\/v2\/product_tag?post=365747"}],"curies":[{"name":"wp","href":"https:\/\/api.w.org\/{rel}","templated":true}]}}