{"id":365743,"date":"2026-03-18T13:38:31","date_gmt":"2026-03-18T11:38:31","guid":{"rendered":"https:\/\/staging.met-industry.hu\/?post_type=product&#038;p=365743"},"modified":"2026-03-18T13:38:33","modified_gmt":"2026-03-18T11:38:33","slug":"gi620-w","status":"publish","type":"product","link":"https:\/\/met-industry.hu\/en\/uzlet\/gi620-w\/","title":{"rendered":"GI620-W"},"content":{"rendered":"<div class=\"sajat-markdown-content\">\n<h3>GI620 Portable Wireless Weighing Indicator<\/h3>\n<p>The GI620 is an extremely reliable, portable weighing indicator specifically designed for roadside or site axle and wheel weighing. It combines the precision of traditional weighing systems with the convenience of wireless operation, offering ideal flexibility for on-site applications.<\/p>\n<h4>Key Features and Advantages<\/h4>\n<p>The GI620 indicator offers the perfect balance of mobility and performance:<\/p>\n<ul>\n<li><strong>Wireless Connection:<\/strong> Eliminates the risk of accidents caused by cables and setup time while maintaining measurement accuracy.<\/li>\n<li><strong>Four Weighing Channels \/ Four Platforms:<\/strong> It fundamentally features four weighing channels, making it possible to handle complex axle and wheel weighings.<\/li>\n<li><strong>Memory Capacity:<\/strong> The system is capable <strong>1000 weighings<\/strong> for storage, assisting in maintaining overload protection or aggregate records.<\/li>\n<li><strong>Expandable Capabilities:<\/strong> Testre szabhat\u00f3 kieg\u00e9sz\u00edt\u0151 opci\u00f3kkal, mint p\u00e9ld\u00e1ul USB bemenet vagy Alibi mem\u00f3ria, hogy minden projekthez teljes m\u00e9rt\u00e9kben adapt\u00e1lhat\u00f3 legyen.<\/li>\n<li><strong>Portability:<\/strong> The device comes in a robust transport case, guaranteeing easy transport and protection during fieldwork.<\/li>\n<\/ul>\n<h4>Main Functions<\/h4>\n<p>The GI620 provides exceptional flexibility in terms of weighing modes:<\/p>\n<h5>Static and Dynamic Weighing<\/h5>\n<p>The device is capable of determining vehicle weights in both static and dynamic modes:<\/p>\n<ul>\n<li><strong>Wheel Weighing Mode:<\/strong> The weighing is <strong>always in static mode<\/strong> happens.<\/li>\n<li><strong>Axle Weighing Mode:<\/strong> The weighing can be performed <strong>static<\/strong> vagy <strong>dynamic<\/strong> in dynamic mode as well, in the latter case the speed can <strong>10 km\/h -ig<\/strong> (official approval limit: 5 km\/h).<\/li>\n<\/ul>\n<h5>Battery Life<\/h5>\n<p>Two types of internal battery options are available to suit user requirements:<\/p>\n<ol>\n<li><strong>Standard Battery:<\/strong> With <strong>5 hours of continuous use<\/strong> ensures.<\/li>\n<li><strong>Long Life Battery (Optional):<\/strong> With <strong>30 hours of intensive use<\/strong> makes possible.<\/li>\n<\/ol>\n<h5>Printing Functions<\/h5>\n<p>The built-in printer prepares detailed receipts that can be further configured with the GiManager software:<\/p>\n<ul>\n<li>Header (4 lines)<\/li>\n<li>The total weight of the vehicle<\/li>\n<li>Number of measurements<\/li>\n<li>Date and time<\/li>\n<li>List of measured vehicles<\/li>\n<li>List of total weights<\/li>\n<\/ul>\n<p><strong>Exclusively for Wheel Weighing and GI620 Firmware:<\/strong><\/p>\n<ul>\n<li>The coordinates of the measurement and the <strong>graph of the center of gravity<\/strong> printing.<\/li>\n<li>The weight of individual platforms and the sum of active combinations at the moment of measurement.<\/li>\n<\/ul>\n<h4>Firmware Specifications<\/h4>\n<p>Software settings can be adjusted for the measurement task:<\/p>\n<h5>Wheel Weighing Firmware<\/h5>\n<ul>\n<li>A j\u00e1rm\u0171 kerekeinek sz\u00e1m\u00e1val megegyez\u0151 sz\u00e1m\u00fa platform sz\u00fcks\u00e9ges.<\/li>\n<li>Maximum number of reading channels: <strong>4 channels<\/strong>.<\/li>\n<li>Maximum number of platforms: <strong>2 units\/channel<\/strong>, if connected by cable (without center of gravity function).<\/li>\n<\/ul>\n<h5>Axle Weighing Firmware<\/h5>\n<ul>\n<li>Two platforms are required per axle, the sum of which gives the vehicle weight.<\/li>\n<li>Axle weighing can be <strong>manual<\/strong> vagy <strong>automatic<\/strong> (in both static and dynamic systems).<\/li>\n<\/ul>\n<h4>Function Comparison<\/h4>\n<table>\n<thead>\n<tr>\n<th style=\"text-align: left;\">Function<\/th>\n<th style=\"text-align: left;\">Wheel weighing<\/th>\n<th style=\"text-align: left;\">Axle Weighing<\/th>\n<\/tr>\n<\/thead>\n<tbody>\n<tr>\n<td style=\"text-align: left;\">OIML Certificate Compliance<\/td>\n<td style=\"text-align: left;\">\u2714<\/td>\n<td style=\"text-align: left;\">\u2714<\/td>\n<\/tr>\n<tr>\n<td style=\"text-align: left;\">Zeroing on all platforms<\/td>\n<td style=\"text-align: left;\">\u2714<\/td>\n<td style=\"text-align: left;\">\u2714<\/td>\n<\/tr>\n<tr>\n<td style=\"text-align: left;\">Weight display per platform (static axle weighing)<\/td>\n<td style=\"text-align: left;\">\u2714<\/td>\n<td style=\"text-align: left;\">\u2714<\/td>\n<\/tr>\n<tr>\n<td style=\"text-align: left;\">Axle weight display (axle weighing)<\/td>\n<td style=\"text-align: left;\">\u2716<\/td>\n<td style=\"text-align: left;\">\u2714<\/td>\n<\/tr>\n<tr>\n<td style=\"text-align: left;\">Total platform weight display (max. 4 channels for wheel weighing)<\/td>\n<td style=\"text-align: left;\">\u2714<\/td>\n<td style=\"text-align: left;\">\u2714<\/td>\n<\/tr>\n<tr>\n<td style=\"text-align: left;\">Total vehicle or vehicle+trailer weight display<\/td>\n<td style=\"text-align: left;\">\u2716<\/td>\n<td style=\"text-align: left;\">\u2714<\/td>\n<\/tr>\n<tr>\n<td style=\"text-align: left;\">Date and time programming (integrated calendar)<\/td>\n<td style=\"text-align: left;\">\u2714<\/td>\n<td style=\"text-align: left;\">\u2714<\/td>\n<\/tr>\n<tr>\n<td style=\"text-align: left;\">Center of gravity calculation and printing (on 2, 3 or 4 platforms)<\/td>\n<td style=\"text-align: left;\">\u2714<\/td>\n<td style=\"text-align: left;\">\u2716<\/td>\n<\/tr>\n<tr>\n<td style=\"text-align: left;\">Coordinate or graphical display<\/td>\n<td style=\"text-align: left;\">\u2714<\/td>\n<td style=\"text-align: left;\">\u2716<\/td>\n<\/tr>\n<tr>\n<td style=\"text-align: left;\">Nyomtat\u00e1si m\u00f3d konfigur\u00e1ci\u00f3 (GiManager -en kereszt\u00fcl)<\/td>\n<td style=\"text-align: left;\">\u2714<\/td>\n<td style=\"text-align: left;\">\u2714<\/td>\n<\/tr>\n<tr>\n<td style=\"text-align: left;\">Re-printing of receipt<\/td>\n<td style=\"text-align: left;\">\u2714<\/td>\n<td style=\"text-align: left;\">\u2714<\/td>\n<\/tr>\n<tr>\n<td style=\"text-align: left;\">List of measured vehicles<\/td>\n<td style=\"text-align: left;\">\u2714<\/td>\n<td style=\"text-align: left;\">\u2714<\/td>\n<\/tr>\n<tr>\n<td style=\"text-align: left;\">List of total weights<\/td>\n<td style=\"text-align: left;\">\u2714<\/td>\n<td style=\"text-align: left;\">\u2714<\/td>\n<\/tr>\n<\/tbody>\n<\/table>\n<p><em><strong>Notes on the certificates:<\/strong> Csak statikus m\u00e9r\u00e9s eset\u00e9n \u00e9rv\u00e9nyes. OIML R76 statikus m\u00f3dban, specifikus ker\u00e9k- \u00e9s tengelym\u00e9r\u0151 platformokkal. OIML R134 dinamikus m\u00f3dban a BPRG ker\u00e9km\u00e9r\u0151 platformmal \u2013 Sebess\u00e9g 10 km\/h -ig, tan\u00fas\u00edtva 5 km\/h -n\u00e1l.<\/em><\/p>\n<h4>Software Ecosystem<\/h4>\n<p>The performance of the GI620 indicator is complemented by software:<\/p>\n<h5>GesDynRoad Road Weighing Software<\/h5>\n<ul>\n<li>Systems suitable for static and dynamic weighing.<\/li>\n<li>Ideal for traffic monitoring and imposing fines.<\/li>\n<li>Vehicle pre-selection, traffic statistics, and data management.<\/li>\n<li>Compatible with third-party devices (hardware and software).<\/li>\n<li>A s\u00falypont megjelen\u00edt\u00e9se ker\u00e9km\u00e9r\u00e9si m\u00f3dban.<\/li>\n<li>Integration of all modules.<\/li>\n<li>Control of access control devices.<\/li>\n<\/ul>\n<h5>GI Manager Software<\/h5>\n<p>For configuring and displaying GI620 indicators:<\/p>\n<ul>\n<li>Search and management of connected devices.<\/li>\n<li>Firmware download and backups.<\/li>\n<li>Progressive configuration (metrological, communication, calibration settings).<\/li>\n<li>Ticket configuration.<\/li>\n<li>Real-time weight display.<\/li>\n<li><strong>System requirements:<\/strong> Windows 8\/10, 2GB RAM, 10GB storage.<\/li>\n<\/ul>\n<h4>GI620 Indicator Technical Specifications<\/h4>\n<table>\n<thead>\n<tr>\n<th style=\"text-align: left;\">Parameter<\/th>\n<th style=\"text-align: left;\">Details<\/th>\n<\/tr>\n<\/thead>\n<tbody>\n<tr>\n<td style=\"text-align: left;\"><strong>Model<\/strong><\/td>\n<td style=\"text-align: left;\">GI620-W (Compatible with wheel and axle weighing platforms)<\/td>\n<\/tr>\n<tr>\n<td style=\"text-align: left;\"><strong>Communication<\/strong><\/td>\n<td style=\"text-align: left;\">RS232 serial output (standard), USB (optional) for data upload\/download<\/td>\n<\/tr>\n<tr>\n<td style=\"text-align: left;\"><strong>Protection<\/strong><\/td>\n<td style=\"text-align: left;\">IP54 (IP65 with closed case)<\/td>\n<\/tr>\n<tr>\n<td style=\"text-align: left;\"><strong>Display<\/strong><\/td>\n<td style=\"text-align: left;\">LCD, 6 digits, 27 mm high, 14 segments for easy readability<\/td>\n<\/tr>\n<tr>\n<td style=\"text-align: left;\"><strong>Battery<\/strong><\/td>\n<td style=\"text-align: left;\">Rechargeable lithium. 7.4V-2.6Ah. Standard operating time 5 hours (optional long operating time: up to 30 hours)<\/td>\n<\/tr>\n<tr>\n<td style=\"text-align: left;\"><strong>Storage<\/strong><\/td>\n<td style=\"text-align: left;\">With <strong>1000 weighings<\/strong> Storage<\/td>\n<\/tr>\n<tr>\n<td style=\"text-align: left;\"><strong>Center of Gravity<\/strong><\/td>\n<td style=\"text-align: left;\">Counting and printing support<\/td>\n<\/tr>\n<tr>\n<td style=\"text-align: left;\"><strong>Certificate<\/strong><\/td>\n<td style=\"text-align: left;\">Approved for dynamic measurement up to 5 km\/h (OIML R134)<\/td>\n<\/tr>\n<tr>\n<td style=\"text-align: left;\"><strong>Keyboard<\/strong><\/td>\n<td style=\"text-align: left;\">Waterproof, alphanumeric, with 12 keys and 7 function keys<\/td>\n<\/tr>\n<tr>\n<td style=\"text-align: left;\"><strong>Input<\/strong><\/td>\n<td style=\"text-align: left;\">4 channels<\/td>\n<\/tr>\n<tr>\n<td style=\"text-align: left;\"><strong>Outlet<\/strong><\/td>\n<td style=\"text-align: left;\">1 x RS232 (standard), 1 x USB (optional)<\/td>\n<\/tr>\n<tr>\n<td style=\"text-align: left;\"><strong>Unit of Measure<\/strong><\/td>\n<td style=\"text-align: left;\">kg<\/td>\n<\/tr>\n<tr>\n<td style=\"text-align: left;\"><strong>Printer<\/strong><\/td>\n<td style=\"text-align: left;\">Built-in thermal printer<\/td>\n<\/tr>\n<tr>\n<td style=\"text-align: left;\"><strong>Ticket<\/strong><\/td>\n<td style=\"text-align: left;\">Fully configurable (with the help of GiManager)<\/td>\n<\/tr>\n<tr>\n<td style=\"text-align: left;\"><strong>Certification<\/strong><\/td>\n<td style=\"text-align: left;\">CE-M approval (OIML R-76 \/ EN 45501)<\/td>\n<\/tr>\n<tr>\n<td style=\"text-align: left;\"><strong>Languages<\/strong><\/td>\n<td style=\"text-align: left;\">Spanish, English, French, German, Italian, Portuguese<\/td>\n<\/tr>\n<tr>\n<td style=\"text-align: left;\"><strong>Firmware<\/strong><\/td>\n<td style=\"text-align: left;\">Axle measurement \/ Wheel measurement (must be selected at the time of order)<\/td>\n<\/tr>\n<tr>\n<td style=\"text-align: left;\"><strong>T\u00e1pell\u00e1t\u00e1s<\/strong><\/td>\n<td style=\"text-align: left;\">230V AC mains adapter, 12V DC car adapter or external battery (accessories are not part of the basic package)<\/td>\n<\/tr>\n<tr>\n<td style=\"text-align: left;\"><strong>Dimensions (mm)<\/strong><\/td>\n<td style=\"text-align: left;\">425 x 390 x 165 (with case)<\/td>\n<\/tr>\n<tr>\n<td style=\"text-align: left;\"><strong>Weight (kg)<\/strong><\/td>\n<td style=\"text-align: left;\">5 Kg<\/td>\n<\/tr>\n<tr>\n<td style=\"text-align: left;\"><strong>Operating Temperature<\/strong><\/td>\n<td style=\"text-align: left;\">Between -10\u00baC and +40\u00baC<\/td>\n<\/tr>\n<\/tbody>\n<\/table>\n<h4>Available Models and Optional Accessories<\/h4>\n<p>The GI620 indicator is available in different configurations, according to user needs:<\/p>\n<h5>GI620 Modellek (Sz\u00e1ll\u00edt\u00f3t\u00e1sk\u00e1ban)<\/h5>\n<ul>\n<li>GI620 LCD Vezet\u00e9k N\u00e9lk\u00fcli Indik\u00e1tor Sz\u00e1ll\u00edt\u00f3t\u00e1ska<\/li>\n<li>GI620 LCD Vezet\u00e9k N\u00e9lk\u00fcli + USB Indik\u00e1tor Sz\u00e1ll\u00edt\u00f3t\u00e1ska<\/li>\n<li>GI620 LCD Vezet\u00e9k N\u00e9lk\u00fcli Indik\u00e1tor Sz\u00e1ll\u00edt\u00f3t\u00e1ska Hossz\u00fa Akkumul\u00e1torral (BAT L)<\/li>\n<li>GI620 LCD Vezet\u00e9k N\u00e9lk\u00fcli + USB Indik\u00e1tor Sz\u00e1ll\u00edt\u00f3t\u00e1ska Hossz\u00fa Akkumul\u00e1torral (BAT L)<\/li>\n<\/ul>\n<h5>Optional Accessories<\/h5>\n<ul>\n<li>ALIBI\/DSD memory extension card<\/li>\n<li>Car charger (optional accessory)<\/li>\n<li>Laptop i5 512GB SSD \u2013 8GB RAM \u2013 W11P \u2013 15.6\u2019\u2019 (For special data processing)<\/li>\n<\/ul>\n<h5>Firmware Selection<\/h5>\n<ul>\n<li>Wheel measurement Firmware*<\/li>\n<li>Axle measurement Firmware**<\/li>\n<\/ul>\n<p><em>*The firmware must be selected at the time of order.<\/em><\/p>\n<h5>Software<\/h5>\n<ul>\n<li>GImanager<\/li>\n<li>Gesdyn PRO<\/li>\n<li>Gesdyn WEB (web platform)<\/li>\n<li>Gesdyn CLOUD<\/li>\n<\/ul>\n<h4>Compatible Portable Measuring Platforms<\/h4>\n<p>For the complete configuration of the GI620 system, the following portable measuring platforms are recommended, each featuring a non-slip rubber base for better grip:<\/p>\n<ul>\n<li><strong>PMS:<\/strong> 700 x 450 mm weighing platforms.<\/li>\n<li><strong>PMR:<\/strong> 500 x 400 mm weighing platforms.<\/li>\n<li><strong>PMT:<\/strong> 900 x 500 mm weighing platforms.<\/li>\n<li><strong>BPRG:<\/strong> Low profile, transportable platforms for static and\/or dynamic vehicle weighing.<\/li>\n<\/ul>\n<p>The GI620 portable weighing indicator is the ideal choice for anyone looking for a reliable, quickly deployable, and wireless solution for checking vehicle weights on the road or on site.<\/p>\n<\/div>","protected":false},"excerpt":{"rendered":"<p>Wireless accuracy in the field! The GI620 is reliable for mobile axle and wheel weighing, with up to 30 hours of battery life.<\/p>","protected":false},"featured_media":354480,"comment_status":"open","ping_status":"closed","template":"","meta":[],"product_brand":[358],"product_cat":[12890,16333],"product_tag":[],"class_list":{"0":"post-365743","1":"product","2":"type-product","3":"status-publish","4":"has-post-thumbnail","6":"product_brand-giropes","7":"product_cat-merlegek-es-merestechnika","8":"product_cat-kijelzok-es-vezerlok-merlegtechnikai-komponensek-2","10":"first","11":"instock","12":"featured","13":"shipping-taxable","14":"product-type-simple"},"_links":{"self":[{"href":"https:\/\/met-industry.hu\/en\/wp-json\/wp\/v2\/product\/365743","targetHints":{"allow":["GET"]}}],"collection":[{"href":"https:\/\/met-industry.hu\/en\/wp-json\/wp\/v2\/product"}],"about":[{"href":"https:\/\/met-industry.hu\/en\/wp-json\/wp\/v2\/types\/product"}],"replies":[{"embeddable":true,"href":"https:\/\/met-industry.hu\/en\/wp-json\/wp\/v2\/comments?post=365743"}],"version-history":[{"count":1,"href":"https:\/\/met-industry.hu\/en\/wp-json\/wp\/v2\/product\/365743\/revisions"}],"predecessor-version":[{"id":365773,"href":"https:\/\/met-industry.hu\/en\/wp-json\/wp\/v2\/product\/365743\/revisions\/365773"}],"wp:featuredmedia":[{"embeddable":true,"href":"https:\/\/met-industry.hu\/en\/wp-json\/wp\/v2\/media\/354480"}],"wp:attachment":[{"href":"https:\/\/met-industry.hu\/en\/wp-json\/wp\/v2\/media?parent=365743"}],"wp:term":[{"taxonomy":"product_brand","embeddable":true,"href":"https:\/\/met-industry.hu\/en\/wp-json\/wp\/v2\/product_brand?post=365743"},{"taxonomy":"product_cat","embeddable":true,"href":"https:\/\/met-industry.hu\/en\/wp-json\/wp\/v2\/product_cat?post=365743"},{"taxonomy":"product_tag","embeddable":true,"href":"https:\/\/met-industry.hu\/en\/wp-json\/wp\/v2\/product_tag?post=365743"}],"curies":[{"name":"wp","href":"https:\/\/api.w.org\/{rel}","templated":true}]}}