{"id":365702,"date":"2026-03-18T13:38:17","date_gmt":"2026-03-18T11:38:17","guid":{"rendered":"https:\/\/staging.met-industry.hu\/?post_type=product&#038;p=365702"},"modified":"2026-03-18T13:38:26","modified_gmt":"2026-03-18T11:38:26","slug":"grp","status":"publish","type":"product","link":"https:\/\/met-industry.hu\/en\/uzlet\/grp\/","title":{"rendered":"GRP"},"content":{"rendered":"<div class=\"sajat-markdown-content\">\n<h3>GRP Industrial Floor Scale \u2013 Robust Solution for Precise Measurement<\/h3>\n<p>A GRP sorozat\u00fa ipari padl\u00f3m\u00e9rlegek a Giropes m\u00e9rn\u00f6ki megold\u00e1sainak cs\u00facs\u00e1t k\u00e9pviselik, kifejezetten olyan k\u00f6rnyezetekbe tervezve, ahol a higi\u00e9nia, a tart\u00f3ss\u00e1g \u00e9s a k\u00f6nny\u0171 tiszt\u00edthat\u00f3s\u00e1g elengedhetetlen. Ezek a m\u00e9rlegek ide\u00e1lisak az \u00e9lelmiszeripar, a konzervipar \u00e9s m\u00e1s, szigor\u00fa tiszt\u00edt\u00e1si protokollokat ig\u00e9nyl\u0151 ter\u00fcleteken t\u00f6rt\u00e9n\u0151 alkalmaz\u00e1sra.<\/p>\n<h4>Key Features and Unique Solutions<\/h4>\n<p>The design of the GRP scales is based on ensuring maximum functionality and operational efficiency.<\/p>\n<p><strong>Completely Open Structure for Excellent Cleanability:<\/strong><\/p>\n<p>The scales feature a unique, completely open structure, shaped using laser technology. This design guarantees the complete drainage of water and cleaning agents from the weighing surface and the structure. This is critically important for preventing cross-contamination and adhering to HACCP regulations. Product residues and moisture do not remain trapped in the scale, ensuring hygienic operation.<\/p>\n<p><strong>Testre szabhat\u00f3s\u00e1g \u00e9s Kieg\u00e9sz\u00edt\u0151k:<\/strong><\/p>\n<p>A Giropes filoz\u00f3fi\u00e1ja a &#8222;konkr\u00e9t int\u00e9zked\u00e9sek biztos\u00edt\u00e1sa, testreszab\u00e1s&#8221;. A GRP platformokhoz sz\u00e1mos kieg\u00e9sz\u00edt\u0151 \u00e9s opci\u00f3 \u00e9rhet\u0151 el, amelyek lehet\u0151v\u00e9 teszik a rendszer teljes m\u00e9rt\u00e9k\u0171 testreszab\u00e1s\u00e1t az \u00fcgyf\u00e9l egyedi ig\u00e9nyeihez. Ez a rugalmass\u00e1g biztos\u00edtja a legoptim\u00e1lisabb eredm\u00e9ny el\u00e9r\u00e9s\u00e9t minden alkalmaz\u00e1si ter\u00fcleten.<\/p>\n<p><strong>Optional Columns:<\/strong><\/p>\n<p>A GRP sorozathoz (valamint a BMS \u00e9s BMC verzi\u00f3khoz) rozsdamentes ac\u00e9lb\u00f3l k\u00e9sz\u00fclt oszlopok rendelhet\u0151k, amelyek ide\u00e1lisak a kijelz\u0151k ergonomikus elhelyez\u00e9s\u00e9re, biztos\u00edtva a k\u00f6nny\u0171 leolvas\u00e1st a k\u00fcl\u00f6nb\u00f6z\u0151 munkamagass\u00e1gokban.<\/p>\n<h4>Technical Data and Capacities<\/h4>\n<p>GRP industrial floor scales are available in a wide range of capacities and sizes to meet the most diverse weighing requirements.<\/p>\n<p><strong>Capacity Range:<\/strong> 3 kg -t\u00f3l eg\u00e9szen 30 kg -ig.<\/p>\n<p><strong>Platform Dimensions:<\/strong> 150 x 150 mm -t\u0151l 300 x 300 mm -ig.<\/p>\n<h5>Detailed Technical Table<\/h5>\n<p>The table below presents the available configurations for the GRP scales, including dimensions, maximum capacities, and reading accuracy (resolution). Every model features a weighing platform made of AISI 304 stainless steel.<\/p>\n<table>\n<thead>\n<tr>\n<th style=\"text-align: center;\">Dimensions (mm)<\/th>\n<th style=\"text-align: center;\">Capacity (kg)<\/th>\n<th style=\"text-align: center;\">Resolution (g)<\/th>\n<th style=\"text-align: center;\">AISI 304 Stainless Steel<\/th>\n<\/tr>\n<\/thead>\n<tbody>\n<tr>\n<td style=\"text-align: center;\">150 x 150<\/td>\n<td style=\"text-align: center;\">3<\/td>\n<td style=\"text-align: center;\">1<\/td>\n<td style=\"text-align: center;\">\u2022<\/td>\n<\/tr>\n<tr>\n<td style=\"text-align: center;\">150 x 150<\/td>\n<td style=\"text-align: center;\">6<\/td>\n<td style=\"text-align: center;\">2<\/td>\n<td style=\"text-align: center;\">\u2022<\/td>\n<\/tr>\n<tr>\n<td style=\"text-align: center;\">150 x 150<\/td>\n<td style=\"text-align: center;\">15<\/td>\n<td style=\"text-align: center;\">5<\/td>\n<td style=\"text-align: center;\">\u2022<\/td>\n<\/tr>\n<tr>\n<td style=\"text-align: center;\">150 x 150<\/td>\n<td style=\"text-align: center;\">30<\/td>\n<td style=\"text-align: center;\">10<\/td>\n<td style=\"text-align: center;\">\u2022<\/td>\n<\/tr>\n<tr>\n<td style=\"text-align: center;\">200 x 200<\/td>\n<td style=\"text-align: center;\">3<\/td>\n<td style=\"text-align: center;\">1<\/td>\n<td style=\"text-align: center;\">\u2022<\/td>\n<\/tr>\n<tr>\n<td style=\"text-align: center;\">200 x 200<\/td>\n<td style=\"text-align: center;\">6<\/td>\n<td style=\"text-align: center;\">2<\/td>\n<td style=\"text-align: center;\">\u2022<\/td>\n<\/tr>\n<tr>\n<td style=\"text-align: center;\">200 x 200<\/td>\n<td style=\"text-align: center;\">15<\/td>\n<td style=\"text-align: center;\">5<\/td>\n<td style=\"text-align: center;\">\u2022<\/td>\n<\/tr>\n<tr>\n<td style=\"text-align: center;\">200 x 200<\/td>\n<td style=\"text-align: center;\">30<\/td>\n<td style=\"text-align: center;\">10<\/td>\n<td style=\"text-align: center;\">\u2022<\/td>\n<\/tr>\n<tr>\n<td style=\"text-align: center;\">250 x 250<\/td>\n<td style=\"text-align: center;\">3<\/td>\n<td style=\"text-align: center;\">1<\/td>\n<td style=\"text-align: center;\">\u2022<\/td>\n<\/tr>\n<tr>\n<td style=\"text-align: center;\">250 x 250<\/td>\n<td style=\"text-align: center;\">6<\/td>\n<td style=\"text-align: center;\">2<\/td>\n<td style=\"text-align: center;\">\u2022<\/td>\n<\/tr>\n<tr>\n<td style=\"text-align: center;\">250 x 250<\/td>\n<td style=\"text-align: center;\">15<\/td>\n<td style=\"text-align: center;\">5<\/td>\n<td style=\"text-align: center;\">\u2022<\/td>\n<\/tr>\n<tr>\n<td style=\"text-align: center;\">250 x 250<\/td>\n<td style=\"text-align: center;\">30<\/td>\n<td style=\"text-align: center;\">10<\/td>\n<td style=\"text-align: center;\">\u2022<\/td>\n<\/tr>\n<tr>\n<td style=\"text-align: center;\">300 x 300<\/td>\n<td style=\"text-align: center;\">3<\/td>\n<td style=\"text-align: center;\">1<\/td>\n<td style=\"text-align: center;\">\u2022<\/td>\n<\/tr>\n<tr>\n<td style=\"text-align: center;\">300 x 300<\/td>\n<td style=\"text-align: center;\">6<\/td>\n<td style=\"text-align: center;\">2<\/td>\n<td style=\"text-align: center;\">\u2022<\/td>\n<\/tr>\n<tr>\n<td style=\"text-align: center;\">300 x 300<\/td>\n<td style=\"text-align: center;\">15<\/td>\n<td style=\"text-align: center;\">5<\/td>\n<td style=\"text-align: center;\">\u2022<\/td>\n<\/tr>\n<tr>\n<td style=\"text-align: center;\">300 x 300<\/td>\n<td style=\"text-align: center;\">30<\/td>\n<td style=\"text-align: center;\">10<\/td>\n<td style=\"text-align: center;\">\u2022<\/td>\n<\/tr>\n<\/tbody>\n<\/table>\n<p><em>Note: The \u2018\u2022\u2019 symbol in the table indicates the availability of that specific configuration.<\/em><\/p>\n<h4>Compatible Weighing Units (Indicators)<\/h4>\n<p>A GRP platformok rugalmasan p\u00e1ros\u00edthat\u00f3k a Giropes multifunkci\u00f3s kijelz\u0151ivel, mint p\u00e9ld\u00e1ul a <strong>GI400<\/strong> and <strong>GI410<\/strong> series. These indicators offer advanced functions that support various industrial processes, including piece counting, checkweighing, and recipe management.<\/p>\n<h4>Application Areas<\/h4>\n<p>GRP scales are excellently suited for sectors where wet environments and strict hygiene requirements pose a constant challenge:<\/p>\n<ul>\n<li><strong>Food and Beverage Industry:<\/strong> Fresh products, meat processing, fishing, and canning industries.<\/li>\n<li><strong>Chemical and Pharmaceutical Environment:<\/strong> Easily cleanable surfaces minimize the accumulation of reagent residues.<\/li>\n<li><strong>Logistics and Warehousing:<\/strong> As a heavy-duty, reliable floor scale.<\/li>\n<\/ul>\n<h4>A Giropes Szak\u00e9rtelme<\/h4>\n<p>A Giropes elk\u00f6telezett a m\u00e9rn\u00f6ki pontoss\u00e1g \u00e9s az \u00fcgyf\u00e9lk\u00f6zpont\u00fa megold\u00e1sok ir\u00e1nt. A c\u00e9g tapasztalata kiterjed nagyszab\u00e1s\u00fa, automatiz\u00e1lt gy\u00e1rt\u00f3sorok telep\u00edt\u00e9s\u00e9re is, mint p\u00e9ld\u00e1ul az automatiz\u00e1lt feldolgoz\u00f3 sor telep\u00edt\u00e9se Anxoves de L&#8217;Escal\u00e1ban, vagy mez\u0151gazdas\u00e1gi term\u00e9kek csomagol\u00f3sor\u00e1nak kialak\u00edt\u00e1sa Yensben. Ez a sz\u00e9lesk\u00f6r\u0171 ipari tapasztalat biztos\u00edtja, hogy a GRP padl\u00f3m\u00e9rleg ne csak egy eszk\u00f6z, hanem egy integr\u00e1lt, megb\u00edzhat\u00f3 megold\u00e1s legyen az \u00d6n termel\u00e9si folyamataihoz.<\/p>\n<p><strong>Further Information:<\/strong><\/p>\n<p>Inquire about load cells and platform customization options to find the ideal GRP configuration for your specific needs.<\/p>\n<\/div>","protected":false},"excerpt":{"rendered":"<p>GRP Industrial Floor Scale: **Maximum hygiene** thanks to the fully open structure. Robust, precise measurement for HACCP environments.<\/p>","protected":false},"featured_media":354545,"comment_status":"open","ping_status":"closed","template":"","meta":[],"product_brand":[358],"product_cat":[12890],"product_tag":[],"class_list":{"0":"post-365702","1":"product","2":"type-product","3":"status-publish","4":"has-post-thumbnail","6":"product_brand-giropes","7":"product_cat-merlegek-es-merestechnika","9":"first","10":"instock","11":"featured","12":"shipping-taxable","13":"product-type-simple"},"_links":{"self":[{"href":"https:\/\/met-industry.hu\/en\/wp-json\/wp\/v2\/product\/365702","targetHints":{"allow":["GET"]}}],"collection":[{"href":"https:\/\/met-industry.hu\/en\/wp-json\/wp\/v2\/product"}],"about":[{"href":"https:\/\/met-industry.hu\/en\/wp-json\/wp\/v2\/types\/product"}],"replies":[{"embeddable":true,"href":"https:\/\/met-industry.hu\/en\/wp-json\/wp\/v2\/comments?post=365702"}],"version-history":[{"count":1,"href":"https:\/\/met-industry.hu\/en\/wp-json\/wp\/v2\/product\/365702\/revisions"}],"predecessor-version":[{"id":365732,"href":"https:\/\/met-industry.hu\/en\/wp-json\/wp\/v2\/product\/365702\/revisions\/365732"}],"wp:featuredmedia":[{"embeddable":true,"href":"https:\/\/met-industry.hu\/en\/wp-json\/wp\/v2\/media\/354545"}],"wp:attachment":[{"href":"https:\/\/met-industry.hu\/en\/wp-json\/wp\/v2\/media?parent=365702"}],"wp:term":[{"taxonomy":"product_brand","embeddable":true,"href":"https:\/\/met-industry.hu\/en\/wp-json\/wp\/v2\/product_brand?post=365702"},{"taxonomy":"product_cat","embeddable":true,"href":"https:\/\/met-industry.hu\/en\/wp-json\/wp\/v2\/product_cat?post=365702"},{"taxonomy":"product_tag","embeddable":true,"href":"https:\/\/met-industry.hu\/en\/wp-json\/wp\/v2\/product_tag?post=365702"}],"curies":[{"name":"wp","href":"https:\/\/api.w.org\/{rel}","templated":true}]}}