{"id":365700,"date":"2026-03-18T13:38:17","date_gmt":"2026-03-18T11:38:17","guid":{"rendered":"https:\/\/staging.met-industry.hu\/?post_type=product&#038;p=365700"},"modified":"2026-03-18T13:38:25","modified_gmt":"2026-03-18T11:38:25","slug":"ptx","status":"publish","type":"product","link":"https:\/\/met-industry.hu\/en\/uzlet\/ptx\/","title":{"rendered":"PTX"},"content":{"rendered":"<div class=\"sajat-markdown-content\">\n<h3>PTX Series ATEX Weighing Platforms \u2013 Robust Solutions for Ex-Zones<\/h3>\n<p>The PTX series weighing platforms are specifically designed to meet the stringent safety requirements in <strong>ATEX Zones 2 and 22<\/strong> for application. These platforms combine high load capacity, precise weighing, and the durability expected in industrial environments, ensuring safe and reliable operation in explosive areas.<\/p>\n<p>The system is based on an extremely stable, <strong>cs\u0151szerkezet<\/strong> which guarantees a long service life and mechanical resistance. For measurement, the platforms can optionally be connected to the <strong>GI400i-EX multifunctional indicator<\/strong> which is also certified for ATEX zones and ensures precise data processing.<\/p>\n<h4>Key Features and Advantages<\/h4>\n<p>A PTX platformok kulcsfontoss\u00e1g\u00fa eleme a testre szabhat\u00f3s\u00e1g. A kieg\u00e9sz\u00edt\u0151k sz\u00e9les v\u00e1laszt\u00e9ka lehet\u0151v\u00e9 teszi, hogy a m\u00e9rlegrendszert pontosan az \u00fcgyf\u00e9l egyedi ig\u00e9nyeihez \u00e9s a telep\u00edt\u00e9si k\u00f6rnyezethez igaz\u00edtsuk, maximaliz\u00e1lva ezzel a m\u0171k\u00f6d\u00e9si hat\u00e9konys\u00e1got.<\/p>\n<ul>\n<li><strong>ATEX Compliance:<\/strong> Specifically designed for use in ATEX Zone 2 (gas) and Zone 22 (dust), ensuring explosion-proof operation.<\/li>\n<li><strong>Robust Construction:<\/strong> Strong, welded tubular structure that withstands heavy industrial loads.<\/li>\n<li><strong>Customizability:<\/strong> Numerous accessories and options are available to optimize installation and functionality.<\/li>\n<li><strong>Load Cell and Junction Box:<\/strong> The load cells and junction boxes used in the system are also designed for ATEX zones, ensuring the safety of the entire system.<\/li>\n<\/ul>\n<h4>Technical Specifications \u2013 PTX Platforms<\/h4>\n<p>The PTX series offers flexible solutions in terms of capacity and size. The platforms are available in various surface finishes, from a simple painted structure to a completely stainless steel (AISI 304) design.<\/p>\n<table>\n<thead>\n<tr>\n<th style=\"text-align: center;\">Capacity (kg)<\/th>\n<th style=\"text-align: center;\">Dimension (mm)<\/th>\n<th style=\"text-align: center;\">Division (g)<\/th>\n<th style=\"text-align: center;\">Painted Structure and Plate<\/th>\n<th style=\"text-align: center;\">Painted Structure and Stainless Steel Plate<\/th>\n<th style=\"text-align: center;\">Fully Stainless Steel AISI 304<\/th>\n<\/tr>\n<\/thead>\n<tbody>\n<tr>\n<td style=\"text-align: center;\">300<\/td>\n<td style=\"text-align: center;\">800 x 800<\/td>\n<td style=\"text-align: center;\">100<\/td>\n<td style=\"text-align: center;\">\u2022<\/td>\n<td style=\"text-align: center;\">\u2022<\/td>\n<td style=\"text-align: center;\">\u2022<\/td>\n<\/tr>\n<tr>\n<td style=\"text-align: center;\">600<\/td>\n<td style=\"text-align: center;\">800 x 800<\/td>\n<td style=\"text-align: center;\">200<\/td>\n<td style=\"text-align: center;\">\u2022<\/td>\n<td style=\"text-align: center;\">\u2022<\/td>\n<td style=\"text-align: center;\">\u2022<\/td>\n<\/tr>\n<tr>\n<td style=\"text-align: center;\">300<\/td>\n<td style=\"text-align: center;\">1000 x 1000<\/td>\n<td style=\"text-align: center;\">100<\/td>\n<td style=\"text-align: center;\">\u2022<\/td>\n<td style=\"text-align: center;\">\u2022<\/td>\n<td style=\"text-align: center;\">\u2022<\/td>\n<\/tr>\n<tr>\n<td style=\"text-align: center;\">600<\/td>\n<td style=\"text-align: center;\">1000 x 1000<\/td>\n<td style=\"text-align: center;\">200<\/td>\n<td style=\"text-align: center;\">\u2022<\/td>\n<td style=\"text-align: center;\">\u2022<\/td>\n<td style=\"text-align: center;\">\u2022<\/td>\n<\/tr>\n<tr>\n<td style=\"text-align: center;\">600<\/td>\n<td style=\"text-align: center;\">1250 x 1000<\/td>\n<td style=\"text-align: center;\">200<\/td>\n<td style=\"text-align: center;\">\u2022<\/td>\n<td style=\"text-align: center;\">\u2022<\/td>\n<td style=\"text-align: center;\">\u2022<\/td>\n<\/tr>\n<tr>\n<td style=\"text-align: center;\">1500<\/td>\n<td style=\"text-align: center;\">1250 x 1000<\/td>\n<td style=\"text-align: center;\">500<\/td>\n<td style=\"text-align: center;\">\u2022<\/td>\n<td style=\"text-align: center;\">\u2022<\/td>\n<td style=\"text-align: center;\">\u2022<\/td>\n<\/tr>\n<tr>\n<td style=\"text-align: center;\">3000<\/td>\n<td style=\"text-align: center;\">1250 x 1000<\/td>\n<td style=\"text-align: center;\">1000<\/td>\n<td style=\"text-align: center;\">\u2022<\/td>\n<td style=\"text-align: center;\">\u2022<\/td>\n<td style=\"text-align: center;\">\u2022<\/td>\n<\/tr>\n<tr>\n<td style=\"text-align: center;\">600<\/td>\n<td style=\"text-align: center;\">1250 x 1250<\/td>\n<td style=\"text-align: center;\">200<\/td>\n<td style=\"text-align: center;\">\u2022<\/td>\n<td style=\"text-align: center;\">\u2022<\/td>\n<td style=\"text-align: center;\">\u2022<\/td>\n<\/tr>\n<tr>\n<td style=\"text-align: center;\">1500<\/td>\n<td style=\"text-align: center;\">1250 x 1250<\/td>\n<td style=\"text-align: center;\">500<\/td>\n<td style=\"text-align: center;\">\u2022<\/td>\n<td style=\"text-align: center;\">\u2022<\/td>\n<td style=\"text-align: center;\">\u2022<\/td>\n<\/tr>\n<tr>\n<td style=\"text-align: center;\">3000<\/td>\n<td style=\"text-align: center;\">1250 x 1250<\/td>\n<td style=\"text-align: center;\">1000<\/td>\n<td style=\"text-align: center;\">\u2022<\/td>\n<td style=\"text-align: center;\">\u2022<\/td>\n<td style=\"text-align: center;\">\u2022<\/td>\n<\/tr>\n<tr>\n<td style=\"text-align: center;\">600<\/td>\n<td style=\"text-align: center;\">1500 x 1250<\/td>\n<td style=\"text-align: center;\">200<\/td>\n<td style=\"text-align: center;\">\u2022<\/td>\n<td style=\"text-align: center;\">\u2022<\/td>\n<td style=\"text-align: center;\">\u2022<\/td>\n<\/tr>\n<tr>\n<td style=\"text-align: center;\">1500<\/td>\n<td style=\"text-align: center;\">1500 x 1250<\/td>\n<td style=\"text-align: center;\">500<\/td>\n<td style=\"text-align: center;\">\u2022<\/td>\n<td style=\"text-align: center;\">\u2022<\/td>\n<td style=\"text-align: center;\">\u2022<\/td>\n<\/tr>\n<tr>\n<td style=\"text-align: center;\">3000<\/td>\n<td style=\"text-align: center;\">1500 x 1250<\/td>\n<td style=\"text-align: center;\">1000<\/td>\n<td style=\"text-align: center;\">\u2022<\/td>\n<td style=\"text-align: center;\">\u2022<\/td>\n<td style=\"text-align: center;\">\u2022<\/td>\n<\/tr>\n<tr>\n<td style=\"text-align: center;\">1500<\/td>\n<td style=\"text-align: center;\">1500 x 1500<\/td>\n<td style=\"text-align: center;\">500<\/td>\n<td style=\"text-align: center;\">\u2022<\/td>\n<td style=\"text-align: center;\">\u2022<\/td>\n<td style=\"text-align: center;\">\u2022<\/td>\n<\/tr>\n<tr>\n<td style=\"text-align: center;\">3000<\/td>\n<td style=\"text-align: center;\">1500 x 1500<\/td>\n<td style=\"text-align: center;\">1000<\/td>\n<td style=\"text-align: center;\">\u2022<\/td>\n<td style=\"text-align: center;\">\u2022<\/td>\n<td style=\"text-align: center;\">\u2022<\/td>\n<\/tr>\n<tr>\n<td style=\"text-align: center;\">1500<\/td>\n<td style=\"text-align: center;\">2000 x 1500<\/td>\n<td style=\"text-align: center;\">500<\/td>\n<td style=\"text-align: center;\">\u2022<\/td>\n<td style=\"text-align: center;\">\u2022<\/td>\n<td style=\"text-align: center;\">\u2022<\/td>\n<\/tr>\n<tr>\n<td style=\"text-align: center;\">3000<\/td>\n<td style=\"text-align: center;\">2000 x 1500<\/td>\n<td style=\"text-align: center;\">1000<\/td>\n<td style=\"text-align: center;\">\u2022<\/td>\n<td style=\"text-align: center;\">\u2022<\/td>\n<td style=\"text-align: center;\">\u2022<\/td>\n<\/tr>\n<\/tbody>\n<\/table>\n<p><strong>Capacity range:<\/strong> 300 kg -t\u00f3l 3000 kg -ig.<\/p>\n<p><strong>Weighing Range:<\/strong> 800 x 800 mm -t\u0151l 2000 x 1500 mm -ig.<\/p>\n<h4>Optional Accessories to Enhance Functionality<\/h4>\n<p>The flexibility of the PTX platforms can be further enhanced with the following accessories, which help optimize workflows and ensure safe material handling:<\/p>\n<h5>1. R\u00e1mp\u00e1k<\/h5>\n<p>These ramps are specifically for <strong>PTC-B4C-WPI<\/strong> Designed for [...] type of weighing platforms, facilitating access with a wheelchair or forklift onto the weighing area. This is critical for ensuring continuous material flow without overloading the weighing cell.<\/p>\n<h5>2. Platform F\u00fclk\u00e9k<\/h5>\n<p>A <strong>PTC-WPL-B4C-WPI<\/strong> Cubicles available for [...] type platforms offer extra protection for the weighing system, especially in dusty or wet environments. These cubicles help isolate the weighing cell from external influences.<\/p>\n<h5>3. Be\u00e9p\u00edt\u0151 Keret<\/h5>\n<p>If the platform is intended to be installed sunk into the floor (in a pit), the <strong>mounting frame made of structural steel<\/strong> ensures a stable foundation. Fastening feet located at the end of the frame assist in precise and durable installation into the pit.<\/p>\n<h5>4. Galvaniz\u00e1lt G\u00f6rget\u0151hengerek<\/h5>\n<p>A <strong>BMC<\/strong> Galvanized rollers offered for [...] type systems improve the cell's insulation against external environmental factors, thereby increasing the weighing cell's lifespan and accuracy.<\/p>\n<h5>5. Oszlop<\/h5>\n<p>Columns of various heights are available for the <strong>GI400i-EX indicator<\/strong> positioning. The indicator can be placed <strong>mounted on a column<\/strong> vagy <strong>wall-mounted<\/strong>, for optimal readability and usability.<\/p>\n<h5>6. U-Sz\u00e1ll\u00edt\u00e1si Tartoz\u00e9k<\/h5>\n<p>This special <strong>\u201eU\u201d shaped accessory<\/strong> facilitates the safe and stable transport of weighing platforms to the installation site.<\/p>\n<h4>Installation Options<\/h4>\n<p>PTX platforms offer flexible installation options tailored to user needs:<\/p>\n<ul>\n<li><strong>Floor Mounting (Standing):<\/strong> The platforms can be floor-mounted by default.<\/li>\n<li><strong>Installation (Pit):<\/strong> With the help of the installation frame, the platform can be sunk into the floor level, thus ensuring easy roll-on with the use of ramps.<\/li>\n<li><strong>Indicator Positioning:<\/strong> The indicator can be placed mounted on a column or directly fixed to the wall, according to site conditions.<\/li>\n<\/ul>\n<p>A PTX sorozat\u00fa ATEX m\u00e9rlegplatformok ide\u00e1lis v\u00e1laszt\u00e1st jelentenek minden olyan ipari alkalmaz\u00e1shoz, ahol a robban\u00e1svesz\u00e9lyes k\u00f6rnyezetben is elengedhetetlen a megb\u00edzhat\u00f3, nagy teherb\u00edr\u00e1s\u00fa \u00e9s pontos m\u00e9r\u00e9s. A testre szabhat\u00f3 kieg\u00e9sz\u00edt\u0151k r\u00e9v\u00e9n garant\u00e1ltan megtal\u00e1lja az ide\u00e1lis megold\u00e1st a legbonyolultabb folyamatokhoz is.<\/p>\n<\/div>","protected":false},"excerpt":{"rendered":"<p>Robusztus PTX ATEX m\u00e9r\u0151platformok robban\u00e1svesz\u00e9lyes z\u00f3n\u00e1kra: **Maxim\u00e1lis biztons\u00e1g \u00e9s prec\u00edzi\u00f3s m\u00e9r\u00e9s 300 kg -t\u00f3l 3000 kg -ig.**<\/p>","protected":false},"featured_media":354555,"comment_status":"open","ping_status":"closed","template":"","meta":[],"product_brand":[358],"product_cat":[12890],"product_tag":[],"class_list":{"0":"post-365700","1":"product","2":"type-product","3":"status-publish","4":"has-post-thumbnail","6":"product_brand-giropes","7":"product_cat-merlegek-es-merestechnika","9":"first","10":"instock","11":"featured","12":"shipping-taxable","13":"product-type-simple"},"_links":{"self":[{"href":"https:\/\/met-industry.hu\/en\/wp-json\/wp\/v2\/product\/365700","targetHints":{"allow":["GET"]}}],"collection":[{"href":"https:\/\/met-industry.hu\/en\/wp-json\/wp\/v2\/product"}],"about":[{"href":"https:\/\/met-industry.hu\/en\/wp-json\/wp\/v2\/types\/product"}],"replies":[{"embeddable":true,"href":"https:\/\/met-industry.hu\/en\/wp-json\/wp\/v2\/comments?post=365700"}],"version-history":[{"count":1,"href":"https:\/\/met-industry.hu\/en\/wp-json\/wp\/v2\/product\/365700\/revisions"}],"predecessor-version":[{"id":365730,"href":"https:\/\/met-industry.hu\/en\/wp-json\/wp\/v2\/product\/365700\/revisions\/365730"}],"wp:featuredmedia":[{"embeddable":true,"href":"https:\/\/met-industry.hu\/en\/wp-json\/wp\/v2\/media\/354555"}],"wp:attachment":[{"href":"https:\/\/met-industry.hu\/en\/wp-json\/wp\/v2\/media?parent=365700"}],"wp:term":[{"taxonomy":"product_brand","embeddable":true,"href":"https:\/\/met-industry.hu\/en\/wp-json\/wp\/v2\/product_brand?post=365700"},{"taxonomy":"product_cat","embeddable":true,"href":"https:\/\/met-industry.hu\/en\/wp-json\/wp\/v2\/product_cat?post=365700"},{"taxonomy":"product_tag","embeddable":true,"href":"https:\/\/met-industry.hu\/en\/wp-json\/wp\/v2\/product_tag?post=365700"}],"curies":[{"name":"wp","href":"https:\/\/api.w.org\/{rel}","templated":true}]}}