{"id":365699,"date":"2026-03-18T13:38:17","date_gmt":"2026-03-18T11:38:17","guid":{"rendered":"https:\/\/staging.met-industry.hu\/?post_type=product&#038;p=365699"},"modified":"2026-03-18T13:38:25","modified_gmt":"2026-03-18T11:38:25","slug":"gi430d-indicator-for-digital-load-cells","status":"publish","type":"product","link":"https:\/\/met-industry.hu\/en\/uzlet\/gi430d-indicator-for-digital-load-cells\/","title":{"rendered":"GI430D indicator for digital load cells"},"content":{"rendered":"<div class=\"sajat-markdown-content\">\n<h3>GI430D Digital Weighing System Indicator for Digital Load Cells<\/h3>\n<p>The GI430D indicator is an advanced, digitally controlled measuring device specifically designed for truck scales, providing individual control and diagnostics for every digital load cell. This solution guarantees maximum accuracy, reliability, and compliance with industrial automation requirements.<\/p>\n<h4>Key Features and Advantages<\/h4>\n<p>The GI430D combines state-of-the-art technology with a user-friendly design to optimize truck scale operation:<\/p>\n<h5>Advanced Functionality and User Interface<\/h5>\n<ul>\n<li><strong>Display:<\/strong> 320 x 240 pixeles felbont\u00e1s\u00fa TFT k\u00e9perny\u0151, amely \u00e9les grafik\u00e1t \u00e9s optimaliz\u00e1lt men\u00fcket jelen\u00edt meg a k\u00f6nny\u0171 kezelhet\u0151s\u00e9g \u00e9rdek\u00e9ben.<\/li>\n<li><strong>Input Devices:<\/strong> Alphanumeric keyboard with function keys, and support for an external USB keyboard, which significantly speeds up data entry and increases efficiency.<\/li>\n<li><strong>Firmware Functions:<\/strong><\/li>\n<li>Memory capable of storing up to 4500 measurements.<\/li>\n<li>Management of vehicle traffic.<\/li>\n<li>T\u00e1rolt m\u00e9rt\u00e9kegys\u00e9gek (t\u00e1ra \u00e9rt\u00e9kek) kezel\u00e9se.<\/li>\n<li>Configuration of custom tickets and lists, improving transparency and adapting to various industrial processes.<\/li>\n<\/ul>\n<h5>Digital Load Cell Management and Diagnostics<\/h5>\n<p>A key advantage of the GI430D is the in-depth management of digital load cells:<\/p>\n<ul>\n<li><strong>Maximum Capacity:<\/strong> Supports up to 32 connected digital load cells.<\/li>\n<li><strong>Unique Identification:<\/strong> Each cell has a unique serial number, enabling precise identification.<\/li>\n<li><strong>Real-Time Diagnostics:<\/strong> Capable of diagnosing and checking the status of individual cells in real time. Able to detect unique faults, whether they are hardware failures or wiring disturbances.<\/li>\n<li><strong>Easy Maintenance:<\/strong> Any faulty cell can be replaced without recalibrating the entire system, minimizing downtime and ensuring accurate measurement even over long distances.<\/li>\n<li><strong>Fault Reporting:<\/strong> Individual event and fault reports for each cell, separately or together.<\/li>\n<li><strong>Internal Counter Monitoring:<\/strong> Real-time control over the internal counting values of the cells.<\/li>\n<\/ul>\n<h5>Plug-and-Weight Technology<\/h5>\n<p>To simplify the installation process, the GI430D <strong>Plug-and-Weight<\/strong> technology is applied:<\/p>\n<ul>\n<li>Ez az el\u0151 kalibr\u00e1ci\u00f3s rendszer lehet\u0151v\u00e9 teszi a digit\u00e1lis m\u00e9r\u0151cell\u00e1k csatlakoztat\u00e1s\u00e1t \u00e9s a m\u00e9r\u00e9s azonnali megkezd\u00e9s\u00e9t an\u00e9lk\u00fcl, hogy kezdeti kalibr\u00e1ci\u00f3ra lenne sz\u00fcks\u00e9g. Ez drasztikusan cs\u00f6kkenti a be\u00e1ll\u00edt\u00e1si id\u0151t.<\/li>\n<\/ul>\n<h5>Bizonylatkezel\u00e9s \u00e9s Testre szabhat\u00f3s\u00e1g<\/h5>\n<ul>\n<li><strong>Ticket Configuration:<\/strong> It is possible to customize tickets according to operational requirements. On the intuitive graphical interface, the user can select the desired fields and define different ticket types.<\/li>\n<li><strong>Ut\u00e1n nyomtat\u00e1s:<\/strong> Lehet\u0151s\u00e9g van a bizonylatok sz\u00fcks\u00e9g szerinti ut\u00e1n nyomtat\u00e1s\u00e1ra, rugalmass\u00e1got biztos\u00edtva a dokumentumkezel\u00e9sben \u00e9s jav\u00edtva az egyes m\u00e9r\u00e9sek nyomon k\u00f6vethet\u0151s\u00e9g\u00e9t.<\/li>\n<\/ul>\n<h5>Complete Automation Solution<\/h5>\n<p>The GI430D indicator plays a key role in the complete automation of weighbridge installations:<\/p>\n<ul>\n<li>Easily integrated with Giropes scales, P16 repeaters, computer systems (management software), and other necessary peripherals.<\/li>\n<li>This integrated system centralizes real-time control and visualization of measurement data, optimizing the efficiency and accuracy of industrial facilities through a comprehensive, automated solution.<\/li>\n<\/ul>\n<h4>Technical Specifications<\/h4>\n<table>\n<thead>\n<tr>\n<th style=\"text-align: left;\">Characteristic<\/th>\n<th style=\"text-align: left;\">Detail<\/th>\n<\/tr>\n<\/thead>\n<tbody>\n<tr>\n<td style=\"text-align: left;\"><strong>Model<\/strong><\/td>\n<td style=\"text-align: left;\">GI430D<\/td>\n<\/tr>\n<tr>\n<td style=\"text-align: left;\"><strong>Construction<\/strong><\/td>\n<td style=\"text-align: left;\">Asztali \u00e9s Falra szerelhet\u0151<\/td>\n<\/tr>\n<tr>\n<td style=\"text-align: left;\"><strong>Design<\/strong><\/td>\n<td style=\"text-align: left;\">Models available with or without printer<\/td>\n<\/tr>\n<tr>\n<td style=\"text-align: left;\"><strong>Enclosure Material<\/strong><\/td>\n<td style=\"text-align: left;\">INOX (Stainless Steel)<\/td>\n<\/tr>\n<tr>\n<td style=\"text-align: left;\"><strong>Protection<\/strong><\/td>\n<td style=\"text-align: left;\">IP54<\/td>\n<\/tr>\n<tr>\n<td style=\"text-align: left;\"><strong>Connections<\/strong><\/td>\n<td style=\"text-align: left;\">2x RS232*, 1x Ethernet, 1x USB<\/td>\n<\/tr>\n<tr>\n<td style=\"text-align: left;\"><strong>Keyboard<\/strong><\/td>\n<td style=\"text-align: left;\">24 membrane keys, Alphanumeric keyboard with function keys<\/td>\n<\/tr>\n<tr>\n<td style=\"text-align: left;\"><strong>Display<\/strong><\/td>\n<td style=\"text-align: left;\">320 x 240 pixeles RGB TFT K\u00e9perny\u0151<\/td>\n<\/tr>\n<tr>\n<td style=\"text-align: left;\"><strong>T\u00e1pell\u00e1t\u00e1s<\/strong><\/td>\n<td style=\"text-align: left;\">100-240 V AC, 50\/60 Hz<\/td>\n<\/tr>\n<tr>\n<td style=\"text-align: left;\"><strong>Dimensions (Benchtop)<\/strong><\/td>\n<td style=\"text-align: left;\">352(W) x 119(D) x 208(H) mm (max.)<\/td>\n<\/tr>\n<tr>\n<td style=\"text-align: left;\"><strong>Dimensions (Wall-mounted)<\/strong><\/td>\n<td style=\"text-align: left;\">385(W) x 170(D) x 226(H) mm (max.)<\/td>\n<\/tr>\n<tr>\n<td style=\"text-align: left;\"><strong>Packaging Dimensions<\/strong><\/td>\n<td style=\"text-align: left;\">418(W) x 300(D) x 146(H) mm (max.)<\/td>\n<\/tr>\n<tr>\n<td style=\"text-align: left;\"><strong>Gross Weight<\/strong><\/td>\n<td style=\"text-align: left;\">3 kg<\/td>\n<\/tr>\n<tr>\n<td style=\"text-align: left;\"><strong>Supported Languages<\/strong><\/td>\n<td style=\"text-align: left;\">English, Spanish, French, Italian, Croatian, Portuguese, Greek<\/td>\n<\/tr>\n<\/tbody>\n<\/table>\n<p><em>*Note: In the version equipped with a printer, one RS232 port will be unavailable.<\/em><\/p>\n<h4>Available Models and Accessories<\/h4>\n<p>The GI430D indicator is available in four main versions to meet every installation requirement:<\/p>\n<ol>\n<li>GI430D Indicator for Digital Load Cells in Bench Top Version<\/li>\n<li>GI430D Indicator for Digital Load Cells, Desktop Version, with Printer<\/li>\n<li>GI430D Indicator for Digital Load Cells, Wall-Mount Version<\/li>\n<li>GI430D Indicator for Digital Load Cells, Wall-Mount Version, with Printer<\/li>\n<\/ol>\n<p><strong>Optional Accessories:<\/strong><\/p>\n<ul>\n<li>Kommunik\u00e1ci\u00f3s K\u00e1rtya \u2013 Wi-fi<\/li>\n<li>Alibi Memory<\/li>\n<li>Ethernet cable (0.5 m)<\/li>\n<li>USB keyboard<\/li>\n<li>RS232 cable for computer (1.5 m, 9F-9F \/ D)<\/li>\n<li>RS232 cable for printer (1.5 m)<\/li>\n<li>Csatlakoz\u00f3 k\u00e1bel ism\u00e9tl\u0151h\u00f6z (10 m)<\/li>\n<li>LX-350 Printer<\/li>\n<li>ORIENT BTP-M300 \/ IMP 27 Printer<\/li>\n<li>POS76 \/ IMP 28 Printer<\/li>\n<\/ul>\n<p>The GI430D indicator is the cornerstone of complete industrial measurement and data processing, ensuring precise and automated operation by leveraging the advantages of digital technology.<\/p>\n<\/div>","protected":false},"excerpt":{"rendered":"<p>**Digital precision!** The GI430D indicator revolutionizes weighbridges: **immediate cell diagnostics** and calibration-free Plug-and-Weight installation. Maximum reliability!<\/p>","protected":false},"featured_media":354560,"comment_status":"open","ping_status":"closed","template":"","meta":[],"product_brand":[358],"product_cat":[12890,16333],"product_tag":[],"class_list":{"0":"post-365699","1":"product","2":"type-product","3":"status-publish","4":"has-post-thumbnail","6":"product_brand-giropes","7":"product_cat-merlegek-es-merestechnika","8":"product_cat-kijelzok-es-vezerlok-merlegtechnikai-komponensek-2","10":"first","11":"instock","12":"featured","13":"shipping-taxable","14":"product-type-simple"},"_links":{"self":[{"href":"https:\/\/met-industry.hu\/en\/wp-json\/wp\/v2\/product\/365699","targetHints":{"allow":["GET"]}}],"collection":[{"href":"https:\/\/met-industry.hu\/en\/wp-json\/wp\/v2\/product"}],"about":[{"href":"https:\/\/met-industry.hu\/en\/wp-json\/wp\/v2\/types\/product"}],"replies":[{"embeddable":true,"href":"https:\/\/met-industry.hu\/en\/wp-json\/wp\/v2\/comments?post=365699"}],"version-history":[{"count":1,"href":"https:\/\/met-industry.hu\/en\/wp-json\/wp\/v2\/product\/365699\/revisions"}],"predecessor-version":[{"id":365729,"href":"https:\/\/met-industry.hu\/en\/wp-json\/wp\/v2\/product\/365699\/revisions\/365729"}],"wp:featuredmedia":[{"embeddable":true,"href":"https:\/\/met-industry.hu\/en\/wp-json\/wp\/v2\/media\/354560"}],"wp:attachment":[{"href":"https:\/\/met-industry.hu\/en\/wp-json\/wp\/v2\/media?parent=365699"}],"wp:term":[{"taxonomy":"product_brand","embeddable":true,"href":"https:\/\/met-industry.hu\/en\/wp-json\/wp\/v2\/product_brand?post=365699"},{"taxonomy":"product_cat","embeddable":true,"href":"https:\/\/met-industry.hu\/en\/wp-json\/wp\/v2\/product_cat?post=365699"},{"taxonomy":"product_tag","embeddable":true,"href":"https:\/\/met-industry.hu\/en\/wp-json\/wp\/v2\/product_tag?post=365699"}],"curies":[{"name":"wp","href":"https:\/\/api.w.org\/{rel}","templated":true}]}}