{"id":365691,"date":"2026-03-18T13:38:17","date_gmt":"2026-03-18T11:38:17","guid":{"rendered":"https:\/\/staging.met-industry.hu\/?post_type=product&#038;p=365691"},"modified":"2026-03-18T13:38:22","modified_gmt":"2026-03-18T11:38:22","slug":"bppce-evo","status":"publish","type":"product","link":"https:\/\/met-industry.hu\/en\/uzlet\/bppce-evo\/","title":{"rendered":"BPPCE EVO"},"content":{"rendered":"<div class=\"sajat-markdown-content\">\n<h3>BPPCE EVO Modular Weighbridge System \u2013 Excellent Performance and Flexible Installation<\/h3>\n<p>A BPPCE EVO sorozat a legmodernebb m\u00e9rlegtechnol\u00f3gia eredm\u00e9nye, amely a felhaszn\u00e1l\u00f3i ig\u00e9nyekre, a sz\u00e1ll\u00edt\u00e1si rugalmass\u00e1gra \u00e9s a telep\u00edt\u00e9s egyszer\u0171s\u00e9g\u00e9re \u00f6sszpontos\u00edt. A folyamatos fejleszt\u00e9sek eredm\u00e9nyek\u00e9nt egy modul\u00e1ris fel\u00e9p\u00edt\u00e9s\u0171 rendszert hoztunk l\u00e9tre, amely jelent\u0151sen megk\u00f6nny\u00edti a sz\u00e1ll\u00edt\u00e1st \u00e9s az \u00fczembe helyez\u00e9st, mik\u00f6zben kompromisszumok n\u00e9lk\u00fcli pontoss\u00e1got \u00e9s tart\u00f3ss\u00e1got biztos\u00edt.<\/p>\n<h4>Key Features and Advantages<\/h4>\n<h5>Modular Design and Transport Flexibility<\/h5>\n<p>The key to the design of the BPPCE EVO is modularity. This design allows for simpler transport and faster, more efficient on-site installation of large-scale weighbridges. The design philosophy is built on continuous improvement, ensuring the product always meets the latest industry requirements.<\/p>\n<h5>Excellent Durability Thanks to the Galvanized Finish<\/h5>\n<p>The standard galvanized (zinc-plated) surface treatment is a fundamental element of the BPPCE EVO's durability.<\/p>\n<ul>\n<li><strong>Corrosion Protection:<\/strong> The galvanized coating significantly increases the scale's resistance to rust, which is a critical factor during use in harsh outdoor environments.<\/li>\n<li><strong>Longer Lifespan:<\/strong> This surface treatment extends the life of the scale, thereby reducing maintenance costs and downtime.<\/li>\n<li><strong>Easy Maintenance:<\/strong> Corrosion resistance facilitates keeping the system clean and maintaining it long-term.<\/li>\n<\/ul>\n<h5>Testre szabhat\u00f3s\u00e1g \u00e9s Kieg\u00e9sz\u00edt\u0151k<\/h5>\n<p>Hisz\u00fcnk abban, hogy minden \u00fcgyf\u00e9l ig\u00e9nye egyedi. A BPPCE EVO m\u00e9rlegek sz\u00e9les k\u00f6r\u0171 kieg\u00e9sz\u00edt\u0151kkel \u00e9s opci\u00f3kkal testre szabhat\u00f3k, hogy a legpontosabb \u00e9s legmegfelel\u0151bb megold\u00e1st ny\u00fajtsuk az adott alkalmaz\u00e1shoz. Konkr\u00e9t int\u00e9zked\u00e9sekkel \u00e9s testre szabott megold\u00e1sokkal biztos\u00edtjuk az optim\u00e1lis eredm\u00e9nyt.<\/p>\n<h4>Installation Options<\/h4>\n<p>BPPCE EVO scales offer flexible installation options that adapt to existing site conditions and customer preferences:<\/p>\n<ol>\n<li><strong>S\u00fcllyesztett Telep\u00edt\u00e9s:<\/strong> Ideal solution when integration of the scale at floor level is required.<\/li>\n<li><strong>F\u00f6ldfelsz\u00edni Telep\u00edt\u00e9s R\u00e1mpa N\u00e9lk\u00fcl, Csap\u00e1gyvezet\u0151kkel:<\/strong> An option suitable for installation on a flat surface, assisting with precise positioning of vehicles.<\/li>\n<li><strong>F\u00f6ldfelsz\u00edni Telep\u00edt\u00e9s R\u00e1mp\u00e1val \u00e9s Csap\u00e1gyvezet\u0151kkel:<\/strong> The most common configuration, ensuring easy approach with ramps.<\/li>\n<li><strong>F\u00f6ldfelsz\u00edni Telep\u00edt\u00e9s Speci\u00e1lis Fel\u00fclettel:<\/strong> For cases requiring custom surface treatment.<\/li>\n<\/ol>\n<p>Designing the appropriate base for the scale (especially to protect the load cells) is crucial even with consistent ground conditions, ensuring precise and effective measurement.<\/p>\n<h4>Technical Specifications and Capacities<\/h4>\n<p>The BPPCE EVO series is available in a wide range of capacity and size options to meet the most diverse industrial load requirements.<\/p>\n<h5>General Parameters<\/h5>\n<table>\n<thead>\n<tr>\n<th style=\"text-align: left;\">Parameter<\/th>\n<th style=\"text-align: left;\">Value<\/th>\n<\/tr>\n<\/thead>\n<tbody>\n<tr>\n<td style=\"text-align: left;\"><strong>Capacity Ranges<\/strong><\/td>\n<td style=\"text-align: left;\">30-60 t \/ 60-80 t \/ 100 t<\/td>\n<\/tr>\n<tr>\n<td style=\"text-align: left;\"><strong>Length Range<\/strong><\/td>\n<td style=\"text-align: left;\">From 6 meters to 26 meters<\/td>\n<\/tr>\n<tr>\n<td style=\"text-align: left;\"><strong>Width Selection<\/strong><\/td>\n<td style=\"text-align: left;\">3 m \/ 3.3 m \/ 3.5 m<\/td>\n<\/tr>\n<tr>\n<td style=\"text-align: left;\"><strong>Load Cell Type<\/strong><\/td>\n<td style=\"text-align: left;\">G8R (For further information, please refer to the load cell datasheet)<\/td>\n<\/tr>\n<\/tbody>\n<\/table>\n<h5>Capacity and Dimension Table<\/h5>\n<p>The tables detail the available length and width combinations for different capacities. A galvanized surface is available for the selected model for an extra charge.<\/p>\n<h6>30 t and 60 t Capacity Models (300 mm Height)<\/h6>\n<table>\n<thead>\n<tr>\n<th style=\"text-align: left;\">Capacity (t)<\/th>\n<th style=\"text-align: left;\">Length (m)<\/th>\n<th style=\"text-align: left;\">Width 3 m<\/th>\n<th style=\"text-align: left;\">Width 3,3 m<\/th>\n<th style=\"text-align: left;\">Width 3,5 m<\/th>\n<th style=\"text-align: left;\">Height (mm)<\/th>\n<\/tr>\n<\/thead>\n<tbody>\n<tr>\n<td style=\"text-align: left;\">30<\/td>\n<td style=\"text-align: left;\">6<\/td>\n<td style=\"text-align: left;\">\u2022<\/td>\n<td style=\"text-align: left;\">\u2022<\/td>\n<td style=\"text-align: left;\">\u2022<\/td>\n<td style=\"text-align: left;\">300<\/td>\n<\/tr>\n<tr>\n<td style=\"text-align: left;\">30<\/td>\n<td style=\"text-align: left;\">8<\/td>\n<td style=\"text-align: left;\">\u2022<\/td>\n<td style=\"text-align: left;\">\u2022<\/td>\n<td style=\"text-align: left;\">\u2022<\/td>\n<td style=\"text-align: left;\">300<\/td>\n<\/tr>\n<tr>\n<td style=\"text-align: left;\">30<\/td>\n<td style=\"text-align: left;\">10<\/td>\n<td style=\"text-align: left;\">\u2022<\/td>\n<td style=\"text-align: left;\">\u2022<\/td>\n<td style=\"text-align: left;\">\u2022<\/td>\n<td style=\"text-align: left;\">300<\/td>\n<\/tr>\n<tr>\n<td style=\"text-align: left;\">30<\/td>\n<td style=\"text-align: left;\">12<\/td>\n<td style=\"text-align: left;\">\u2022<\/td>\n<td style=\"text-align: left;\">\u2022<\/td>\n<td style=\"text-align: left;\">\u2022<\/td>\n<td style=\"text-align: left;\">300<\/td>\n<\/tr>\n<tr>\n<td style=\"text-align: left;\">60<\/td>\n<td style=\"text-align: left;\">14<\/td>\n<td style=\"text-align: left;\">\u2022<\/td>\n<td style=\"text-align: left;\">\u2022<\/td>\n<td style=\"text-align: left;\">\u2022<\/td>\n<td style=\"text-align: left;\">300<\/td>\n<\/tr>\n<tr>\n<td style=\"text-align: left;\">60<\/td>\n<td style=\"text-align: left;\">15<\/td>\n<td style=\"text-align: left;\">\u2022<\/td>\n<td style=\"text-align: left;\">\u2022<\/td>\n<td style=\"text-align: left;\">\u2022<\/td>\n<td style=\"text-align: left;\">300<\/td>\n<\/tr>\n<tr>\n<td style=\"text-align: left;\">60<\/td>\n<td style=\"text-align: left;\">16<\/td>\n<td style=\"text-align: left;\">\u2022<\/td>\n<td style=\"text-align: left;\">\u2022<\/td>\n<td style=\"text-align: left;\">\u2022<\/td>\n<td style=\"text-align: left;\">300<\/td>\n<\/tr>\n<tr>\n<td style=\"text-align: left;\">60<\/td>\n<td style=\"text-align: left;\">18<\/td>\n<td style=\"text-align: left;\">\u2022<\/td>\n<td style=\"text-align: left;\">\u2022<\/td>\n<td style=\"text-align: left;\">\u2022<\/td>\n<td style=\"text-align: left;\">300<\/td>\n<\/tr>\n<tr>\n<td style=\"text-align: left;\">60<\/td>\n<td style=\"text-align: left;\">20<\/td>\n<td style=\"text-align: left;\">\u2022<\/td>\n<td style=\"text-align: left;\">\u2022<\/td>\n<td style=\"text-align: left;\">\u2022<\/td>\n<td style=\"text-align: left;\">300<\/td>\n<\/tr>\n<tr>\n<td style=\"text-align: left;\">60<\/td>\n<td style=\"text-align: left;\">21<\/td>\n<td style=\"text-align: left;\">\u2022<\/td>\n<td style=\"text-align: left;\">\u2022<\/td>\n<td style=\"text-align: left;\">\u2022<\/td>\n<td style=\"text-align: left;\">300<\/td>\n<\/tr>\n<tr>\n<td style=\"text-align: left;\">60<\/td>\n<td style=\"text-align: left;\">22<\/td>\n<td style=\"text-align: left;\">\u2022<\/td>\n<td style=\"text-align: left;\">\u2022<\/td>\n<td style=\"text-align: left;\">\u2022<\/td>\n<td style=\"text-align: left;\">300<\/td>\n<\/tr>\n<tr>\n<td style=\"text-align: left;\">60<\/td>\n<td style=\"text-align: left;\">24<\/td>\n<td style=\"text-align: left;\">\u2022<\/td>\n<td style=\"text-align: left;\">\u2022<\/td>\n<td style=\"text-align: left;\">\u2022<\/td>\n<td style=\"text-align: left;\">300<\/td>\n<\/tr>\n<tr>\n<td style=\"text-align: left;\">60<\/td>\n<td style=\"text-align: left;\">26<\/td>\n<td style=\"text-align: left;\">\u2022<\/td>\n<td style=\"text-align: left;\">\u2022<\/td>\n<td style=\"text-align: left;\">\u2022<\/td>\n<td style=\"text-align: left;\">300<\/td>\n<\/tr>\n<\/tbody>\n<\/table>\n<h6>80 t Capacity Models (300 mm Height)<\/h6>\n<table>\n<thead>\n<tr>\n<th style=\"text-align: left;\">Capacity (t)<\/th>\n<th style=\"text-align: left;\">Length (m)<\/th>\n<th style=\"text-align: left;\">Width 3 m<\/th>\n<th style=\"text-align: left;\">Width 3,3 m<\/th>\n<th style=\"text-align: left;\">Width 3,5 m<\/th>\n<th style=\"text-align: left;\">Height (mm)<\/th>\n<\/tr>\n<\/thead>\n<tbody>\n<tr>\n<td style=\"text-align: left;\">80<\/td>\n<td style=\"text-align: left;\">12<\/td>\n<td style=\"text-align: left;\">\u2022<\/td>\n<td style=\"text-align: left;\">\u2022<\/td>\n<td style=\"text-align: left;\">\u2022<\/td>\n<td style=\"text-align: left;\">300<\/td>\n<\/tr>\n<tr>\n<td style=\"text-align: left;\">80<\/td>\n<td style=\"text-align: left;\">14<\/td>\n<td style=\"text-align: left;\">\u2022<\/td>\n<td style=\"text-align: left;\">\u2022<\/td>\n<td style=\"text-align: left;\">\u2022<\/td>\n<td style=\"text-align: left;\">300<\/td>\n<\/tr>\n<tr>\n<td style=\"text-align: left;\">80<\/td>\n<td style=\"text-align: left;\">16<\/td>\n<td style=\"text-align: left;\">\u2022<\/td>\n<td style=\"text-align: left;\">\u2022<\/td>\n<td style=\"text-align: left;\">\u2022<\/td>\n<td style=\"text-align: left;\">300<\/td>\n<\/tr>\n<tr>\n<td style=\"text-align: left;\">80<\/td>\n<td style=\"text-align: left;\">18<\/td>\n<td style=\"text-align: left;\">\u2022<\/td>\n<td style=\"text-align: left;\">\u2022<\/td>\n<td style=\"text-align: left;\">\u2022<\/td>\n<td style=\"text-align: left;\">300<\/td>\n<\/tr>\n<tr>\n<td style=\"text-align: left;\">80<\/td>\n<td style=\"text-align: left;\">20<\/td>\n<td style=\"text-align: left;\">\u2022<\/td>\n<td style=\"text-align: left;\">\u2022<\/td>\n<td style=\"text-align: left;\">\u2022<\/td>\n<td style=\"text-align: left;\">300<\/td>\n<\/tr>\n<tr>\n<td style=\"text-align: left;\">80<\/td>\n<td style=\"text-align: left;\">21<\/td>\n<td style=\"text-align: left;\">\u2022<\/td>\n<td style=\"text-align: left;\">\u2022<\/td>\n<td style=\"text-align: left;\">\u2022<\/td>\n<td style=\"text-align: left;\">300<\/td>\n<\/tr>\n<tr>\n<td style=\"text-align: left;\">80<\/td>\n<td style=\"text-align: left;\">22<\/td>\n<td style=\"text-align: left;\">\u2022<\/td>\n<td style=\"text-align: left;\">\u2022<\/td>\n<td style=\"text-align: left;\">\u2022<\/td>\n<td style=\"text-align: left;\">300<\/td>\n<\/tr>\n<tr>\n<td style=\"text-align: left;\">80<\/td>\n<td style=\"text-align: left;\">24<\/td>\n<td style=\"text-align: left;\">\u2022<\/td>\n<td style=\"text-align: left;\">\u2022<\/td>\n<td style=\"text-align: left;\">\u2022<\/td>\n<td style=\"text-align: left;\">300<\/td>\n<\/tr>\n<tr>\n<td style=\"text-align: left;\">80<\/td>\n<td style=\"text-align: left;\">26<\/td>\n<td style=\"text-align: left;\">\u2022<\/td>\n<td style=\"text-align: left;\">\u2022<\/td>\n<td style=\"text-align: left;\">\u2022<\/td>\n<td style=\"text-align: left;\">300<\/td>\n<\/tr>\n<\/tbody>\n<\/table>\n<h6>100 t Capacity Models (350 mm Height)<\/h6>\n<table>\n<thead>\n<tr>\n<th style=\"text-align: left;\">Capacity (t)<\/th>\n<th style=\"text-align: left;\">Length (m)<\/th>\n<th style=\"text-align: left;\">Width 3 m<\/th>\n<th style=\"text-align: left;\">Width 3,3 m<\/th>\n<th style=\"text-align: left;\">Width 3,5 m<\/th>\n<th style=\"text-align: left;\">Height (mm)<\/th>\n<\/tr>\n<\/thead>\n<tbody>\n<tr>\n<td style=\"text-align: left;\">100<\/td>\n<td style=\"text-align: left;\">14<\/td>\n<td style=\"text-align: left;\">\u2022<\/td>\n<td style=\"text-align: left;\">\u2022<\/td>\n<td style=\"text-align: left;\">\u2022<\/td>\n<td style=\"text-align: left;\">350<\/td>\n<\/tr>\n<tr>\n<td style=\"text-align: left;\">100<\/td>\n<td style=\"text-align: left;\">16<\/td>\n<td style=\"text-align: left;\">\u2022<\/td>\n<td style=\"text-align: left;\">\u2022<\/td>\n<td style=\"text-align: left;\">\u2022<\/td>\n<td style=\"text-align: left;\">350<\/td>\n<\/tr>\n<tr>\n<td style=\"text-align: left;\">100<\/td>\n<td style=\"text-align: left;\">18<\/td>\n<td style=\"text-align: left;\">\u2022<\/td>\n<td style=\"text-align: left;\">\u2022<\/td>\n<td style=\"text-align: left;\">\u2022<\/td>\n<td style=\"text-align: left;\">350<\/td>\n<\/tr>\n<tr>\n<td style=\"text-align: left;\">100<\/td>\n<td style=\"text-align: left;\">20<\/td>\n<td style=\"text-align: left;\">\u2022<\/td>\n<td style=\"text-align: left;\">\u2022<\/td>\n<td style=\"text-align: left;\">\u2022<\/td>\n<td style=\"text-align: left;\">350<\/td>\n<\/tr>\n<tr>\n<td style=\"text-align: left;\">100<\/td>\n<td style=\"text-align: left;\">21<\/td>\n<td style=\"text-align: left;\">\u2022<\/td>\n<td style=\"text-align: left;\">\u2022<\/td>\n<td style=\"text-align: left;\">\u2022<\/td>\n<td style=\"text-align: left;\">350<\/td>\n<\/tr>\n<tr>\n<td style=\"text-align: left;\">100<\/td>\n<td style=\"text-align: left;\">22<\/td>\n<td style=\"text-align: left;\">\u2022<\/td>\n<td style=\"text-align: left;\">\u2022<\/td>\n<td style=\"text-align: left;\">\u2022<\/td>\n<td style=\"text-align: left;\">350<\/td>\n<\/tr>\n<tr>\n<td style=\"text-align: left;\">100<\/td>\n<td style=\"text-align: left;\">24<\/td>\n<td style=\"text-align: left;\">\u2022<\/td>\n<td style=\"text-align: left;\">\u2022<\/td>\n<td style=\"text-align: left;\">\u2022<\/td>\n<td style=\"text-align: left;\">350<\/td>\n<\/tr>\n<tr>\n<td style=\"text-align: left;\">100<\/td>\n<td style=\"text-align: left;\">26<\/td>\n<td style=\"text-align: left;\">\u2022<\/td>\n<td style=\"text-align: left;\">\u2022<\/td>\n<td style=\"text-align: left;\">\u2022<\/td>\n<td style=\"text-align: left;\">350<\/td>\n<\/tr>\n<\/tbody>\n<\/table>\n<p><em>(Note: In the table, \u201e\u2022\u201d indicates configuration availability.)<\/em><\/p>\n<h4>Optional Accessories to Enhance Functionality<\/h4>\n<p>A wide range of accessories is available to further increase the performance and usability of the BPPCE EVO system:<\/p>\n<h5>F\u00e9m R\u00e1mp\u00e1k H\u00eddm\u00e9rlegekhez<\/h5>\n<p>These robust metal ramps ensure the safe and smooth approach and exit of vehicles onto the weighing surface, especially for ground-level installations.<\/p>\n<h5>M\u00e9rlegkamr\u00e1k<\/h5>\n<p>The excellent engineering design allows for the installation of weighbridges even in areas where the ground is less stable. The cubicles ensure optimal compression of the load cells, guaranteeing measurement accuracy and efficiency.<\/p>\n<h5>Fejl\u00e9cek<\/h5>\n<p>Elements made of IPE profiles, fixed at the entrance and exit of the weighbridge. These serve as formwork for approach ramps made of concrete or other materials, ensuring a solid and durable transition.<\/p>\n<h5>Bearing guides<\/h5>\n<p>Removable railings with a tube-shaped frame that keep the vehicle on the weighing track. They are particularly recommended for ground-level scales with a completely flush surface.<\/p>\n<h5>Perem-sz\u00f6gvasak<\/h5>\n<p>Angle irons fixed with anchor bolts that close the perimeter around pit (pit) or ground-level scales, providing an aesthetic and safe finish.<\/p>\n<h5>Panasonic K\u00f6rbeforg\u00f3 \u00dctvecsavaroz\u00f3<\/h5>\n<p>Az akkumul\u00e1toros, k\u00f6rbeforg\u00f3, \u00fctvecsavaroz\u00f3 Panasonic csavaroz\u00f3 haszn\u00e1lata jelent\u0151sen felgyors\u00edtja \u00e9s megk\u00f6nny\u00edti a Giropes m\u00e9rlegek \u00f6sszeszerel\u00e9s\u00e9t a helysz\u00ednen.<\/p>\n<h4>Case Studies and Applications<\/h4>\n<p>BPPCE EVO systems have proven to be successfully applicable even in the most demanding industrial environments:<\/p>\n<ul>\n<li><strong>Gh\u00e1na Kik\u00f6t\u0151je:<\/strong> Successful installation of 23 truck scales at one of Africa's largest ports, proving the system's reliability in a high-traffic logistics environment.<\/li>\n<li><strong>Automatiz\u00e1lt M\u00e9r\u0151rendszer:<\/strong> An automated weighing system installed in a waste management and recycling plant, providing full control over processes.<\/li>\n<\/ul>\n<p>The BPPCE EVO is not just a scale, but a well-thought-out, modular solution that prioritizes durability, accuracy, and installation flexibility.<\/p>\n<\/div>","protected":false},"excerpt":{"rendered":"<p>BPPCE EVO: Modular bridge scale for **uncompromising durability**! Flexible installation, galvanized protection and precise, 100-ton capacity.<\/p>","protected":false},"featured_media":354681,"comment_status":"open","ping_status":"closed","template":"","meta":[],"product_brand":[358],"product_cat":[12893,12891,12890],"product_tag":[],"class_list":{"0":"post-365691","1":"product","2":"type-product","3":"status-publish","4":"has-post-thumbnail","6":"product_brand-giropes","7":"product_cat-hidmerlegek-es-telepitett-rendszerek","8":"product_cat-jarmumerlegek","9":"product_cat-merlegek-es-merestechnika","11":"first","12":"instock","13":"featured","14":"shipping-taxable","15":"product-type-simple"},"_links":{"self":[{"href":"https:\/\/met-industry.hu\/en\/wp-json\/wp\/v2\/product\/365691","targetHints":{"allow":["GET"]}}],"collection":[{"href":"https:\/\/met-industry.hu\/en\/wp-json\/wp\/v2\/product"}],"about":[{"href":"https:\/\/met-industry.hu\/en\/wp-json\/wp\/v2\/types\/product"}],"replies":[{"embeddable":true,"href":"https:\/\/met-industry.hu\/en\/wp-json\/wp\/v2\/comments?post=365691"}],"version-history":[{"count":1,"href":"https:\/\/met-industry.hu\/en\/wp-json\/wp\/v2\/product\/365691\/revisions"}],"predecessor-version":[{"id":365721,"href":"https:\/\/met-industry.hu\/en\/wp-json\/wp\/v2\/product\/365691\/revisions\/365721"}],"wp:featuredmedia":[{"embeddable":true,"href":"https:\/\/met-industry.hu\/en\/wp-json\/wp\/v2\/media\/354681"}],"wp:attachment":[{"href":"https:\/\/met-industry.hu\/en\/wp-json\/wp\/v2\/media?parent=365691"}],"wp:term":[{"taxonomy":"product_brand","embeddable":true,"href":"https:\/\/met-industry.hu\/en\/wp-json\/wp\/v2\/product_brand?post=365691"},{"taxonomy":"product_cat","embeddable":true,"href":"https:\/\/met-industry.hu\/en\/wp-json\/wp\/v2\/product_cat?post=365691"},{"taxonomy":"product_tag","embeddable":true,"href":"https:\/\/met-industry.hu\/en\/wp-json\/wp\/v2\/product_tag?post=365691"}],"curies":[{"name":"wp","href":"https:\/\/api.w.org\/{rel}","templated":true}]}}