{"id":365644,"date":"2026-03-18T13:38:07","date_gmt":"2026-03-18T11:38:07","guid":{"rendered":"https:\/\/staging.met-industry.hu\/?post_type=product&#038;p=365644"},"modified":"2026-03-18T13:38:13","modified_gmt":"2026-03-18T11:38:13","slug":"gi450-weighing-indicator","status":"publish","type":"product","link":"https:\/\/met-industry.hu\/en\/uzlet\/gi450-weighing-indicator\/","title":{"rendered":"GI450 weighing indicator"},"content":{"rendered":"<div class=\"sajat-markdown-content\">\n<h3>Giropes GI450 Teherm\u00e9r\u0151 Indik\u00e1tor \u2013 Teljes K\u00f6r\u0171 Automatiz\u00e1l\u00e1si Megold\u00e1s<\/h3>\n<p>A Giropes GI450 indik\u00e1tor a legmodernebb technol\u00f3giai megold\u00e1s ipari \u00e9s logisztikai k\u00f6rnyezetekbe, kifejezetten a nagy forgalm\u00fa teherg\u00e9pj\u00e1rm\u0171vek prec\u00edz m\u00e9r\u00e9s\u00e9re \u00e9s az \u00fczemi folyamatok automatiz\u00e1l\u00e1s\u00e1ra tervezve. A k\u00e9sz\u00fcl\u00e9k robusztus, kompakt kialak\u00edt\u00e1sa (IP54 vagy IP65 v\u00e9detts\u00e9gi szinttel) \u00e9s integr\u00e1lt h\u00eddm\u00e9rleg firmware -je garant\u00e1lja a megb\u00edzhat\u00f3 m\u0171k\u00f6d\u00e9st a legig\u00e9nyesebb k\u00f6r\u00fclm\u00e9nyek k\u00f6z\u00f6tt is.<\/p>\n<h4>Key Features and Advantages<\/h4>\n<p>The GI450 is not just a measuring instrument, but a central unit that optimizes the entire logistics process through the efficient management of vehicle entry and exit.<\/p>\n<h5>Graphical Display and Intuitive Operation<\/h5>\n<ul>\n<li><strong>High Contrast TFT Display:<\/strong> An optimally sized, high-resolution graphic screen ensures excellent readability even in changing lighting conditions.<\/li>\n<li><strong>Intuitive Menu System:<\/strong> A completely thought-out, user-friendly menu structure minimizes handling time and reduces the possibility of user errors.<\/li>\n<li><strong>Alphanumeric Keypad:<\/strong> The 24-button keypad equipped with quick access functions aids in fast data entry and function retrieval.<\/li>\n<li><strong>Multilingual Support:<\/strong> The user can directly select from languages on the screen, further enhancing usability in international environments.<\/li>\n<\/ul>\n<h5>Integrated Truck Weighing Functions<\/h5>\n<p>The built-in truck scale firmware is the core strength of the GI450, offering numerous advanced functions:<\/p>\n<ul>\n<li><strong>Tare Management:<\/strong> Manu\u00e1lis vagy t\u00e1rolt t\u00e1ra \u00e9rt\u00e9kek bevitele.<\/li>\n<li><strong>Digital Pre-calibration:<\/strong> Quick and accurate setting of the measurement.<\/li>\n<li><strong>Weight Management:<\/strong> Possibility to manage vehicles and weights.<\/li>\n<li><strong>Ticket Format Customization:<\/strong> A bizonylatok (jegyek) nyelvezete \u00e9s form\u00e1tuma teljes m\u00e9rt\u00e9kben testre szabhat\u00f3 a felhaszn\u00e1l\u00f3i ig\u00e9nyek szerint.<\/li>\n<\/ul>\n<h5>Automation and Connectivity<\/h5>\n<p>The GI450 is a key component in setting up automated weighing stations. It can be directly connected to Giropes truck scales, P16 repeaters, computers equipped with management software, and other industrial devices. This integrated system enables centralized management and real-time visualization of weighing data, maximizing the efficiency and accuracy of industrial facilities.<\/p>\n<h5>Data Management and Reporting<\/h5>\n<ul>\n<li><strong>File Management:<\/strong> Ak\u00e1r 2000 k\u00f3d t\u00e1rol\u00e1sa 4 k\u00fcl\u00f6nb\u00f6z\u0151 kateg\u00f3ri\u00e1ban, amely lehet\u0151v\u00e9 teszi a m\u00e9r\u00e9sek r\u00e9szletes kategoriz\u00e1l\u00e1s\u00e1t (pl.: term\u00e9k, rendsz\u00e1m, stb.).<\/li>\n<li><strong>Measurement Memory:<\/strong> Ak\u00e1r 4500 m\u00e9r\u00e9s t\u00e1rol\u00e1s\u00e1ra alkalmas mem\u00f3ria, 80% -os tel\u00edtetts\u00e9g eset\u00e9n figyelmeztet\u00e9st ad.<\/li>\n<li><strong>Selectable Lists:<\/strong> Users can create lists based on stored codes according to their own needs. Reports can be viewed on screen or printed.<\/li>\n<li><strong>Documents (Tickets):<\/strong> Documents configurable by code, language settings, and subsequent printing and content customization options.<\/li>\n<\/ul>\n<h4>Technical Specifications<\/h4>\n<table>\n<thead>\n<tr>\n<th style=\"text-align: left;\">Parameter<\/th>\n<th style=\"text-align: left;\">Detail<\/th>\n<\/tr>\n<\/thead>\n<tbody>\n<tr>\n<td style=\"text-align: left;\"><strong>Model<\/strong><\/td>\n<td style=\"text-align: left;\">GI450<\/td>\n<\/tr>\n<tr>\n<td style=\"text-align: left;\"><strong>Ingress Protection (IP) Rating<\/strong><\/td>\n<td style=\"text-align: left;\">IP54 or IP65 (depending on the model)<\/td>\n<\/tr>\n<tr>\n<td style=\"text-align: left;\"><strong>Operating Temperature<\/strong><\/td>\n<td style=\"text-align: left;\">Between -10\u00b0C and +40\u00b0C<\/td>\n<\/tr>\n<tr>\n<td style=\"text-align: left;\"><strong>Display<\/strong><\/td>\n<td style=\"text-align: left;\">TFT, 320 x 240 felbont\u00e1s<\/td>\n<\/tr>\n<tr>\n<td style=\"text-align: left;\"><strong>Keyboard<\/strong><\/td>\n<td style=\"text-align: left;\">24-key alphanumeric, with function keys<\/td>\n<\/tr>\n<tr>\n<td style=\"text-align: left;\"><strong>External Keyboard<\/strong><\/td>\n<td style=\"text-align: left;\">Standard PC keyboard, connectable via USB port<\/td>\n<\/tr>\n<tr>\n<td style=\"text-align: left;\"><strong>Serial Communication<\/strong><\/td>\n<td style=\"text-align: left;\">2 x RS-232 (bidirectional), 1 x RS485, 1 x Ethernet, 1 x USB<\/td>\n<\/tr>\n<tr>\n<td style=\"text-align: left;\"><strong>\u00c1tviteli Sebess\u00e9g<\/strong><\/td>\n<td style=\"text-align: left;\">115200, 57600, 38400, 19200, 9600 and 4800<\/td>\n<\/tr>\n<tr>\n<td style=\"text-align: left;\"><strong>T\u00e1pell\u00e1t\u00e1s<\/strong><\/td>\n<td style=\"text-align: left;\">110-230 VAC, 50-60 Hz<\/td>\n<\/tr>\n<\/tbody>\n<\/table>\n<h4>Connectivity and Accessories<\/h4>\n<p>The GI450 indicator can be flexibly integrated into existing systems thanks to standard protocols. The Ethernet connection allows data to be forwarded according to standard market protocols.<\/p>\n<p><strong>Available Accessories (Examples):<\/strong><\/p>\n<ul>\n<li>Ethernet cable (0.5 m)<\/li>\n<li>USB keyboard<\/li>\n<li>RS232 cables for computer (1.5 m, 9F-9F \/ D) and printer (1.5 m)<\/li>\n<li>Repeater connection cable (10 m)<\/li>\n<li>K\u00fcl\u00f6nb\u00f6z\u0151 t\u00edpus\u00fa nyomtat\u00f3k (pl.: LX-350, ORIENT BTP-M300 \/ IMP 27, POS76 \/ IMP 28)<\/li>\n<li>H\u00e1l\u00f3zati adapterek k\u00fcl\u00f6nb\u00f6z\u0151 r\u00e9gi\u00f3khoz (pl.: BS1363 (UK) &#8211; IP54, SEV1011 (CH) &#8211; IP54, B Type (USA) &#8211; IP54)<\/li>\n<\/ul>\n<h4>Ideal Application Areas for the GI450<\/h4>\n<p>The GI450 indicator is the perfect choice for all locations where precise vehicle weight control is required, maximizing productivity:<\/p>\n<ol>\n<li>Logistics Centers<\/li>\n<li>Industrial plants and production lines<\/li>\n<li>Construction material plants<\/li>\n<li>Agricultural processing units<\/li>\n<li>Any facility that requires effective vehicle traffic control.<\/li>\n<\/ol>\n<p>The GI450 is part of the complete automation solution offered by Giropes, which, in conjunction with the GISCALE management software, ensures efficient data management and analysis.<\/p>\n<\/div>","protected":false},"excerpt":{"rendered":"<p>Giropes GI450: **Automate logistics and ensure precise weighing** with the robust, graphical display indicator. Maximum efficiency!<\/p>","protected":false},"featured_media":354758,"comment_status":"open","ping_status":"closed","template":"","meta":[],"product_brand":[358],"product_cat":[12915,12890,12913],"product_tag":[],"class_list":{"0":"post-365644","1":"product","2":"type-product","3":"status-publish","4":"has-post-thumbnail","6":"product_brand-giropes","7":"product_cat-kijelzok-es-vezerlok-merlegtechnikai-komponensek","8":"product_cat-merlegek-es-merestechnika","9":"product_cat-merlegtechnikai-komponensek","11":"first","12":"instock","13":"featured","14":"shipping-taxable","15":"product-type-simple"},"_links":{"self":[{"href":"https:\/\/met-industry.hu\/en\/wp-json\/wp\/v2\/product\/365644","targetHints":{"allow":["GET"]}}],"collection":[{"href":"https:\/\/met-industry.hu\/en\/wp-json\/wp\/v2\/product"}],"about":[{"href":"https:\/\/met-industry.hu\/en\/wp-json\/wp\/v2\/types\/product"}],"replies":[{"embeddable":true,"href":"https:\/\/met-industry.hu\/en\/wp-json\/wp\/v2\/comments?post=365644"}],"version-history":[{"count":1,"href":"https:\/\/met-industry.hu\/en\/wp-json\/wp\/v2\/product\/365644\/revisions"}],"predecessor-version":[{"id":365674,"href":"https:\/\/met-industry.hu\/en\/wp-json\/wp\/v2\/product\/365644\/revisions\/365674"}],"wp:featuredmedia":[{"embeddable":true,"href":"https:\/\/met-industry.hu\/en\/wp-json\/wp\/v2\/media\/354758"}],"wp:attachment":[{"href":"https:\/\/met-industry.hu\/en\/wp-json\/wp\/v2\/media?parent=365644"}],"wp:term":[{"taxonomy":"product_brand","embeddable":true,"href":"https:\/\/met-industry.hu\/en\/wp-json\/wp\/v2\/product_brand?post=365644"},{"taxonomy":"product_cat","embeddable":true,"href":"https:\/\/met-industry.hu\/en\/wp-json\/wp\/v2\/product_cat?post=365644"},{"taxonomy":"product_tag","embeddable":true,"href":"https:\/\/met-industry.hu\/en\/wp-json\/wp\/v2\/product_tag?post=365644"}],"curies":[{"name":"wp","href":"https:\/\/api.w.org\/{rel}","templated":true}]}}