{"id":365641,"date":"1970-01-01T00:00:00","date_gmt":"1969-12-31T22:00:00","guid":{"rendered":"https:\/\/staging.met-industry.hu\/?post_type=product&#038;p=365641"},"modified":"2026-05-07T11:29:07","modified_gmt":"2026-05-07T09:29:07","slug":"uas-universal-activation-system","status":"publish","type":"product","link":"https:\/\/met-industry.hu\/en\/uzlet\/uas-universal-activation-system\/","title":{"rendered":"Univerz\u00e1lis aktiv\u00e1l\u00e1si rendszer UAS DSPA"},"content":{"rendered":"<p>The DSPA Universal Activation System is a standalone, easily integrable system capable of simultaneously controlling, monitoring, and activating up to 400 DSPA condensed aerosol generators, regardless of the connected control panel. It is designed to ensure seamless integration between DSPA condensed aerosol generators and fire alarm control panels, enabling the use of locally known and familiar equipment to build a complete extinguishing system. The system consists of DSPA UAS Controllers (100850) and DSPA UAS Repeaters (100851). It features advanced monitoring functions for wire break and short circuit, a Test Mode function for installation\/commissioning, and LED indicators for status reporting. It comes with an EN-54 compliant power supply and battery backup, but can also be powered by the auxiliary power output of the release panel. Key features include applicability to any panel, line supervision, system test mode, an operating range between -40 and +85\u00baC, and enclosures with IP65 (Controller) and IP67 (Repeater) protection ratings.<\/p>","protected":false},"excerpt":{"rendered":"<p>The DSPA Universal Activation System is a standalone, easily integrable system capable of simultaneous control, monitoring, and activation of up to 400 DSPA condensed aerosol generators, regardless of the connected operator panel.<\/p>","protected":false},"featured_media":343963,"comment_status":"open","ping_status":"closed","template":"","meta":[],"product_brand":[13677],"product_cat":[19396,19398,19399],"product_tag":[],"class_list":{"0":"post-365641","1":"product","2":"type-product","3":"status-publish","4":"has-post-thumbnail","6":"product_brand-dspa","7":"product_cat-tuzvedelem","8":"product_cat-aeroszolos-egysegek","9":"product_cat-tuzvedelmi-keszletek","11":"first","12":"instock","13":"shipping-taxable","14":"product-type-simple"},"_links":{"self":[{"href":"https:\/\/met-industry.hu\/en\/wp-json\/wp\/v2\/product\/365641","targetHints":{"allow":["GET"]}}],"collection":[{"href":"https:\/\/met-industry.hu\/en\/wp-json\/wp\/v2\/product"}],"about":[{"href":"https:\/\/met-industry.hu\/en\/wp-json\/wp\/v2\/types\/product"}],"replies":[{"embeddable":true,"href":"https:\/\/met-industry.hu\/en\/wp-json\/wp\/v2\/comments?post=365641"}],"version-history":[{"count":2,"href":"https:\/\/met-industry.hu\/en\/wp-json\/wp\/v2\/product\/365641\/revisions"}],"predecessor-version":[{"id":378224,"href":"https:\/\/met-industry.hu\/en\/wp-json\/wp\/v2\/product\/365641\/revisions\/378224"}],"wp:featuredmedia":[{"embeddable":true,"href":"https:\/\/met-industry.hu\/en\/wp-json\/wp\/v2\/media\/343963"}],"wp:attachment":[{"href":"https:\/\/met-industry.hu\/en\/wp-json\/wp\/v2\/media?parent=365641"}],"wp:term":[{"taxonomy":"product_brand","embeddable":true,"href":"https:\/\/met-industry.hu\/en\/wp-json\/wp\/v2\/product_brand?post=365641"},{"taxonomy":"product_cat","embeddable":true,"href":"https:\/\/met-industry.hu\/en\/wp-json\/wp\/v2\/product_cat?post=365641"},{"taxonomy":"product_tag","embeddable":true,"href":"https:\/\/met-industry.hu\/en\/wp-json\/wp\/v2\/product_tag?post=365641"}],"curies":[{"name":"wp","href":"https:\/\/api.w.org\/{rel}","templated":true}]}}