{"id":365448,"date":"1970-01-01T00:00:00","date_gmt":"1969-12-31T22:00:00","guid":{"rendered":"https:\/\/staging.met-industry.hu\/?post_type=product&#038;p=365448"},"modified":"2026-04-29T12:42:42","modified_gmt":"2026-04-29T10:42:42","slug":"pt20-cpu","status":"publish","type":"product","link":"https:\/\/met-industry.hu\/en\/uzlet\/pt20-cpu\/","title":{"rendered":"PT20\u2122 CPU"},"content":{"rendered":"<p># Intercomp RFX\u00ae Wireless CPU M\u00e9rlegvez\u00e9rl\u0151 (PT20\u2122 CPU)<\/p>\n<p>The Intercomp RFX\u00ae Wireless CPU, also known as the PT20\u2122 CPU, is a state-of-the-art, wireless data processing unit specifically designed for controlling and collecting data from high-precision measurement systems, especially Axle Weighbridges and Airport Scales. This central unit offers a combination of wireless technology and robust measurement functions, ensuring fast, accurate, and reliable weighing in various industrial and aerospace applications.<\/p>\n<p>The PT20\u2122 CPU is an integral part of the RFX\u00ae wireless platform, enabling real-time, interference-free transmission of data originating from the load cells. This system is ideal for environments where cabling would pose an obstruction, or where quick setup and flexibility are essential.<\/p>\n<p>## Main Features and Advantages<\/p>\n<p>The PT20\u2122 CPU is designed to meet the strictest measurement requirements while providing a user-friendly interface.<\/p>\n<p>* **Vezet\u00e9k N\u00e9lk\u00fcli Kapcsolat:** Az RFX\u00ae technol\u00f3gia stabil, titkos\u00edtott vezet\u00e9k n\u00e9lk\u00fcli kommunik\u00e1ci\u00f3t biztos\u00edt a m\u00e9r\u0151cell\u00e1kkal (pl.: ker\u00e9kterhel\u00e9s-m\u00e9r\u0151kkel, emel\u0151m\u00e9r\u0151kkel), kik\u00fcsz\u00f6b\u00f6lve a k\u00e1belek okozta balesetvesz\u00e9lyt \u00e9s a telep\u00edt\u00e9si neh\u00e9zs\u00e9geket.<br \/>\n* **Nagy Pontoss\u00e1g\u00fa Adatfeldolgoz\u00e1s:** K\u00e9pes fogadni \u00e9s feldolgozni a nagy felbont\u00e1s\u00fa jeleket a maxim\u00e1lis pontoss\u00e1g \u00e9rdek\u00e9ben, ami elengedhetetlen a rep\u00fcl\u00e9stechnikai s\u00faly- \u00e9s egyens\u00falysz\u00e1m\u00edt\u00e1sokhoz \u00e9s a j\u00e1rm\u0171ipari terhel\u00e9s-ellen\u0151rz\u00e9si feladatokhoz.<br \/>\n* **Modul\u00e1ris Kompatibilit\u00e1s:** Sz\u00e9les sk\u00e1l\u00e1j\u00fa Intercomp m\u00e9r\u0151eszk\u00f6z\u00f6kkel kompatibilis, bele\u00e9rtve a ker\u00e9k- \u00e9s tengelyterhel\u00e9s-m\u00e9rlegeket (pl. PT300\u2122, LP600\u2122), az emel\u0151m\u00e9r\u0151 k\u00e9szleteket (Jack Weigh Kits), valamint a rep\u00fcl\u0151g\u00e9p platformm\u00e9rlegeket (AC sorozat).<br \/>\n* **Robusztus Kivitel:** \u00dagy \u00e9p\u00edtett\u00e9k, hogy ellen\u00e1lljon a zord ipari \u00e9s k\u00fclt\u00e9ri k\u00f6r\u00fclm\u00e9nyeknek, biztos\u00edtva a megb\u00edzhat\u00f3 m\u0171k\u00f6d\u00e9st a legv\u00e1ltozatosabb helysz\u00edneken.<br \/>\n* **Adatkezel\u00e9si Funkci\u00f3k:** Lehet\u0151v\u00e9 teszi a s\u00falyadatok t\u00e1rol\u00e1s\u00e1t, megjelen\u00edt\u00e9s\u00e9t \u00e9s export\u00e1l\u00e1s\u00e1t, t\u00e1mogatva a k\u00e9s\u0151bbi elemz\u00e9seket \u00e9s a megfelel\u0151s\u00e9gi dokument\u00e1ci\u00f3t.<\/p>\n<p>## M\u0171szaki Specifik\u00e1ci\u00f3k (PT20\u2122 CPU)<\/p>\n<p>Although the precise, complete specification list can be found in the manual supplied with the product, the table below summarizes the key technical parameters characterizing the PT20\u2122 CPU:<\/p>\n<p>| Parameter | Description \/ Value | Note |<br \/>\n| :&#8212; | :&#8212; | :&#8212; |<br \/>\n| **Modell Azonos\u00edt\u00f3** | RFX\u00ae Vezet\u00e9k n\u00e9lk\u00fcli CPU \/ PT20\u2122 CPU | A term\u00e9k hivatalos megnevez\u00e9se. |<br \/>\n| **Kommunik\u00e1ci\u00f3** | Vezet\u00e9k n\u00e9lk\u00fcli (RFX\u00ae technol\u00f3gia) | Interferenciamentes, titkos\u00edtott adat\u00e1tvitel. |<br \/>\n| **Kompatibilis M\u00e9rlegek** | Ker\u00e9k\/Tengely, Platform, Emel\u0151m\u00e9r\u0151k | Sz\u00e9lesk\u00f6r\u0171 kompatibilit\u00e1s az Intercomp rendszerekkel. |<br \/>\n| **Alkalmaz\u00e1si Ter\u00fcletek** | J\u00e1rm\u0171ipari, Rep\u00fcl\u00e9stechnikai, Ipari | Sokoldal\u00fa felhaszn\u00e1lhat\u00f3s\u00e1g. |<br \/>\n| **Kijelz\u0151 T\u00edpus** | (Integr\u00e1lt vagy k\u00fcls\u0151 kijelz\u0151vel m\u0171k\u00f6dik) | A CPU az adatok fogad\u00e1s\u00e1\u00e9rt \u00e9s feldolgoz\u00e1s\u00e1\u00e9rt felel. |<br \/>\n| **Adatgy\u0171jt\u00e9s** | Igen | Lehet\u0151s\u00e9g a m\u00e9r\u00e9si adatok r\u00f6gz\u00edt\u00e9s\u00e9re. |<br \/>\n| **Energiaell\u00e1t\u00e1s** | Akkumul\u00e1toros \/ H\u00e1l\u00f3zati (Konfigur\u00e1ci\u00f3t\u00f3l f\u00fcgg\u0151en) | A vezet\u00e9k n\u00e9lk\u00fcli m\u0171k\u00f6d\u00e9shez optimaliz\u00e1lt energiafogyaszt\u00e1s. |<\/p>\n<p>## Application Areas Detailed<\/p>\n<p>The PT20\u2122 CPU systems provide outstanding performance in the following areas:<\/p>\n<p>### 1. J\u00e1rm\u0171ipari \u00e9s Teherforgalmi Alkalmaz\u00e1sok<\/p>\n<p>The PT20\u2122 CPU is the ideal accessory for portable wheel and axle weighing systems, which are essential for adhering to central regulations and optimizing vehicle loads.<\/p>\n<p>* **Hordozhat\u00f3 M\u00e9rlegek:** Kompatibilis olyan rendszerekkel, mint az LTR788\u2122 (kett\u0151s ker\u00e9kterhel\u00e9s-m\u00e9r\u0151) vagy a PT300\u2122 ker\u00e9kterhel\u00e9s-m\u00e9r\u0151, lehet\u0151v\u00e9 t\u00e9ve a gyors helysz\u00edni m\u00e9r\u00e9seket.<br \/>\n* **Tengelyterhel\u00e9s M\u00e9r\u00e9s:** Pontos s\u00falyadatokat szolg\u00e1ltat a tengelyterhel\u00e9s ellen\u0151rz\u00e9s\u00e9hez, seg\u00edtve a fuvaroz\u00f3kat a t\u00fals\u00faly elker\u00fcl\u00e9s\u00e9ben \u00e9s a b\u00edrs\u00e1gok megel\u0151z\u00e9s\u00e9ben.<br \/>\n* **Weigh-In-Motion (WIM) Rendszerek:** B\u00e1r els\u0151sorban statikus m\u00e9r\u00e9sekhez haszn\u00e1lj\u00e1k, az RFX\u00ae CPU integr\u00e1lhat\u00f3 alacsony sebess\u00e9g\u0171 WIM rendszerekkel (pl.: LS630-WIM\u2122), ahol a vezet\u00e9k n\u00e9lk\u00fcli adat\u00e1tvitel n\u00f6veli a rugalmass\u00e1got.<br \/>\n* **Kereskedelmi Flott\u00e1k \u00e9s \u00c9p\u00edtkez\u00e9sek:** Seg\u00edti a rakom\u00e1nyok pontos eloszt\u00e1s\u00e1t, optimaliz\u00e1lva a j\u00e1rm\u0171vek stabilit\u00e1s\u00e1t \u00e9s \u00e9lettartam\u00e1t.<\/p>\n<p>### 2. Rep\u00fcl\u00e9stechnikai S\u00faly- \u00e9s Egyens\u00falyoz\u00e1s<\/p>\n<p>In the aviation sector, precision is not just a requirement, but a safety mandate. The PT20\u2122 CPU plays a key role in determining aircraft weight and center of gravity.<\/p>\n<p>* **Platform M\u00e9rlegek (Aircraft Platform Scales):** A CPU k\u00f6zvetlen\u00fcl kommunik\u00e1l az olyan platformm\u00e9rlegekkel, mint az AC15-LP\u2122 vagy az AC60-LP\u2122, biztos\u00edtva a sz\u00e1rnyak, a f\u0151fut\u00f3k \u00e9s az orrfut\u00f3 s\u00faly\u00e1nak prec\u00edz m\u00e9r\u00e9s\u00e9t.<br \/>\n* **Emel\u0151m\u00e9r\u0151 K\u00e9szletek (Jack Weigh Kits):** Az RFX\u00ae vezet\u00e9k n\u00e9lk\u00fcli technol\u00f3gia lehet\u0151v\u00e9 teszi az AC100\u2122 vagy EZ RFX\u00ae Jack Weigh k\u00e9szletek haszn\u00e1lat\u00e1t an\u00e9lk\u00fcl, hogy a m\u00e9r\u0151cell\u00e1k k\u00e1belei akad\u00e1lyozn\u00e1k a munk\u00e1t a szerviz\u00e1llv\u00e1nyok k\u00f6r\u00fcl.<br \/>\n* **S\u00faly- \u00e9s Egyens\u00faly Sz\u00e1m\u00edt\u00e1sok:** A gy\u0171jt\u00f6tt adatok alapj\u00e1n a CPU vagy a hozz\u00e1 kapcsol\u00f3d\u00f3 szoftver (pl. ACWeigh\u2122) azonnal kisz\u00e1m\u00edtja a s\u00falypontot, seg\u00edtve a pil\u00f3t\u00e1kat \u00e9s a f\u00f6ldi szem\u00e9lyzetet a biztons\u00e1gos rep\u00fcl\u00e9si param\u00e9terek be\u00e1ll\u00edt\u00e1s\u00e1ban.<\/p>\n<p>## A Vezet\u00e9k N\u00e9lk\u00fcli Technol\u00f3gia El\u0151nyei a PT20\u2122 CPU Eset\u00e9ben<\/p>\n<p>The integration of the RFX\u00ae wireless system into the PT20\u2122 CPU provides significant operational advantages:<\/p>\n<p>1. **Gyors Telep\u00edt\u00e9s:** A m\u00e9r\u0151cell\u00e1k gyorsan elhelyezhet\u0151k a j\u00e1rm\u0171 vagy rep\u00fcl\u0151g\u00e9p al\u00e1, \u00e9s azonnal csatlakoznak a k\u00f6zponti CPU-hoz, drasztikusan cs\u00f6kkentve a be\u00e1ll\u00edt\u00e1si id\u0151t.<br \/>\n2. **Biztons\u00e1g:** A k\u00e1belek hi\u00e1nya minimaliz\u00e1lja a botl\u00e1svesz\u00e9lyt a munkater\u00fcleten, ami k\u00fcl\u00f6n\u00f6sen fontos zs\u00fafolt rep\u00fcl\u0151tereken vagy karbantart\u00f3 hang\u00e1rokban.<br \/>\n3. **Interferencia Kezel\u00e9s:** Az RFX\u00ae protokoll fejlett titkos\u00edt\u00e1st \u00e9s frekvenciaugr\u00e1st haszn\u00e1l, hogy biztos\u00edtsa a tiszta jeltov\u00e1bb\u00edt\u00e1st m\u00e9g nagy elektrom\u00e1gneses zajjal rendelkez\u0151 k\u00f6rnyezetben is.<br \/>\n4. **Hordozhat\u00f3s\u00e1g \u00e9s Rugalmass\u00e1g:** A PT20\u2122 CPU k\u00f6nnyen mozgathat\u00f3 a k\u00fcl\u00f6nb\u00f6z\u0151 m\u00e9r\u00e9si helysz\u00ednek k\u00f6z\u00f6tt, mik\u00f6zben fenntartja a kapcsolatot a t\u00e1vol elhelyezett m\u00e9r\u0151cell\u00e1kkal.<\/p>\n<p>## Szoftver \u00e9s Adatkezel\u00e9s<\/p>\n<p>The PT20\u2122 CPU is not just a data collector; it is an intelligent processing unit. While precise software integration depends on the specific application (e.g., aerospace ACWeigh\u2122 or vehicle applications), the basic functions of the CPU include:<\/p>\n<p>* **Val\u00f3s Idej\u0171 Megjelen\u00edt\u00e9s:** A s\u00faly\u00e9rt\u00e9kek azonnali friss\u00edt\u00e9se a csatlakoztatott kijelz\u0151n.<br \/>\n* **Null\u00e1z\u00e1s \u00e9s T\u00e1ra:** Lehet\u0151s\u00e9g a m\u00e9r\u0151cell\u00e1k null\u00e1z\u00e1s\u00e1ra vagy a j\u00e1rm\u0171\/tart\u00e1ly s\u00faly\u00e1nak kivon\u00e1s\u00e1ra (t\u00e1ram\u00e9r\u00e9s).<br \/>\n* **Adatnapl\u00f3z\u00e1s:** A m\u00e9r\u00e9si ciklusok r\u00f6gz\u00edt\u00e9se id\u0151b\u00e9lyeggel, ami elengedhetetlen a min\u0151s\u00e9gbiztos\u00edt\u00e1si \u00e9s megfelel\u0151s\u00e9gi auditokhoz.<\/p>\n<p>The Intercomp RFX\u00ae Wireless CPU (PT20\u2122 CPU) represents the pinnacle of modern measurement technology, combining wireless freedom with the reliability of precision industrial measurements.<\/p>","protected":false},"excerpt":{"rendered":"<p>Intercomp RFX\u00ae Wireless CPU (PT20\u2122 CPU) a state-of-the-art, wireless data processing unit for weighing systems. Reliable data handling.<\/p>","protected":false},"featured_media":347278,"template":"","meta":[],"product_brand":[13685],"product_cat":[12998],"product_tag":[19450],"class_list":{"0":"post-365448","1":"product","2":"type-product","3":"status-publish","4":"has-post-thumbnail","6":"product_brand-intercompcompany","7":"product_cat-egyeb-termekek","8":"product_tag-intercomp-megoldasok-osszes","10":"first","11":"instock","12":"shipping-taxable","13":"product-type-simple"},"_links":{"self":[{"href":"https:\/\/met-industry.hu\/en\/wp-json\/wp\/v2\/product\/365448","targetHints":{"allow":["GET"]}}],"collection":[{"href":"https:\/\/met-industry.hu\/en\/wp-json\/wp\/v2\/product"}],"about":[{"href":"https:\/\/met-industry.hu\/en\/wp-json\/wp\/v2\/types\/product"}],"version-history":[{"count":1,"href":"https:\/\/met-industry.hu\/en\/wp-json\/wp\/v2\/product\/365448\/revisions"}],"predecessor-version":[{"id":373261,"href":"https:\/\/met-industry.hu\/en\/wp-json\/wp\/v2\/product\/365448\/revisions\/373261"}],"wp:featuredmedia":[{"embeddable":true,"href":"https:\/\/met-industry.hu\/en\/wp-json\/wp\/v2\/media\/347278"}],"wp:attachment":[{"href":"https:\/\/met-industry.hu\/en\/wp-json\/wp\/v2\/media?parent=365448"}],"wp:term":[{"taxonomy":"product_brand","embeddable":true,"href":"https:\/\/met-industry.hu\/en\/wp-json\/wp\/v2\/product_brand?post=365448"},{"taxonomy":"product_cat","embeddable":true,"href":"https:\/\/met-industry.hu\/en\/wp-json\/wp\/v2\/product_cat?post=365448"},{"taxonomy":"product_tag","embeddable":true,"href":"https:\/\/met-industry.hu\/en\/wp-json\/wp\/v2\/product_tag?post=365448"}],"curies":[{"name":"wp","href":"https:\/\/api.w.org\/{rel}","templated":true}]}}