{"id":365411,"date":"1970-01-01T00:00:00","date_gmt":"1969-12-31T22:00:00","guid":{"rendered":"https:\/\/staging.met-industry.hu\/?post_type=product&#038;p=365411"},"modified":"2026-04-29T12:42:38","modified_gmt":"2026-04-29T10:42:38","slug":"pt300-kerekmerleg-katonai-jarmuvekhez","status":"publish","type":"product","link":"https:\/\/met-industry.hu\/en\/uzlet\/pt300-kerekmerleg-katonai-jarmuvekhez\/","title":{"rendered":"PT300\u2122 Wheel Load Scales for the Military"},"content":{"rendered":"<p># PT300\u2122 Hordozhat\u00f3 Ker\u00e9km\u00e9rleg Katonai J\u00e1rm\u0171vekhez<\/p>\n<p>The Intercomp PT300\u2122 wheel load scale is excellently suited for the precise axle and gross weight measurement of military vehicles, whether for rapid field checks or base operations calibration. This robust, portable weighing system is designed to meet military specifications, ensuring reliability and high accuracy even in the harshest environments.<\/p>\n<p>The PT300\u2122 system offers an ideal solution for verifying vehicle load, optimizing weight distribution, and guaranteeing compliance with legal and tactical requirements.<\/p>\n<p>## Main Features and Advantages<\/p>\n<p>The PT300\u2122 series has been developed keeping in mind the special requirements of military applications:<\/p>\n<p>* **Katonai Min\u0151s\u00e9g\u0171 Kivitel:** A m\u00e9r\u0151egys\u00e9gek (platformok) rendk\u00edv\u00fcl strapab\u00edr\u00f3ak, ellen\u00e1llnak a sz\u00e9ls\u0151s\u00e9ges h\u0151m\u00e9rs\u00e9kleti viszonyoknak, a vibr\u00e1ci\u00f3nak \u00e9s a mechanikai ig\u00e9nybev\u00e9telnek.<br \/>\n* **Nagy Pontoss\u00e1g:** A rendszer rendk\u00edv\u00fcl pontos m\u00e9r\u00e9seket biztos\u00edt, ami elengedhetetlen a j\u00e1rm\u0171vek biztons\u00e1gos \u00fczemeltet\u00e9s\u00e9hez \u00e9s a terhel\u00e9si korl\u00e1toz\u00e1sok betart\u00e1s\u00e1hoz.<br \/>\n* **Hordozhat\u00f3s\u00e1g \u00e9s Gyors Telep\u00edt\u00e9s:** A k\u00f6nny\u0171 kialak\u00edt\u00e1snak k\u00f6sz\u00f6nhet\u0151en a m\u00e9rlegek gyorsan telep\u00edthet\u0151k \u00e9s mozgathat\u00f3k a k\u00fcl\u00f6nb\u00f6z\u0151 helysz\u00ednek k\u00f6z\u00f6tt, minimaliz\u00e1lva a le\u00e1ll\u00e1si id\u0151t.<br \/>\n* **Vezet\u00e9k n\u00e9lk\u00fcli Kommunik\u00e1ci\u00f3:** A platformok \u00e9s a kijelz\u0151 egys\u00e9g k\u00f6z\u00f6tti vezet\u00e9k n\u00e9lk\u00fcli kapcsolat (amennyiben a konfigur\u00e1ci\u00f3 ezt t\u00e1mogatja) megk\u00f6nny\u00edti a kezel\u00e9st \u00e9s cs\u00f6kkenti a k\u00e1belez\u00e9ssel j\u00e1r\u00f3 kock\u00e1zatokat.<br \/>\n* **Integr\u00e1lt Funkci\u00f3k:** A rendszer k\u00e9pes az egyedi ker\u00e9kt\u00f6megek, tengelyterhel\u00e9sek \u00e9s a teljes j\u00e1rm\u0171 \u00f6sszt\u00f6meg\u00e9nek megjelen\u00edt\u00e9s\u00e9re \u00e9s r\u00f6gz\u00edt\u00e9s\u00e9re.<\/p>\n<p>## M\u0171szaki Specifik\u00e1ci\u00f3k (PT300\u2122 Katonai V\u00e1ltozat)<\/p>\n<p>The specifications of the PT300\u2122 system have been designed in accordance with military standards. Precise data may vary depending on the configuration, but the table below summarizes typical parameters:<\/p>\n<p>| Parameter | Specification | Notes |<br \/>\n| :&#8212; | :&#8212; | :&#8212; |<br \/>\n| **M\u00e9r\u00e9si Kapacit\u00e1s (Platformonk\u00e9nt)** | V\u00e1ltoz\u00f3, \u00e1ltal\u00e1ban 15,000 kg (30,000 lbs) vagy magasabb | A pontos kapacit\u00e1s a konkr\u00e9t modellv\u00e1ltozatt\u00f3l f\u00fcgg. |<br \/>\n| **Pontoss\u00e1g** | \u00b1 0.1% a teljes sk\u00e1l\u00e1n | Rendk\u00edv\u00fcl magas pontoss\u00e1g a kritikus m\u00e9r\u00e9sekhez. |<br \/>\n| **Kijelz\u00e9s** | 1 kg (2 lbs) vagy jobb | |<br \/>\n| **Platform M\u00e9retek** | Kifejezetten katonai j\u00e1rm\u0171vekhez optimaliz\u00e1lt sz\u00e9less\u00e9g \u00e9s hossz\u00fas\u00e1g | Kialak\u00edtva a sz\u00e9lesebb gumik \u00e9s a nagy teherb\u00edr\u00e1s\u00fa fut\u00f3m\u0171vek fogad\u00e1s\u00e1ra. |<br \/>\n| **Kijelz\u0151 Egys\u00e9g** | Nagy felbont\u00e1s\u00fa digit\u00e1lis kijelz\u0151 (opcion\u00e1lisan \u00e9rint\u0151k\u00e9perny\u0151s) | Lehet\u0151s\u00e9g van vezet\u00e9k n\u00e9lk\u00fcli (RFX\u00ae) vagy k\u00e1beles kapcsolatra. |<br \/>\n| **M\u0171k\u00f6d\u00e9si H\u0151m\u00e9rs\u00e9klet** | Sz\u00e9les tartom\u00e1nyban (-40\u00b0C-t\u00f3l +60\u00b0C-ig) | Katonai k\u00f6rnyezeti felt\u00e9teleknek megfelel\u0151en. |<br \/>\n| **V\u00e9detts\u00e9g** | IP besorol\u00e1s (por- \u00e9s v\u00edz\u00e1ll\u00f3s\u00e1g) | A platformok \u00e9s a kijelz\u0151 ellen\u00e1llnak a zord id\u0151j\u00e1r\u00e1si viszonyoknak. |<br \/>\n| **Anyag** | Nagy szil\u00e1rds\u00e1g\u00fa alum\u00ednium vagy ac\u00e9l \u00f6tv\u00f6zetek | Maxim\u00e1lis tart\u00f3ss\u00e1g \u00e9s minim\u00e1lis s\u00faly. |<br \/>\n| **T\u00e1pell\u00e1t\u00e1s** | \u00dajrat\u00f6lthet\u0151 akkumul\u00e1torok vagy k\u00fcls\u0151 12V\/24V DC forr\u00e1s | Hossz\u00fa \u00fczemid\u0151 biztos\u00edt\u00e1sa terepi haszn\u00e1lat eset\u00e9n. |<br \/>\n| **Kommunik\u00e1ci\u00f3** | Opcion\u00e1lisan RS-232, USB, vagy vezet\u00e9k n\u00e9lk\u00fcli | Adatgy\u0171jt\u00e9si \u00e9s integr\u00e1ci\u00f3s lehet\u0151s\u00e9gek. |<\/p>\n<p>## A PT300\u2122 Alkalmaz\u00e1si Ter\u00fcletei a Katonai Szektorban<\/p>\n<p>The PT300\u2122 wheel weigh system is extremely versatile and plays a key role in military logistics and technical support:<\/p>\n<p>1. **Taktikai Terhel\u00e9s Ellen\u0151rz\u00e9s:** Gyors s\u00falym\u00e9r\u00e9s a bevet\u00e9s el\u0151tt \u00e9s ut\u00e1n, biztos\u00edtva, hogy a j\u00e1rm\u0171vek ne legyenek t\u00fals\u00falyosak, ami kritikus a mobilit\u00e1s \u00e9s a biztons\u00e1g szempontj\u00e1b\u00f3l.<br \/>\n2. **Tengelyterhel\u00e9s Monitoroz\u00e1s:** Pontos adatok gy\u0171jt\u00e9se az egyes tengelyek terhel\u00e9s\u00e9r\u0151l, ami elengedhetetlen a j\u00e1rm\u0171vek stabilit\u00e1s\u00e1nak fenntart\u00e1s\u00e1hoz egyenetlen terepen.<br \/>\n3. **Logisztikai Eloszt\u00e1s:** A sz\u00e1ll\u00edtm\u00e1nyok pontos s\u00faly\u00e1nak meghat\u00e1roz\u00e1sa a hat\u00e9kony er\u0151forr\u00e1s-gazd\u00e1lkod\u00e1s \u00e9rdek\u00e9ben.<br \/>\n4. **Karbantart\u00e1s \u00e9s Kalibr\u00e1ci\u00f3:** A j\u00e1rm\u0171vek felf\u00fcggeszt\u00e9si rendszereinek ellen\u0151rz\u00e9se \u00e9s be\u00e1ll\u00edt\u00e1sa a m\u00e9rt ker\u00e9kt\u00f6megek alapj\u00e1n.<br \/>\n5. **K\u00fcl\u00f6nleges J\u00e1rm\u0171vek M\u00e9r\u00e9se:** K\u00e9pes kezelni a sz\u00e9les gumikkal szerelt (PT300DW\u2122 opci\u00f3val) vagy speci\u00e1lis fut\u00f3m\u0171vel rendelkez\u0151 katonai eszk\u00f6z\u00f6ket.<\/p>\n<p>## Kijelz\u0151 \u00e9s Adatkezel\u00e9s<\/p>\n<p>The system's display unit (indicator) ensures user-friendly operation and reliable data recording.<\/p>\n<p>* **T\u00f6bbfunkci\u00f3s Kijelz\u0151:** Val\u00f3s idej\u0171 kijelz\u00e9s a bal\/jobb ker\u00e9k s\u00faly\u00e1r\u00f3l, az els\u0151\/h\u00e1ts\u00f3 tengely s\u00faly\u00e1r\u00f3l, valamint a teljes j\u00e1rm\u0171 s\u00faly\u00e1r\u00f3l.<br \/>\n* **Mem\u00f3ria Funkci\u00f3:** K\u00e9pes t\u00e1rolni t\u00f6bb j\u00e1rm\u0171 s\u00falyadatait, bele\u00e9rtve a d\u00e1tumot \u00e9s azonos\u00edt\u00f3t, megk\u00f6nny\u00edtve az ut\u00f3lagos audit\u00e1l\u00e1st.<br \/>\n* **Egys\u00e9gv\u00e1laszt\u00e1s:** Lehet\u0151s\u00e9g van metrikus (kg) vagy amerikai (lbs) m\u00e9rt\u00e9kegys\u00e9gek k\u00f6z\u00f6tti v\u00e1lt\u00e1sra.<br \/>\n* **K\u00f6nny\u0171 Integr\u00e1ci\u00f3:** A kimeneti portokon kereszt\u00fcl az adatok \u00e1tvihet\u0151k k\u00fcls\u0151 adatb\u00e1zisokba vagy j\u00e1rm\u0171-diagnosztikai rendszerekbe.<\/p>\n<p>## A PT300\u2122 Rendszer El\u0151nyei a Versenyt\u00e1rsakkal Szemben<\/p>\n<p>The Intercomp PT300\u2122 series is specifically optimized for military and heavy industrial use, distinguishing it from commercial-grade scales:<\/p>\n<p>* **Robusztuss\u00e1g:** A platformok kialak\u00edt\u00e1sa garant\u00e1lja a hossz\u00fa \u00e9lettartamot m\u00e9g durva, karbantart\u00e1s n\u00e9lk\u00fcli k\u00f6rnyezetben is.<br \/>\n* **Alacsony Profil:** A rendk\u00edv\u00fcl alacsony profil\u00fa kialak\u00edt\u00e1s megk\u00f6nny\u00edti a j\u00e1rm\u0171vek felhajt\u00e1s\u00e1t, k\u00fcl\u00f6n\u00f6sen alacsony hasmagass\u00e1g\u00fa vagy p\u00e1nc\u00e9lozott j\u00e1rm\u0171vek eset\u00e9ben.<br \/>\n* **Modul\u00e1ris Kialak\u00edt\u00e1s:** A rendszer k\u00f6nnyen b\u0151v\u00edthet\u0151 vagy jav\u00edthat\u00f3, mivel a platformok \u00e9s a kijelz\u0151k f\u00fcggetlen egys\u00e9gekk\u00e9nt funkcion\u00e1lnak.<\/p>\n<p>This portable wheel scale offers the perfect alloy of reliability, precision, and the durability required for military applications.<\/p>","protected":false},"excerpt":{"rendered":"<p>Intercomp PT300\u2122 wheel load scale ideal for precise axle and gross weight measurement of military vehicles, as well as for rapid field checks.<\/p>","protected":false},"featured_media":347329,"template":"","meta":[],"product_brand":[13685],"product_cat":[12998],"product_tag":[19450],"class_list":{"0":"post-365411","1":"product","2":"type-product","3":"status-publish","4":"has-post-thumbnail","6":"product_brand-intercompcompany","7":"product_cat-egyeb-termekek","8":"product_tag-intercomp-megoldasok-osszes","10":"first","11":"instock","12":"shipping-taxable","13":"product-type-simple"},"_links":{"self":[{"href":"https:\/\/met-industry.hu\/en\/wp-json\/wp\/v2\/product\/365411","targetHints":{"allow":["GET"]}}],"collection":[{"href":"https:\/\/met-industry.hu\/en\/wp-json\/wp\/v2\/product"}],"about":[{"href":"https:\/\/met-industry.hu\/en\/wp-json\/wp\/v2\/types\/product"}],"version-history":[{"count":1,"href":"https:\/\/met-industry.hu\/en\/wp-json\/wp\/v2\/product\/365411\/revisions"}],"predecessor-version":[{"id":373254,"href":"https:\/\/met-industry.hu\/en\/wp-json\/wp\/v2\/product\/365411\/revisions\/373254"}],"wp:featuredmedia":[{"embeddable":true,"href":"https:\/\/met-industry.hu\/en\/wp-json\/wp\/v2\/media\/347329"}],"wp:attachment":[{"href":"https:\/\/met-industry.hu\/en\/wp-json\/wp\/v2\/media?parent=365411"}],"wp:term":[{"taxonomy":"product_brand","embeddable":true,"href":"https:\/\/met-industry.hu\/en\/wp-json\/wp\/v2\/product_brand?post=365411"},{"taxonomy":"product_cat","embeddable":true,"href":"https:\/\/met-industry.hu\/en\/wp-json\/wp\/v2\/product_cat?post=365411"},{"taxonomy":"product_tag","embeddable":true,"href":"https:\/\/met-industry.hu\/en\/wp-json\/wp\/v2\/product_tag?post=365411"}],"curies":[{"name":"wp","href":"https:\/\/api.w.org\/{rel}","templated":true}]}}