{"id":365402,"date":"1970-01-01T00:00:00","date_gmt":"1969-12-31T22:00:00","guid":{"rendered":"https:\/\/staging.met-industry.hu\/?post_type=product&#038;p=365402"},"modified":"2026-04-29T12:42:36","modified_gmt":"2026-04-29T10:42:36","slug":"awbs","status":"publish","type":"product","link":"https:\/\/met-industry.hu\/en\/uzlet\/awbs\/","title":{"rendered":"AWBS"},"content":{"rendered":"<p># Intercomp Rep\u00fcl\u0151g\u00e9p M\u00e9rlegrendszerek \u2013 Prec\u00edzi\u00f3s S\u00faly- \u00e9s Egyens\u00falyoz\u00e1si Megold\u00e1sok<\/p>\n<p>Intercomp Company offers a wide range of high-precision weighing systems for the aerospace sector, which are critical for safe operation, efficiency, and regulatory compliance. Our offer includes platform scales, systems operated by hydraulic jacks, and associated advanced displays and software, suitable for determining the weight and center of gravity of all types of aircraft \u2013 from smaller aircraft to high-capacity military and commercial planes.<\/p>\n<p>## F\u0151bb Term\u00e9kkateg\u00f3ri\u00e1k \u00e9s Alkalmaz\u00e1sok<\/p>\n<p>Intercomp aircraft scales meet the strictest industry requirements, whether for civil, military, or specialized eVTOL (electric vertical take-off and landing vehicle) applications.<\/p>\n<p>### 1. Rep\u00fcl\u0151g\u00e9p Platform M\u00e9rlegek<\/p>\n<p>These systems are ideal for the static weighing of the aircraft's main support points (main gears, nose gear), ensuring accurate axle and main weight distribution.<\/p>\n<p>**F\u0151bb Jellemz\u0151k:**<\/p>\n<p>* **Alacsony Profil\u00fa Kialak\u00edt\u00e1s:** K\u00f6nny\u0171 hozz\u00e1f\u00e9r\u00e9st \u00e9s gyors telep\u00edt\u00e9st tesz lehet\u0151v\u00e9, minimaliz\u00e1lva a talajmagass\u00e1got.<br \/>\n* **Nagy Kapacit\u00e1s:** K\u00fcl\u00f6nb\u00f6z\u0151 kapacit\u00e1s\u00fa modellek \u00e1llnak rendelkez\u00e9sre, a k\u00f6nny\u0171 m\u0171rep\u00fcl\u0151kt\u0151l a neh\u00e9z sz\u00e1ll\u00edt\u00f3 rep\u00fcl\u0151g\u00e9pekig.<br \/>\n* **Modul\u00e1ris Fel\u00e9p\u00edt\u00e9s:** Rugalmas konfigur\u00e1ci\u00f3t tesz lehet\u0151v\u00e9 a k\u00fcl\u00f6nb\u00f6z\u0151 fut\u00f3m\u0171 elrendez\u00e9sekhez.<\/p>\n<p>**El\u00e9rhet\u0151 Platform M\u00e9rleg Sorozatok:**<\/p>\n<p>| Sorozat | Jellemz\u0151 Kapacit\u00e1s | Alkalmaz\u00e1si Ter\u00fclet |<br \/>\n| :&#8212; | :&#8212; | :&#8212; |<br \/>\n| **AC15-LP\u2122** | Alacsony profil\u00fa, kisebb kapacit\u00e1s | K\u00f6nny\u0171 rep\u00fcl\u0151g\u00e9pek, kisebb \u00fczleti g\u00e9pek |<br \/>\n| **AC40-LP\u2122** | Alacsony profil\u00fa, k\u00f6zepes kapacit\u00e1s | K\u00f6zepes m\u00e9ret\u0171 utassz\u00e1ll\u00edt\u00f3k, region\u00e1lis g\u00e9pek |<br \/>\n| **AC60-LP\u2122** | Alacsony profil\u00fa, nagy kapacit\u00e1s | Nagyobb tehersz\u00e1ll\u00edt\u00f3k, sz\u00e9les t\u00f6rzs\u0171 rep\u00fcl\u0151g\u00e9pek |<br \/>\n| **AC30-60\u2122** | Nagy kapacit\u00e1s\u00fa, standard profil | Neh\u00e9z katonai \u00e9s tehersz\u00e1ll\u00edt\u00f3 rep\u00fcl\u0151g\u00e9pek |<br \/>\n| **ACII\u2122 Rendszer** | Teljes k\u00f6r\u0171 rep\u00fcl\u0151g\u00e9p m\u00e9rlegrendszer | \u00c1tfog\u00f3, integr\u00e1lt s\u00faly- \u00e9s egyens\u00falyoz\u00e1si megold\u00e1sok |<\/p>\n<p>### 2. Emel\u0151vel Kombin\u00e1lt M\u00e9r\u0151rendszerek<\/p>\n<p>Weighing systems integrated with hydraulic jacks enable the determination of the aircraft's total weight and center of gravity without having to remove the landing gear from the weighing platform. These kits are ideal for situations where platform weighing is not feasible.<\/p>\n<p>**F\u0151bb Jellemz\u0151k:**<\/p>\n<p>* **Pontos Emel\u00e9si Magass\u00e1g M\u00e9r\u00e9s:** A rendszer szinkroniz\u00e1lja az emel\u00e9si folyamatot a s\u00falyadatok r\u00f6gz\u00edt\u00e9s\u00e9vel.<br \/>\n* **Vezet\u00e9k n\u00e9lk\u00fcli Kommunik\u00e1ci\u00f3:** A modern k\u00e9szletek (pl.: RFX\u00ae) vezet\u00e9k n\u00e9lk\u00fcli jel\u00e1tvitelt biztos\u00edtanak a m\u00e9r\u0151cell\u00e1k \u00e9s a k\u00f6zponti CPU k\u00f6z\u00f6tt, n\u00f6velve a rugalmass\u00e1got a munkater\u00fcleten.<\/p>\n<p>**El\u00e9rhet\u0151 Jack Weigh Kitek:**<\/p>\n<p>* **Jack Weigh AC100\u2122 Kit:** Robusztus, megb\u00edzhat\u00f3 megold\u00e1s k\u00f6zepes \u00e9s nagy rep\u00fcl\u0151g\u00e9pekhez.<br \/>\n* **Jack Weigh EZ RFX\u00ae Kit:** Modern, vezet\u00e9k n\u00e9lk\u00fcli technol\u00f3gi\u00e1t alkalmaz\u00f3 k\u00e9szlet a gyors \u00e9s egyszer\u0171 telep\u00edt\u00e9s \u00e9rdek\u00e9ben.<\/p>\n<p>### 3. Kijelz\u0151k, Szoftverek \u00e9s Kieg\u00e9sz\u00edt\u0151k<\/p>\n<p>Advanced displays and data analysis software ensure measurement accuracy and user experience.<\/p>\n<p>**Kijelz\u0151k \u00e9s CPU-k:**<\/p>\n<p>* **TAC30\u2122 CPU (\u00c9rint\u0151k\u00e9perny\u0151s Indik\u00e1tor):** Intuit\u00edv felhaszn\u00e1l\u00f3i fel\u00fclet, amely megk\u00f6nny\u00edti a s\u00falyadatok bemenet\u00e9t, feldolgoz\u00e1s\u00e1t \u00e9s megjelen\u00edt\u00e9s\u00e9t.<br \/>\n* **RFX\u00ae Vezet\u00e9k N\u00e9lk\u00fcli K\u00e9zi Indik\u00e1tor:** Rugalmas, hordozhat\u00f3 kijelz\u0151, amely val\u00f3s idej\u0171 adatokat szolg\u00e1ltat a m\u00e9r\u0151cell\u00e1kt\u00f3l.<br \/>\n* **RFX\u00ae Vezet\u00e9k N\u00e9lk\u00fcli AC100\u2122 Rep\u00fcl\u0151g\u00e9p Sk\u00e1la CPU:** Speci\u00e1lisan az AC100\u2122 emel\u0151rendszerhez optimaliz\u00e1lt k\u00f6zponti egys\u00e9g.<\/p>\n<p>**Szoftver Megold\u00e1sok:**<\/p>\n<p>* **ACWeigh\u2122 Szoftver:** \u00c1tfog\u00f3 szoftver a s\u00faly- \u00e9s egyens\u00falyoz\u00e1si adatok r\u00f6gz\u00edt\u00e9s\u00e9re, t\u00e1rol\u00e1s\u00e1ra \u00e9s jelent\u00e9sek k\u00e9sz\u00edt\u00e9s\u00e9re.<br \/>\n* **iACWeigh\u2122:** Mobil eszk\u00f6z\u00f6kre optimaliz\u00e1lt alkalmaz\u00e1s a s\u00falyadatok kezel\u00e9s\u00e9re.<\/p>\n<p>### 4. Katonai Alkalmaz\u00e1sok<\/p>\n<p>Intercomp military scales are manufactured according to strict military specifications, ensuring reliability even in extreme conditions.<\/p>\n<p>**Katonai Platform M\u00e9rlegek:**<\/p>\n<p>* Platformos m\u00e9rlegek katonai rep\u00fcl\u0151g\u00e9pekhez.<br \/>\n* Jack Weigh Kitek katonai rep\u00fcl\u0151g\u00e9pekhez.<br \/>\n* Speci\u00e1lis szoftverek katonai rep\u00fcl\u0151g\u00e9pekhez.<\/p>\n<p>**Katonai J\u00e1rm\u0171 M\u00e9rlegek:**<\/p>\n<p>We also offer solutions for weighing military vehicles, including wheel load weighers and weight-in-motion systems:<\/p>\n<p>* **PT300\u2122 Katonai Ker\u00e9km\u00e9rleg:** Robusztus, hordozhat\u00f3 ker\u00e9km\u00e9rleg.<br \/>\n* **LP600\u2122 Alacsony Profil\u00fa Katonai Ker\u00e9km\u00e9rleg:** K\u00f6nnyen telep\u00edthet\u0151, nagy teherb\u00edr\u00e1s\u00fa megold\u00e1s.<br \/>\n* **LS630-WIM\u2122 Katonai Alacsony Sebess\u00e9g\u0171 S\u00faly-Sebess\u00e9g M\u00e9rleg:** Forgalom-ellen\u0151rz\u00e9sre \u00e9s gyors s\u00falym\u00e9r\u00e9sre.<br \/>\n* **AX900\u2122 Tengelym\u00e9r\u0151 Rendszerek Katonai Kivitelben.**<\/p>\n<p>### 5. K\u00e9pz\u00e9s \u00e9s Kalibr\u00e1l\u00e1s<\/p>\n<p>To maintain accuracy, Intercomp provides comprehensive support:<\/p>\n<p>* **Rep\u00fcl\u0151g\u00e9p S\u00faly- \u00e9s Egyens\u00falyoz\u00e1si K\u00e9pz\u00e9s:** Tan\u00fas\u00edtott k\u00e9pz\u00e9si programok a szem\u00e9lyzet sz\u00e1m\u00e1ra.<br \/>\n* **Rep\u00fcl\u0151g\u00e9p M\u00e9rleg Kalibr\u00e1l\u00f3 Rendszerek:**<br \/>\n* **CSM\u2122 Manu\u00e1lis Teszt\u00e1llv\u00e1ny:** Egyszer\u0171, megb\u00edzhat\u00f3 kalibr\u00e1ci\u00f3s eszk\u00f6z.<br \/>\n* **CSA\u2122 Automatikus Teszt\u00e1llv\u00e1ny:** Nagyobb pontoss\u00e1got \u00e9s automatiz\u00e1l\u00e1st biztos\u00edt\u00f3 kalibr\u00e1ci\u00f3s megold\u00e1s.<\/p>\n<p>## M\u0171szaki Specifik\u00e1ci\u00f3k \u00d6sszefoglal\u00e1sa (\u00c1ltal\u00e1nos Rep\u00fcl\u0151g\u00e9p M\u00e9rlegek)<\/p>\n<p>The table below summarizes the most important technical parameters that may characterize different aircraft weighing systems. Exact specifications depend on the selected model.<\/p>\n<p>| Param\u00e9ter | Le\u00edr\u00e1s \/ \u00c9rt\u00e9k Tartom\u00e1ny |<br \/>\n| :&#8212; | :&#8212; |<br \/>\n| **M\u00e9r\u00e9si Elv** | Nagy pontoss\u00e1g\u00fa, alacsony profil\u00fa terhel\u00e9sm\u00e9r\u0151 cell\u00e1k |<br \/>\n| **Pontoss\u00e1g (Platform)** | \u00c1ltal\u00e1ban \u00b10.1% vagy jobb a teljes sk\u00e1l\u00e1n |<br \/>\n| **Kijelz\u0151 Felbont\u00e1sa** | Konfigur\u00e1lhat\u00f3, gyakran 1:10 000 vagy magasabb |<br \/>\n| **Kommunik\u00e1ci\u00f3** | Vezet\u00e9kes (RS-232\/485) vagy RFX\u00ae Vezet\u00e9k N\u00e9lk\u00fcli |<br \/>\n| **Energiaell\u00e1t\u00e1s** | Akkumul\u00e1toros vagy h\u00e1l\u00f3zati t\u00e1pell\u00e1t\u00e1s (AC\/DC opci\u00f3k) |<br \/>\n| **K\u00f6rnyezeti V\u00e9delem** | Ipari szabv\u00e1nyoknak megfelel\u0151, sz\u00e9ls\u0151s\u00e9ges h\u0151m\u00e9rs\u00e9kleti \u00e9s p\u00e1ratartalom t\u0171r\u00e9s |<br \/>\n| **S\u00falyegys\u00e9gek** | Font (lb) \u00e9s Kilogramm (kg) v\u00e1laszthat\u00f3 |<br \/>\n| **S\u00falypont Sz\u00e1m\u00edt\u00e1s** | Automatikus CG (Center of Gravity) sz\u00e1m\u00edt\u00e1s a bemeneti adatok alapj\u00e1n |<br \/>\n| **Adatt\u00e1rol\u00e1s** | Bels\u0151 mem\u00f3ria a m\u00e9r\u00e9si napl\u00f3khoz \u00e9s rep\u00fcl\u0151g\u00e9p profilokhoz |<\/p>\n<p>Intercomp aircraft weighing systems offer a combination of reliability, accuracy, and user-friendly design, ensuring that aircraft weight and balance data are always up-to-date and comply with the strictest safety regulations.<\/p>","protected":false},"excerpt":{"rendered":"<p>Intercomp Aircraft Weighing Systems. High-precision weight and balance solutions for the aerospace sector.<\/p>","protected":false},"featured_media":347377,"template":"","meta":[],"product_brand":[13685],"product_cat":[12998],"product_tag":[19450],"class_list":{"0":"post-365402","1":"product","2":"type-product","3":"status-publish","4":"has-post-thumbnail","6":"product_brand-intercompcompany","7":"product_cat-egyeb-termekek","8":"product_tag-intercomp-megoldasok-osszes","10":"first","11":"instock","12":"shipping-taxable","13":"product-type-simple"},"_links":{"self":[{"href":"https:\/\/met-industry.hu\/en\/wp-json\/wp\/v2\/product\/365402","targetHints":{"allow":["GET"]}}],"collection":[{"href":"https:\/\/met-industry.hu\/en\/wp-json\/wp\/v2\/product"}],"about":[{"href":"https:\/\/met-industry.hu\/en\/wp-json\/wp\/v2\/types\/product"}],"version-history":[{"count":1,"href":"https:\/\/met-industry.hu\/en\/wp-json\/wp\/v2\/product\/365402\/revisions"}],"predecessor-version":[{"id":373245,"href":"https:\/\/met-industry.hu\/en\/wp-json\/wp\/v2\/product\/365402\/revisions\/373245"}],"wp:featuredmedia":[{"embeddable":true,"href":"https:\/\/met-industry.hu\/en\/wp-json\/wp\/v2\/media\/347377"}],"wp:attachment":[{"href":"https:\/\/met-industry.hu\/en\/wp-json\/wp\/v2\/media?parent=365402"}],"wp:term":[{"taxonomy":"product_brand","embeddable":true,"href":"https:\/\/met-industry.hu\/en\/wp-json\/wp\/v2\/product_brand?post=365402"},{"taxonomy":"product_cat","embeddable":true,"href":"https:\/\/met-industry.hu\/en\/wp-json\/wp\/v2\/product_cat?post=365402"},{"taxonomy":"product_tag","embeddable":true,"href":"https:\/\/met-industry.hu\/en\/wp-json\/wp\/v2\/product_tag?post=365402"}],"curies":[{"name":"wp","href":"https:\/\/api.w.org\/{rel}","templated":true}]}}