{"id":365398,"date":"1970-01-01T00:00:00","date_gmt":"1969-12-31T22:00:00","guid":{"rendered":"https:\/\/staging.met-industry.hu\/?post_type=product&#038;p=365398"},"modified":"2026-04-29T12:42:34","modified_gmt":"2026-04-29T10:42:34","slug":"ls788-wim-hordozhato-suly-meres-mozgas-kozben-merlegrendszer","status":"publish","type":"product","link":"https:\/\/met-industry.hu\/en\/uzlet\/ls788-wim-hordozhato-suly-meres-mozgas-kozben-merlegrendszer\/","title":{"rendered":"LS788-WIM\u2122 Portable Weigh-In-Motion Scale"},"content":{"rendered":"<p># LS788-WIM\u2122 Hordozhat\u00f3 S\u00faly M\u00e9r\u00e9s Mozg\u00e1s K\u00f6zben (Weigh-In-Motion) M\u00e9rlegrendszer<\/p>\n<p>The LS788-WIM\u2122 portable Weigh-In-Motion (WIM) weighing system is an extremely flexible and reliable solution for weighing vehicle axle and axle group weights, as well as gross vehicle weight, while in motion. This system is an ideal choice for roadside enforcement, traffic counting, toll collection, and other applications where fast, accurate, and temporary weighing capability is required.<\/p>\n<p>Thanks to its portability and quick setup, the LS788-WIM\u2122 allows authorities and operators to react flexibly to changing demands without being dependent on permanent weighing stations.<\/p>\n<p>## Main Features and Advantages<\/p>\n<p>**Kiv\u00e9teles Hordozhat\u00f3s\u00e1g \u00e9s Gyors Telep\u00edt\u00e9s:**<br \/>\nThe system has a compact design, is easy to transport, and can be quickly deployed on any firm, level surface. This minimizes road closure times and increases the efficiency of inspection operations.<\/p>\n<p>**Nagy Pontoss\u00e1g\u00fa M\u00e9r\u00e9s Mozg\u00e1s K\u00f6zben:**<br \/>\nThe LS788-WIM\u2122 utilizes advanced sensor technology that ensures highly accurate determination of axle and axle group weights, even when vehicles are passing over the weighing surface at relatively high speeds. This is critical for identifying overweight vehicles and protecting road infrastructure.<\/p>\n<p>**Robust Design:**<br \/>\nThe weighing scales (pads) are made from durable materials to withstand the continuous load of heavy goods vehicles and varying environmental conditions. The system resists extreme weather conditions, ensuring reliable operation in the field.<\/p>\n<p>**Integr\u00e1lt Adatkezel\u00e9s:**<br \/>\nThe associated displays and software allow for immediate capture, storage, and analysis of measured data. This supports the creation of detailed traffic statistics and the generation of inspection logs.<\/p>\n<p>**Versatile Applicability:**<br \/>\nIdeal Applications:<br \/>\n* **K\u00f6z\u00fati Ellen\u0151rz\u00e9s:** A t\u00fals\u00falyos j\u00e1rm\u0171vek gyors kisz\u0171r\u00e9se.<br \/>\n* **Forgalmi Adatgy\u0171jt\u00e9s:** Tengelyterhel\u00e9si mint\u00e1k \u00e9s forgaloms\u0171r\u0171s\u00e9g m\u00e9r\u00e9se.<br \/>\n* **Ideiglenes Helysz\u00ednek:** Gyorsan telep\u00edthet\u0151 m\u00e9r\u00e9si pontok l\u00e9trehoz\u00e1sa.<br \/>\n* **Logisztikai \u00e9s Termin\u00e1l M\u0171veletek:** A be- \u00e9s kirakod\u00e1si folyamatok s\u00falyellen\u0151rz\u00e9se.<\/p>\n<p>## Technical Specifications<\/p>\n<p>The specifications for the LS788-WIM\u2122 system are as follows (exact figures may vary depending on configuration):<\/p>\n<p>| Parameter | Specification | Notes |<br \/>\n| :&#8212; | :&#8212; | :&#8212; |<br \/>\n| **M\u00e9r\u00e9si M\u00f3d** | S\u00faly m\u00e9r\u00e9s mozg\u00e1s k\u00f6zben (WIM) | Alacsony sebess\u00e9g\u0171 alkalmaz\u00e1sokhoz optimaliz\u00e1lva. |<br \/>\n| **Hordozhat\u00f3s\u00e1g** | Teljesen hordozhat\u00f3 rendszer | Gyors telep\u00edt\u00e9s \u00e9s bont\u00e1s. |<br \/>\n| **Tengelyterhel\u00e9s Kapacit\u00e1s** | Meghat\u00e1rozott tartom\u00e1nyban (pl.: 15 000 kg \/ 33 000 lb tengelyenk\u00e9nt) | Konfigur\u00e1ci\u00f3t\u00f3l f\u00fcgg\u0151en v\u00e1ltozhat. |<br \/>\n| **Teljes J\u00e1rm\u0171 Kapacit\u00e1s** | Meghat\u00e1rozott tartom\u00e1nyban (pl.: 80 000 kg \/ 180 000 lb) | A tengelyek sz\u00e1m\u00e1t\u00f3l \u00e9s elrendez\u00e9s\u00e9t\u0151l f\u00fcgg. |<br \/>\n| **Pontoss\u00e1g (WIM)** | \u00c1ltal\u00e1ban \u00b1 3% &#8211; \u00b1 5% a sebess\u00e9gt\u0151l f\u00fcgg\u0151en | Statikus m\u00e9r\u00e9shez k\u00fcl\u00f6n\u00e1ll\u00f3 m\u00e9r\u0151padok sz\u00fcks\u00e9gesek. |<br \/>\n| **M\u0171k\u00f6d\u00e9si Sebess\u00e9g Tartom\u00e1ny** | Alacsony sebess\u00e9g\u0171 WIM (tipikusan 5-15 km\/h) | A maxim\u00e1lis pontoss\u00e1g el\u00e9r\u00e9s\u00e9hez aj\u00e1nlott sebess\u00e9g. |<br \/>\n| **Kijelz\u0151 Egys\u00e9g** | Digit\u00e1lis kijelz\u0151 (t\u00f6bbf\u00e9le opci\u00f3 el\u00e9rhet\u0151) | Adatr\u00f6gz\u00edt\u00e9si \u00e9s nyomtat\u00e1si k\u00e9pess\u00e9ggel. |<br \/>\n| **Kommunik\u00e1ci\u00f3** | Soros vagy vezet\u00e9k n\u00e9lk\u00fcli kapcsolat a kijelz\u0151vel | Adat\u00e1tvitel \u00e9s vez\u00e9rl\u00e9s c\u00e9lj\u00e1b\u00f3l. |<br \/>\n| **T\u00e1pell\u00e1t\u00e1s** | Akkumul\u00e1toros vagy h\u00e1l\u00f3zati t\u00e1pell\u00e1t\u00e1s | A terepi rugalmass\u00e1g \u00e9rdek\u00e9ben. |<br \/>\n| **M\u00e9r\u0151bet\u00e9t Anyaga** | Nagy szil\u00e1rds\u00e1g\u00fa alum\u00ednium vagy kompozit | Kiv\u00e1l\u00f3 tart\u00f3ss\u00e1g \u00e9s alacsony profil. |<br \/>\n| **Profil Magass\u00e1g** | Alacsony profil\u00fa kialak\u00edt\u00e1s | A j\u00e1rm\u0171vek lass\u00edt\u00e1s\u00e1nak minimaliz\u00e1l\u00e1sa \u00e9rdek\u00e9ben. |<br \/>\n| **K\u00f6rnyezeti V\u00e9delem** | Id\u0151j\u00e1r\u00e1s\u00e1ll\u00f3 kialak\u00edt\u00e1s | IP besorol\u00e1s a k\u00f6rnyezeti v\u00e9delemre. |<\/p>\n<p>## System Components<\/p>\n<p>The LS788-WIM\u2122 system generally consists of the following main components:<\/p>\n<p>1. **Hordozhat\u00f3 M\u00e9r\u0151bet\u00e9tek:** Ezek a rendk\u00edv\u00fcl robusztus, alacsony profil\u00fa szenzorokat tartalmaz\u00f3 egys\u00e9gek, amelyeket a j\u00e1rm\u0171 \u00fatj\u00e1ba helyeznek. A nagy teherb\u00edr\u00e1s\u00fa kialak\u00edt\u00e1s biztos\u00edtja a pontos s\u00faly\u00e1tvitelt.<br \/>\n2. **Kijelz\u0151 \u00e9s Adatr\u00f6gz\u00edt\u0151 Egys\u00e9g:** Ez a k\u00f6zponti egys\u00e9g fogadja az \u00e9rz\u00e9kel\u0151kt\u0151l \u00e9rkez\u0151 jeleket, feldolgozza azokat, megjelen\u00edti a m\u00e9rt s\u00falyokat (tengely, tengelycsoport, teljes t\u00f6meg), \u00e9s elv\u00e9gzi az adatok t\u00e1rol\u00e1s\u00e1t. A kijelz\u0151k gyakran rendelkeznek \u00e9rint\u0151k\u00e9perny\u0151s interf\u00e9sszel a k\u00f6nny\u0171 kezelhet\u0151s\u00e9g \u00e9rdek\u00e9ben.<br \/>\n3. **K\u00e1belez\u00e9s \u00e9s Csatlakoz\u00f3k:** Ipari min\u0151s\u00e9g\u0171, strapab\u00edr\u00f3 k\u00e1belek \u00e9s gyorscsatlakoz\u00f3k biztos\u00edtj\u00e1k a megb\u00edzhat\u00f3 jel\u00e1tvitelt a m\u00e9r\u0151bet\u00e9tek \u00e9s a kijelz\u0151 k\u00f6z\u00f6tt, m\u00e9g zord k\u00f6r\u00fclm\u00e9nyek k\u00f6z\u00f6tt is.<br \/>\n4. **Sz\u00e1ll\u00edt\u00f3t\u00e1sk\u00e1k \u00e9s Sz\u00e1ll\u00edt\u00e1si Megold\u00e1sok:** A rendszer teljes eg\u00e9sz\u00e9ben k\u00f6nnyen mozgathat\u00f3 \u00e9s v\u00e9dett sz\u00e1ll\u00edt\u00e1sra alkalmas t\u00e1rol\u00f3egys\u00e9gekben ker\u00fcl forgalomba.<\/p>\n<p>## Application Areas Detailed<\/p>\n<p>### K\u00f6z\u00fati Ellen\u0151rz\u00e9s \u00e9s Szab\u00e1lyoz\u00e1s<br \/>\nThe LS788-WIM\u2122 is a key device for roadside safety and infrastructure protection. Authorities can quickly deploy the system on busy roadways to identify vehicles exceeding permitted axle load or gross weight limits. The WIM capability allows for traffic screening, where only suspect vehicles need to be stopped for precise, static weighing, thus reducing inspection time.<\/p>\n<p>### Forgalmi Adatgy\u0171jt\u00e9s \u00e9s \u00datfenntart\u00e1s<br \/>\nThe system is ideally suited for long-term or temporary traffic surveys. The collected data (axle configuration, weight distribution) is essential for designing road pavements, estimating lifespan, and determining maintenance priorities. Portability allows for frequent changes in sampling locations to ensure representative data.<\/p>\n<p>### Logisztikai \u00e9s Termin\u00e1l M\u0171veletek<br \/>\nIn logistics centers, ports, or rail terminals, the LS788-WIM\u2122 can assist in quickly weighing incoming and outgoing vehicles, ensuring cargo accuracy and compliance with internal regulations without significantly slowing down the normal flow.<\/p>\n<p>## M\u0171k\u00f6d\u00e9si El\u0151ny\u00f6k<\/p>\n<p>The LS788-WIM\u2122 is not just a measuring device; it is a complete solution for the challenges of dynamic weight measurement:<\/p>\n<p>* **Id\u0151megtakar\u00edt\u00e1s:** A WIM technol\u00f3gia drasztikusan cs\u00f6kkenti a m\u00e9r\u00e9shez sz\u00fcks\u00e9ges id\u0151t j\u00e1rm\u0171venk\u00e9nt a statikus m\u00e9rlegel\u00e9shez k\u00e9pest.<br \/>\n* **Biztons\u00e1g:** A j\u00e1rm\u0171vek lass\u00edtott temp\u00f3ban haladnak \u00e1t a m\u00e9r\u0151padokon, ami biztons\u00e1gosabb\u00e1 teszi az ellen\u0151rz\u00e9si pontokat.<br \/>\n* **Rugalmass\u00e1g:** B\u00e1rmilyen szil\u00e1rd fel\u00fcleten haszn\u00e1lhat\u00f3, ide\u00e1lis ideiglenes vagy mobil ellen\u0151rz\u0151 \u00e1llom\u00e1sok sz\u00e1m\u00e1ra.<br \/>\n* **Adatmin\u0151s\u00e9g:** A professzion\u00e1lis kijelz\u0151k \u00e9s szoftverek garant\u00e1lj\u00e1k a m\u00e9rt adatok hiteless\u00e9g\u00e9t \u00e9s k\u00f6nny\u0171 archiv\u00e1lhat\u00f3s\u00e1g\u00e1t.<\/p>\n<p>The LS788-WIM\u2122 combines reliability, accuracy, and portability, offering a market-leading solution for meeting in-motion weighing requirements.<\/p>","protected":false},"excerpt":{"rendered":"<p>LS788-WIM\u2122 portable Weigh-In-Motion (WIM) weighing system. An extremely flexible and reliable solution for dynamic weighing.<\/p>","protected":false},"featured_media":347409,"template":"","meta":[],"product_brand":[13685],"product_cat":[12998],"product_tag":[19450],"class_list":{"0":"post-365398","1":"product","2":"type-product","3":"status-publish","4":"has-post-thumbnail","6":"product_brand-intercompcompany","7":"product_cat-egyeb-termekek","8":"product_tag-intercomp-megoldasok-osszes","10":"first","11":"instock","12":"shipping-taxable","13":"product-type-simple"},"_links":{"self":[{"href":"https:\/\/met-industry.hu\/en\/wp-json\/wp\/v2\/product\/365398","targetHints":{"allow":["GET"]}}],"collection":[{"href":"https:\/\/met-industry.hu\/en\/wp-json\/wp\/v2\/product"}],"about":[{"href":"https:\/\/met-industry.hu\/en\/wp-json\/wp\/v2\/types\/product"}],"version-history":[{"count":1,"href":"https:\/\/met-industry.hu\/en\/wp-json\/wp\/v2\/product\/365398\/revisions"}],"predecessor-version":[{"id":373241,"href":"https:\/\/met-industry.hu\/en\/wp-json\/wp\/v2\/product\/365398\/revisions\/373241"}],"wp:featuredmedia":[{"embeddable":true,"href":"https:\/\/met-industry.hu\/en\/wp-json\/wp\/v2\/media\/347409"}],"wp:attachment":[{"href":"https:\/\/met-industry.hu\/en\/wp-json\/wp\/v2\/media?parent=365398"}],"wp:term":[{"taxonomy":"product_brand","embeddable":true,"href":"https:\/\/met-industry.hu\/en\/wp-json\/wp\/v2\/product_brand?post=365398"},{"taxonomy":"product_cat","embeddable":true,"href":"https:\/\/met-industry.hu\/en\/wp-json\/wp\/v2\/product_cat?post=365398"},{"taxonomy":"product_tag","embeddable":true,"href":"https:\/\/met-industry.hu\/en\/wp-json\/wp\/v2\/product_tag?post=365398"}],"curies":[{"name":"wp","href":"https:\/\/api.w.org\/{rel}","templated":true}]}}