{"id":365393,"date":"1970-01-01T00:00:00","date_gmt":"1969-12-31T22:00:00","guid":{"rendered":"https:\/\/staging.met-industry.hu\/?post_type=product&#038;p=365393"},"modified":"2026-04-29T12:42:32","modified_gmt":"2026-04-29T10:42:32","slug":"intercomp-wim-szoftver-its-ellenorzesi-merlegekhez","status":"publish","type":"product","link":"https:\/\/met-industry.hu\/en\/uzlet\/intercomp-wim-szoftver-its-ellenorzesi-merlegekhez\/","title":{"rendered":"IntercompWIM\u2122 Software for ITS\/Enforcement Scales"},"content":{"rendered":"<p># WIM\u2122 Szoftver: Intelligens M\u00e9rlegel\u00e9s ITS\/Ellen\u0151rz\u00e9si Alkalmaz\u00e1sokhoz<\/p>\n<p>The WIM\u2122 Software is Intercomp's advanced solution specifically developed for Intelligent Transportation Systems (ITS) and roadside enforcement applications. This software ensures highly accurate, reliable data acquisition and processing for measuring vehicle axle and gross weights, especially on busy traffic routes and inspection points.<\/p>\n<p>The WIM\u2122 Software can be integrated with various Intercomp weighing systems, including portable and permanent scales, enabling authorities to quickly and effectively identify overweight vehicles, thereby minimizing damage to road infrastructure and improving traffic safety.<\/p>\n<p>## Main Features and Advantages<\/p>\n<p>The goal of the WIM\u2122 Software is to automate weighing processes, increase data integrity, and support regulatory compliance.<\/p>\n<p>### Magas Szint\u0171 Adatkezel\u00e9s \u00e9s Pontoss\u00e1g<\/p>\n<p>* **Val\u00f3s Idej\u0171 M\u00e9r\u00e9s:** K\u00e9pes fogadni \u00e9s feldolgozni a m\u00e9r\u00e9si adatokat nagy sebess\u00e9ggel, biztos\u00edtva a pontos tengely- \u00e9s \u00f6sszt\u00f6meg \u00e9rt\u00e9keket m\u00e9g dinamikus k\u00f6r\u00fclm\u00e9nyek k\u00f6z\u00f6tt is.<br \/>\n* **Integr\u00e1lt Rendszer-kompatibilit\u00e1s:** Z\u00f6kken\u0151mentesen kommunik\u00e1l az Intercomp LS-WIM\u00ae rendszerekkel, cs\u00edkm\u00e9rlegekkel \u00e9s platformm\u00e9rlegekkel, legyen sz\u00f3 hordozhat\u00f3 vagy be\u00e9p\u00edtett telep\u00edt\u00e9sr\u0151l.<br \/>\n* **Adatvalid\u00e1ci\u00f3:** Fejlett algoritmusok a m\u00e9r\u00e9sek ellen\u0151rz\u00e9s\u00e9re, kisz\u0171rve a hib\u00e1s vagy hi\u00e1nyos adatokat, n\u00f6velve ezzel a jogi alkalmaz\u00e1sokban elv\u00e1rt megb\u00edzhat\u00f3s\u00e1got.<\/p>\n<p>### Ellen\u0151rz\u00e9si \u00e9s Jog\u00e9rv\u00e9nyes\u00edt\u00e9si T\u00e1mogat\u00e1s<\/p>\n<p>* **Automatiz\u00e1lt Jegyz\u0151k\u00f6nyvk\u00e9sz\u00edt\u00e9s:** Lehet\u0151v\u00e9 teszi a m\u00e9r\u00e9si eredm\u00e9nyek automatikus r\u00f6gz\u00edt\u00e9s\u00e9t, id\u0151b\u00e9lyeggel \u00e9s helysz\u00ednadatokkal ell\u00e1tva, ami elengedhetetlen a b\u00edrs\u00e1gok \u00e9s jogi elj\u00e1r\u00e1sok sor\u00e1n.<br \/>\n* **J\u00e1rm\u0171-azonos\u00edt\u00e1si Integr\u00e1ci\u00f3:** T\u00e1mogatja a rendsz\u00e1mfelismer\u0151 (ANPR) rendszerekkel val\u00f3 integr\u00e1ci\u00f3t (amennyiben a hardver t\u00e1mogatja), tov\u00e1bb gyors\u00edtva az ellen\u0151rz\u00e9si folyamatot.<br \/>\n* **T\u00f6bbf\u00e9le Alkalmaz\u00e1si M\u00f3d:** Kifejezetten optimaliz\u00e1lva a hordozhat\u00f3 (pl.: LP788\u2122, AX900\u2122) \u00e9s a be\u00e9p\u00edtett (pl.: WIM Platform Scales, LS-WIM\u00ae) rendszerekhez egyar\u00e1nt.<\/p>\n<p>### Felhaszn\u00e1l\u00f3i Interf\u00e9sz \u00e9s Kezelhet\u0151s\u00e9g<\/p>\n<p>* **Intuit\u00edv Kezel\u0151fel\u00fclet:** A szoftver felhaszn\u00e1l\u00f3bar\u00e1t fel\u00fclettel rendelkezik, amely minimaliz\u00e1lja a kezel\u0151i hib\u00e1kat, m\u00e9g a gyorsan v\u00e1ltoz\u00f3 terepi k\u00f6r\u00fclm\u00e9nyek k\u00f6z\u00f6tt is.<br \/>\n* **Testre szabhat\u00f3s\u00e1g:** Lehet\u0151s\u00e9g van a m\u00e9r\u00e9si param\u00e9terek, a s\u00falyhat\u00e1rok \u00e9s a jelent\u00e9si form\u00e1tumok egy\u00e9ni ig\u00e9nyek szerinti be\u00e1ll\u00edt\u00e1s\u00e1ra.<br \/>\n* **Adatb\u00e1zis Kezel\u00e9s:** Robusztus adatb\u00e1zis-kezel\u00e9si funkci\u00f3k a kor\u00e1bbi m\u00e9r\u00e9sek egyszer\u0171 visszakeres\u00e9s\u00e9hez, elemz\u00e9s\u00e9hez \u00e9s audit\u00e1l\u00e1s\u00e1hoz.<\/p>\n<p>## Technical Specifications and Compatibility<\/p>\n<p>The architecture of the WIM\u2122 Software is flexible to support Intercomp's wide product range, particularly in the areas of ITS and governmental enforcement.<\/p>\n<p>| Kateg\u00f3ria | Specifik\u00e1ci\u00f3 \/ Kompatibilis Eszk\u00f6z\u00f6k | R\u00e9szletek |<br \/>\n| :&#8212; | :&#8212; | :&#8212; |<br \/>\n| **F\u0151 Funkci\u00f3** | S\u00falyadatgy\u0171jt\u00e9s \u00e9s -feldolgoz\u00e1s | Tengelyterhel\u00e9s, tengelycsoport terhel\u00e9s, teljes t\u00f6meg (Gross Vehicle Weight &#8211; GVW) |<br \/>\n| **M\u0171k\u00f6d\u00e9si M\u00f3dok** | Statikus \u00e9s Dinamikus (WIM) | T\u00e1mogatja az alacsony sebess\u00e9g\u0171 \u00e9s a nagy sebess\u00e9g\u0171 m\u00e9r\u00e9seket. |<br \/>\n| **Kompatibilis Hordozhat\u00f3 M\u00e9rlegek** | LP788\u2122, AX900\u2122, LTR788\u2122 | Ide\u00e1lis ideiglenes ellen\u0151rz\u0151pontokhoz \u00e9s gyors telep\u00edt\u00e9shez. |<br \/>\n| **Kompatibilis Be\u00e9p\u00edtett Rendszerek** | LS-WIM\u00ae, WIM Platform Scales, Strip Sensors | Alkalmas \u00e1lland\u00f3 forgalomfigyel\u0151 \u00e9s ellen\u0151rz\u0151 \u00e1llom\u00e1sokhoz. |<br \/>\n| **Adatexport Form\u00e1tumok** | CSV, XML, Egy\u00e9ni form\u00e1tumok | Rugalmas integr\u00e1ci\u00f3 k\u00fcls\u0151 rendszerekkel (pl.: rend\u0151rs\u00e9gi adatb\u00e1zisok). |<br \/>\n| **Kommunik\u00e1ci\u00f3s Protokollok** | Soros (RS-232\/485), Ethernet | Stabil adat\u00e1tvitel a m\u00e9r\u0151egys\u00e9gek \u00e9s a k\u00f6zponti feldolgoz\u00f3 egys\u00e9g k\u00f6z\u00f6tt. |<br \/>\n| **Alkalmaz\u00e1si Ter\u00fcletek** | ITS, K\u00f6z\u00fati Ellen\u0151rz\u00e9s, Portok\/Kapuk, D\u00edjszed\u00e9s (ETC) | C\u00e9lzott funkci\u00f3k az egyes szektorok specifikus ig\u00e9nyeire. |<br \/>\n| **Szoftver Platform** | Windows alap\u00fa (tipikusan) | Stabil, sz\u00e9les k\u00f6rben elterjedt oper\u00e1ci\u00f3s rendszeren fut\u00f3 megold\u00e1s. |<\/p>\n<p>## Application Areas Detailed<\/p>\n<p>The WIM\u2122 Software plays a crucial role in several critical areas:<\/p>\n<p>### 1. K\u00f6z\u00fati Ellen\u0151rz\u00e9s<\/p>\n<p>The software enables authorities to quickly and effectively identify vehicles exceeding legal weight limits.<\/p>\n<p>* **Hordozhat\u00f3 Ellen\u0151rz\u00e9s:** A terepen gyorsan fel\u00e1ll\u00edthat\u00f3 rendszerekkel (pl.: LS630-WIM\u2122) egy\u00fctt haszn\u00e1lva, a szoftver azonnali visszajelz\u00e9st ad a t\u00fals\u00falyr\u00f3l, lehet\u0151v\u00e9 t\u00e9ve a j\u00e1rm\u0171vek biztons\u00e1gos f\u00e9lre\u00e1ll\u00e1s\u00e1t tov\u00e1bbi statikus m\u00e9r\u00e9sre.<br \/>\n* **Adatgy\u0171jt\u00e9s:** Minden m\u00e9r\u00e9s r\u00f6gz\u00edt\u00e9sre ker\u00fcl, bele\u00e9rtve a d\u00e1tumot, id\u0151t, m\u00e9rt s\u00falyokat \u00e9s a m\u00e9r\u0151eszk\u00f6z azonos\u00edt\u00f3j\u00e1t, ami elengedhetetlen a jogi bizony\u00edt\u00e9kokhoz.<\/p>\n<p>### 2. Intelligens K\u00f6zleked\u00e9si Rendszerek<\/p>\n<p>In the ITS environment, WIM\u2122 Software provides data for traffic flow optimization and infrastructure protection.<\/p>\n<p>* **Forgalmi Mint\u00e1zat Elemz\u00e9se:** Hossz\u00fa t\u00e1v\u00fa adatok gy\u0171jt\u00e9s\u00e9vel seg\u00edti a k\u00f6zleked\u00e9si m\u00e9rn\u00f6k\u00f6ket a forgalmi terhel\u00e9s mint\u00e1zat\u00e1nak meg\u00e9rt\u00e9s\u00e9ben.<br \/>\n* **D\u00edjszed\u00e9s (ETC) \u00e9s Kapuvez\u00e9rl\u00e9s:** Integr\u00e1lhat\u00f3 az elektronikus \u00fatd\u00edjrendszerekbe, ahol a j\u00e1rm\u0171-kateg\u00f3ria \u00e9s a s\u00faly alapj\u00e1n t\u00f6rt\u00e9nik a d\u00edjszab\u00e1s vagy a kapuk nyit\u00e1sa\/z\u00e1r\u00e1sa.<\/p>\n<p>### 3. Kik\u00f6t\u0151i \u00e9s Kapu M\u0171veletek<\/p>\n<p>In high-traffic logistics hubs, rapid throughput and secure load verification are critical.<\/p>\n<p>* **Kont\u00e9ner S\u00falyellen\u0151rz\u00e9s (SOLAS):** B\u00e1r az Intercomp sz\u00e9lesebb k\u00f6r\u0171 SOLAS megold\u00e1sokat is k\u00edn\u00e1l, a WIM\u2122 szoftver t\u00e1mogatja a kont\u00e9nerekkel \u00e9rkez\u0151 teherg\u00e9pj\u00e1rm\u0171vek gyors ellen\u0151rz\u00e9s\u00e9t a kik\u00f6t\u0151i bej\u00e1ratokn\u00e1l.<br \/>\n* **Hozz\u00e1f\u00e9r\u00e9s Szab\u00e1lyoz\u00e1sa:** Csak a megengedett tengely- vagy \u00f6sszt\u00f6meggel rendelkez\u0151 j\u00e1rm\u0171vek kapnak enged\u00e9lyt a l\u00e9tes\u00edtm\u00e9nybe val\u00f3 bel\u00e9p\u00e9sre.<\/p>\n<p>## Software and Hardware Ecosystem<\/p>\n<p>WIM\u2122 Software is the central component of Intercomp's comprehensive measuring device portfolio. The software efficiently processes inputs originating from various sensors:<\/p>\n<p>* **Hordozhat\u00f3 Tengelyterhel\u00e9s M\u00e9r\u0151k:** Mint p\u00e9ld\u00e1ul az LTR788\u2122 vagy a PT300\u2122 sorozat, amelyek gyorsan telep\u00edthet\u0151k a helysz\u00ednre.<br \/>\n* **Alacsony Profil\u00fa M\u00e9rlegek:** Mint az LP600\u2122 vagy LP788\u2122, amelyek ide\u00e1lisak ideiglenes vagy f\u00e9lig \u00e1lland\u00f3 telep\u00edt\u00e9sekhez.<br \/>\n* **Cs\u00edkm\u00e9rlegek:** A be\u00e9p\u00edtett rendszerekben haszn\u00e1lt nagy tart\u00f3ss\u00e1g\u00fa \u00e9rz\u00e9kel\u0151k adatainak feldolgoz\u00e1sa.<\/p>\n<p>The software ensures that measurement data is not only recorded but also interpretable and usable to support regulatory decision-making. WIM\u2122 Software is synonymous with accuracy, reliability, and efficiency in modern road enforcement infrastructure.<\/p>","protected":false},"excerpt":{"rendered":"<p>WIM\u2122 Software: Intelligent weighing for ITS and road inspection applications. Intercomp's advanced solution for collecting accurate weight data.<\/p>","protected":false},"featured_media":347438,"template":"","meta":[],"product_brand":[13685],"product_cat":[12998],"product_tag":[19450],"class_list":{"0":"post-365393","1":"product","2":"type-product","3":"status-publish","4":"has-post-thumbnail","6":"product_brand-intercompcompany","7":"product_cat-egyeb-termekek","8":"product_tag-intercomp-megoldasok-osszes","10":"first","11":"instock","12":"shipping-taxable","13":"product-type-simple"},"_links":{"self":[{"href":"https:\/\/met-industry.hu\/en\/wp-json\/wp\/v2\/product\/365393","targetHints":{"allow":["GET"]}}],"collection":[{"href":"https:\/\/met-industry.hu\/en\/wp-json\/wp\/v2\/product"}],"about":[{"href":"https:\/\/met-industry.hu\/en\/wp-json\/wp\/v2\/types\/product"}],"version-history":[{"count":1,"href":"https:\/\/met-industry.hu\/en\/wp-json\/wp\/v2\/product\/365393\/revisions"}],"predecessor-version":[{"id":373236,"href":"https:\/\/met-industry.hu\/en\/wp-json\/wp\/v2\/product\/365393\/revisions\/373236"}],"wp:featuredmedia":[{"embeddable":true,"href":"https:\/\/met-industry.hu\/en\/wp-json\/wp\/v2\/media\/347438"}],"wp:attachment":[{"href":"https:\/\/met-industry.hu\/en\/wp-json\/wp\/v2\/media?parent=365393"}],"wp:term":[{"taxonomy":"product_brand","embeddable":true,"href":"https:\/\/met-industry.hu\/en\/wp-json\/wp\/v2\/product_brand?post=365393"},{"taxonomy":"product_cat","embeddable":true,"href":"https:\/\/met-industry.hu\/en\/wp-json\/wp\/v2\/product_cat?post=365393"},{"taxonomy":"product_tag","embeddable":true,"href":"https:\/\/met-industry.hu\/en\/wp-json\/wp\/v2\/product_tag?post=365393"}],"curies":[{"name":"wp","href":"https:\/\/api.w.org\/{rel}","templated":true}]}}