{"id":365351,"date":"1970-01-01T00:00:00","date_gmt":"1969-12-31T22:00:00","guid":{"rendered":"https:\/\/staging.met-industry.hu\/?post_type=product&#038;p=365351"},"modified":"2026-04-29T12:42:26","modified_gmt":"2026-04-29T10:42:26","slug":"intercompweigh-szoftver","status":"publish","type":"product","link":"https:\/\/met-industry.hu\/en\/uzlet\/intercompweigh-szoftver\/","title":{"rendered":"IntercompWeigh\u2122 Software"},"content":{"rendered":"<p># IntercompWeigh\u2122 Szoftver \u2013 Ker\u00e9k- \u00e9s Tengelys\u00falym\u00e9r\u0151 Rendszerekhez<\/p>\n<p>The IntercompWeigh\u2122 software is the advanced companion to Intercomp\u2019s weighing systems, specifically developed to optimize data processing and management for wheel &amp; axle weighing solutions, as well as automotive applications (including commercial vehicles, aerospace technology, and military sectors). This software ensures the recording, analysis, and report generation of precise measurements, maximizing the efficiency and accuracy of weighing processes.<\/p>\n<p>## \u00c1tfog\u00f3 Jellemz\u0151k \u00e9s El\u0151ny\u00f6k<\/p>\n<p>IntercompWeigh\u2122 software is a crucial tool in any industry where accurately determining vehicle axle loads, gross weights, or weight distribution is critical. The software can be integrated with various Intercomp weighing devices, whether they are portable wheel scales, fixed bridge scales, or weight distribution systems.<\/p>\n<p>**Main Advantages:**<\/p>\n<p>* **Adatgy\u0171jt\u00e9s \u00e9s T\u00e1rol\u00e1s:** Lehet\u0151v\u00e9 teszi a m\u00e9r\u00e9si adatok val\u00f3s idej\u0171 r\u00f6gz\u00edt\u00e9s\u00e9t, biztons\u00e1gos t\u00e1rol\u00e1s\u00e1t \u00e9s k\u00f6nny\u0171 visszakereshet\u0151s\u00e9g\u00e9t.<br \/>\n* **Pontoss\u00e1g \u00e9s Megb\u00edzhat\u00f3s\u00e1g:** T\u00e1mogatja a kalibr\u00e1ci\u00f3s protokollokat \u00e9s biztos\u00edtja a m\u00e9r\u00e9si adatok integrit\u00e1s\u00e1t, megfelelve a szigor\u00fa ipar\u00e1gi szabv\u00e1nyoknak.<br \/>\n* **Rendszer-integr\u00e1ci\u00f3:** Z\u00f6kken\u0151mentes kommunik\u00e1ci\u00f3 a k\u00fcl\u00f6nb\u00f6z\u0151 Intercomp kijelz\u0151kkel (pl.: TAC30\u2122 CPU, RFX\u00ae vezet\u00e9k n\u00e9lk\u00fcli kijelz\u0151k) \u00e9s szenzorokkal.<br \/>\n* **Alkalmaz\u00e1sspecifikus Funkci\u00f3k:** K\u00fcl\u00f6nb\u00f6z\u0151 modulok \u00e9s be\u00e1ll\u00edt\u00e1sok \u00e1llnak rendelkez\u00e9sre a k\u00f6z\u00fati ellen\u0151rz\u00e9s, a rep\u00fcl\u0151t\u00e9ri s\u00falypont-sz\u00e1m\u00edt\u00e1s, a logisztikai c\u00e9l\u00fa m\u00e9r\u00e9s vagy a versenysport ig\u00e9nyeinek kiel\u00e9g\u00edt\u00e9s\u00e9re.<\/p>\n<p>## Technikai Integr\u00e1ci\u00f3 \u00e9s Kompatibilit\u00e1s<\/p>\n<p>The IntercompWeigh\u2122 software architecture is flexible, allowing for wide-ranging hardware compatibility. The software supports the following main instrument categories and their specific functions:<\/p>\n<p>### 1. Ker\u00e9k- \u00e9s Tengelys\u00falym\u00e9r\u0151 Rendszerek<\/p>\n<p>The software provides basic support for traffic control and logistics applications:<\/p>\n<p>* **Hordozhat\u00f3 Teherg\u00e9pj\u00e1rm\u0171 M\u00e9rlegek:** Integr\u00e1ci\u00f3 az olyan rendszerekkel, mint az **LS630-WIM\u2122** \u00e9s a **LS-WIM\u00ae** tengelym\u00e9r\u0151k, lehet\u0151v\u00e9 t\u00e9ve a j\u00e1rm\u0171vek mozg\u00e1s k\u00f6zbeni m\u00e9r\u00e9s\u00e9t.<br \/>\n* **Alacsony Profil\u00fa M\u00e9rlegek:** Kompatibilit\u00e1s az **LP600\u2122** \u00e9s **LP788\u2122** sorozatokkal statikus m\u00e9r\u00e9sekhez.<br \/>\n* **Hordozhat\u00f3 M\u00e9r\u0151padok:** T\u00e1mogatja az **SW\u2122** hordozhat\u00f3 m\u00e9r\u0151rendszereket ideiglenes helysz\u00edni m\u00e9r\u00e9sekhez.<br \/>\n* **S\u00falyeloszl\u00e1s Elemz\u00e9se:** K\u00e9pess\u00e9g a tengelyterhel\u00e9sek, tandem terhel\u00e9sek \u00e9s az \u00f6sszt\u00f6meg pontos kisz\u00e1m\u00edt\u00e1s\u00e1ra.<\/p>\n<p>### 2. Rep\u00fcl\u00e9stechnikai M\u00e9r\u0151rendszerek<\/p>\n<p>A rep\u00fcl\u00e9stechnikai modulok (mint az **ACWeigh\u2122** \u00e9s **iACWeigh\u2122**) szorosan kapcsol\u00f3dnak az IntercompWeigh\u2122 keretrendszerhez, biztos\u00edtva a s\u00falypont-sz\u00e1m\u00edt\u00e1s kritikus folyamatainak t\u00e1mogat\u00e1s\u00e1t:<\/p>\n<p>* **Platform M\u00e9rlegek:** Adatfeldolgoz\u00e1s az **AC15-LP\u2122**, **AC40-LP\u2122**, **AC60-LP\u2122** \u00e9s **AC30-60\u2122** t\u00edpus\u00fa platformokr\u00f3l.<br \/>\n* **Emel\u0151m\u00e9r\u0151 Kitek (Jack Weigh Kits):** Integr\u00e1ci\u00f3 az **AC100\u2122** \u00e9s **EZ RFX\u00ae** rendszerekkel a rep\u00fcl\u0151g\u00e9p emel\u00e9se k\u00f6zbeni s\u00falypont-meghat\u00e1roz\u00e1shoz.<br \/>\n* **Kijelz\u0151k:** Kommunik\u00e1ci\u00f3 a **TAC30\u2122** \u00e9rint\u0151k\u00e9perny\u0151s kijelz\u0151kkel \u00e9s az **RFX\u00ae** vezet\u00e9k n\u00e9lk\u00fcli k\u00e9zi indik\u00e1torokkal.<\/p>\n<p>### 3. ITS\/V\u00e9grehajt\u00e1si Alkalmaz\u00e1sok<\/p>\n<p>In the field of public safety and compliance, the IntercompWeigh\u2122 software plays a critical role:<\/p>\n<p>* **WIM (Weigh-In-Motion) Szenzorok:** Kezeli a be\u00e9p\u00edtett \u00e9s hordozhat\u00f3 **Strip Sensors** \u00e9s **LS-WIM\u00ae** rendszerek \u00e1ltal szolg\u00e1ltatott dinamikus adatokat.<br \/>\n* **Adatgy\u0171jt\u00e9s:** Lehet\u0151v\u00e9 teszi a rendsz\u00e1mfelismer\u00e9ssel (ANPR) vagy m\u00e1s k\u00fcls\u0151 rendszerekkel t\u00f6rt\u00e9n\u0151 adat-\u00f6sszekapcsol\u00e1st a teljes ellen\u0151rz\u00e9si folyamat dokument\u00e1l\u00e1s\u00e1hoz.<\/p>\n<p>## R\u00e9szletes M\u0171szaki Adatok \u00e9s Funkci\u00f3k<\/p>\n<p>The functionality of the IntercompWeigh\u2122 software can be adapted to user needs, focusing on the following main areas:<\/p>\n<p>| Funkci\u00f3 Kateg\u00f3ria | Le\u00edr\u00e1s | Relev\u00e1ns Alkalmaz\u00e1sok |<br \/>\n| :&#8212; | :&#8212; | :&#8212; |<br \/>\n| **M\u00e9r\u00e9si M\u00f3dok** | Statikus m\u00e9r\u00e9s, S\u00falypont sz\u00e1m\u00edt\u00e1s (W&amp;B), S\u00faly-sebess\u00e9g (WIM) m\u00e9r\u00e9s, \u00d6sszt\u00f6meg\/Tengelyterhel\u00e9s kalkul\u00e1ci\u00f3. | Minden j\u00e1rm\u0171- \u00e9s rep\u00fcl\u0151g\u00e9p m\u00e9r\u00e9s. |<br \/>\n| **Adatkezel\u00e9s** | Val\u00f3s idej\u0171 adatfolyam feldolgoz\u00e1s, adatb\u00e1zis-kezel\u00e9s, export\u00e1l\u00e1si lehet\u0151s\u00e9gek (pl.: CSV, XML). | Logisztika, Adatgy\u0171jt\u00e9s. |<br \/>\n| **Kijelz\u0151 Kezel\u00e9s** | T\u00e1vir\u00e1ny\u00edt\u00e1s \u00e9s konfigur\u00e1ci\u00f3 a csatlakoztatott Intercomp indik\u00e1torokhoz (pl.: RFX\u00ae). | Hordozhat\u00f3 \u00e9s t\u00e1voli m\u00e9r\u00e9sek. |<br \/>\n| **Kalibr\u00e1ci\u00f3 T\u00e1mogat\u00e1s** | A szoftver t\u00e1mogatja a m\u00e9r\u0151rendszerek rendszeres kalibr\u00e1ci\u00f3s elj\u00e1r\u00e1sait, bele\u00e9rtve a teszts\u00falyok kezel\u00e9s\u00e9t. | Min\u0151s\u00e9gbiztos\u00edt\u00e1s, ITS\/Jogi megfelel\u00e9s. |<br \/>\n| **Jelent\u00e9sk\u00e9sz\u00edt\u00e9s** | Egyedi jelent\u00e9sek gener\u00e1l\u00e1sa a m\u00e9r\u00e9si eredm\u00e9nyekr\u0151l, bele\u00e9rtve a d\u00e1tumot, id\u0151pontot, helysz\u00ednt \u00e9s a m\u00e9rt \u00e9rt\u00e9keket. | Hat\u00f3s\u00e1gi ellen\u0151rz\u00e9s, Flottamenedzsment. |<\/p>\n<p>### Szoftver Kompatibilit\u00e1s (Kieg\u00e9sz\u00edt\u0151 Modulok)<\/p>\n<p>Although IntercompWeigh\u2122 is the basis for wheel and axle weighing, there are other software solutions in the Intercomp portfolio based on similar technological foundations, with which data interoperability can be ensured:<\/p>\n<p>* **ACWeigh\u2122 \/ iACWeigh\u2122:** Speci\u00e1lisan rep\u00fcl\u0151g\u00e9pek s\u00falypont-sz\u00e1m\u00edt\u00e1s\u00e1ra optimaliz\u00e1lt szoftverek.<br \/>\n* **On-Board Weighing Rendszerek:** Integr\u00e1ci\u00f3 mez\u0151gazdas\u00e1gi g\u00e9pek (pl.: vet\u0151mag-sz\u00e1ll\u00edt\u00f3k, TMR kever\u0151k) fed\u00e9lzeti m\u00e9r\u0151rendszereivel.<\/p>\n<p>## Application Areas Detailed<\/p>\n<p>Due to the flexibility of the IntercompWeigh\u2122 software, it can be applied in several critical areas:<\/p>\n<p>### K\u00f6z\u00fati Sz\u00e1ll\u00edt\u00e1s \u00e9s Logisztika<\/p>\n<p>The software is essential for regulating road traffic and increasing transport efficiency:<\/p>\n<p>* **T\u00falterhel\u00e9s Megel\u0151z\u00e9se:** Pontos tengelyterhel\u00e9s m\u00e9r\u00e9s\u00e9vel seg\u00edt elker\u00fclni a b\u00edrs\u00e1gokat \u00e9s megel\u0151zni az \u00fatp\u00e1lya k\u00e1rosod\u00e1s\u00e1t.<br \/>\n* **Kereskedelmi Flott\u00e1k:** A flotta\u00fczemeltet\u0151k haszn\u00e1lhatj\u00e1k a rakom\u00e1nyeloszl\u00e1s optimaliz\u00e1l\u00e1s\u00e1ra \u00e9s a j\u00e1rm\u0171vek \u00e9lettartam\u00e1nak n\u00f6vel\u00e9s\u00e9re.<br \/>\n* **Ideiglenes Helysz\u00ednek:** A hordozhat\u00f3 rendszerekkel (pl.: **AX900\u2122** h\u00eddm\u00e9rlegek) egy\u00fctt haszn\u00e1lva ideiglenes \u00e9p\u00edtkez\u00e9seken vagy rakt\u00e1rakban is biztos\u00edtja a gyors \u00e9s hiteles m\u00e9r\u00e9st.<\/p>\n<p>### Rep\u00fcl\u00e9stechnika \u00e9s V\u00e9delmi Ipar<\/p>\n<p>In aerospace applications, accuracy is not only an economic but also a safety issue:<\/p>\n<p>* **S\u00falypont (CG) Pontoss\u00e1g:** A szoftver biztos\u00edtja, hogy a rep\u00fcl\u0151g\u00e9p s\u00falypontja a biztons\u00e1gos hat\u00e1rokon bel\u00fcl maradjon, ami kritikus a felsz\u00e1ll\u00e1s \u00e9s a man\u0151verezhet\u0151s\u00e9g szempontj\u00e1b\u00f3l.<br \/>\n* **Katonai Szektor:** A katonai specifik\u00e1ci\u00f3knak megfelel\u0151 rendszerek (pl.: **PT300\u2122 MIL**, **LP600\u2122 MIL**) adatainak feldolgoz\u00e1sa, biztos\u00edtva a katonai j\u00e1rm\u0171vek \u00e9s rep\u00fcl\u0151g\u00e9pek terhel\u00e9si el\u0151\u00edr\u00e1sainak betart\u00e1s\u00e1t.<\/p>\n<p>### ITS \u00e9s Jog\u00e9rv\u00e9nyes\u00edt\u00e9s<\/p>\n<p>For official applications, fast, documentable, and indisputable measurement results are required:<\/p>\n<p>* **Adatgy\u0171jt\u00e9s:** A szoftver k\u00e9pes r\u00f6gz\u00edteni a m\u00e9r\u00e9s kontextus\u00e1t (id\u0151, helysz\u00edn, oper\u00e1tor), ami elengedhetetlen a jogi elj\u00e1r\u00e1sokhoz.<br \/>\n* **Portok \u00e9s Kapuk:** A nagy forgalm\u00fa \u00e1tkel\u0151helyeken (pl.: kik\u00f6t\u0151k, hat\u00e1r\u00e1tkel\u0151k) a WIM rendszerekkel egy\u00fcttm\u0171k\u00f6dve automatiz\u00e1lja a s\u00falyellen\u0151rz\u00e9st.<\/p>\n<p>The IntercompWeigh\u2122 software is therefore not just an accessory for a measuring device, but a complete data management and analysis platform that guarantees the exploitation of Intercomp measuring system performance even in the strictest industrial environments.<\/p>","protected":false},"excerpt":{"rendered":"<p>IntercompWeigh\u2122 software, the advanced accessory for wheel &amp; axle weighing systems, data processing, and reporting.<\/p>","protected":false},"featured_media":347534,"template":"","meta":[],"product_brand":[13685],"product_cat":[12998],"product_tag":[19450],"class_list":{"0":"post-365351","1":"product","2":"type-product","3":"status-publish","4":"has-post-thumbnail","6":"product_brand-intercompcompany","7":"product_cat-egyeb-termekek","8":"product_tag-intercomp-megoldasok-osszes","10":"first","11":"instock","12":"shipping-taxable","13":"product-type-simple"},"_links":{"self":[{"href":"https:\/\/met-industry.hu\/en\/wp-json\/wp\/v2\/product\/365351","targetHints":{"allow":["GET"]}}],"collection":[{"href":"https:\/\/met-industry.hu\/en\/wp-json\/wp\/v2\/product"}],"about":[{"href":"https:\/\/met-industry.hu\/en\/wp-json\/wp\/v2\/types\/product"}],"version-history":[{"count":1,"href":"https:\/\/met-industry.hu\/en\/wp-json\/wp\/v2\/product\/365351\/revisions"}],"predecessor-version":[{"id":373224,"href":"https:\/\/met-industry.hu\/en\/wp-json\/wp\/v2\/product\/365351\/revisions\/373224"}],"wp:featuredmedia":[{"embeddable":true,"href":"https:\/\/met-industry.hu\/en\/wp-json\/wp\/v2\/media\/347534"}],"wp:attachment":[{"href":"https:\/\/met-industry.hu\/en\/wp-json\/wp\/v2\/media?parent=365351"}],"wp:term":[{"taxonomy":"product_brand","embeddable":true,"href":"https:\/\/met-industry.hu\/en\/wp-json\/wp\/v2\/product_brand?post=365351"},{"taxonomy":"product_cat","embeddable":true,"href":"https:\/\/met-industry.hu\/en\/wp-json\/wp\/v2\/product_cat?post=365351"},{"taxonomy":"product_tag","embeddable":true,"href":"https:\/\/met-industry.hu\/en\/wp-json\/wp\/v2\/product_tag?post=365351"}],"curies":[{"name":"wp","href":"https:\/\/api.w.org\/{rel}","templated":true}]}}