{"id":365350,"date":"1970-01-01T00:00:00","date_gmt":"1969-12-31T22:00:00","guid":{"rendered":"https:\/\/staging.met-industry.hu\/?post_type=product&#038;p=365350"},"modified":"2026-04-29T12:42:26","modified_gmt":"2026-04-29T10:42:26","slug":"hh60-rfx-indikator","status":"publish","type":"product","link":"https:\/\/met-industry.hu\/en\/uzlet\/hh60-rfx-indikator\/","title":{"rendered":"HH60\u2122 RFX Indicator"},"content":{"rendered":"<p># Intercomp HH60\u2122 RFX\u00ae Vezet\u00e9k N\u00e9lk\u00fcli Hordozhat\u00f3 M\u00e9rlegkijelz\u0151<\/p>\n<p>The Intercomp HH60\u2122 RFX\u00ae wireless handheld scale indicator represents the latest technology in precise measurement and data acquisition, especially for determining the weight of vehicles, axles, and wheels. This robust, user-friendly device is ideally suited for industrial, logistics, agricultural, and specialized (e.g., aviation) applications where wireless communication and reliability are key.<\/p>\n<p>The HH60\u2122 RFX\u00ae indicator is designed to work seamlessly with Intercomp RFX\u00ae wireless weighing systems, ensuring fast and accurate data transfer from weighing platforms or wheel scales.<\/p>\n<p>## Main Features and Advantages<\/p>\n<p>The HH60\u2122 RFX\u00ae indicator features several functions that optimize the weighing process and increase efficiency:<\/p>\n<p>* **Vezet\u00e9k N\u00e9lk\u00fcli Kapcsolat:** Az RFX\u00ae technol\u00f3gia biztos\u00edtja a stabil \u00e9s biztons\u00e1gos kommunik\u00e1ci\u00f3t a kompatibilis m\u00e9r\u0151eszk\u00f6z\u00f6kkel, kik\u00fcsz\u00f6b\u00f6lve a k\u00e1belek okozta balesetvesz\u00e9lyt \u00e9s korl\u00e1toz\u00e1sokat.<br \/>\n* **Hordozhat\u00f3s\u00e1g \u00e9s Felhaszn\u00e1l\u00f3bar\u00e1t Kialak\u00edt\u00e1s:** K\u00e9zi kialak\u00edt\u00e1sa r\u00e9v\u00e9n k\u00f6nnyen kezelhet\u0151, ide\u00e1lis terepi munk\u00e1khoz \u00e9s gyors helysz\u00edni m\u00e9r\u00e9sekhez.<br \/>\n* **Robusztus Kialak\u00edt\u00e1s:** \u00dagy \u00e9p\u00edtett\u00e9k, hogy ellen\u00e1lljon a neh\u00e9z \u00fczemi k\u00f6r\u00fclm\u00e9nyeknek, biztos\u00edtva a hossz\u00fa \u00e9lettartamot \u00e9s a megb\u00edzhat\u00f3 m\u0171k\u00f6d\u00e9st.<br \/>\n* **Intuit\u00edv Felhaszn\u00e1l\u00f3i Fel\u00fclet:** A kijelz\u0151 k\u00f6nnyen olvashat\u00f3, \u00e9s egyszer\u0171 navig\u00e1ci\u00f3t tesz lehet\u0151v\u00e9 a k\u00fcl\u00f6nb\u00f6z\u0151 m\u00e9r\u00e9si m\u00f3dok \u00e9s funkci\u00f3k k\u00f6z\u00f6tt.<br \/>\n* **Sokoldal\u00fa Alkalmazhat\u00f3s\u00e1g:** Kompatibilis a teljes Intercomp RFX\u00ae term\u00e9kpalett\u00e1val, bele\u00e9rtve a ker\u00e9k- \u00e9s tengelym\u00e9rlegeket, a teheraut\u00f3-m\u00e9rlegeket \u00e9s bizonyos rep\u00fcl\u0151sz\u00e1m\u00edt\u00e1si rendszereket.<\/p>\n<p>## Technical Specifications<\/p>\n<p>The HH60\u2122 RFX\u00ae indicator is used for displaying and managing precise measurement data. The table below summarizes the most important technical parameters:<\/p>\n<p>| Feature | Specification |<br \/>\n| :&#8212; | :&#8212; |<br \/>\n| **Modell** | HH60\u2122 RFX\u00ae |<br \/>\n| **T\u00edpus** | Vezet\u00e9k N\u00e9lk\u00fcli K\u00e9zi M\u00e9rlegkijelz\u0151 |<br \/>\n| **Kommunik\u00e1ci\u00f3** | RFX\u00ae Vezet\u00e9k N\u00e9lk\u00fcli Technol\u00f3gia |<br \/>\n| **Kompatibilit\u00e1s** | Intercomp RFX\u00ae Ad\u00f3val Rendelkez\u0151 M\u00e9r\u0151egys\u00e9gek |<br \/>\n| **Kijelz\u0151 T\u00edpusa** | Nagy felbont\u00e1s\u00fa, k\u00f6nnyen olvashat\u00f3 kijelz\u0151 |<br \/>\n| **T\u00e1pell\u00e1t\u00e1s** | Akkumul\u00e1toros (r\u00e9szletek a felhaszn\u00e1l\u00f3i k\u00e9zik\u00f6nyvben) |<br \/>\n| **K\u00f6rnyezeti V\u00e9delem** | Ipari k\u00f6rnyezetben val\u00f3 haszn\u00e1latra tervezve |<br \/>\n| **Funkci\u00f3k** | S\u00faly\u00f6sszegz\u00e9s, null\u00e1z\u00e1s, m\u00e9rt\u00e9kegys\u00e9g v\u00e1lt\u00e1s, adatgy\u0171jt\u00e9s (rendszert\u0151l f\u00fcgg\u0151en) |<br \/>\n| **H\u00e1z Anyaga** | Nagy teherb\u00edr\u00e1s\u00fa, \u00fct\u00e9s\u00e1ll\u00f3 polimer\/f\u00e9m \u00f6tv\u00f6zet |<\/p>\n<p>## Detailed Functions and Application Areas<\/p>\n<p>The HH60\u2122 RFX\u00ae indicator is not just a display; it is a complete value-added data processing tool that supports the user in various weighing tasks.<\/p>\n<p>### 1. S\u00falykezel\u00e9si Funkci\u00f3k<\/p>\n<p>The indicator enables immediate processing of measured data, which is critical for quick decision-making:<\/p>\n<p>* **T\u00f6bbsz\u00f6r\u00f6s M\u00e9r\u0151pont Kezel\u00e9se:** K\u00e9pes egyszerre t\u00f6bb RFX\u00ae ad\u00f3val kommunik\u00e1lni, \u00edgy komplex rendszerek (pl.: n\u00e9gy ker\u00e9k m\u00e9rlegel\u00e9s) eset\u00e9n is k\u00f6zponti egys\u00e9gk\u00e9nt funkcion\u00e1l.<br \/>\n* **\u00d6sszegz\u00e9s:** Lehet\u0151s\u00e9g van az egyes tengelyek vagy kerekek s\u00falyainak \u00f6sszead\u00e1s\u00e1ra, \u00edgy azonnal megkaphat\u00f3 a teljes j\u00e1rm\u0171s\u00faly.<br \/>\n* **Null\u00e1z\u00e1s:** A kijelz\u0151n kereszt\u00fcl egyszer\u0171en be\u00e1ll\u00edthat\u00f3 a m\u00e9rleg nullapontja, vagy levonhat\u00f3 az el\u0151re ismert kont\u00e9ner\/platform s\u00falya.<br \/>\n* **M\u00e9rt\u00e9kegys\u00e9g Konverzi\u00f3:** T\u00e1mogatja a k\u00fcl\u00f6nb\u00f6z\u0151 s\u00falym\u00e9rt\u00e9kegys\u00e9gek k\u00f6z\u00f6tti v\u00e1lt\u00e1st (pl.: kg, font), rugalmass\u00e1got biztos\u00edtva a nemzetk\u00f6zi alkalmaz\u00e1sokban.<\/p>\n<p>### 2. Kommunik\u00e1ci\u00f3s El\u0151ny\u00f6k<\/p>\n<p>Wireless technology gives freedom to the operator. Measuring platforms can be placed in hard-to-reach locations or areas where cables pose a risk of damage (e.g., busy loading docks, construction sites). The RFX\u00ae protocol guarantees data integrity during transmission.<\/p>\n<p>### 3. Kompatibilis M\u00e9r\u0151rendszerek<\/p>\n<p>The HH60\u2122 RFX\u00ae indicator can be widely integrated into the Intercomp product family, including but not limited to:<\/p>\n<p>* **Ker\u00e9k- \u00e9s Tengelym\u00e9rlegek:** Ide\u00e1lis hordozhat\u00f3 m\u00e9r\u0151rendszerekhez (pl.: PT300\u2122, LTR788\u2122), amelyekkel gyorsan ellen\u0151rizhet\u0151 a tengelyterhel\u00e9s vagy a teljes j\u00e1rm\u0171s\u00faly.<br \/>\n* **Alacsony Profil\u00fa Teheraut\u00f3 M\u00e9rlegek:** Haszn\u00e1lhat\u00f3 az LP600\u2122 vagy LP788\u2122 rendszerekkel, ahol a kijelz\u0151t a kezel\u0151 mag\u00e1val viheti a m\u00e9r\u00e9s idej\u00e9re.<br \/>\n* **WIM Rendszerek:** B\u00e1r a WIM rendszerek gyakran dedik\u00e1lt kijelz\u0151ket haszn\u00e1lnak, az HH60\u2122 RFX\u00ae k\u00e9pes lehet a statikus m\u00e9r\u00e9sek vagy a WIM rendszerek kalibr\u00e1ci\u00f3s\/ellen\u0151rz\u00e9si f\u00e1zisainak t\u00e1mogat\u00e1s\u00e1ra.<br \/>\n* **Rep\u00fcl\u0151t\u00e9ri Alkalmaz\u00e1sok:** Kompatibilis lehet bizonyos RFX\u00ae alap\u00fa rep\u00fcl\u0151g\u00e9p m\u00e9r\u0151rendszerekkel (pl.: Jack Weigh k\u00e9szletek), ahol a s\u00faly- \u00e9s egyens\u00falysz\u00e1m\u00edt\u00e1sokhoz sz\u00fcks\u00e9ges adatok gy\u0171jt\u00e9s\u00e9re szolg\u00e1l.<\/p>\n<p>### 4. Alkalmaz\u00e1si Ter\u00fcletek<\/p>\n<p>Due to the versatility of the HH60\u2122 RFX\u00ae indicator, it is an indispensable tool in numerous industries:<\/p>\n<p>* **Logisztika \u00e9s Sz\u00e1ll\u00edt\u00e1s:** Gyors ellen\u0151rz\u0151 m\u00e9r\u00e9sek rakod\u00e1sn\u00e1l, kont\u00e9nerek s\u00faly\u00e1nak ellen\u0151rz\u00e9se (SOLAS megfelel\u0151s\u00e9g), fuvaroz\u00f3i flott\u00e1k s\u00falykontrollja.<br \/>\n* **\u00c9p\u00edt\u0151ipar \u00e9s B\u00e1ny\u00e1szat:** Ideiglenes munkahelyeken t\u00f6rt\u00e9n\u0151 anyagmozg\u00e1s \u00e9s j\u00e1rm\u0171terhel\u00e9s m\u00e9r\u00e9se.<br \/>\n* **Mez\u0151gazdas\u00e1g:** Fed\u00e9lzeti m\u00e9r\u0151rendszerek (pl.: vet\u0151mag-sz\u00e1ll\u00edt\u00f3k, TMR kever\u0151k) adatainak leolvas\u00e1sa \u00e9s r\u00f6gz\u00edt\u00e9se.<br \/>\n* **J\u00e1rm\u0171ipari Tesztel\u00e9s \u00e9s Versenysport:** Alv\u00e1zbe\u00e1ll\u00edt\u00e1sokhoz, s\u00falyeloszl\u00e1s ellen\u0151rz\u00e9s\u00e9hez, ahol a vezet\u00e9k n\u00e9lk\u00fcli m\u00e9r\u00e9s elengedhetetlen a pontos be\u00e1ll\u00edt\u00e1shoz.<br \/>\n* **K\u00f6z\u00fati Ellen\u0151rz\u00e9s:** Hordozhat\u00f3 statikus m\u00e9r\u00e9sek v\u00e9grehajt\u00e1sa, ahol a hat\u00f3s\u00e1gi szem\u00e9lyzetnek gyorsan \u00e9s biztons\u00e1gosan kell s\u00falyadatokat szerezni.<\/p>\n<p>The Intercomp HH60\u2122 RFX\u00ae wireless indicator is a combination of reliability, accuracy, and modern wireless technology, making it the ideal choice for any professional seeking a mobile, high-performance measurement solution.<\/p>","protected":false},"excerpt":{"rendered":"<p>Intercomp HH60\u2122 RFX\u00ae wireless portable scale indicator for precise weighing and data acquisition in workshop and service applications.<\/p>","protected":false},"featured_media":347537,"template":"","meta":[],"product_brand":[13685],"product_cat":[12998],"product_tag":[19450],"class_list":{"0":"post-365350","1":"product","2":"type-product","3":"status-publish","4":"has-post-thumbnail","6":"product_brand-intercompcompany","7":"product_cat-egyeb-termekek","8":"product_tag-intercomp-megoldasok-osszes","10":"first","11":"instock","12":"shipping-taxable","13":"product-type-simple"},"_links":{"self":[{"href":"https:\/\/met-industry.hu\/en\/wp-json\/wp\/v2\/product\/365350","targetHints":{"allow":["GET"]}}],"collection":[{"href":"https:\/\/met-industry.hu\/en\/wp-json\/wp\/v2\/product"}],"about":[{"href":"https:\/\/met-industry.hu\/en\/wp-json\/wp\/v2\/types\/product"}],"version-history":[{"count":1,"href":"https:\/\/met-industry.hu\/en\/wp-json\/wp\/v2\/product\/365350\/revisions"}],"predecessor-version":[{"id":373223,"href":"https:\/\/met-industry.hu\/en\/wp-json\/wp\/v2\/product\/365350\/revisions\/373223"}],"wp:featuredmedia":[{"embeddable":true,"href":"https:\/\/met-industry.hu\/en\/wp-json\/wp\/v2\/media\/347537"}],"wp:attachment":[{"href":"https:\/\/met-industry.hu\/en\/wp-json\/wp\/v2\/media?parent=365350"}],"wp:term":[{"taxonomy":"product_brand","embeddable":true,"href":"https:\/\/met-industry.hu\/en\/wp-json\/wp\/v2\/product_brand?post=365350"},{"taxonomy":"product_cat","embeddable":true,"href":"https:\/\/met-industry.hu\/en\/wp-json\/wp\/v2\/product_cat?post=365350"},{"taxonomy":"product_tag","embeddable":true,"href":"https:\/\/met-industry.hu\/en\/wp-json\/wp\/v2\/product_tag?post=365350"}],"curies":[{"name":"wp","href":"https:\/\/api.w.org\/{rel}","templated":true}]}}