{"id":365328,"date":"1970-01-01T00:00:00","date_gmt":"1969-12-31T22:00:00","guid":{"rendered":"https:\/\/staging.met-industry.hu\/?post_type=product&#038;p=365328"},"modified":"2026-04-29T12:42:17","modified_gmt":"2026-04-29T10:42:17","slug":"jack-weigh-ez-rfx-keszlet-repulogep-mereshez","status":"publish","type":"product","link":"https:\/\/met-industry.hu\/en\/uzlet\/jack-weigh-ez-rfx-keszlet-repulogep-mereshez\/","title":{"rendered":"Jack Weigh EZ RFX\u00ae Kit for Aircraft Weighing"},"content":{"rendered":"<p># Intercomp Ultra-Hordozhat\u00f3 Emel\u0151m\u00e9rleg K\u00e9szlet (Jack Weigh Kit)<\/p>\n<p>The Intercomp Ultra-Portable Load Cell Kit is a precision measuring device developed for the aerospace industry, enabling the extremely accurate determination of aircraft weight and center of gravity. This system is ideal for performing weight and balance calculations, ensuring safe and compliant operation. Thanks to its portability and robust design, this kit is equally suitable for use in workshop environments and remote locations.<\/p>\n<p>## Main Features and Advantages<\/p>\n<p>This load cell kit provides the highest level of accuracy and reliability for determining aircraft center of gravity.<\/p>\n<p>* **Kiv\u00e9teles Hordozhat\u00f3s\u00e1g:** Kompakt kialak\u00edt\u00e1s\u00e1nak k\u00f6sz\u00f6nhet\u0151en a k\u00e9szlet k\u00f6nnyen sz\u00e1ll\u00edthat\u00f3 \u00e9s telep\u00edthet\u0151, minimaliz\u00e1lva a helysz\u00edni munkav\u00e9gz\u00e9s idej\u00e9t.<br \/>\n* **Nagy Pontoss\u00e1g:** A fejlett \u00e9rz\u00e9kel\u0151 technol\u00f3gia garant\u00e1lja a m\u00e9r\u00e9si adatok megb\u00edzhat\u00f3s\u00e1g\u00e1t, ami elengedhetetlen a rep\u00fcl\u0151g\u00e9p s\u00faly- \u00e9s egyens\u00falysz\u00e1m\u00edt\u00e1saihoz.<br \/>\n* **Robusztus Kialak\u00edt\u00e1s:** Az ipari szabv\u00e1nyoknak megfelel\u0151 alkatr\u00e9szek biztos\u00edtj\u00e1k a hossz\u00fa \u00e9lettartamot \u00e9s a megb\u00edzhat\u00f3 m\u0171k\u00f6d\u00e9st sz\u00e9ls\u0151s\u00e9ges k\u00f6r\u00fclm\u00e9nyek k\u00f6z\u00f6tt is.<br \/>\n* **Vezet\u00e9k n\u00e9lk\u00fcli Kommunik\u00e1ci\u00f3 (Opcion\u00e1lis):** A modern kijelz\u0151kkel \u00e9s szoftverekkel p\u00e1ros\u00edtva lehet\u0151v\u00e9 teszi a vezet\u00e9k n\u00e9lk\u00fcli adat\u00e1tvitelt, n\u00f6velve a rugalmass\u00e1got a m\u00e9r\u00e9si folyamat sor\u00e1n.<br \/>\n* **Sz\u00e9lesk\u00f6r\u0171 Kompatibilit\u00e1s:** Kifejezetten rep\u00fcl\u0151g\u00e9pek s\u00falypontj\u00e1nak meghat\u00e1roz\u00e1s\u00e1ra tervezve, ide\u00e1lis kisebb \u00e9s k\u00f6zepes m\u00e9ret\u0171 l\u00e9gi j\u00e1rm\u0171vekhez, de a megfelel\u0151 konfigur\u00e1ci\u00f3val nagyobb kapacit\u00e1s\u00fa rendszerekhez is alkalmazhat\u00f3.<\/p>\n<p>## Technical Specifications<\/p>\n<p>Intercomp Jack Weigh Kits are available in various configurations that can be tailored to user requirements. The table below summarizes the main available systems and their characteristics.<\/p>\n<p>| Jellemz\u0151 | Jack Weigh AC100\u2122 K\u00e9szlet | Jack Weigh EZ RFX\u00ae K\u00e9szlet |<br \/>\n| :&#8212; | :&#8212; | :&#8212; |<br \/>\n| **Kapacit\u00e1s** | Nagyobb teherb\u00edr\u00e1s\u00fa konfigur\u00e1ci\u00f3k el\u00e9rhet\u0151k | Rugalmas, RFX\u00ae technol\u00f3gi\u00e1val |<br \/>\n| **Kommunik\u00e1ci\u00f3** | K\u00e1belkapcsolat\u00fa vagy vezet\u00e9k n\u00e9lk\u00fcli opci\u00f3k | RFX\u00ae vezet\u00e9k n\u00e9lk\u00fcli technol\u00f3gia |<br \/>\n| **Kijelz\u0151** | Dedik\u00e1lt CPU vagy \u00e9rint\u0151k\u00e9perny\u0151s kijelz\u0151 | RFX\u00ae Vezet\u00e9k n\u00e9lk\u00fcli K\u00e9zi Indik\u00e1tor |<br \/>\n| **Alkalmaz\u00e1s** | \u00c1ltal\u00e1nos s\u00falypont meghat\u00e1roz\u00e1s | Modern, vezet\u00e9k n\u00e9lk\u00fcli s\u00falypont meghat\u00e1roz\u00e1s |<br \/>\n| **Szoftver T\u00e1mogat\u00e1s** | ACWeigh\u2122 Szoftver kompatibilis | RFX\u00ae rendszerekkel optimaliz\u00e1lt |<\/p>\n<p>### Kapcsol\u00f3d\u00f3 Kieg\u00e9sz\u00edt\u0151k \u00e9s Szoftverek<\/p>\n<p>For maximum efficiency, the load cell kits can be integrated with Intercomp's advanced display and software systems:<\/p>\n<p>* **TAC30\u2122 CPU \u2013 \u00c9rint\u0151k\u00e9perny\u0151s Indik\u00e1tor:** Intuit\u00edv felhaszn\u00e1l\u00f3i fel\u00fcletet biztos\u00edt a s\u00falyadatok gyors \u00e9s pontos feldolgoz\u00e1s\u00e1hoz.<br \/>\n* **RFX\u00ae Vezet\u00e9k n\u00e9lk\u00fcli K\u00e9zi Indik\u00e1tor:** Lehet\u0151v\u00e9 teszi a kezel\u0151 sz\u00e1m\u00e1ra, hogy a m\u00e9r\u0151pontokt\u00f3l t\u00e1vol is val\u00f3s id\u0151ben monitorozza a terhel\u00e9si adatokat.<br \/>\n* **RFX\u00ae Vezet\u00e9k n\u00e9lk\u00fcli AC100\u2122 Rep\u00fcl\u0151g\u00e9p Sk\u00e1la CPU:** Speci\u00e1lisan az AC100\u2122 rendszerekhez optimaliz\u00e1lt vezet\u00e9k n\u00e9lk\u00fcli k\u00f6zponti egys\u00e9g.<br \/>\n* **ACWeigh\u2122 Szoftver:** Rep\u00fcl\u0151g\u00e9p s\u00faly- \u00e9s egyens\u00falysz\u00e1m\u00edt\u00e1sokhoz kifejlesztett szoftver, amely egyszer\u0171s\u00edti a dokument\u00e1ci\u00f3t \u00e9s a megfelel\u0151s\u00e9gi ellen\u0151rz\u00e9st.<br \/>\n* **iACWeigh\u2122:** Mobil eszk\u00f6z\u00f6kre optimaliz\u00e1lt alkalmaz\u00e1s a s\u00falyadatok kezel\u00e9s\u00e9re.<\/p>\n<p>## Alkalmaz\u00e1si Ter\u00fcletek a Rep\u00fcl\u00e9stechnik\u00e1ban<\/p>\n<p>Intercomp Jack Weigh systems play a crucial role in several areas of aircraft operation:<\/p>\n<p>1. **S\u00faly- \u00e9s Egyens\u00faly Sz\u00e1m\u00edt\u00e1sok:** A legfontosabb alkalmaz\u00e1s, ahol a pontos tengely- \u00e9s ker\u00e9km\u00e9retek alapj\u00e1n meghat\u00e1rozott s\u00falypont elengedhetetlen a biztons\u00e1gos felsz\u00e1ll\u00e1shoz \u00e9s rep\u00fcl\u00e9shez.<br \/>\n2. **eVTOL Fejleszt\u00e9s:** Az \u00faj gener\u00e1ci\u00f3s elektromos f\u00fcgg\u0151leges fel- \u00e9s lesz\u00e1ll\u00f3 j\u00e1rm\u0171vek (eVTOL) s\u00falyeloszl\u00e1s\u00e1nak prec\u00edz m\u00e9r\u00e9se a protot\u00edpus f\u00e1zisban.<br \/>\n3. **Kapacit\u00e1s Ellen\u0151rz\u00e9s:** K\u00fcl\u00f6nb\u00f6z\u0151 teherb\u00edr\u00e1s\u00fa rep\u00fcl\u0151g\u00e9pek (alacsony, k\u00f6zepes \u00e9s nagy kapacit\u00e1s\u00fa) maxim\u00e1lis megengedett s\u00faly\u00e1nak ellen\u0151rz\u00e9se.<br \/>\n4. **Katonai Alkalmaz\u00e1sok:** Katonai rep\u00fcl\u0151g\u00e9pek s\u00faly\u00e1nak m\u00e9r\u00e9se, ahol a szigor\u00fa el\u0151\u00edr\u00e1soknak val\u00f3 megfelel\u00e9s kritikus fontoss\u00e1g\u00fa.<\/p>\n<p>## Calibration and Support<\/p>\n<p>To maintain measurement accuracy, Intercomp offers comprehensive system support and calibration services:<\/p>\n<p>* **CSM\u2122 Manu\u00e1lis Teszt\u00e1llv\u00e1ny:** Alapvet\u0151 eszk\u00f6z a m\u00e9r\u0151cell\u00e1k manu\u00e1lis ellen\u0151rz\u00e9s\u00e9hez \u00e9s kalibr\u00e1l\u00e1s\u00e1hoz.<br \/>\n* **CSA\u2122 Automatikus Teszt\u00e1llv\u00e1ny:** Nagyobb hat\u00e9konys\u00e1got biztos\u00edt\u00f3 automatiz\u00e1lt rendszer a rendszeres kalibr\u00e1ci\u00f3s elj\u00e1r\u00e1sokhoz.<\/p>\n<p>This Ultra-Portable Scale Kit reflects Intercomp's commitment to precision measurement, ensuring the highest level of flight safety for users.<\/p>","protected":false},"excerpt":{"rendered":"<p>Intercomp Ultra-Portable Jack Weigh Kit EZ RFX\u00ae. Precision measuring device for center of gravity measurement in the aerospace industry.<\/p>","protected":false},"featured_media":347667,"template":"","meta":[],"product_brand":[13685],"product_cat":[12998],"product_tag":[19450],"class_list":{"0":"post-365328","1":"product","2":"type-product","3":"status-publish","4":"has-post-thumbnail","6":"product_brand-intercompcompany","7":"product_cat-egyeb-termekek","8":"product_tag-intercomp-megoldasok-osszes","10":"first","11":"instock","12":"shipping-taxable","13":"product-type-simple"},"_links":{"self":[{"href":"https:\/\/met-industry.hu\/en\/wp-json\/wp\/v2\/product\/365328","targetHints":{"allow":["GET"]}}],"collection":[{"href":"https:\/\/met-industry.hu\/en\/wp-json\/wp\/v2\/product"}],"about":[{"href":"https:\/\/met-industry.hu\/en\/wp-json\/wp\/v2\/types\/product"}],"version-history":[{"count":1,"href":"https:\/\/met-industry.hu\/en\/wp-json\/wp\/v2\/product\/365328\/revisions"}],"predecessor-version":[{"id":373201,"href":"https:\/\/met-industry.hu\/en\/wp-json\/wp\/v2\/product\/365328\/revisions\/373201"}],"wp:featuredmedia":[{"embeddable":true,"href":"https:\/\/met-industry.hu\/en\/wp-json\/wp\/v2\/media\/347667"}],"wp:attachment":[{"href":"https:\/\/met-industry.hu\/en\/wp-json\/wp\/v2\/media?parent=365328"}],"wp:term":[{"taxonomy":"product_brand","embeddable":true,"href":"https:\/\/met-industry.hu\/en\/wp-json\/wp\/v2\/product_brand?post=365328"},{"taxonomy":"product_cat","embeddable":true,"href":"https:\/\/met-industry.hu\/en\/wp-json\/wp\/v2\/product_cat?post=365328"},{"taxonomy":"product_tag","embeddable":true,"href":"https:\/\/met-industry.hu\/en\/wp-json\/wp\/v2\/product_tag?post=365328"}],"curies":[{"name":"wp","href":"https:\/\/api.w.org\/{rel}","templated":true}]}}