{"id":365283,"date":"1970-01-01T00:00:00","date_gmt":"1969-12-31T22:00:00","guid":{"rendered":"https:\/\/staging.met-industry.hu\/?post_type=product&#038;p=365283"},"modified":"2026-04-29T12:42:12","modified_gmt":"2026-04-29T10:42:12","slug":"rfx-vezetek-nelkuli-kezi-vezerlo","status":"publish","type":"product","link":"https:\/\/met-industry.hu\/en\/uzlet\/rfx-vezetek-nelkuli-kezi-vezerlo\/","title":{"rendered":"RFX\u00ae Wireless Handheld Controller"},"content":{"rendered":"<p># RFX\u00ae Vezet\u00e9k N\u00e9lk\u00fcli K\u00e9zi Vez\u00e9rl\u0151<\/p>\n<p>The RFX\u00ae Wireless Handheld Controller is an accessory for Intercomp's advanced weighing systems, designed for maximum flexibility and user-friendly operation. This highly versatile device is the ideal choice for the remote control and data acquisition of scales and systems used across various industries \u2013 from aerospace to vehicle weighing and agricultural applications. RFX\u00ae technology ensures stable, interference-free communication between weighing platforms and central units, minimizing cabling limitations and increasing safety at weighing points.<\/p>\n<p>## Main Features and Advantages<\/p>\n<p>The RFX\u00ae handheld controller offers a wide scale of functions tailored to modern weighing requirements:<\/p>\n<p>* **Vezet\u00e9k N\u00e9lk\u00fcli Kapcsolat:** Megsz\u00fcnteti a k\u00e1belek okozta balesetvesz\u00e9lyt \u00e9s korl\u00e1tozza a telep\u00edt\u00e9si id\u0151t. Lehet\u0151v\u00e9 teszi a kezel\u0151 sz\u00e1m\u00e1ra, hogy biztons\u00e1gos t\u00e1vols\u00e1gb\u00f3l, optim\u00e1lis r\u00e1l\u00e1t\u00e1ssal v\u00e9gezze a m\u00e9r\u00e9seket.<br \/>\n* **Kompatibilit\u00e1s:** Sz\u00e9les k\u00f6r\u0171 kompatibilit\u00e1st biztos\u00edt az Intercomp k\u00fcl\u00f6nb\u00f6z\u0151 m\u00e9r\u0151rendszereivel, bele\u00e9rtve a rep\u00fcl\u0151g\u00e9p m\u00e9rlegeket (pl.: AC100\u2122 CPU), a j\u00e1rm\u0171ipari ker\u00e9kterhel\u00e9s m\u00e9r\u0151ket (PT300\u2122, LP600\u2122), valamint m\u00e1s speci\u00e1lis m\u00e9r\u0151egys\u00e9geket.<br \/>\n* **Intuit\u00edv Kezel\u0151fel\u00fclet:** A felhaszn\u00e1l\u00f3bar\u00e1t kialak\u00edt\u00e1s gyors \u00e9s egyszer\u0171 hozz\u00e1f\u00e9r\u00e9st biztos\u00edt a legfontosabb funkci\u00f3khoz \u00e9s a m\u00e9rt adatokhoz.<br \/>\n* **Robusztus Kialak\u00edt\u00e1s:** \u00dagy tervezt\u00e9k, hogy ellen\u00e1lljon a neh\u00e9z ipari, mez\u0151gazdas\u00e1gi \u00e9s rep\u00fcl\u0151t\u00e9ri k\u00f6rnyezetek viszontags\u00e1gainak.<br \/>\n* **Val\u00f3s Idej\u0171 Adatmegjelen\u00edt\u00e9s:** Lehet\u0151v\u00e9 teszi a s\u00falyadatok, a s\u00falypont sz\u00e1m\u00edt\u00e1sok \u00e9s a rendszer-diagnosztika azonnali ellen\u0151rz\u00e9s\u00e9t.<\/p>\n<p>## Application Areas<\/p>\n<p>Using the RFX\u00ae controller significantly improves efficiency and accuracy in the following areas:<\/p>\n<p>### Rep\u00fcl\u00e9stechnika \u00e9s S\u00falypont Sz\u00e1m\u00edt\u00e1s<br \/>\nThe RFX\u00ae controller is an essential tool in aircraft weight and balance measurements. It communicates directly with aircraft weighing systems (e.g., Jack Weigh kits or platform scales), enabling pilots and ground personnel to:<\/p>\n<p>* Val\u00f3s id\u0151ben k\u00f6vess\u00e9k a kerekenk\u00e9nti terhel\u00e9st.<br \/>\n* A s\u00falypont (CG) sz\u00e1m\u00edt\u00e1sokat azonnal elv\u00e9gezz\u00e9k a TAC30\u2122 CPU -val vagy az RFX\u00ae Wireless AC100\u2122 Aircraft Scale CPU -val egy\u00fcttm\u0171k\u00f6dve.<br \/>\n* Gyorsan \u00e9s pontosan ellen\u0151rizz\u00e9k a terhel\u00e9s eloszt\u00e1s\u00e1t, ami elengedhetetlen a biztons\u00e1gos felsz\u00e1ll\u00e1shoz \u00e9s rep\u00fcl\u00e9shez.<\/p>\n<p>### J\u00e1rm\u0171ipari \u00e9s Teherg\u00e9pj\u00e1rm\u0171 M\u00e9r\u00e9s<br \/>\nDuring the weighing of trucks, commercial vehicles, and special vehicles, the RFX\u00ae ensures remote data acquisition:<\/p>\n<p>* **Ker\u00e9k- \u00e9s Tengelyterhel\u00e9s M\u00e9r\u00e9s:** Haszn\u00e1lhat\u00f3 hordozhat\u00f3 m\u00e9r\u0151rendszerekkel (pl.: PT300\u2122, LP600\u2122), \u00edgy a kezel\u0151 elker\u00fclheti a j\u00e1rm\u0171 alatti vagy k\u00f6zvetlen k\u00f6zel\u00e9ben v\u00e9gzett munk\u00e1t.<br \/>\n* **WIM (Weigh-In-Motion) Rendszerek:** T\u00e1mogatja a mozg\u00f3 j\u00e1rm\u0171vek tengelyterhel\u00e9s\u00e9nek m\u00e9r\u00e9s\u00e9t az ITS (Intelligent Transportation Systems) \u00e9s a forgalomfel\u00fcgyeleti alkalmaz\u00e1sokban.<\/p>\n<p>### Mez\u0151gazdas\u00e1gi M\u00e9r\u00e9sek<br \/>\nWhen paired with agricultural scales (e.g., grain carts, TMR mixers), the RFX\u00ae allows the operator to precisely monitor filling processes while standing in the cab or next to the machine, ensuring accurate dosing and maximum utilization of load capacity.<\/p>\n<p>## Technical Specifications and Compatibility<\/p>\n<p>Although precise technical data will align with the specific system (e.g., aircraft scale or vehicle scale), the general features of the RFX\u00ae controller are as follows:<\/p>\n<p>| Feature | Description |<br \/>\n| :&#8212; | :&#8212; |<br \/>\n| **Kommunik\u00e1ci\u00f3s Protokoll** | RFX\u00ae Vezet\u00e9k N\u00e9lk\u00fcli Technol\u00f3gia |<br \/>\n| **Hat\u00f3t\u00e1vols\u00e1g** | Optimaliz\u00e1lt a biztons\u00e1gos \u00fczemi t\u00e1vols\u00e1g biztos\u00edt\u00e1s\u00e1ra (rendszert\u0151l f\u00fcgg\u0151en v\u00e1ltozhat) |<br \/>\n| **Kompatibilis Indik\u00e1torok** | TAC30\u2122 CPU, RFX\u00ae Wireless AC100\u2122 Aircraft Scale CPU, valamint kompatibilis j\u00e1rm\u0171ipari kijelz\u0151k |<br \/>\n| **T\u00e1pell\u00e1t\u00e1s** | Akkumul\u00e1toros (r\u00e9szletes specifik\u00e1ci\u00f3k a k\u00e9zik\u00f6nyvben) |<br \/>\n| **Kijelz\u0151 T\u00edpus** | Nagy kontraszt\u00fa, k\u00f6nnyen olvashat\u00f3 kijelz\u0151 |<br \/>\n| **Kialak\u00edt\u00e1s** | Ergonomikus, k\u00e9zbe ill\u0151, strapab\u00edr\u00f3 h\u00e1z |<br \/>\n| **Funkci\u00f3k** | Adatgy\u0171jt\u00e9s, null\u00e1z\u00e1s, m\u00e9rt\u00e9kegys\u00e9g v\u00e1lt\u00e1s, s\u00falypont sz\u00e1m\u00edt\u00e1si t\u00e1mogat\u00e1s |<\/p>\n<p>### Integr\u00e1ci\u00f3 a Kieg\u00e9sz\u00edt\u0151 Rendszerekkel<\/p>\n<p>The RFX\u00ae controller integrates seamlessly into the wide Intercomp product line:<\/p>\n<p>* **Rep\u00fcl\u0151g\u00e9p M\u00e9rlegek:** K\u00f6zvetlen kapcsolat a Jack Weigh k\u00e9szletekkel (AC100\u2122), valamint a platform m\u00e9rlegekkel (AC15-LP\u2122, AC40-LP\u2122, AC60-LP\u2122).<br \/>\n* **J\u00e1rm\u0171 M\u00e9rlegek:** Kompatibilis a hordozhat\u00f3 ker\u00e9kterhel\u00e9s m\u00e9r\u0151kkel (PT300\u2122, PT300DW\u2122), alacsony profil\u00fa m\u00e9rlegekkel (LP600\u2122) \u00e9s a WIM rendszerekkel (LS-WIM\u00ae, LS630-WIM\u2122).<br \/>\n* **Er\u0151m\u00e9r\u0151 Vizsg\u00e1l\u00f3\u00e1llv\u00e1nyok:** Haszn\u00e1lhat\u00f3 a kalibr\u00e1ci\u00f3s \u00e9s tesztel\u0151 rendszerek (CSM\u2122, CSA\u2122) t\u00e1voli vez\u00e9rl\u00e9s\u00e9re \u00e9s adatgy\u0171jt\u00e9s\u00e9re.<\/p>\n<p>## A Vezet\u00e9k N\u00e9lk\u00fcli Szabads\u00e1g El\u0151nyei<\/p>\n<p>Introducing the RFX\u00ae handheld controller into measurement processes brings significant operational advantages:<\/p>\n<p>1. **Biztons\u00e1g N\u00f6vel\u00e9se:** A kezel\u0151 t\u00e1vol maradhat a forgalmas ter\u00fcletekt\u0151l, a mozg\u00f3 j\u00e1rm\u0171vekt\u0151l vagy a vesz\u00e9lyes emel\u00e9si pontokt\u00f3l, mik\u00f6zben teljes m\u00e9rt\u00e9kben kontroll\u00e1lja a m\u00e9r\u00e9st.<br \/>\n2. **Pontoss\u00e1g Jav\u00edt\u00e1sa:** A kezel\u0151 a legjobb poz\u00edci\u00f3b\u00f3l figyelheti a j\u00e1rm\u0171 stabilit\u00e1s\u00e1t a m\u00e9r\u00e9s alatt, minimaliz\u00e1lva a k\u00fcls\u0151 t\u00e9nyez\u0151k (pl.: sz\u00e9l, talaj egyenetlens\u00e9ge) hat\u00e1s\u00e1t a leolvas\u00e1sra.<br \/>\n3. **Gyorsabb M\u0171veletek:** A vezet\u00e9k n\u00e9lk\u00fcli adat\u00e1tvitel \u00e9s a gyors men\u00fckezel\u00e9s ler\u00f6vid\u00edti a m\u00e9r\u00e9si ciklusokat, ami k\u00fcl\u00f6n\u00f6sen kritikus a gyors forgalomlebonyol\u00edt\u00e1st ig\u00e9nyl\u0151 helysz\u00edneken (pl.: rep\u00fcl\u0151terek, teherp\u00e1lyaudvarok).<br \/>\n4. **Egyszer\u0171s\u00edtett Kalibr\u00e1ci\u00f3 \u00e9s Diagnosztika:** A t\u00e1voli hozz\u00e1f\u00e9r\u00e9s lehet\u0151v\u00e9 teszi a m\u0171szerek gyors ellen\u0151rz\u00e9s\u00e9t \u00e9s finomhangol\u00e1s\u00e1t an\u00e9lk\u00fcl, hogy a kezel\u0151nek fizikai hozz\u00e1f\u00e9r\u00e9st kellene biztos\u00edtani a k\u00f6zponti egys\u00e9ghez.<\/p>\n<p>The RFX\u00ae Wireless Handheld Controller reflects Intercomp's commitment to the most modern, reliable, and safe weighing solutions, whether for precision aerospace center of gravity calculations or large capacity vehicle inspections.<\/p>","protected":false},"excerpt":{"rendered":"<p>RFX\u00ae Wireless Handheld Controller for Intercomp advanced weighing systems, ensuring maximum flexibility and user-friendly operation in the workshop.<\/p>","protected":false},"featured_media":347944,"template":"","meta":[],"product_brand":[13685],"product_cat":[12998],"product_tag":[19450],"class_list":{"0":"post-365283","1":"product","2":"type-product","3":"status-publish","4":"has-post-thumbnail","6":"product_brand-intercompcompany","7":"product_cat-egyeb-termekek","8":"product_tag-intercomp-megoldasok-osszes","10":"first","11":"instock","12":"shipping-taxable","13":"product-type-simple"},"_links":{"self":[{"href":"https:\/\/met-industry.hu\/en\/wp-json\/wp\/v2\/product\/365283","targetHints":{"allow":["GET"]}}],"collection":[{"href":"https:\/\/met-industry.hu\/en\/wp-json\/wp\/v2\/product"}],"about":[{"href":"https:\/\/met-industry.hu\/en\/wp-json\/wp\/v2\/types\/product"}],"version-history":[{"count":1,"href":"https:\/\/met-industry.hu\/en\/wp-json\/wp\/v2\/product\/365283\/revisions"}],"predecessor-version":[{"id":373186,"href":"https:\/\/met-industry.hu\/en\/wp-json\/wp\/v2\/product\/365283\/revisions\/373186"}],"wp:featuredmedia":[{"embeddable":true,"href":"https:\/\/met-industry.hu\/en\/wp-json\/wp\/v2\/media\/347944"}],"wp:attachment":[{"href":"https:\/\/met-industry.hu\/en\/wp-json\/wp\/v2\/media?parent=365283"}],"wp:term":[{"taxonomy":"product_brand","embeddable":true,"href":"https:\/\/met-industry.hu\/en\/wp-json\/wp\/v2\/product_brand?post=365283"},{"taxonomy":"product_cat","embeddable":true,"href":"https:\/\/met-industry.hu\/en\/wp-json\/wp\/v2\/product_cat?post=365283"},{"taxonomy":"product_tag","embeddable":true,"href":"https:\/\/met-industry.hu\/en\/wp-json\/wp\/v2\/product_tag?post=365283"}],"curies":[{"name":"wp","href":"https:\/\/api.w.org\/{rel}","templated":true}]}}