{"id":365280,"date":"1970-01-01T00:00:00","date_gmt":"1969-12-31T22:00:00","guid":{"rendered":"https:\/\/staging.met-industry.hu\/?post_type=product&#038;p=365280"},"modified":"2026-04-29T12:42:10","modified_gmt":"2026-04-29T10:42:10","slug":"ld820-bluetooth-tmr-indikator","status":"publish","type":"product","link":"https:\/\/met-industry.hu\/en\/uzlet\/ld820-bluetooth-tmr-indikator\/","title":{"rendered":"LD820\u2122 Bluetooth\u00ae TMR Indicator"},"content":{"rendered":"<p># LD820\u2122 Bluetooth\u00ae TMR Indik\u00e1tor \u2013 Prec\u00edzi\u00f3s M\u00e9r\u00e9s TMR Takarm\u00e1nykever\u0151kh\u00f6z<\/p>\n<p>The LD820\u2122 Bluetooth\u00ae TMR Indicator is Intercomp's leading solution for agricultural users seeking precise and reliable weighing of TMR feed mixer wagons. This advanced display and data collection system ensures that every ingredient is used in the desired ratio during the mixing process, thereby optimizing animal nutrition and reducing material waste.<\/p>\n<p>The LD820\u2122 combines the latest wireless technology with a robust industrial design, ensuring easy handling and long-term reliability in the challenging agricultural environment.<\/p>\n<p>## Main Features and Advantages<\/p>\n<p>The LD820\u2122 indicator offers several features that set it apart from competitors, particularly in the areas of wireless connectivity and data management:<\/p>\n<p>* **Vezet\u00e9k N\u00e9lk\u00fcli Kapcsolat (Bluetooth\u00ae):** Az indik\u00e1tor be\u00e9p\u00edtett Bluetooth\u00ae k\u00e9pess\u00e9ggel rendelkezik, amely lehet\u0151v\u00e9 teszi a vezet\u00e9k n\u00e9lk\u00fcli kommunik\u00e1ci\u00f3t a m\u00e9r\u0151cell\u00e1kkal \u00e9s m\u00e1s kompatibilis eszk\u00f6z\u00f6kkel. Ez drasztikusan cs\u00f6kkenti a k\u00e1belez\u00e9s sz\u00fcks\u00e9gess\u00e9g\u00e9t, n\u00f6velve a telep\u00edt\u00e9s rugalmass\u00e1g\u00e1t \u00e9s cs\u00f6kkentve a meghib\u00e1sod\u00e1s kock\u00e1zat\u00e1t a vibr\u00e1ci\u00f3nak kitett k\u00f6rnyezetben.<br \/>\n* **TMR Kever\u0151 Optimaliz\u00e1l\u00e1s:** Kifejezetten a takarm\u00e1nykever\u0151 kocsikhoz tervezve, t\u00e1mogatja a recept\u00fara alap\u00fa m\u00e9r\u00e9st. A felhaszn\u00e1l\u00f3k el\u0151re be\u00e1ll\u00edthatj\u00e1k a sz\u00fcks\u00e9ges \u00f6sszetev\u0151k s\u00faly\u00e1t, az indik\u00e1tor pedig val\u00f3s id\u0151ben mutatja a hozz\u00e1adott mennyis\u00e9get, figyelmeztetve a kezel\u0151t, amikor el\u00e9ri a c\u00e9l\u00e9rt\u00e9ket.<br \/>\n* **Robusztus Kialak\u00edt\u00e1s:** Az egys\u00e9g ellen\u00e1ll a mez\u0151gazdas\u00e1gi munkak\u00f6rnyezet viszontags\u00e1gainak, bele\u00e9rtve a port, a nedvess\u00e9get \u00e9s a vibr\u00e1ci\u00f3t.<br \/>\n* **Felhaszn\u00e1l\u00f3bar\u00e1t Interf\u00e9sz:** Intuit\u00edv kezel\u0151fel\u00fclet biztos\u00edtja a gyors betanul\u00e1st \u00e9s a hat\u00e9kony napi m\u0171k\u00f6d\u00e9st.<br \/>\n* **Adatkezel\u00e9s \u00e9s Napl\u00f3z\u00e1s:** Lehet\u0151s\u00e9g van a kever\u00e9si adatok r\u00f6gz\u00edt\u00e9s\u00e9re, ami elengedhetetlen a nyomon k\u00f6vethet\u0151s\u00e9ghez, a k\u00e9szletgazd\u00e1lkod\u00e1shoz \u00e9s a hat\u00e9konys\u00e1g elemz\u00e9s\u00e9hez.<br \/>\n* **Kompatibilit\u00e1s:** Z\u00f6kken\u0151mentesen integr\u00e1lhat\u00f3 az Intercomp sz\u00e9les k\u00f6r\u0171 mez\u0151gazdas\u00e1gi m\u00e9r\u0151cell\u00e1ival \u00e9s szenzoraival.<\/p>\n<p>## Technical Specifications<\/p>\n<p>The LD820\u2122 TMR Indicator provides precise and reliable performance based on the following technical parameters:<\/p>\n<p>| Feature | Specification |<br \/>\n| :&#8212; | :&#8212; |<br \/>\n| **Term\u00e9kazonos\u00edt\u00f3** | LD820\u2122 |<br \/>\n| **Kommunik\u00e1ci\u00f3** | Bluetooth\u00ae vezet\u00e9k n\u00e9lk\u00fcli technol\u00f3gia |<br \/>\n| **Alkalmaz\u00e1si Ter\u00fclet** | TMR Kever\u0151k |<br \/>\n| **T\u00e1pell\u00e1t\u00e1s** | (A pontos fesz\u00fclts\u00e9g \u00e9s akkumul\u00e1tor\/h\u00e1l\u00f3zati opci\u00f3k a teljes dokument\u00e1ci\u00f3ban tal\u00e1lhat\u00f3k, de felt\u00e9telezhet\u0151en 12V DC vagy bels\u0151 akkumul\u00e1tor) |<br \/>\n| **Kijelz\u0151 T\u00edpusa** | Nagy felbont\u00e1s\u00fa, h\u00e1tt\u00e9r vil\u00e1g\u00edt\u00e1s\u00fa kijelz\u0151 (a r\u00e9szletes specifik\u00e1ci\u00f3k hi\u00e1ny\u00e1ban felt\u00e9telezhet\u0151en LCD\/LED) |<br \/>\n| **M\u00e9r\u00e9si Egys\u00e9gek** | V\u00e1ltoztathat\u00f3 (pl.: kg, tonna, font) |<br \/>\n| **Recept\u00fara Kezel\u00e9s** | T\u00f6bb recept\u00fara t\u00e1rol\u00e1si k\u00e9pess\u00e9g |<br \/>\n| **K\u00f6rnyezeti V\u00e9delem** | IP besorol\u00e1s (a pontos v\u00e9detts\u00e9g a teljes specifik\u00e1ci\u00f3 r\u00e9sze) |<br \/>\n| **Csatlakoz\u00e1si Protokoll** | Kompatibilis az Intercomp RFX\u00ae vezet\u00e9k n\u00e9lk\u00fcli rendszerekkel |<\/p>\n<p>## Detailed Functions and Application Areas<\/p>\n<p>The LD820\u2122 is not just a display; it is a complete measurement and data management solution for modern animal husbandry.<\/p>\n<p>### Recept\u00fara \u00e9s Adagol\u00e1s Vez\u00e9rl\u00e9s<\/p>\n<p>The central element of the system is its feed recipe management capability. Users can easily input the varying nutritional requirements of different animal groups (e.g., dairy cows, fattening cattle).<\/p>\n<p>1. **Recept\u00fara L\u00e9trehoz\u00e1s:** Lehet\u0151v\u00e9 teszi a k\u00fcl\u00f6nb\u00f6z\u0151 takarm\u00e1ny-\u00f6sszetev\u0151k (sz\u00e9na, sil\u00f3, koncentr\u00e1tumok) pontos s\u00faly\u00e1nak be\u00e1ll\u00edt\u00e1s\u00e1t.<br \/>\n2. **Val\u00f3s Idej\u0171 Visszajelz\u00e9s:** A kijelz\u0151n l\u00e1that\u00f3 a c\u00e9l s\u00faly, a jelenlegi s\u00faly \u00e9s a h\u00e1tral\u00e9v\u0151 mennyis\u00e9g. A Bluetooth\u00ae kapcsolat r\u00e9v\u00e9n a m\u00e9r\u0151cell\u00e1k azonnal tov\u00e1bb\u00edtj\u00e1k az adatokat, minimaliz\u00e1lva a k\u00e9sleltet\u00e9st.<br \/>\n3. **T\u00fal-\/Alul t\u00f6lt\u00e9s Figyelmeztet\u00e9sek:** A rendszer vizu\u00e1lis \u00e9s\/vagy hangjelz\u00e9st ad, ha a kezel\u0151 t\u00fall\u00e9pi vagy elmarad a be\u00e1ll\u00edtott mennyis\u00e9gt\u0151l, biztos\u00edtva a recept\u00fara integrit\u00e1s\u00e1t.<\/p>\n<p>### Vezet\u00e9k N\u00e9lk\u00fcli El\u0151ny\u00f6k a Gyakorlatban<\/p>\n<p>The use of Bluetooth\u00ae technology in the LD820\u2122 offers significant advantages over traditional wired systems:<\/p>\n<p>* **Egyszer\u0171 Telep\u00edt\u00e9s:** Nincs sz\u00fcks\u00e9g hossz\u00fa, a traktoron \u00e9s a kever\u0151kocsin v\u00e9gigfut\u00f3 jelk\u00e1belek lefektet\u00e9s\u00e9re, amelyek id\u0151vel elhaszn\u00e1l\u00f3dhatnak a mozg\u00e1s \u00e9s a k\u00f6rnyezeti hat\u00e1sok miatt.<br \/>\n* **J\u00e1rm\u0171 Rugalmass\u00e1g:** Az indik\u00e1tor k\u00f6nnyen \u00e1thelyezhet\u0151 egyik kever\u0151kocsir\u00f3l a m\u00e1sikra, vagy ak\u00e1r egy m\u00e1sik munka\u00e1llom\u00e1sra, ha sz\u00fcks\u00e9ges, an\u00e9lk\u00fcl, hogy a k\u00e1belez\u00e9st \u00fajra kellene csatlakoztatni.<br \/>\n* **Karbantart\u00e1s Cs\u00f6kkent\u00e9se:** A k\u00e1belek elker\u00fcl\u00e9se cs\u00f6kkenti a kop\u00e1sb\u00f3l, r\u00e1gcs\u00e1l\u00f3k \u00e1ltal okozott s\u00e9r\u00fcl\u00e9sekb\u0151l vagy a mechanikai ig\u00e9nybev\u00e9telb\u0151l ered\u0151 meghib\u00e1sod\u00e1sok sz\u00e1m\u00e1t.<\/p>\n<p>### Adatgy\u0171jt\u00e9s \u00e9s Dokument\u00e1ci\u00f3<\/p>\n<p>Modern agriculture demands precise documentation. The LD820\u2122 supports this requirement:<\/p>\n<p>* **M\u0171szaknapl\u00f3:** Minden egyes kever\u00e9si ciklus r\u00f6gz\u00edt\u00e9sre ker\u00fcl, bele\u00e9rtve a d\u00e1tumot, id\u0151pontot, a haszn\u00e1lt recept\u00far\u00e1t \u00e9s a t\u00e9nylegesen felhaszn\u00e1lt mennyis\u00e9geket.<br \/>\n* **K\u00e9szletk\u00f6vet\u00e9s:** Az adatok felhaszn\u00e1lhat\u00f3k a takarm\u00e1nyk\u00e9szletek fogy\u00e1s\u00e1nak pontos nyomon k\u00f6vet\u00e9s\u00e9re, seg\u00edtve az el\u0151rejelz\u00e9st \u00e9s a beszerz\u00e9si d\u00f6nt\u00e9seket.<br \/>\n* **Audit K\u00e9szs\u00e9g:** A r\u00f6gz\u00edtett adatok k\u00f6nnyen export\u00e1lhat\u00f3k (a kapcsol\u00f3d\u00f3 szoftvereken kereszt\u00fcl), biztos\u00edtva az \u00e1tl\u00e1that\u00f3s\u00e1got a hat\u00f3s\u00e1gi ellen\u0151rz\u00e9sek vagy bels\u0151 min\u0151s\u00e9gbiztos\u00edt\u00e1si elj\u00e1r\u00e1sok sor\u00e1n.<\/p>\n<p>## Kompatibilis Rendszerek<\/p>\n<p>The LD820\u2122 indicator is part of Intercomp's wide range of products and works excellently with measuring devices belonging to the following categories:<\/p>\n<p>* **TMR Kever\u0151 M\u00e9r\u0151cell\u00e1k:** Kifejezetten a kever\u0151kocsikhoz tervezett, nagy teherb\u00edr\u00e1s\u00fa, megb\u00edzhat\u00f3 m\u00e9r\u0151cell\u00e1k, amelyek biztos\u00edtj\u00e1k a pontos s\u00falyadatok tov\u00e1bb\u00edt\u00e1s\u00e1t.<br \/>\n* **LOADBAR\u2122 Round Bar Load Cells:** Nagy pontoss\u00e1g\u00fa terhel\u0151cell\u00e1k, amelyek ide\u00e1lisak a k\u00fcl\u00f6nb\u00f6z\u0151 t\u00edpus\u00fa mez\u0151gazdas\u00e1gi g\u00e9pekhez.<br \/>\n* **Terhel\u0151cell\u00e1k 4. kateg\u00f3ri\u00e1s H\u00e1rompontos Felf\u00fcggeszt\u00e9shez:** Olyan megold\u00e1sok, amelyek a von\u00f3horog terhel\u00e9s\u00e9t m\u00e9rik, kieg\u00e9sz\u00edtve a teljes rendszeradatb\u00e1zis\u00e1t.<\/p>\n<p>The LD820\u2122 Bluetooth\u00ae TMR Indicator offers the perfect combination of accuracy, wireless freedom, and robust reliability for efficient and precise feed mixing.<\/p>","protected":false},"excerpt":{"rendered":"<p>Bluetooth\u00ae technology TMR Indicator. Leading solution for agricultural precision measurement and dosing.<\/p>","protected":false},"featured_media":347955,"template":"","meta":[],"product_brand":[13685],"product_cat":[12998],"product_tag":[19450],"class_list":{"0":"post-365280","1":"product","2":"type-product","3":"status-publish","4":"has-post-thumbnail","6":"product_brand-intercompcompany","7":"product_cat-egyeb-termekek","8":"product_tag-intercomp-megoldasok-osszes","10":"first","11":"instock","12":"shipping-taxable","13":"product-type-simple"},"_links":{"self":[{"href":"https:\/\/met-industry.hu\/en\/wp-json\/wp\/v2\/product\/365280","targetHints":{"allow":["GET"]}}],"collection":[{"href":"https:\/\/met-industry.hu\/en\/wp-json\/wp\/v2\/product"}],"about":[{"href":"https:\/\/met-industry.hu\/en\/wp-json\/wp\/v2\/types\/product"}],"version-history":[{"count":1,"href":"https:\/\/met-industry.hu\/en\/wp-json\/wp\/v2\/product\/365280\/revisions"}],"predecessor-version":[{"id":373183,"href":"https:\/\/met-industry.hu\/en\/wp-json\/wp\/v2\/product\/365280\/revisions\/373183"}],"wp:featuredmedia":[{"embeddable":true,"href":"https:\/\/met-industry.hu\/en\/wp-json\/wp\/v2\/media\/347955"}],"wp:attachment":[{"href":"https:\/\/met-industry.hu\/en\/wp-json\/wp\/v2\/media?parent=365280"}],"wp:term":[{"taxonomy":"product_brand","embeddable":true,"href":"https:\/\/met-industry.hu\/en\/wp-json\/wp\/v2\/product_brand?post=365280"},{"taxonomy":"product_cat","embeddable":true,"href":"https:\/\/met-industry.hu\/en\/wp-json\/wp\/v2\/product_cat?post=365280"},{"taxonomy":"product_tag","embeddable":true,"href":"https:\/\/met-industry.hu\/en\/wp-json\/wp\/v2\/product_tag?post=365280"}],"curies":[{"name":"wp","href":"https:\/\/api.w.org\/{rel}","templated":true}]}}