{"id":365275,"date":"1970-01-01T00:00:00","date_gmt":"1969-12-31T22:00:00","guid":{"rendered":"https:\/\/staging.met-industry.hu\/?post_type=product&#038;p=365275"},"modified":"2026-04-29T12:42:09","modified_gmt":"2026-04-29T10:42:09","slug":"intercomp-merlegvezerlo-egyseg","status":"publish","type":"product","link":"https:\/\/met-industry.hu\/en\/uzlet\/intercomp-merlegvezerlo-egyseg\/","title":{"rendered":"Intercomp Weighing Control Unit"},"content":{"rendered":"<p># Intercomp M\u00e9rlegvez\u00e9rl\u0151 Egys\u00e9g<\/p>\n<p>This detailed description presents the functions and technical specifications of the Control Unit designed by Intercomp for high-precision weighing systems. This central unit is a key component in various industrial, agricultural, and aerospace weighing applications, ensuring reliable data acquisition and user-friendly management.<\/p>\n<p>## Overview and Key Features<\/p>\n<p>The Intercomp Control Unit is designed to integrate seamlessly into the company's wide range of weighing systems, including wheel and axle load scales, vehicle scales, and aircraft scales. This unit serves to receive, process, display, and record data from the sensors.<\/p>\n<p>The robust design and advanced electronics of the control unit guarantee accurate and repeatable measurements even in the most demanding environments. Its wireless communication capability is particularly outstanding, increasing flexibility during installation and use.<\/p>\n<p>### Main Advantages:<\/p>\n<p>* **Magas Pontoss\u00e1g:** Az egys\u00e9g kiv\u00e1l\u00f3 felbont\u00e1st \u00e9s linearit\u00e1st biztos\u00edt a csatlakoztatott m\u00e9r\u0151cell\u00e1kb\u00f3l \u00e9rkez\u0151 jelek feldolgoz\u00e1s\u00e1hoz.<br \/>\n* **Rugalmas Alkalmazhat\u00f3s\u00e1g:** Kompatibilis a hordozhat\u00f3, fix telep\u00edt\u00e9s\u0171, valamint a j\u00e1rm\u0171ipari \u00e9s rep\u00fcl\u00e9stechnikai m\u00e9r\u0151rendszerekkel.<br \/>\n* **Vezet\u00e9k N\u00e9lk\u00fcli K\u00e9pess\u00e9g:** T\u00e1mogatja a vezet\u00e9k n\u00e9lk\u00fcli adat\u00e1tvitelt (p\u00e9ld\u00e1ul RFX\u00ae technol\u00f3gi\u00e1val), minimaliz\u00e1lva a k\u00e1belez\u00e9st \u00e9s n\u00f6velve a telep\u00edt\u00e9si szabads\u00e1got.<br \/>\n* **Intuit\u00edv Kezel\u00e9s:** A modern kijelz\u0151kkel (mint p\u00e9ld\u00e1ul a TAC30\u2122 CPU) egy\u00fcttm\u0171k\u00f6dve egyszer\u0171 \u00e9s hat\u00e9kony adatbevitelt \u00e9s -megjelen\u00edt\u00e9st tesz lehet\u0151v\u00e9.<br \/>\n* **Adatkezel\u00e9s:** Lehet\u0151v\u00e9 teszi a m\u00e9r\u00e9si adatok t\u00e1rol\u00e1s\u00e1t, elemz\u00e9s\u00e9t \u00e9s export\u00e1l\u00e1s\u00e1t a k\u00e9s\u0151bbi felhaszn\u00e1l\u00e1s \u00e9rdek\u00e9ben.<\/p>\n<p>## Technical Specifications and Compatibility<\/p>\n<p>The technical parameters of the Control Unit ensure wide compatibility and reliable operation. Although exact model specifications may vary depending on the connected indicator and the specific application, the following summarizes the typical features found in Intercomp systems:<\/p>\n<p>| Jellemz\u0151 | Le\u00edr\u00e1s\/\u00c9rt\u00e9k | Alkalmaz\u00e1si Ter\u00fclet |<br \/>\n| :&#8212; | :&#8212; | :&#8212; |<br \/>\n| **Kompatibilis Rendszerek** | Ker\u00e9k\/Tengely M\u00e9rlegek, Teheraut\u00f3 M\u00e9rlegek, Rep\u00fcl\u0151g\u00e9p M\u00e9rlegek, ITS\/K\u00f6z\u00fati ellen\u0151rz\u00e9s M\u00e9rlegek | \u00c1ltal\u00e1nos, Mez\u0151gazdas\u00e1gi, Rep\u00fcl\u00e9stechnikai, Katonai |<br \/>\n| **Kommunik\u00e1ci\u00f3** | Vezet\u00e9kes (RS-232\/USB) \u00e9s Vezet\u00e9k N\u00e9lk\u00fcli (RFX\u00ae) opci\u00f3k | Rugalmas adatgy\u0171jt\u00e9s |<br \/>\n| **Kijelz\u0151 Kompatibilit\u00e1s** | TAC30\u2122 CPU (\u00c9rint\u0151k\u00e9perny\u0151s Indik\u00e1tor), RFX\u00ae Vezet\u00e9k N\u00e9lk\u00fcli K\u00e9zi Indik\u00e1tor | Felhaszn\u00e1l\u00f3i fel\u00fclet |<br \/>\n| **Szoftver T\u00e1mogat\u00e1s** | ACWeigh\u2122 \u00e9s iACWeigh\u2122 (Rep\u00fcl\u00e9stechnikai alkalmaz\u00e1sokhoz) | S\u00faly- \u00e9s egyens\u00faly sz\u00e1m\u00edt\u00e1sok |<br \/>\n| **M\u00e9r\u00e9si M\u00f3dok** | Statikus m\u00e9r\u00e9s, S\u00falypont meghat\u00e1roz\u00e1s (Weigh-In-Motion &#8211; WIM) | Alkalmaz\u00e1sf\u00fcgg\u0151 |<br \/>\n| **T\u00e1pell\u00e1t\u00e1s** | Akkumul\u00e1toros vagy h\u00e1l\u00f3zati m\u0171k\u00f6d\u00e9s (modellt\u0151l f\u00fcgg\u0151en) | Hordozhat\u00f3s\u00e1g \u00e9s folyamatos \u00fczem |<br \/>\n| **Adatfeldolgoz\u00e1s** | T\u00e1ra funkci\u00f3, Akkumul\u00e1ci\u00f3, Nyomtat\u00e1si k\u00e9pess\u00e9g (k\u00fcls\u0151 nyomtat\u00f3val) | M\u0171veleti hat\u00e9konys\u00e1g |<\/p>\n<p>## Detailed Application Areas<\/p>\n<p>The Intercomp Control Unit plays a central role in almost every segment of the company's product range, ensuring precise weighing in various industries:<\/p>\n<p>### 1. J\u00e1rm\u0171ipari \u00e9s K\u00f6z\u00fati M\u00e9r\u00e9s<\/p>\n<p>The control unit is essential for axle and wheel weighing of commercial vehicles, whether for portable (e.g.: LP788\u2122, PT300\u2122) or fixed (e.g.: LS-WIM\u00ae) systems.<\/p>\n<p>* **Tengelyterhel\u00e9s Ellen\u0151rz\u00e9s:** Lehet\u0151v\u00e9 teszi a s\u00falykorl\u00e1toz\u00e1sok betart\u00e1s\u00e1nak ellen\u0151rz\u00e9s\u00e9t, t\u00e1mogatva a **sebess\u00e9g k\u00f6zbeni m\u00e9r\u00e9si** funkci\u00f3kat, ahol a j\u00e1rm\u0171vek lass\u00edtott vagy folyamatos halad\u00e1s k\u00f6zben is m\u00e9rhet\u0151k (pl.: LS630-WIM\u2122).<br \/>\n* **Kereskedelmi Flott\u00e1k \u00e9s Logisztika:** Seg\u00edti a rakom\u00e1nyok pontos eloszt\u00e1s\u00e1t \u00e9s a fuvaroz\u00e1si k\u00f6lts\u00e9gek optimaliz\u00e1l\u00e1s\u00e1t.<br \/>\n* **ITS \u00e9s K\u00f6z\u00fati Ellen\u0151rz\u00e9s:** Adatgy\u0171jt\u00e9si k\u00e9pess\u00e9gei t\u00e1mogatj\u00e1k a hat\u00f3s\u00e1gi ellen\u0151rz\u00e9seket, kik\u00f6t\u0151i alkalmaz\u00e1sokat \u00e9s az \u00fatd\u00edjszed\u00e9st.<\/p>\n<p>### 2. Rep\u00fcl\u00e9stechnika<\/p>\n<p>In aerospace systems, the control unit forms the basis for weight and balance calculations, which are critical for safe flight.<\/p>\n<p>* **Platform M\u00e9rlegek:** Kompatibilis az AC15-LP\u2122-t\u0151l az AC60-LP\u2122-ig terjed\u0151 platformm\u00e9rlegekkel, biztos\u00edtva a pontos f\u0151 s\u00falypont meghat\u00e1roz\u00e1st.<br \/>\n* **Emel\u0151 M\u00e9r\u0151rendszerek (Jack Weigh Kits):** Az EZ RFX\u00ae vagy AC100\u2122 k\u00e9szletekkel egy\u00fctt haszn\u00e1lva prec\u00edzen m\u00e9ri a rep\u00fcl\u0151g\u00e9p egyes emel\u0151pontjaira nehezed\u0151 terhel\u00e9st.<br \/>\n* **Szoftver Integr\u00e1ci\u00f3:** Az ACWeigh\u2122 \u00e9s iACWeigh\u2122 szoftverekkel egy\u00fcttm\u0171k\u00f6dve automatiz\u00e1lja a komplex s\u00faly- \u00e9s egyens\u00faly sz\u00e1m\u00edt\u00e1sokat, bele\u00e9rtve az \u00faj gener\u00e1ci\u00f3s eVTOL eszk\u00f6z\u00f6ket is.<\/p>\n<p>### 3. Mez\u0151gazdas\u00e1gi Alkalmaz\u00e1sok<\/p>\n<p>In the agricultural sector, the control unit is responsible for data processing from in-vehicle weighing systems.<\/p>\n<p>* **TMR Takarm\u00e1nykever\u0151k):** Pontos adagol\u00e1s \u00e9s k\u00e9szletkezel\u00e9s biztos\u00edt\u00e1sa.<br \/>\n* **Vet\u00e9stender \u00e9s Gabonasz\u00e1ll\u00edt\u00f3 Kocsik:** A rakom\u00e1ny mennyis\u00e9g\u00e9nek val\u00f3s idej\u0171 monitoroz\u00e1sa a hat\u00e9kony gazd\u00e1lkod\u00e1s \u00e9rdek\u00e9ben.<br \/>\n* **Load Cell Integr\u00e1ci\u00f3:** Kezeli a k\u00fcl\u00f6nb\u00f6z\u0151 t\u00edpus\u00fa terhel\u0151cell\u00e1k jeleit.<\/p>\n<p>### 4. Katonai Alkalmaz\u00e1sok<\/p>\n<p>In the military segment, robustness and reliability are paramount. The control unit supports military-specification wheel load weighers (e.g.: PT300\u2122 MIL, LP600\u2122 MIL) and WIM systems.<\/p>\n<p>* **Platformok \u00e9s Jack Weigh Rendszerek:** Katonai rep\u00fcl\u0151g\u00e9pek s\u00faly\u00e1nak \u00e9s egyens\u00faly\u00e1nak gyors \u00e9s pontos meghat\u00e1roz\u00e1sa.<br \/>\n* **Adatbiztons\u00e1g \u00e9s Megb\u00edzhat\u00f3s\u00e1g:** Kritikus m\u0171veletekhez sz\u00fcks\u00e9ges stabil m\u0171k\u00f6d\u00e9st biztos\u00edt.<\/p>\n<p>## Kezel\u0151fel\u00fclet \u00e9s Kijelz\u0151 Opci\u00f3k<\/p>\n<p>The Controller is essentially a processing center whose user interface is generally realized through external displays. Intercomp offers several advanced displays that connect directly to the control unit:<\/p>\n<p>* **TAC30\u2122 CPU:** Egy modern, \u00e9rint\u0151k\u00e9perny\u0151s CPU, amely intuit\u00edv navig\u00e1ci\u00f3t \u00e9s r\u00e9szletes adatmegjelen\u00edt\u00e9st tesz lehet\u0151v\u00e9. Ide\u00e1lis komplexebb alkalmaz\u00e1sokhoz, mint p\u00e9ld\u00e1ul a rep\u00fcl\u0151g\u00e9p s\u00faly- \u00e9s egyens\u00faly sz\u00e1m\u00edt\u00e1sok.<br \/>\n* **RFX\u00ae Wireless Handheld Indicator:** A vezet\u00e9k n\u00e9lk\u00fcli technol\u00f3gi\u00e1t haszn\u00e1l\u00f3 k\u00e9zi kijelz\u0151k maxim\u00e1lis mobilit\u00e1st biztos\u00edtanak a m\u00e9r\u00e9si ponton, ide\u00e1lis hordozhat\u00f3 rendszerekhez.<br \/>\n* **Adatkiolvas\u00e1s:** A kijelz\u0151k k\u00e9pesek megjelen\u00edteni az aktu\u00e1lis s\u00falyt, a tengelyterhel\u00e9seket, az \u00f6sszt\u00f6meget, valamint a kumul\u00e1lt \u00e9rt\u00e9keket.<\/p>\n<p>## Summary<\/p>\n<p>The Intercomp Control Unit is a versatile, high-performance central unit that forms the basis for precision measurement in the automotive, agricultural, and aerospace sectors. Its outstanding reliability, advanced communication capabilities, and wide compatibility ensure that users always work with the most accurate weight data, maximizing both safety and efficiency.<\/p>","protected":false},"excerpt":{"rendered":"<p>Control unit designed for high-precision weighing systems. Functions and technical specifications for precise industrial measurements.<\/p>","protected":false},"featured_media":347971,"template":"","meta":[],"product_brand":[13685],"product_cat":[12998],"product_tag":[19450],"class_list":{"0":"post-365275","1":"product","2":"type-product","3":"status-publish","4":"has-post-thumbnail","6":"product_brand-intercompcompany","7":"product_cat-egyeb-termekek","8":"product_tag-intercomp-megoldasok-osszes","10":"first","11":"instock","12":"shipping-taxable","13":"product-type-simple"},"_links":{"self":[{"href":"https:\/\/met-industry.hu\/en\/wp-json\/wp\/v2\/product\/365275","targetHints":{"allow":["GET"]}}],"collection":[{"href":"https:\/\/met-industry.hu\/en\/wp-json\/wp\/v2\/product"}],"about":[{"href":"https:\/\/met-industry.hu\/en\/wp-json\/wp\/v2\/types\/product"}],"version-history":[{"count":1,"href":"https:\/\/met-industry.hu\/en\/wp-json\/wp\/v2\/product\/365275\/revisions"}],"predecessor-version":[{"id":373178,"href":"https:\/\/met-industry.hu\/en\/wp-json\/wp\/v2\/product\/365275\/revisions\/373178"}],"wp:featuredmedia":[{"embeddable":true,"href":"https:\/\/met-industry.hu\/en\/wp-json\/wp\/v2\/media\/347971"}],"wp:attachment":[{"href":"https:\/\/met-industry.hu\/en\/wp-json\/wp\/v2\/media?parent=365275"}],"wp:term":[{"taxonomy":"product_brand","embeddable":true,"href":"https:\/\/met-industry.hu\/en\/wp-json\/wp\/v2\/product_brand?post=365275"},{"taxonomy":"product_cat","embeddable":true,"href":"https:\/\/met-industry.hu\/en\/wp-json\/wp\/v2\/product_cat?post=365275"},{"taxonomy":"product_tag","embeddable":true,"href":"https:\/\/met-industry.hu\/en\/wp-json\/wp\/v2\/product_tag?post=365275"}],"curies":[{"name":"wp","href":"https:\/\/api.w.org\/{rel}","templated":true}]}}