{"id":365269,"date":"1970-01-01T00:00:00","date_gmt":"1969-12-31T22:00:00","guid":{"rendered":"https:\/\/staging.met-industry.hu\/?post_type=product&#038;p=365269"},"modified":"2026-04-29T12:42:05","modified_gmt":"2026-04-29T10:42:05","slug":"tengereszeti-hajozasi-keszlet-biztonsag-a-vizeken","status":"publish","type":"product","link":"https:\/\/met-industry.hu\/en\/uzlet\/tengereszeti-hajozasi-keszlet-biztonsag-a-vizeken\/","title":{"rendered":"Tenger\u00e9szeti \/ Haj\u00f3z\u00e1si K\u00e9szlet Fire Isolator"},"content":{"rendered":"<p>Tenger\u00e9szeti \/ haj\u00f3z\u00e1si k\u00e9szlet \u2013 A biztons\u00e1g z\u00e1loga a vizeken<br \/>\nFedezze fel a legjobb megold\u00e1st az elektromos aut\u00f3k t\u00fcz\u00e9nek elszigetel\u00e9s\u00e9re \u00e9s megf\u00e9kez\u00e9s\u00e9re! Ez az egyed\u00fcl\u00e1ll\u00f3 tenger\u00e9szeti \/ haj\u00f3z\u00e1si k\u00e9szlet a legkelend\u0151bb term\u00e9k az aut\u00f3sz\u00e1ll\u00edt\u00f3 \u00e9s RORO kompokon, ahol a biztons\u00e1g els\u0151dleges fontoss\u00e1g\u00fa. A BL0906 takar\u00f3, 2 aeroszolos egys\u00e9g \u00e9s v\u00edzk\u00f6d l\u00e1ndzsa egy\u00fctt alkot egy megb\u00edzhat\u00f3 \u00e9s hat\u00e9kony rendszert. A t\u0171zolt\u00f3 fejsze \u00e9s az \u00e1tfog\u00f3 haszn\u00e1lati utas\u00edt\u00e1s tartalmaz\u00e1sa garant\u00e1lja, hogy mindig felk\u00e9sz\u00fclt legyen a v\u00e1ratlan helyzetekre. A k\u00e9szlet kiv\u00e1l\u00f3 min\u0151s\u00e9g\u0171, GRP dobozban tal\u00e1lhat\u00f3, amely j\u00f3l b\u00edrja a tengeri zord id\u0151j\u00e1r\u00e1si k\u00f6r\u00fclm\u00e9nyeket, \u00edgy hossz\u00fa ideig k\u00fclt\u00e9ren is t\u00e1rolhat\u00f3. Ne kock\u00e1ztasson! V\u00e1lassza a biztons\u00e1got \u00e9s a min\u0151s\u00e9get a tenger\u00e9szeti \/ haj\u00f3z\u00e1si k\u00e9szlettel, amely minden haj\u00f3s sz\u00e1m\u00e1ra n\u00e9lk\u00fcl\u00f6zhetetlen!<\/p>\n<p>A k\u00e9szlet le\u00edr\u00e1sa<br \/>\nEgyed\u00fcl\u00e1ll\u00f3 \u00e9s \u00e1tfog\u00f3 megold\u00e1s az elektromos aut\u00f3k t\u00fcz\u00e9nek elszigetel\u00e9s\u00e9re \u00e9s<br \/>\nmegf\u00e9kez\u00e9s\u00e9re. A bev\u00e1lt legjobb gyakorlatok alapj\u00e1n fejlesztett\u00e9k ki \u00e9s kiterjedt<br \/>\n\u00e9l\u0151 tesztel\u00e9ssel valid\u00e1lt\u00e1k.<br \/>\nA legkelend\u0151bb term\u00e9k az aut\u00f3sz\u00e1ll\u00edt\u00f3 \u00e9s RORO kompokon.<br \/>\nTartalma: BL0906 takar\u00f3, 2 aeroszolos egys\u00e9g (\u201edobozban\u201d), v\u00edzk\u00f6d l\u00e1ndzsa,<br \/>\nt\u0171zolt\u00f3 fejsze \u00e9s haszn\u00e1lati utas\u00edt\u00e1s. A k\u00e9szlet kiv\u00e1l\u00f3 min\u0151s\u00e9g\u0171, minden id\u0151j\u00e1r\u00e1si<br \/>\nk\u00f6r\u00fclm\u00e9nyt ki\u00e1ll\u00f3 GRP dobozban tal\u00e1lhat\u00f3, amely a tengeri zord id\u0151j\u00e1r\u00e1si<br \/>\nviszonyokhoz lett kialak\u00edtva \u00e9s alkalmas arra, hogy hosszabb ideig k\u00fclt\u00e9ren \u00e1lljon.<\/p>","protected":false},"excerpt":{"rendered":"<p>Discover the Marine \/ Boating Kit that guarantees safety on the water! Ideal for containing electric vehicle fires.<\/p>","protected":false},"featured_media":350770,"template":"","meta":[],"product_brand":[13224],"product_cat":[19455],"product_tag":[19457,19472,19482,19483,19484,19485,19486,19487],"class_list":{"0":"post-365269","1":"product","2":"type-product","3":"status-publish","4":"has-post-thumbnail","6":"product_brand-fireisolator","7":"product_cat-tuzvedelmi-keszletek-tuzvedelem-tuzvedelem","8":"product_tag-biztonsag","9":"product_tag-elektromos-auto","10":"product_tag-grp-doboz","11":"product_tag-hajos-keszlet","12":"product_tag-hajozas","13":"product_tag-tengereszet","14":"product_tag-tuzgatlas","15":"product_tag-vedelmi-eszkozok","17":"first","18":"instock","19":"shipping-taxable","20":"product-type-simple"},"_links":{"self":[{"href":"https:\/\/met-industry.hu\/en\/wp-json\/wp\/v2\/product\/365269","targetHints":{"allow":["GET"]}}],"collection":[{"href":"https:\/\/met-industry.hu\/en\/wp-json\/wp\/v2\/product"}],"about":[{"href":"https:\/\/met-industry.hu\/en\/wp-json\/wp\/v2\/types\/product"}],"version-history":[{"count":2,"href":"https:\/\/met-industry.hu\/en\/wp-json\/wp\/v2\/product\/365269\/revisions"}],"predecessor-version":[{"id":373177,"href":"https:\/\/met-industry.hu\/en\/wp-json\/wp\/v2\/product\/365269\/revisions\/373177"}],"wp:featuredmedia":[{"embeddable":true,"href":"https:\/\/met-industry.hu\/en\/wp-json\/wp\/v2\/media\/350770"}],"wp:attachment":[{"href":"https:\/\/met-industry.hu\/en\/wp-json\/wp\/v2\/media?parent=365269"}],"wp:term":[{"taxonomy":"product_brand","embeddable":true,"href":"https:\/\/met-industry.hu\/en\/wp-json\/wp\/v2\/product_brand?post=365269"},{"taxonomy":"product_cat","embeddable":true,"href":"https:\/\/met-industry.hu\/en\/wp-json\/wp\/v2\/product_cat?post=365269"},{"taxonomy":"product_tag","embeddable":true,"href":"https:\/\/met-industry.hu\/en\/wp-json\/wp\/v2\/product_tag?post=365269"}],"curies":[{"name":"wp","href":"https:\/\/api.w.org\/{rel}","templated":true}]}}