{"id":365267,"date":"1970-01-01T00:00:00","date_gmt":"1969-12-31T22:00:00","guid":{"rendered":"https:\/\/staging.met-industry.hu\/?post_type=product&#038;p=365267"},"modified":"2026-04-29T12:42:03","modified_gmt":"2026-04-29T10:42:03","slug":"economy-ev-tuzgatlo-takaro-biztonsag-elektromos-jarmuvekhez","status":"publish","type":"product","link":"https:\/\/met-industry.hu\/en\/uzlet\/economy-ev-tuzgatlo-takaro-biztonsag-elektromos-jarmuvekhez\/","title":{"rendered":"T\u0171ztakar\u00f3 ECONOMY Fire Isolator 1100\u00b0C-ig"},"content":{"rendered":"<p>Az ECONOMY EV T\u0171zg\u00e1tl\u00f3 takar\u00f3 tervez\u00e9se sor\u00e1n a legmagasabb biztons\u00e1gi el\u0151\u00edr\u00e1sokat tartottuk szem el\u0151tt, k\u00fcl\u00f6n\u00f6sen az elektromos j\u00e1rm\u0171vek t\u0171zmegel\u0151z\u00e9se \u00e9rdek\u00e9ben. Ez a takar\u00f3 hat\u00e9konyan ellen\u00e1ll a magas h\u0151m\u00e9rs\u00e9kletnek, \u00e9s k\u00e9pes megakad\u00e1lyozni az oxig\u00e9nell\u00e1t\u00e1st, ezzel cs\u00f6kkentve a f\u00fcst \u00e9s a m\u00e9rgez\u0151 g\u00e1zok k\u00e9pz\u0151d\u00e9s\u00e9t. Az oxig\u00e9nszeg\u00e9ny k\u00f6rnyezet l\u00e9trehoz\u00e1s\u00e1val biztos\u00edtja, hogy a t\u0171z ne terjedjen tov\u00e1bb, \u00edgy meg\u00f3vja a k\u00f6rnyez\u0151 ter\u00fcleteket a k\u00e1rosod\u00e1st\u00f3l. Az ECONOMY EV takar\u00f3 k\u00fcl\u00f6nb\u00f6z\u0151 m\u00e9retekben el\u00e9rhet\u0151, kezdve a 2&#215;2 m\u00e9tert\u0151l eg\u00e9szen a 9&#215;6 m\u00e9teres v\u00e1ltozatig. Ide\u00e1lis v\u00e1laszt\u00e1s kisaut\u00f3k \u00e9s kisteheraut\u00f3khoz egyar\u00e1nt, hiszen a kis m\u00e9retek k\u00f6nnyen t\u00e1rolhat\u00f3k h\u00e1tizs\u00e1kban vagy szekr\u00e9nyben. Tart\u00f3s, \u00fajra haszn\u00e1lhat\u00f3 \u00e9s k\u00f6nnyen tiszt\u00edthat\u00f3 anyagb\u00f3l k\u00e9sz\u00fclt, \u00edgy minden alkalommal garant\u00e1lja a maxim\u00e1lis v\u00e9delmet, amikor sz\u00fcks\u00e9g van r\u00e1. A takar\u00f3 emellett k\u00edm\u00e9letes a k\u00f6rnyezethez, hiszen seg\u00edt megel\u0151zni a j\u00e1rul\u00e9kos k\u00e1rokat helysz\u00edni t\u00fczek eset\u00e9n.<\/p>\n<p>Highly effective and high-temperature resistant cover, which was<br \/>\nspecifically designed for the conditions surrounding electric vehicle fires and<br \/>\ninsulation. By preventing oxygen supply, the cover<br \/>\nreduces the amount of smoke and toxic gases produced, and creates a sealed<br \/>\nspace required by aerosol devices for the flames to be<br \/>\neffectively extinguished. The fire does not spread further, thus preventing damage to<br \/>\nsurrounding areas.<\/p>\n<p>Fire blankets themselves are not capable of stopping the runaway heat generation in<br \/>\nlithium-ion battery-powered vehicles<br \/>\n(thermal runaway). The blankets help to contain the situation!<\/p>\n<p>Most common sizes:<br \/>\n9 x 6 m, 8 x 6 m, 5 x 5 m, 3 x 3 m, 2 x 2 m<\/p>\n<p>Types:<br \/>\nUltimate, Ultra, Economy<\/p>\n<p>All types of our covers, in the listed sizes and also in custom sizes<br \/>\nare available!<br \/>\nStorage options: in a cabinet, in a leather bag, in a backpack.<br \/>\nStorage in a backpack is recommended for smaller sizes (2 x 2 m and 3 x 3 m).<\/p>\n<p>BLECON0806 le\u00edr\u00e1sa<br \/>\nA BLECON0806 t\u0171zolt\u00f3 takar\u00f3 ak\u00e1r 800 \u00b0C-os h\u0151m\u00e9rs\u00e9kletet is kib\u00edr (cs\u00facs\u00e9rt\u00e9k<br \/>\nk\u00f6r\u00fclbel\u00fcl 1100 \u00b0C), \u00edgy ez a takar\u00f3 ink\u00e1bb norm\u00e1l \u00e9g\u00e9s\u0171 motorral rendelkez\u0151<br \/>\naut\u00f3k t\u0171z\u00e9nek olt\u00e1s\u00e1ra vagy egyszeri haszn\u00e1latra elektromos aut\u00f3k t\u0171z\u00e9nek<br \/>\nolt\u00e1s\u00e1ra alkalmas.<br \/>\nFeatures and Benefits:<\/p>\n<p>\u25aa Nyitott sz\u00f6v\u00e9s\u0171, szil\u00edcium-dioxid-tartalm\u00fa anyagokb\u00f3l k\u00e9sz\u00fclt, 800 \u00b0C-ig<br \/>\nh\u0151\u00e1ll\u00f3 (kb. 1100 \u00b0C cs\u00facsh\u0151m\u00e9rs\u00e9kletig).<\/p>\n<p>\u25aa Size 8 x 6 meters.<\/p>\n<p>\u25aa Tested according to ISO EN 13501-1 (Class A1) and ASTM D6413.<\/p>\n<p>\u25aa The fire blanket is reusable (2-3 times) and washable.<\/p>\n<p>\u25aa Datasheet and safety data sheet are available.<\/p>\n<p>\u25aa Easy to use, equipped with colored loops.<\/p>\n<p>\u25aa Protects the environment and prevents collateral damage.<\/p>\n<p>\u25aa Can be used from small cars to large vans.<\/p>\n<p>\u25aa K\u00e9r\u00e9sre k\u00fcl\u00f6nb\u00f6z\u0151 m\u00e9retekben, valamint kis elektromos j\u00e1rm\u0171vekhez<br \/>\n(LEV-ek), p\u00e9ld\u00e1ul e-robog\u00f3khoz\/e-ker\u00e9kp\u00e1rokhoz is el\u00e9rhet\u0151.<\/p>","protected":false},"excerpt":{"rendered":"<p>The ECONOMY EV fire blanket provides effective protection for containing electric car fires, available in various sizes.<\/p>","protected":false},"featured_media":350767,"template":"","meta":[],"product_brand":[13224],"product_cat":[19471],"product_tag":[19457,19472,19475,19480,19481,19476,19458,19461,19474],"class_list":{"0":"post-365267","1":"product","2":"type-product","3":"status-publish","4":"has-post-thumbnail","6":"product_brand-fireisolator","7":"product_cat-tuzolto-takarok-tuzvedelem-tuzvedelem","8":"product_tag-biztonsag","9":"product_tag-elektromos-auto","10":"product_tag-hoallo","11":"product_tag-kisauto","12":"product_tag-kisteherauto","13":"product_tag-kornyezetvedelem","14":"product_tag-tuzgatlo-takaro","15":"product_tag-tuzvedelem","16":"product_tag-ujrahasznalhato","18":"first","19":"instock","20":"shipping-taxable","21":"product-type-simple"},"_links":{"self":[{"href":"https:\/\/met-industry.hu\/en\/wp-json\/wp\/v2\/product\/365267","targetHints":{"allow":["GET"]}}],"collection":[{"href":"https:\/\/met-industry.hu\/en\/wp-json\/wp\/v2\/product"}],"about":[{"href":"https:\/\/met-industry.hu\/en\/wp-json\/wp\/v2\/types\/product"}],"version-history":[{"count":2,"href":"https:\/\/met-industry.hu\/en\/wp-json\/wp\/v2\/product\/365267\/revisions"}],"predecessor-version":[{"id":373175,"href":"https:\/\/met-industry.hu\/en\/wp-json\/wp\/v2\/product\/365267\/revisions\/373175"}],"wp:featuredmedia":[{"embeddable":true,"href":"https:\/\/met-industry.hu\/en\/wp-json\/wp\/v2\/media\/350767"}],"wp:attachment":[{"href":"https:\/\/met-industry.hu\/en\/wp-json\/wp\/v2\/media?parent=365267"}],"wp:term":[{"taxonomy":"product_brand","embeddable":true,"href":"https:\/\/met-industry.hu\/en\/wp-json\/wp\/v2\/product_brand?post=365267"},{"taxonomy":"product_cat","embeddable":true,"href":"https:\/\/met-industry.hu\/en\/wp-json\/wp\/v2\/product_cat?post=365267"},{"taxonomy":"product_tag","embeddable":true,"href":"https:\/\/met-industry.hu\/en\/wp-json\/wp\/v2\/product_tag?post=365267"}],"curies":[{"name":"wp","href":"https:\/\/api.w.org\/{rel}","templated":true}]}}