{"id":361941,"date":"1970-01-01T00:00:00","date_gmt":"1969-12-31T22:00:00","guid":{"rendered":"https:\/\/staging.met-industry.hu\/?post_type=product&#038;p=361941"},"modified":"2026-04-29T12:26:11","modified_gmt":"2026-04-29T10:26:11","slug":"rakodasi-es-kirakodasi-teherauto-merlegek","status":"publish","type":"product","link":"https:\/\/met-industry.hu\/en\/uzlet\/rakodasi-es-kirakodasi-teherauto-merlegek\/","title":{"rendered":"Loading and Unloading Truck Scales"},"content":{"rendered":"<p># Teherg\u00e9pj\u00e1rm\u0171 Rakod\u00e1si M\u00e9rlegek: Hat\u00e9kony M\u00e9r\u00e9si Megold\u00e1sok Be- \u00e9s Kirakod\u00e1shoz<\/p>\n<p>Intercomp truck scales represent the latest technology in precise weighing, especially at critical points in logistics and warehousing operations: during the loading and unloading processes. These systems ensure accurate load monitoring, optimize processes, and assist with regulatory compliance.<\/p>\n<p>A wide range of scale systems designed for trucks is available, offering flexibility and reliability in the most diverse industrial environments. Whether it concerns portable solutions, low-profile installations, or even weighing in motion (Weigh-In-Motion), Intercomp guarantees excellent performance.<\/p>\n<p>## Main Application Areas<\/p>\n<p>These scale systems provide exceptional value specifically in the following areas:<\/p>\n<p>* **Be- \u00e9s Kirakod\u00e1si M\u0171veletek:** Pontos mennyis\u00e9gi ellen\u0151rz\u00e9s a rakom\u00e1ny felv\u00e9telekor \u00e9s lead\u00e1sakor, minimaliz\u00e1lva a vesztes\u00e9geket \u00e9s a t\u00falt\u00f6lt\u00e9st.<br \/>\n* **Kereskedelmi Flott\u00e1k:** A flotta\u00fczemeltet\u0151k sz\u00e1m\u00e1ra elengedhetetlen a j\u00e1rm\u0171vek tengely- \u00e9s \u00f6sszt\u00f6meg\u00e9nek folyamatos monitoroz\u00e1sa.<br \/>\n* **Ideiglenes Munkahelyek:** Robusztus, hordozhat\u00f3 megold\u00e1sok, amelyek gyorsan telep\u00edthet\u0151k \u00e9s \u00e1thelyezhet\u0151k \u00e9p\u00edtkez\u00e9seken vagy ideiglenes telephelyeken.<br \/>\n* **Fuvaroz\u00e1si Termin\u00e1lok:** Nagy forgalm\u00fa csom\u00f3pontok, ahol gyors \u00e9s megb\u00edzhat\u00f3 s\u00falym\u00e9r\u00e9s sz\u00fcks\u00e9ges a kont\u00e9nerek \u00e9s teherg\u00e9pj\u00e1rm\u0171vek kezel\u00e9s\u00e9hez.<br \/>\n* **Elektromos J\u00e1rm\u0171vek (EV) M\u00e9r\u00e9se:** Kifejezetten az elektromos teherg\u00e9pj\u00e1rm\u0171vek elt\u00e9r\u0151 s\u00falyeloszl\u00e1s\u00e1nak \u00e9s nagyobb t\u00f6meg\u00e9nek kezel\u00e9s\u00e9re optimaliz\u00e1lt rendszerek.<br \/>\n* **Auton\u00f3m Teherg\u00e9pj\u00e1rm\u0171vek M\u00e9r\u00e9se:** Integr\u00e1lhat\u00f3 megold\u00e1sok a j\u00f6v\u0151beli auton\u00f3m logisztikai rendszerekhez.<br \/>\n* **SOLAS Kont\u00e9ner M\u00e9r\u00e9s:** Megfelel\u00e9s a Nemzetk\u00f6zi Tenger\u00e9szeti Szervezet (IMO) SOLAS (Safety of Life at Sea) el\u0151\u00edr\u00e1sainak a kont\u00e9nerek brutt\u00f3 t\u00f6meg\u00e9nek hiteles meghat\u00e1roz\u00e1s\u00e1hoz.<\/p>\n<p>## Term\u00e9kcsal\u00e1dok \u00e9s Technol\u00f3giai Megold\u00e1sok<\/p>\n<p>Intercomp's broad portfolio includes devices suitable for static and dynamic weighing, ensuring accuracy at various levels.<\/p>\n<p>### Hordozhat\u00f3 Teherg\u00e9pj\u00e1rm\u0171 M\u00e9rlegek<\/p>\n<p>These systems are ideal for applications requiring flexibility, where the scale needs to be easily movable between different locations.<\/p>\n<p>| Modell | T\u00edpus | F\u0151bb Jellemz\u0151k |<br \/>\n| :&#8212; | :&#8212; | :&#8212; |<br \/>\n| **LTR788\u2122** | K\u00e9tkerekes terhel\u00e9sm\u00e9r\u0151 | Nagy teherb\u00edr\u00e1s, k\u00f6nny\u0171 sz\u00e1ll\u00edt\u00e1s. |<br \/>\n| **PT300\u2122** | Ker\u00e9km\u00e9r\u0151 | Kompakt kialak\u00edt\u00e1s, gyors telep\u00edt\u00e9s. |<br \/>\n| **PT300DW\u2122** | Sz\u00e9les ker\u00e9km\u00e9r\u0151 | Sz\u00e9lesebb gumikhoz optimaliz\u00e1lt, stabil m\u00e9r\u00e9s. |<br \/>\n| **AX900\u2122** | H\u00eddm\u00e9rleg | Teljes tengely- vagy j\u00e1rm\u0171m\u00e9r\u00e9sre alkalmas, robusztus kivitel. |<br \/>\n| **SW\u2122** | Hordozhat\u00f3 M\u00e9r\u0151padok | Rendk\u00edv\u00fcl mobil, gyorsan elhelyezhet\u0151 m\u00e9r\u0151fel\u00fcletek. |<\/p>\n<p>### Alacsony Profil\u00fa Teherg\u00e9pj\u00e1rm\u0171 M\u00e9rlegek<\/p>\n<p>Low-profile systems require minimal ramp setup, making it easier for vehicles to drive onto them while ensuring excellent accuracy.<\/p>\n<p>| Modell | T\u00edpus | F\u0151bb Jellemz\u0151k |<br \/>\n| :&#8212; | :&#8212; | :&#8212; |<br \/>\n| **LP600\u2122** | Alacsony Profil\u00fa M\u00e9rleg | \u00c1ltal\u00e1nos c\u00e9l\u00fa, megb\u00edzhat\u00f3 teljes\u00edtm\u00e9ny. |<br \/>\n| **LP600-15T\u2122** | Alacsony Profil\u00fa M\u00e9rleg | 15 tonna tengelyterhel\u00e9sig hiteles\u00edtett v\u00e1ltozat. |<br \/>\n| **LP788\u2122** | Hordozhat\u00f3 Alacsony Profil\u00fa M\u00e9rleg | A hordozhat\u00f3s\u00e1g \u00e9s az alacsony profil el\u0151nyeit \u00f6tv\u00f6zi. |<\/p>\n<p>### S\u00faly M\u00e9r\u00e9se Mozg\u00e1s K\u00f6zben (Weigh-In-Motion &#8211; WIM)<\/p>\n<p>WIM systems enable axle and gross weight measurement while maintaining vehicle speed, drastically increasing logistical throughput capacity.<\/p>\n<p>* **LS630-WIM\u2122 Hordozhat\u00f3 LS-WIM Teherg\u00e9pj\u00e1rm\u0171 M\u00e9rlegek:** Ide\u00e1lisak ideiglenes helysz\u00ednekhez, ahol alacsony sebess\u00e9g\u0171 WIM m\u00e9r\u00e9sre van sz\u00fcks\u00e9g.<br \/>\n* **LS-WIM\u00ae S\u00faly M\u00e9r\u00e9se Mozg\u00e1s K\u00f6zben Tengelym\u00e9rlegek:** Be\u00e9p\u00edtett vagy f\u00e9l-be\u00e9p\u00edtett megold\u00e1sok, amelyek nagy pontoss\u00e1got biztos\u00edtanak menet k\u00f6zben.<br \/>\n* **S\u00faly M\u00e9r\u00e9se Mozg\u00e1s K\u00f6zben (Cs\u00edkm\u00e9rlegek):** Rugalmas megold\u00e1sok megl\u00e9v\u0151 \u00fatfel\u00fcletekbe integr\u00e1lva.<\/p>\n<p>## Technical Specifications and Accessories<\/p>\n<p>The performance of the weighing systems is significantly influenced by their associated indicator, software, and calibration tools.<\/p>\n<p>### Kijelz\u0151k, Szoftverek \u00e9s Alkalmaz\u00e1sok<\/p>\n<p>Processing and displaying measurement data is crucial for efficient operation.<\/p>\n<p>* **Indik\u00e1torok, Kijelz\u0151k, Szoftverek \u00e9s Alkalmaz\u00e1sok:** Sz\u00e9les v\u00e1laszt\u00e9k a felhaszn\u00e1l\u00f3i ig\u00e9nyekhez igaz\u00edtva, bele\u00e9rtve a vezet\u00e9k n\u00e9lk\u00fcli adat\u00e1tviteli lehet\u0151s\u00e9geket is.<br \/>\n* **Adatgy\u0171jt\u00e9s:** Lehet\u0151s\u00e9g a m\u00e9r\u00e9si adatok r\u00f6gz\u00edt\u00e9s\u00e9re, t\u00e1rol\u00e1s\u00e1ra \u00e9s elemz\u00e9s\u00e9re, ami elengedhetetlen a hat\u00f3s\u00e1gi ellen\u0151rz\u00e9sekhez \u00e9s a bels\u0151 auditokhoz.<\/p>\n<p>### Kalibr\u00e1ci\u00f3s \u00e9s Karbantart\u00e1si Eszk\u00f6z\u00f6k<\/p>\n<p>To maintain measurement accuracy, Intercomp's offering includes professional calibration equipment:<\/p>\n<p>* **Er\u0151m\u00e9r\u0151 Vizsg\u00e1l\u00f3\u00e1llv\u00e1nyok:** Prec\u00edzi\u00f3s eszk\u00f6z\u00f6k a m\u00e9r\u0151cell\u00e1k \u00e9s a teljes rendszer kalibr\u00e1l\u00e1s\u00e1hoz \u00e9s ellen\u0151rz\u00e9s\u00e9hez.<\/p>\n<p>## A Rakod\u00e1si M\u00e9rlegek El\u0151nyei a Gyakorlatban<\/p>\n<p>Selecting the appropriate Intercomp loading scale comes with several operational and financial benefits:<\/p>\n<p>1. **Pontoss\u00e1g \u00e9s Megb\u00edzhat\u00f3s\u00e1g:** A kiv\u00e1l\u00f3 min\u0151s\u00e9g\u0171 terhel\u00e9s\u00e9rz\u00e9kel\u0151k biztos\u00edtj\u00e1k, hogy a be- \u00e9s kirakodott mennyis\u00e9gek mindig megfeleljenek a val\u00f3s\u00e1gnak, cs\u00f6kkentve a lelt\u00e1rhib\u00e1kat.<br \/>\n2. **Folyamatoptimaliz\u00e1l\u00e1s:** A gyors m\u00e9r\u00e9s, k\u00fcl\u00f6n\u00f6sen a WIM rendszerekkel, minimaliz\u00e1lja a v\u00e1rakoz\u00e1si id\u0151t a rakod\u00e1si dokkokn\u00e1l, n\u00f6velve a flotta hat\u00e9konys\u00e1g\u00e1t.<br \/>\n3. **Jogszab\u00e1lyi Megfelel\u00e9s:** A hiteles\u00edtett m\u00e9rlegekkel biztos\u00edthat\u00f3, hogy a j\u00e1rm\u0171vek ne l\u00e9pj\u00e9k t\u00fal a megengedett tengely- \u00e9s \u00f6sszt\u00f6meget, elker\u00fclve a b\u00edrs\u00e1gokat \u00e9s a balesetvesz\u00e9lyes helyzeteket.<br \/>\n4. **Robusztus Kialak\u00edt\u00e1s:** Az ipari k\u00f6rnyezetre tervezett konstrukci\u00f3 garant\u00e1lja a hossz\u00fa \u00e9lettartamot neh\u00e9z k\u00f6r\u00fclm\u00e9nyek k\u00f6z\u00f6tt is.<\/p>\n<p>These commercial vehicle weighing systems are key components of a modern, efficient, and safe logistics chain.<\/p>","protected":false},"excerpt":{"rendered":"<p>Intercomp truck loading scales with the most modern technology. Efficient and accurate measurement during loading and unloading, increase productivity!<\/p>","protected":false},"featured_media":347232,"template":"","meta":[],"product_brand":[13685],"product_cat":[12998],"product_tag":[19450],"class_list":{"0":"post-361941","1":"product","2":"type-product","3":"status-publish","4":"has-post-thumbnail","6":"product_brand-intercompcompany","7":"product_cat-egyeb-termekek","8":"product_tag-intercomp-megoldasok-osszes","10":"first","11":"instock","12":"shipping-taxable","13":"product-type-simple"},"_links":{"self":[{"href":"https:\/\/met-industry.hu\/en\/wp-json\/wp\/v2\/product\/361941","targetHints":{"allow":["GET"]}}],"collection":[{"href":"https:\/\/met-industry.hu\/en\/wp-json\/wp\/v2\/product"}],"about":[{"href":"https:\/\/met-industry.hu\/en\/wp-json\/wp\/v2\/types\/product"}],"version-history":[{"count":1,"href":"https:\/\/met-industry.hu\/en\/wp-json\/wp\/v2\/product\/361941\/revisions"}],"predecessor-version":[{"id":371541,"href":"https:\/\/met-industry.hu\/en\/wp-json\/wp\/v2\/product\/361941\/revisions\/371541"}],"wp:featuredmedia":[{"embeddable":true,"href":"https:\/\/met-industry.hu\/en\/wp-json\/wp\/v2\/media\/347232"}],"wp:attachment":[{"href":"https:\/\/met-industry.hu\/en\/wp-json\/wp\/v2\/media?parent=361941"}],"wp:term":[{"taxonomy":"product_brand","embeddable":true,"href":"https:\/\/met-industry.hu\/en\/wp-json\/wp\/v2\/product_brand?post=361941"},{"taxonomy":"product_cat","embeddable":true,"href":"https:\/\/met-industry.hu\/en\/wp-json\/wp\/v2\/product_cat?post=361941"},{"taxonomy":"product_tag","embeddable":true,"href":"https:\/\/met-industry.hu\/en\/wp-json\/wp\/v2\/product_tag?post=361941"}],"curies":[{"name":"wp","href":"https:\/\/api.w.org\/{rel}","templated":true}]}}