{"id":361939,"date":"1970-01-01T00:00:00","date_gmt":"1969-12-31T22:00:00","guid":{"rendered":"https:\/\/staging.met-industry.hu\/?post_type=product&#038;p=361939"},"modified":"2026-04-29T12:26:09","modified_gmt":"2026-04-29T10:26:09","slug":"merlegelo-rendszerek-elektromos-jarmuvekhez","status":"publish","type":"product","link":"https:\/\/met-industry.hu\/en\/uzlet\/merlegelo-rendszerek-elektromos-jarmuvekhez\/","title":{"rendered":"Weighing Systems for Electric Vehicles"},"content":{"rendered":"<p># M\u00e9rlegel\u0151 Rendszerek Elektromos J\u00e1rm\u0171vekhez<\/p>\n<p>The weighing systems offered by the Intercomp group, specifically developed for electric vehicles, represent the latest technology for the precise determination of vehicle weight and axle loads. With the rise of electric mobility, the precise measurement of electric vehicles, which have different weight distributions and battery placements compared to traditional vehicles, is crucial for safety, efficiency, and regulatory compliance. These systems are ideal for electric vehicle manufacturers, test centers, maintenance facilities, and fleet managers.<\/p>\n<p>## \u00c1tfog\u00f3 Megold\u00e1sok Elektromos J\u00e1rm\u0171vekhez<\/p>\n<p>The weight distribution of electric vehicles often differs significantly from their internal combustion engine counterparts, thanks to the high mass and low installation position of the batteries. This weight distribution affects handling, tire wear, and suspension load. Intercomp EV weighing systems are optimized to account for these unique characteristics, providing extremely accurate data.<\/p>\n<p>### Main Application Areas:<\/p>\n<p>* **Akkumul\u00e1tor T\u00f6megeloszl\u00e1s Anal\u00edzis:** Pontos m\u00e9r\u00e9s a s\u00falyk\u00f6z\u00e9ppont meghat\u00e1roz\u00e1s\u00e1hoz \u00e9s a j\u00e1rm\u0171 dinamikai viselked\u00e9s\u00e9nek optimaliz\u00e1l\u00e1s\u00e1hoz.<br \/>\n* **T\u00f6ltetoptimaliz\u00e1l\u00e1s:** Biztos\u00edtja, hogy a j\u00e1rm\u0171vek ne l\u00e9pj\u00e9k t\u00fal a megengedett tengelyterhel\u00e9si hat\u00e1rokat, k\u00fcl\u00f6n\u00f6sen neh\u00e9z akkumul\u00e1torcsomagok eset\u00e9n.<br \/>\n* **Felf\u00fcggeszt\u00e9si Kalibr\u00e1ci\u00f3:** Lehet\u0151v\u00e9 teszi a felf\u00fcggeszt\u00e9si komponensek (rug\u00f3k, leng\u00e9scsillap\u00edt\u00f3k) finomhangol\u00e1s\u00e1t az elektromos j\u00e1rm\u0171 specifikus s\u00falyviszonyokhoz.<br \/>\n* **Protot\u00edpus Tesztel\u00e9s:** Kritikus adatokat szolg\u00e1ltat az \u00faj elektromos j\u00e1rm\u0171modellek fejleszt\u00e9si f\u00e1zis\u00e1ban.<br \/>\n* **Flottakezel\u00e9s \u00e9s Karbantart\u00e1s:** Rendszeres ellen\u0151rz\u00e9sek a j\u00e1rm\u0171vek optim\u00e1lis \u00e1llapot\u00e1nak fenntart\u00e1sa \u00e9rdek\u00e9ben.<\/p>\n<p>## Technikai Jellemz\u0151k \u00e9s El\u0151ny\u00f6k<\/p>\n<p>Electric vehicle weighing systems offer a combination of portability, robustness, and digital accuracy. The system generally includes high-capacity load cells (weighing pads), as well as advanced displays and software for processing and recording measurements.<\/p>\n<p>### A Rendszer F\u0151bb El\u0151nyei:<\/p>\n<p>1. **Nagy Pontoss\u00e1g:** A legmodernebb digit\u00e1lis technol\u00f3gia biztos\u00edtja a rendk\u00edv\u00fcl alacsony hibahat\u00e1rt, ami elengedhetetlen a prec\u00edzi\u00f3s m\u00e9rn\u00f6ki munk\u00e1hoz.<br \/>\n2. **Robusztus Kialak\u00edt\u00e1s:** A m\u00e9r\u0151padok ellen\u00e1llnak a sz\u00e9ls\u0151s\u00e9ges k\u00f6rnyezeti felt\u00e9teleknek \u00e9s a nagy terhel\u00e9snek, ide\u00e1lisak ipari \u00e9s tesztk\u00f6rnyezetekben val\u00f3 haszn\u00e1latra.<br \/>\n3. **Vezet\u00e9k n\u00e9lk\u00fcli Kapcsolat:** A legt\u00f6bb rendszer t\u00e1mogatja a vezet\u00e9k n\u00e9lk\u00fcli adat\u00e1tvitelt (pl.: RFX\u00ae technol\u00f3gia), ami megk\u00f6nny\u00edti a telep\u00edt\u00e9st \u00e9s minimaliz\u00e1lja a k\u00e1belez\u00e9si probl\u00e9m\u00e1kat.<br \/>\n4. **Integr\u00e1lt Szoftver Megold\u00e1sok:** A dedik\u00e1lt szoftverek (pl.: ACWeigh\u2122 vagy iACWeigh\u2122 koncepci\u00f3k adapt\u00e1l\u00e1sa) lehet\u0151v\u00e9 teszik a s\u00falyadatok gyors elemz\u00e9s\u00e9t, t\u00e1rol\u00e1s\u00e1t \u00e9s jelent\u00e9sek k\u00e9sz\u00edt\u00e9s\u00e9t.<br \/>\n5. **Hordozhat\u00f3s\u00e1g:** A hordozhat\u00f3 padok k\u00f6nny\u0171ek \u00e9s gyorsan telep\u00edthet\u0151k, ide\u00e1lisak k\u00fcl\u00f6nb\u00f6z\u0151 helysz\u00edneken t\u00f6rt\u00e9n\u0151 m\u00e9r\u00e9sekhez.<\/p>\n<p>## M\u0171szaki Specifik\u00e1ci\u00f3k (\u00c1ltal\u00e1nos Kateg\u00f3ria)<\/p>\n<p>Although precise specifications depend on the specific model chosen (e.g., portable wheel weigher, low-profile pad), systems intended for electric vehicle applications generally have the following technical parameters:<\/p>\n<p>| Feature | Description \/ Value | Notes |<br \/>\n| :&#8212; | :&#8212; | :&#8212; |<br \/>\n| **M\u00e9r\u00e9si Kapacit\u00e1s (Tengely)** | Modellt\u0151l f\u00fcgg\u0151en, gyakran 15 000 kg (30 000 lbs) felett | Az elektromos j\u00e1rm\u0171vek magasabb \u00f6sszt\u00f6mege miatt kiemelt fontoss\u00e1g\u00fa. |<br \/>\n| **Pontoss\u00e1g** | \u00b1 0.1% vagy jobb | Ide\u00e1lis a s\u00falyeloszl\u00e1s finomhangol\u00e1s\u00e1hoz. |<br \/>\n| **Felbont\u00e1s** | 1 kg (2 lbs) vagy jobb | A legkisebb m\u00e9rhet\u0151 v\u00e1ltoz\u00e1s. |<br \/>\n| **Kommunik\u00e1ci\u00f3** | Vezet\u00e9k n\u00e9lk\u00fcli (RF) vagy vezet\u00e9kes (RS-232\/USB) | A vezet\u00e9k n\u00e9lk\u00fcli opci\u00f3k rugalmass\u00e1got biztos\u00edtanak. |<br \/>\n| **Kijelz\u0151 Egys\u00e9g** | Digit\u00e1lis kijelz\u0151, \u00e9rint\u0151k\u00e9perny\u0151s opci\u00f3k (pl.: TAC30\u2122 t\u00edpus\u00fa CPU) | Intuit\u00edv kezel\u0151fel\u00fclet. |<br \/>\n| **M\u0171k\u00f6d\u00e9si H\u0151m\u00e9rs\u00e9klet** | Sz\u00e9les tartom\u00e1ny (-20\u00b0C \u00e9s +50\u00b0C k\u00f6z\u00f6tt) | K\u00fclt\u00e9ri \u00e9s tesztk\u00f6rnyezeti haszn\u00e1latra. |<br \/>\n| **Pad Anyaga** | Nagy szil\u00e1rds\u00e1g\u00fa alum\u00ednium vagy ac\u00e9l \u00f6tv\u00f6zetek | Tart\u00f3ss\u00e1g \u00e9s s\u00falyoptimaliz\u00e1l\u00e1s. |<br \/>\n| **Profil Magass\u00e1g** | Rendk\u00edv\u00fcl alacsony profil | Megk\u00f6nny\u00edti a j\u00e1rm\u0171vek felhajt\u00e1s\u00e1t. |<\/p>\n<p>## A Kijelz\u0151k \u00e9s Szoftverek Szerepe<\/p>\n<p>The efficiency of electric vehicle weighing systems is greatly enhanced by the associated displays and software. These components enable the immediate interpretation of raw measurement data.<\/p>\n<p>### Kijelz\u0151 Egys\u00e9gek (Indik\u00e1torok):<\/p>\n<p>Modern displays, such as the touchscreen CPUs offered by Intercomp (e.g., TAC30\u2122), not only show the weight but are capable of:<\/p>\n<p>* **T\u00f6bbpontos M\u00e9r\u00e9s:** Egyszerre t\u00f6bb m\u00e9r\u0151pad adatait kezelik, lehet\u0151v\u00e9 t\u00e9ve az egyedi ker\u00e9k-, tengely- \u00e9s \u00f6sszs\u00falyok megjelen\u00edt\u00e9s\u00e9t.<br \/>\n* **S\u00falyeloszl\u00e1s Sz\u00e1m\u00edt\u00e1sa:** Automatikusan kisz\u00e1molj\u00e1k a s\u00faly sz\u00e1zal\u00e9kos megoszl\u00e1s\u00e1t az egyes tengelyek k\u00f6z\u00f6tt, ami kritikus az EV-k eset\u00e9ben.<br \/>\n* **Adatnapl\u00f3z\u00e1s:** A m\u00e9r\u00e9sek id\u0151b\u00e9lyeggel ell\u00e1tott r\u00f6gz\u00edt\u00e9se k\u00e9s\u0151bbi elemz\u00e9s c\u00e9lj\u00e1b\u00f3l.<br \/>\n* **Vezet\u00e9k N\u00e9lk\u00fcli Kijelz\u0151k:** K\u00e9zi, vezet\u00e9k n\u00e9lk\u00fcli indik\u00e1torok (pl. RFX\u00ae Handheld) biztos\u00edtj\u00e1k a kezel\u0151 sz\u00e1m\u00e1ra a rugalmass\u00e1got a j\u00e1rm\u0171 k\u00f6r\u00fcl mozogva.<\/p>\n<p>### Szoftveres T\u00e1mogat\u00e1s:<\/p>\n<p>Software optimized for EV development (such as solutions based on the principles of ACWeigh\u2122) offer deeper analytical capabilities:<\/p>\n<p>* **Grafikus Elemz\u00e9s:** A s\u00falyadatok vizualiz\u00e1ci\u00f3ja id\u0151beli v\u00e1ltoz\u00e1s vagy k\u00fcl\u00f6nb\u00f6z\u0151 terhel\u00e9si felt\u00e9telek mellett.<br \/>\n* **Szab\u00e1lyoz\u00e1si Jelent\u00e9sek:** Automatikus riportok gener\u00e1l\u00e1sa a helyi vagy nemzetk\u00f6zi s\u00falyhat\u00e1rokhoz val\u00f3 megfelel\u00e9s igazol\u00e1s\u00e1ra.<br \/>\n* **Integr\u00e1ci\u00f3:** Lehet\u0151s\u00e9g adatcser\u00e9re m\u00e1s j\u00e1rm\u0171dinamikai vagy telemetriai rendszerekkel.<\/p>\n<p>## Alkalmaz\u00e1si P\u00e9ld\u00e1k az Elektromos J\u00e1rm\u0171 Szektorban<\/p>\n<p>Intercomp weighing systems can be applied across a wide spectrum in the electric vehicle lifecycle:<\/p>\n<p>### 1. Akkumul\u00e1tor Be\u00e9p\u00edt\u00e9s \u00e9s S\u00falypont Ellen\u0151rz\u00e9s<\/p>\n<p>In the case of electric vehicles, the placement of batteries on the vehicle chassis dramatically affects stability. With the help of weighing systems, manufacturers can check whether the weight of the installed batteries is concentrated precisely in the intended location. Measuring axle load helps confirm that the vehicle's center of gravity is positioned at an optimal height and center for the best handling.<\/p>\n<p>### 2. Gyorst\u00f6lt\u0151 \u00c1llom\u00e1sok \u00e9s Infrastrukt\u00fara Tervez\u00e9se<\/p>\n<p>Although primarily measuring vehicle weight, the systems can also be used for charging infrastructure design, especially for high-capacity vehicles loaded with batteries (electric trucks, buses), ensuring that the foundations of charging stations and parking spaces can support the static load.<\/p>\n<p>### 3. Tesztp\u00e1lya M\u00e9r\u00e9sek<\/p>\n<p>On test tracks, the scales allow engineers to quickly and repeatedly measure vehicle weight in different configurations (e.g., at various battery charge levels, or with different auxiliary equipment). This is essential for measuring range and performance.<\/p>\n<p>## Maintenance and Calibration<\/p>\n<p>A pontoss\u00e1g fenntart\u00e1sa \u00e9rdek\u00e9ben az Intercomp rendszerek t\u00e1mogatj\u00e1k a rendszeres kalibr\u00e1l\u00e1st. A c\u00e9g k\u00edn\u00e1lat\u00e1ban szerepl\u0151 **Er\u0151m\u00e9r\u0151 Vizsg\u00e1l\u00f3\u00e1llv\u00e1nyok**, mint a CSM\u2122 vagy CSA\u2122 rendszerek, lehet\u0151v\u00e9 teszik a m\u00e9r\u0151cell\u00e1k hiteles\u00edt\u00e9s\u00e9t a helysz\u00ednen vagy laborat\u00f3riumi k\u00f6r\u00fclm\u00e9nyek k\u00f6z\u00f6tt, biztos\u00edtva, hogy az elektromos j\u00e1rm\u0171 m\u00e9r\u00e9si adatok mindig megfeleljenek a legszigor\u00fabb ipar\u00e1gi szabv\u00e1nyoknak.<\/p>\n<p>In summary, Intercomp EV weighing systems are indispensable tools for the development and operation of electric vehicles, where precise knowledge of weight and weight distribution is fundamentally important to guarantee performance, safety, and regulatory compliance.<\/p>","protected":false},"excerpt":{"rendered":"<p>Intercomp EV weighing systems: state-of-the-art technology for the precise weighing of electric vehicles. Ensure correct axle load!<\/p>","protected":false},"featured_media":347256,"template":"","meta":[],"product_brand":[13685],"product_cat":[12998],"product_tag":[19450],"class_list":{"0":"post-361939","1":"product","2":"type-product","3":"status-publish","4":"has-post-thumbnail","6":"product_brand-intercompcompany","7":"product_cat-egyeb-termekek","8":"product_tag-intercomp-megoldasok-osszes","10":"first","11":"instock","12":"shipping-taxable","13":"product-type-simple"},"_links":{"self":[{"href":"https:\/\/met-industry.hu\/en\/wp-json\/wp\/v2\/product\/361939","targetHints":{"allow":["GET"]}}],"collection":[{"href":"https:\/\/met-industry.hu\/en\/wp-json\/wp\/v2\/product"}],"about":[{"href":"https:\/\/met-industry.hu\/en\/wp-json\/wp\/v2\/types\/product"}],"version-history":[{"count":1,"href":"https:\/\/met-industry.hu\/en\/wp-json\/wp\/v2\/product\/361939\/revisions"}],"predecessor-version":[{"id":371539,"href":"https:\/\/met-industry.hu\/en\/wp-json\/wp\/v2\/product\/361939\/revisions\/371539"}],"wp:featuredmedia":[{"embeddable":true,"href":"https:\/\/met-industry.hu\/en\/wp-json\/wp\/v2\/media\/347256"}],"wp:attachment":[{"href":"https:\/\/met-industry.hu\/en\/wp-json\/wp\/v2\/media?parent=361939"}],"wp:term":[{"taxonomy":"product_brand","embeddable":true,"href":"https:\/\/met-industry.hu\/en\/wp-json\/wp\/v2\/product_brand?post=361939"},{"taxonomy":"product_cat","embeddable":true,"href":"https:\/\/met-industry.hu\/en\/wp-json\/wp\/v2\/product_cat?post=361939"},{"taxonomy":"product_tag","embeddable":true,"href":"https:\/\/met-industry.hu\/en\/wp-json\/wp\/v2\/product_tag?post=361939"}],"curies":[{"name":"wp","href":"https:\/\/api.w.org\/{rel}","templated":true}]}}