{"id":361932,"date":"1970-01-01T00:00:00","date_gmt":"1969-12-31T22:00:00","guid":{"rendered":"https:\/\/staging.met-industry.hu\/?post_type=product&#038;p=361932"},"modified":"2026-04-29T12:26:05","modified_gmt":"2026-04-29T10:26:05","slug":"hordozhato-teherauto-merlegek-kozuti-ellenorzesre","status":"publish","type":"product","link":"https:\/\/met-industry.hu\/en\/uzlet\/hordozhato-teherauto-merlegek-kozuti-ellenorzesre\/","title":{"rendered":"Portable Truck Scales for Law Enforcement"},"content":{"rendered":"<p># Intercomp Hordozhat\u00f3 J\u00e1rm\u0171m\u00e9rleg Rendszerek K\u00f6z\u00fati Ellen\u0151rz\u00e9sre (WIM \u00e9s Statikus)<\/p>\n<p>Intercomp offers a wide range of high-accuracy portable weighing systems for roadside enforcement (ITS\/Law Enforcement) tasks, which are ideal for the quick and reliable determination of axle loads, gross vehicle weight, and overweight violations. These systems provide flexibility, accuracy, and robust design even in the most stringent operating conditions.<\/p>\n<p>A k\u00edn\u00e1lat mag\u00e1ban foglalja a **Weigh-In-Motion (WIM)**, azaz menet k\u00f6zbeni m\u00e9r\u00e9sre alkalmas megold\u00e1sokat, valamint a **Hordozhat\u00f3 Statikus M\u00e9rlegeket**, amelyek kiv\u00e1l\u00f3an alkalmazhat\u00f3k ideiglenes ellen\u0151rz\u0151pontokon, aut\u00f3p\u00e1ly\u00e1kon, kik\u00f6t\u0151kben \u00e9s hat\u00e1r\u00e1tkel\u0151helyeken.<\/p>\n<p>\u2014<\/p>\n<p>## F\u0151bb Term\u00e9kkateg\u00f3ri\u00e1k \u00e9s Alkalmaz\u00e1sok<\/p>\n<p>Intercomp ITS\/Enforcement scales focus on the following main areas:<\/p>\n<p>### 1. Hordozhat\u00f3 S\u00falym\u00e9r\u0151 Rendszerek (Portable Scales)<\/p>\n<p>These systems allow for fast setup and flexible positioning, ideal for temporary inspection locations.<\/p>\n<p>#### A. Hordozhat\u00f3 S\u00falym\u00e9r\u0151 Rend\u0151rs\u00e9gi M\u00e9rlegek (Portable Enforcement Scales)<\/p>\n<p>These systems are lightweight solutions optimized for on-site enforcement.<\/p>\n<p>* **LP788\u2122 Alacsony Profil\u00fa Ker\u00e9kterhel\u00e9s M\u00e9rleg (Low-Profile Wheel Load Scales):**<br \/>\n* Kiv\u00e1l\u00f3an alkalmas egyedi tengelyek vagy ker\u00e9kp\u00e1rok m\u00e9r\u00e9s\u00e9re.<br \/>\n* Alacsony profilja megk\u00f6nny\u00edti a j\u00e1rm\u0171vek felhajt\u00e1s\u00e1t, minimaliz\u00e1lva a menetsebess\u00e9g cs\u00f6kkent\u00e9s\u00e9nek sz\u00fcks\u00e9gess\u00e9g\u00e9t.<br \/>\n* **AX900\u2122 Tengelym\u00e9rleg Rendszerek (Axle Scale Systems):**<br \/>\n* Teljes tengelyterhel\u00e9s m\u00e9r\u00e9s\u00e9re szolg\u00e1l, robusztus kialak\u00edt\u00e1ssal.<br \/>\n* Nagy teherb\u00edr\u00e1s\u00fa, megb\u00edzhat\u00f3 megold\u00e1s kereskedelmi j\u00e1rm\u0171vek ellen\u0151rz\u00e9s\u00e9re.<br \/>\n* **LTR788\u2122 Kett\u0151s Ker\u00e9kterhel\u00e9s M\u00e9rleg (Dual Wheel Load Scales):**<br \/>\n* Kifejezetten tandem vagy ikerker\u00e9k-elrendez\u00e9sek pontos m\u00e9r\u00e9s\u00e9re tervezve.<\/p>\n<p>#### B. Hordozhat\u00f3 Menet K\u00f6zbeni M\u00e9r\u0151rendszerek (Portable Weigh-In-Motion &#8211; WIM)<\/p>\n<p>These systems enable the enforcement weighing of vehicles at reduced speed (low-speed weighing), significantly increasing enforcement capacity.<\/p>\n<p>* **LS788-WIM\u2122 Hordozhat\u00f3 Menet K\u00f6zbeni M\u00e9rleg:**<br \/>\n* Magas \u00e1tereszt\u0151k\u00e9pess\u00e9g\u0171 m\u00e9r\u00e9sre optimaliz\u00e1lva.<br \/>\n* Gyors adatgy\u0171jt\u00e9st tesz lehet\u0151v\u00e9 an\u00e9lk\u00fcl, hogy a forgalmat teljesen le kellene \u00e1ll\u00edtani.<br \/>\n* **LS630-WIM\u2122 Hordozhat\u00f3 Alacsony Sebess\u00e9g\u0171 Menet K\u00f6zbeni M\u00e9rleg:**<br \/>\n* Kifejezetten a sebess\u00e9gkorl\u00e1toz\u00e1sok betart\u00e1sa mellett t\u00f6rt\u00e9n\u0151 m\u00e9r\u00e9sre tervezve, mik\u00f6zben meg\u0151rzi a statikus m\u00e9rleg pontoss\u00e1g\u00e1t.<\/p>\n<p>### 2. Be\u00e9p\u00edtett Menet K\u00f6zbeni M\u00e9r\u0151rendszerek (In-Ground Weigh-In-Motion)<\/p>\n<p>Permanent or semi-permanent installations that ensure maximum accuracy and continuous traffic monitoring.<\/p>\n<p>* **LS-WIM\u00ae Menet K\u00f6zbeni Tengelym\u00e9rleg:**<br \/>\n* Be\u00e9p\u00edtett megold\u00e1s, amely kiv\u00e1l\u00f3an alkalmas aut\u00f3p\u00e1ly\u00e1kra \u00e9s bej\u00e1ratokhoz.<br \/>\n* **WIM Platform M\u00e9rlegek:**<br \/>\n* Teljes j\u00e1rm\u0171s\u00faly m\u00e9r\u00e9s\u00e9re szolg\u00e1l\u00f3 platformok, amelyek integr\u00e1lhat\u00f3k megl\u00e9v\u0151 \u00fatfel\u00fcletekbe.<br \/>\n* **Szenzorok (Strip Sensors):**<br \/>\n* Rugalmas, be\u00e9p\u00edthet\u0151 szenzorok, amelyek a megl\u00e9v\u0151 infrastrukt\u00far\u00e1ba helyezhet\u0151k.<\/p>\n<p>\u2014<\/p>\n<p>## Technikai Specifik\u00e1ci\u00f3k \u00e9s Kieg\u00e9sz\u00edt\u0151k<\/p>\n<p>The reliability and functionality of Intercomp systems are supported by numerous accessories and software.<\/p>\n<p>### M\u00e9r\u0151egys\u00e9gek \u00e9s Indik\u00e1torok<\/p>\n<p>Measurement processing and display are handled by advanced displays and software:<\/p>\n<p>| Kijelz\u0151 T\u00edpus | Jellemz\u0151k | Alkalmaz\u00e1s |<br \/>\n| :&#8212; | :&#8212; | :&#8212; |<br \/>\n| **Indik\u00e1torok, Kijelz\u0151k \u00e9s Szoftverek (ITS\/Enforcement)** | Speci\u00e1lisan az ellen\u0151rz\u00e9si feladatokra optimaliz\u00e1lt egys\u00e9gek. | Adatgy\u0171jt\u00e9s, s\u00falyt\u00fall\u00e9p\u00e9s riaszt\u00e1sok, jegyz\u0151k\u00f6nyvez\u00e9s. |<br \/>\n| **RFX\u00ae Vezet\u00e9k N\u00e9lk\u00fcli K\u00e9zi Indik\u00e1torok** | Vezet\u00e9k n\u00e9lk\u00fcli adat\u00e1tvitel a m\u00e9r\u0151padokr\u00f3l a kezel\u0151 sz\u00e1m\u00e1ra. | Rugalmas kezelhet\u0151s\u00e9g a helysz\u00ednen, minimaliz\u00e1lt k\u00e1belez\u00e9s. |<br \/>\n| **TAC30\u2122 CPU \u00c9rint\u0151k\u00e9perny\u0151s Indik\u00e1tor** | Modern, felhaszn\u00e1l\u00f3bar\u00e1t \u00e9rint\u0151k\u00e9perny\u0151s fel\u00fclet. | Intuit\u00edv kezel\u00e9s, gyors adatfeldolgoz\u00e1s. |<\/p>\n<p>### Kieg\u00e9sz\u00edt\u0151 Eszk\u00f6z\u00f6k \u00e9s Szolg\u00e1ltat\u00e1sok<\/p>\n<p>For a complete solution, Intercomp offers the following:<\/p>\n<p>* **Er\u0151m\u00e9r\u0151 Vizsg\u00e1l\u00f3 \u00c1llv\u00e1nyok (Force Measurement Test Stands):**<br \/>\n* A m\u00e9r\u0151rendszerek kalibr\u00e1l\u00e1s\u00e1hoz \u00e9s rendszeres ellen\u0151rz\u00e9s\u00e9hez elengedhetetlen eszk\u00f6z\u00f6k, biztos\u00edtva a hiteless\u00e9get.<br \/>\n* **Kieg\u00e9sz\u00edt\u0151k J\u00e1rm\u0171 Ellen\u0151rz\u0151 M\u00e9rlegekhez:**<br \/>\n* Tartoz\u00e9kok a telep\u00edt\u00e9shez, v\u00e9delemhez \u00e9s a m\u00e9r\u00e9s hat\u00e9konys\u00e1g\u00e1nak n\u00f6vel\u00e9s\u00e9hez.<\/p>\n<p>### Alkalmaz\u00e1si Ter\u00fcletek a K\u00f6z\u00fati Ellen\u0151rz\u00e9sen T\u00fal<\/p>\n<p>Although the focus is on roadside enforcement, these technologies are also applicable in other areas:<\/p>\n<p>* **Adatgy\u0171jt\u00e9s (Data Collection):** Forgalomsz\u00e1ml\u00e1l\u00e1s \u00e9s s\u00falyeloszl\u00e1s statisztik\u00e1k k\u00e9sz\u00edt\u00e9se.<br \/>\n* **Kik\u00f6t\u0151k \u00e9s Kapuk (Ports\/Gates):** Kont\u00e9nerek \u00e9s j\u00e1rm\u0171vek s\u00faly\u00e1nak ellen\u0151rz\u00e9se bel\u00e9p\u00e9skor\/kil\u00e9p\u00e9skor.<br \/>\n* **V\u00e1mok \u00e9s D\u00edjszed\u00e9s (Tolling\/ETC):** Automatikus s\u00falyalap\u00fa d\u00edjszab\u00e1s t\u00e1mogat\u00e1sa.<br \/>\n* **Ideiglenes Munkahelyek (Temporary Job Sites):** \u00c9p\u00edtkez\u00e9seken vagy b\u00e1nyaipari ter\u00fcleteken t\u00f6rt\u00e9n\u0151 gyors s\u00falyellen\u0151rz\u00e9s.<\/p>\n<p>\u2014<\/p>\n<p>## A Hordozhat\u00f3 Rendszerek El\u0151nyei a K\u00f6z\u00fati Ellen\u0151rz\u00e9sben<\/p>\n<p>The use of portable WIM and static scales is fundamentally important for modern traffic safety and infrastructure protection:<\/p>\n<p>1. **Rugalmass\u00e1g \u00e9s Mobilit\u00e1s:** A rendszerek gyorsan telep\u00edthet\u0151k \u00e9s \u00e1thelyezhet\u0151k, lehet\u0151v\u00e9 t\u00e9ve a hat\u00f3s\u00e1gok sz\u00e1m\u00e1ra, hogy reag\u00e1ljanak a forgalmi mint\u00e1kra vagy a jogs\u00e9rt\u00e9sek gyakoris\u00e1g\u00e1ra k\u00fcl\u00f6nb\u00f6z\u0151 \u00fatszakaszokon.<br \/>\n2. **Pontoss\u00e1g:** Az Intercomp m\u00e9rlegei ipar\u00e1gvezet\u0151 pontoss\u00e1got ny\u00fajtanak, ami elengedhetetlen a jogi k\u00f6vetkezm\u00e9nyekkel j\u00e1r\u00f3 s\u00falyt\u00fall\u00e9p\u00e9si esetekben. A statikus m\u00e9r\u00e9sek (pl. LP788\u2122) kiv\u00e1l\u00f3an alkalmasak a WIM \u00e1ltal jelzett gyan\u00fas j\u00e1rm\u0171vek meger\u0151s\u00edt\u00e9s\u00e9re.<br \/>\n3. **Forgalmi \u00c1tereszt\u0151k\u00e9pess\u00e9g:** A WIM technol\u00f3gia (LS788-WIM\u2122) lehet\u0151v\u00e9 teszi a forgalom folyamatos monitoroz\u00e1s\u00e1t, cs\u00f6kkentve a torl\u00f3d\u00e1sokat, mik\u00f6zben kisz\u0171ri a t\u00fals\u00falyos j\u00e1rm\u0171veket.<br \/>\n4. **Robusztus Kialak\u00edt\u00e1s:** A katonai \u00e9s neh\u00e9zipari k\u00f6rnyezetekben is bizony\u00edtott technol\u00f3gia garant\u00e1lja a hossz\u00fa \u00e9lettartamot \u00e9s a megb\u00edzhat\u00f3s\u00e1got sz\u00e9ls\u0151s\u00e9ges id\u0151j\u00e1r\u00e1si k\u00f6r\u00fclm\u00e9nyek k\u00f6z\u00f6tt is.<\/p>\n<p>These portable and deployable weighing solutions ensure that authorities can effectively enforce weight limits, thereby protecting the road network from excessive loading and increasing public safety.<\/p>","protected":false},"excerpt":{"rendered":"<p>Intercomp high-accuracy portable weighing systems for roadside enforcement (WIM and static), ideal for mobile technical inspections.<\/p>","protected":false},"featured_media":331748,"template":"","meta":[],"product_brand":[13685],"product_cat":[12998],"product_tag":[19450],"class_list":{"0":"post-361932","1":"product","2":"type-product","3":"status-publish","4":"has-post-thumbnail","6":"product_brand-intercompcompany","7":"product_cat-egyeb-termekek","8":"product_tag-intercomp-megoldasok-osszes","10":"first","11":"instock","12":"shipping-taxable","13":"product-type-simple"},"_links":{"self":[{"href":"https:\/\/met-industry.hu\/en\/wp-json\/wp\/v2\/product\/361932","targetHints":{"allow":["GET"]}}],"collection":[{"href":"https:\/\/met-industry.hu\/en\/wp-json\/wp\/v2\/product"}],"about":[{"href":"https:\/\/met-industry.hu\/en\/wp-json\/wp\/v2\/types\/product"}],"version-history":[{"count":1,"href":"https:\/\/met-industry.hu\/en\/wp-json\/wp\/v2\/product\/361932\/revisions"}],"predecessor-version":[{"id":371532,"href":"https:\/\/met-industry.hu\/en\/wp-json\/wp\/v2\/product\/361932\/revisions\/371532"}],"wp:featuredmedia":[{"embeddable":true,"href":"https:\/\/met-industry.hu\/en\/wp-json\/wp\/v2\/media\/331748"}],"wp:attachment":[{"href":"https:\/\/met-industry.hu\/en\/wp-json\/wp\/v2\/media?parent=361932"}],"wp:term":[{"taxonomy":"product_brand","embeddable":true,"href":"https:\/\/met-industry.hu\/en\/wp-json\/wp\/v2\/product_brand?post=361932"},{"taxonomy":"product_cat","embeddable":true,"href":"https:\/\/met-industry.hu\/en\/wp-json\/wp\/v2\/product_cat?post=361932"},{"taxonomy":"product_tag","embeddable":true,"href":"https:\/\/met-industry.hu\/en\/wp-json\/wp\/v2\/product_tag?post=361932"}],"curies":[{"name":"wp","href":"https:\/\/api.w.org\/{rel}","templated":true}]}}